{"id":6903,"date":"2016-05-09T20:29:05","date_gmt":"2016-05-09T20:29:05","guid":{"rendered":"http:\/\/www.kunnskap.de\/?page_id=6903"},"modified":"2021-06-25T12:48:24","modified_gmt":"2021-06-25T10:48:24","slug":"deckungsgrad-i","status":"publish","type":"page","link":"https:\/\/prudentwater.com\/en\/deckungsgrad-i\/","title":{"rendered":"Deckungsgrad I"},"content":{"rendered":"<p>Auch <strong>Anlagendeckungsgrad I<\/strong><\/p>\n<p>Der Deckungsgrad I gibt Aufschluss \u00fcber die finanzielle Stabilit\u00e4t eines Unternehmens. Die Kennzahl gibt an, wie sehr das Anlageverm\u00f6gen durch das Eigenkapital gedeckt ist.<\/p>\n<hr>\n<h6>Berechnung:<\/h6>\n<p><center><img loading=\"lazy\" decoding=\"async\" src=\"https:\/\/prudentwater.com\/wp-content\/uploads\/2020\/03\/deckungsgrad-I.bmp\" alt=\"deckungsgrad I\" class=\"alignnone size-full wp-image-6904\" width=\"441\" height=\"58\" title=\"\"><\/center><\/p>\n<hr>\n<p>Liegt die Kennzahl \u00fcber 100 %, so ist das Anlageverm\u00f6gen komplett durch das Eigenkapital gedeckt bzw. finanziert. Liegt die Kennzahl jedoch unter 100 %, so ist das Anlageverm\u00f6gen nicht komplett durch das Eigenkapital gedeckt. In diesem Fall ist ein Teil des Anlagenverm\u00f6gens durch Fremdkapital gedeckt. Um Zahlungsschwierigkeiten zu vermeiden bzw. um die finanzielle Stabilit\u00e4t des Unternehmens gew\u00e4hrleisten zu k\u00f6nnen, sollte das Anlageverm\u00f6gen gr\u00f6\u00dftenteils durch das Eigenkapital gedeckt sein, mindestens jedoch sollte der Deckungsgrad I bei 70 % liegen.<\/p>\n","protected":false},"excerpt":{"rendered":"<p>Auch Anlagendeckungsgrad I Der Deckungsgrad I gibt Aufschluss \u00fcber die finanzielle Stabilit\u00e4t eines Unternehmens. Die Kennzahl gibt an, wie sehr das Anlageverm\u00f6gen durch das Eigenkapital gedeckt ist. Berechnung: Liegt die Kennzahl \u00fcber 100 %, so ist das Anlageverm\u00f6gen komplett durch das Eigenkapital gedeckt bzw. finanziert. Liegt die Kennzahl jedoch unter 100 %, so ist das [&hellip;]<\/p>\n","protected":false},"author":1,"featured_media":0,"parent":0,"menu_order":0,"comment_status":"closed","ping_status":"closed","template":"","meta":{"site-sidebar-layout":"default","site-content-layout":"","ast-site-content-layout":"","site-content-style":"default","site-sidebar-style":"default","ast-global-header-display":"","ast-banner-title-visibility":"","ast-main-header-display":"","ast-hfb-above-header-display":"","ast-hfb-below-header-display":"","ast-hfb-mobile-header-display":"","site-post-title":"","ast-breadcrumbs-content":"","ast-featured-img":"","footer-sml-layout":"","theme-transparent-header-meta":"","adv-header-id-meta":"","stick-header-meta":"","header-above-stick-meta":"","header-main-stick-meta":"","header-below-stick-meta":"","astra-migrate-meta-layouts":"default","ast-page-background-enabled":"default","ast-page-background-meta":{"desktop":{"background-color":"","background-image":"","background-repeat":"repeat","background-position":"center center","background-size":"auto","background-attachment":"scroll","background-type":"","background-media":"","overlay-type":"","overlay-color":"","overlay-opacity":"","overlay-gradient":""},"tablet":{"background-color":"","background-image":"","background-repeat":"repeat","background-position":"center center","background-size":"auto","background-attachment":"scroll","background-type":"","background-media":"","overlay-type":"","overlay-color":"","overlay-opacity":"","overlay-gradient":""},"mobile":{"background-color":"","background-image":"","background-repeat":"repeat","background-position":"center center","background-size":"auto","background-attachment":"scroll","background-type":"","background-media":"","overlay-type":"","overlay-color":"","overlay-opacity":"","overlay-gradient":""}},"ast-content-background-meta":{"desktop":{"background-color":"var(--ast-global-color-5)","background-image":"","background-repeat":"repeat","background-position":"center center","background-size":"auto","background-attachment":"scroll","background-type":"","background-media":"","overlay-type":"","overlay-color":"","overlay-opacity":"","overlay-gradient":""},"tablet":{"background-color":"var(--ast-global-color-5)","background-image":"","background-repeat":"repeat","background-position":"center center","background-size":"auto","background-attachment":"scroll","background-type":"","background-media":"","overlay-type":"","overlay-color":"","overlay-opacity":"","overlay-gradient":""},"mobile":{"background-color":"var(--ast-global-color-5)","background-image":"","background-repeat":"repeat","background-position":"center center","background-size":"auto","background-attachment":"scroll","background-type":"","background-media":"","overlay-type":"","overlay-color":"","overlay-opacity":"","overlay-gradient":""}},"footnotes":""},"class_list":["post-6903","page","type-page","status-publish","hentry"],"translation":{"provider":"WPGlobus","version":"3.0.2","language":"en","enabled_languages":["de","en"],"languages":{"de":{"title":true,"content":true,"excerpt":false},"en":{"title":false,"content":false,"excerpt":false}}},"featured_image_urls_v2":{"full":"","thumbnail":"","medium":"","medium_large":"","large":"","1536x1536":"","2048x2048":""},"post_excerpt_stackable_v2":"<p>Auch Anlagendeckungsgrad I Der Deckungsgrad I gibt Aufschluss \u00fcber die finanzielle Stabilit\u00e4t eines Unternehmens. Die Kennzahl gibt an, wie sehr das Anlageverm\u00f6gen durch das Eigenkapital gedeckt ist. Berechnung: Liegt die Kennzahl \u00fcber 100 %, so ist das Anlageverm\u00f6gen komplett durch das Eigenkapital gedeckt bzw. finanziert. Liegt die Kennzahl jedoch unter 100 %, so ist das Anlageverm\u00f6gen nicht komplett durch das Eigenkapital gedeckt. In diesem Fall ist ein Teil des Anlagenverm\u00f6gens durch Fremdkapital gedeckt. Um Zahlungsschwierigkeiten zu vermeiden bzw. um die finanzielle Stabilit\u00e4t des Unternehmens gew\u00e4hrleisten zu k\u00f6nnen, sollte das Anlageverm\u00f6gen gr\u00f6\u00dftenteils durch das Eigenkapital gedeckt sein, mindestens jedoch sollte der&hellip;<\/p>\n","category_list_v2":"","author_info_v2":{"name":"PrudentWater","url":"https:\/\/prudentwater.com\/en\/author\/niklas33\/"},"comments_num_v2":"0 comments","_links":{"self":[{"href":"https:\/\/prudentwater.com\/en\/wp-json\/wp\/v2\/pages\/6903","targetHints":{"allow":["GET"]}}],"collection":[{"href":"https:\/\/prudentwater.com\/en\/wp-json\/wp\/v2\/pages"}],"about":[{"href":"https:\/\/prudentwater.com\/en\/wp-json\/wp\/v2\/types\/page"}],"author":[{"embeddable":true,"href":"https:\/\/prudentwater.com\/en\/wp-json\/wp\/v2\/users\/1"}],"replies":[{"embeddable":true,"href":"https:\/\/prudentwater.com\/en\/wp-json\/wp\/v2\/comments?post=6903"}],"version-history":[{"count":0,"href":"https:\/\/prudentwater.com\/en\/wp-json\/wp\/v2\/pages\/6903\/revisions"}],"wp:attachment":[{"href":"https:\/\/prudentwater.com\/en\/wp-json\/wp\/v2\/media?parent=6903"}],"curies":[{"name":"wp","href":"https:\/\/api.w.org\/{rel}","templated":true}]}}