{"id":6908,"date":"2016-05-10T08:15:15","date_gmt":"2016-05-10T08:15:15","guid":{"rendered":"http:\/\/www.kunnskap.de\/?page_id=6908"},"modified":"2021-06-25T12:48:24","modified_gmt":"2021-06-25T10:48:24","slug":"deckungsgrad-ii","status":"publish","type":"page","link":"https:\/\/prudentwater.com\/en\/deckungsgrad-ii\/","title":{"rendered":"Deckungsgrad II"},"content":{"rendered":"<p>Auch <strong>Anlagendeckungsgrad II<\/strong><\/p>\n<p>Der Deckungsgrad II gibt Aufschluss \u00fcber die finanzielle Stabilit\u00e4t eines Unternehmens. Die Kennzahl gibt an, wie sehr das Anlageverm\u00f6gen durch das Eigenkapital + das langfristige Fremdkapital gedeckt ist.<\/p>\n<hr>\n<h6>Berechnung:<\/h6>\n<p><center><img loading=\"lazy\" decoding=\"async\" src=\"https:\/\/prudentwater.com\/wp-content\/uploads\/2020\/03\/deckungsgrad-II.bmp\" alt=\"deckungsgrad II\" class=\"alignnone size-full wp-image-6910\" width=\"583\" height=\"54\" title=\"\"><\/center><\/p>\n<hr>\n<p>Liegt der Deckungsgrad II \u00fcber 100 %, so ist das Anlageverm\u00f6gen komplett und das Umlaufverm\u00f6gen teilweise durch das Eigenkapital + langfristiges Fremdkapital gedeckt bzw. finanziert. Liegt die Kennzahl jedoch unter 100 %, so ist das Anlageverm\u00f6gen nicht komplett durch das Eigenkapital + langfristiges Fremdkapital gedeckt. In diesem Fall ist das Anlageverm\u00f6gen, welches langfristig an das Unternehmen gebunden ist, durch kurzfristiges Fremdkapital oder mittelfristiges Fremdkapital finanziert. Dieses Fremdkapital steht dem Unternehmen jedoch allerh\u00f6chstens f\u00fcnf jahre zur Verf\u00fcgung. Es kann somit sein langfristiges Verm\u00f6gen nicht langfristig finanzieren, dies sollte jedoch immer der Fall sein, um Finanzierungsengp\u00e4sse nicht aufkommen zu lassen und von vornherein zu vermeiden. Die Kennzahl sollte bei mindestens 120 % liegen, liegt sie jedoch (deutlich) unter 100 %, so besteht bei dem jeweiligen Unternehmen das Risiko, dass es seine kurzfristigen Verbindlichkeiten nicht begleichen kann, es also zu Zahlungsverz\u00f6gerungen kommt.<\/p>\n","protected":false},"excerpt":{"rendered":"<p>Auch Anlagendeckungsgrad II Der Deckungsgrad II gibt Aufschluss \u00fcber die finanzielle Stabilit\u00e4t eines Unternehmens. Die Kennzahl gibt an, wie sehr das Anlageverm\u00f6gen durch das Eigenkapital + das langfristige Fremdkapital gedeckt ist. Berechnung: Liegt der Deckungsgrad II \u00fcber 100 %, so ist das Anlageverm\u00f6gen komplett und das Umlaufverm\u00f6gen teilweise durch das Eigenkapital + langfristiges Fremdkapital gedeckt [&hellip;]<\/p>\n","protected":false},"author":1,"featured_media":0,"parent":0,"menu_order":0,"comment_status":"closed","ping_status":"closed","template":"","meta":{"site-sidebar-layout":"default","site-content-layout":"","ast-site-content-layout":"","site-content-style":"default","site-sidebar-style":"default","ast-global-header-display":"","ast-banner-title-visibility":"","ast-main-header-display":"","ast-hfb-above-header-display":"","ast-hfb-below-header-display":"","ast-hfb-mobile-header-display":"","site-post-title":"","ast-breadcrumbs-content":"","ast-featured-img":"","footer-sml-layout":"","theme-transparent-header-meta":"","adv-header-id-meta":"","stick-header-meta":"","header-above-stick-meta":"","header-main-stick-meta":"","header-below-stick-meta":"","astra-migrate-meta-layouts":"default","ast-page-background-enabled":"default","ast-page-background-meta":{"desktop":{"background-color":"","background-image":"","background-repeat":"repeat","background-position":"center center","background-size":"auto","background-attachment":"scroll","background-type":"","background-media":"","overlay-type":"","overlay-color":"","overlay-opacity":"","overlay-gradient":""},"tablet":{"background-color":"","background-image":"","background-repeat":"repeat","background-position":"center center","background-size":"auto","background-attachment":"scroll","background-type":"","background-media":"","overlay-type":"","overlay-color":"","overlay-opacity":"","overlay-gradient":""},"mobile":{"background-color":"","background-image":"","background-repeat":"repeat","background-position":"center center","background-size":"auto","background-attachment":"scroll","background-type":"","background-media":"","overlay-type":"","overlay-color":"","overlay-opacity":"","overlay-gradient":""}},"ast-content-background-meta":{"desktop":{"background-color":"var(--ast-global-color-5)","background-image":"","background-repeat":"repeat","background-position":"center center","background-size":"auto","background-attachment":"scroll","background-type":"","background-media":"","overlay-type":"","overlay-color":"","overlay-opacity":"","overlay-gradient":""},"tablet":{"background-color":"var(--ast-global-color-5)","background-image":"","background-repeat":"repeat","background-position":"center center","background-size":"auto","background-attachment":"scroll","background-type":"","background-media":"","overlay-type":"","overlay-color":"","overlay-opacity":"","overlay-gradient":""},"mobile":{"background-color":"var(--ast-global-color-5)","background-image":"","background-repeat":"repeat","background-position":"center center","background-size":"auto","background-attachment":"scroll","background-type":"","background-media":"","overlay-type":"","overlay-color":"","overlay-opacity":"","overlay-gradient":""}},"footnotes":""},"class_list":["post-6908","page","type-page","status-publish","hentry"],"translation":{"provider":"WPGlobus","version":"3.0.2","language":"en","enabled_languages":["de","en"],"languages":{"de":{"title":true,"content":true,"excerpt":false},"en":{"title":false,"content":false,"excerpt":false}}},"featured_image_urls_v2":{"full":"","thumbnail":"","medium":"","medium_large":"","large":"","1536x1536":"","2048x2048":""},"post_excerpt_stackable_v2":"<p>Auch Anlagendeckungsgrad II Der Deckungsgrad II gibt Aufschluss \u00fcber die finanzielle Stabilit\u00e4t eines Unternehmens. Die Kennzahl gibt an, wie sehr das Anlageverm\u00f6gen durch das Eigenkapital + das langfristige Fremdkapital gedeckt ist. Berechnung: Liegt der Deckungsgrad II \u00fcber 100 %, so ist das Anlageverm\u00f6gen komplett und das Umlaufverm\u00f6gen teilweise durch das Eigenkapital + langfristiges Fremdkapital gedeckt bzw. finanziert. Liegt die Kennzahl jedoch unter 100 %, so ist das Anlageverm\u00f6gen nicht komplett durch das Eigenkapital + langfristiges Fremdkapital gedeckt. In diesem Fall ist das Anlageverm\u00f6gen, welches langfristig an das Unternehmen gebunden ist, durch kurzfristiges Fremdkapital oder mittelfristiges Fremdkapital finanziert. Dieses Fremdkapital steht&hellip;<\/p>\n","category_list_v2":"","author_info_v2":{"name":"PrudentWater","url":"https:\/\/prudentwater.com\/en\/author\/niklas33\/"},"comments_num_v2":"0 comments","_links":{"self":[{"href":"https:\/\/prudentwater.com\/en\/wp-json\/wp\/v2\/pages\/6908","targetHints":{"allow":["GET"]}}],"collection":[{"href":"https:\/\/prudentwater.com\/en\/wp-json\/wp\/v2\/pages"}],"about":[{"href":"https:\/\/prudentwater.com\/en\/wp-json\/wp\/v2\/types\/page"}],"author":[{"embeddable":true,"href":"https:\/\/prudentwater.com\/en\/wp-json\/wp\/v2\/users\/1"}],"replies":[{"embeddable":true,"href":"https:\/\/prudentwater.com\/en\/wp-json\/wp\/v2\/comments?post=6908"}],"version-history":[{"count":0,"href":"https:\/\/prudentwater.com\/en\/wp-json\/wp\/v2\/pages\/6908\/revisions"}],"wp:attachment":[{"href":"https:\/\/prudentwater.com\/en\/wp-json\/wp\/v2\/media?parent=6908"}],"curies":[{"name":"wp","href":"https:\/\/api.w.org\/{rel}","templated":true}]}}