{"id":6926,"date":"2016-05-18T18:10:43","date_gmt":"2016-05-18T18:10:43","guid":{"rendered":"http:\/\/www.kunnskap.de\/?page_id=6926"},"modified":"2021-06-25T12:48:24","modified_gmt":"2021-06-25T10:48:24","slug":"debitorenlaufzeit","status":"publish","type":"page","link":"https:\/\/prudentwater.com\/en\/debitorenlaufzeit\/","title":{"rendered":"Debitorenlaufzeit"},"content":{"rendered":"<p>engl. <strong>Days Sales Outstanding (DSO)<\/strong><\/p>\n<p>Die Debitorenlaufzeit gibt die Laufzeit in Tagen an, bis das jeweilige Unternehmen seine bereits ausgelieferten Waren und Dienstleistungen von seinen Kunden bezahlt bekommt.<\/p>\n<hr>\n<h6>Berechnung:<\/h6>\n<p><center><img loading=\"lazy\" decoding=\"async\" src=\"https:\/\/prudentwater.com\/wp-content\/uploads\/2020\/03\/debitorenlaufzeit.bmp\" alt=\"debitorenlaufzeit\" class=\"alignnone size-full wp-image-6927\" width=\"694\" height=\"59\" title=\"\"><\/center><\/p>\n<hr>\n<p>Durchschnittlich meint hier, dass der Wert Forderungen aus Lieferungen und Leistungen jeweils zur H\u00e4lfte aus dem Bilanzjahr und zur H\u00e4lfte aus dem Vorjahr genommen wird. Je h\u00f6her die Debitorenlaufzeit, desto l\u00e4nger muss das Unternehmen auf sein Geld warten. Die Kunden lassen sich also umso mehr Zeit, je h\u00f6her die Kennzahl ausf\u00e4llt. Dies ist f\u00fcr das Unternehmen jedoch negativ, da es Waren ausgeliefert hat, jedoch einen betr\u00e4chtlichen Zeitraum auf seine Gelder warten muss. Der operative Cashflow ist dann von diesen Zahlungsverzerrungen negativ betroffen. Deshalb gilt, je niedriger die Kennzahl, desto besser f\u00fcr das Unternehmen.<\/p>\n<h4>Debitorenlaufzeit und Kreditorenlaufzeit<\/h4>\n<p>Der Debitorenlaufzeit steht die Kreditorenlaufzeit gegen\u00fcber. Diese Kennzahl gibt an, wie lange das Unternehmen selber ben\u00f6tigt, um seine noch offenen Rechnungen zu begleichen. F\u00fcr das Unternehmen ist es nun wiederum vorteilhaft, wenn die Debitorenlaufzeit k\u00fcrzer ist als die Kreditorenlaufzeit. In diesem Fall erh\u00e4lt das Unternehmen durch das hier erfolgreiche Working Capital Management eine Art zinslosen Kredit. Es zahlt seine eigenen Rechnungen sp\u00e4ter als es seine Forderungen gegen\u00fcber seinen Kunden bezahlt bekommt und kann in der Zwischenzeit mit dem \u00dcberschuss arbeiten. Der Bedarf an zinstragenden Krediten sinkt somit, was letztendlich den Zinsaufwand reduziert.<\/p>\n","protected":false},"excerpt":{"rendered":"<p>engl. Days Sales Outstanding (DSO) Die Debitorenlaufzeit gibt die Laufzeit in Tagen an, bis das jeweilige Unternehmen seine bereits ausgelieferten Waren und Dienstleistungen von seinen Kunden bezahlt bekommt. Berechnung: Durchschnittlich meint hier, dass der Wert Forderungen aus Lieferungen und Leistungen jeweils zur H\u00e4lfte aus dem Bilanzjahr und zur H\u00e4lfte aus dem Vorjahr genommen wird. Je [&hellip;]<\/p>\n","protected":false},"author":1,"featured_media":0,"parent":0,"menu_order":0,"comment_status":"closed","ping_status":"closed","template":"","meta":{"site-sidebar-layout":"default","site-content-layout":"","ast-site-content-layout":"","site-content-style":"default","site-sidebar-style":"default","ast-global-header-display":"","ast-banner-title-visibility":"","ast-main-header-display":"","ast-hfb-above-header-display":"","ast-hfb-below-header-display":"","ast-hfb-mobile-header-display":"","site-post-title":"","ast-breadcrumbs-content":"","ast-featured-img":"","footer-sml-layout":"","theme-transparent-header-meta":"","adv-header-id-meta":"","stick-header-meta":"","header-above-stick-meta":"","header-main-stick-meta":"","header-below-stick-meta":"","astra-migrate-meta-layouts":"default","ast-page-background-enabled":"default","ast-page-background-meta":{"desktop":{"background-color":"","background-image":"","background-repeat":"repeat","background-position":"center center","background-size":"auto","background-attachment":"scroll","background-type":"","background-media":"","overlay-type":"","overlay-color":"","overlay-opacity":"","overlay-gradient":""},"tablet":{"background-color":"","background-image":"","background-repeat":"repeat","background-position":"center center","background-size":"auto","background-attachment":"scroll","background-type":"","background-media":"","overlay-type":"","overlay-color":"","overlay-opacity":"","overlay-gradient":""},"mobile":{"background-color":"","background-image":"","background-repeat":"repeat","background-position":"center center","background-size":"auto","background-attachment":"scroll","background-type":"","background-media":"","overlay-type":"","overlay-color":"","overlay-opacity":"","overlay-gradient":""}},"ast-content-background-meta":{"desktop":{"background-color":"var(--ast-global-color-5)","background-image":"","background-repeat":"repeat","background-position":"center center","background-size":"auto","background-attachment":"scroll","background-type":"","background-media":"","overlay-type":"","overlay-color":"","overlay-opacity":"","overlay-gradient":""},"tablet":{"background-color":"var(--ast-global-color-5)","background-image":"","background-repeat":"repeat","background-position":"center center","background-size":"auto","background-attachment":"scroll","background-type":"","background-media":"","overlay-type":"","overlay-color":"","overlay-opacity":"","overlay-gradient":""},"mobile":{"background-color":"var(--ast-global-color-5)","background-image":"","background-repeat":"repeat","background-position":"center center","background-size":"auto","background-attachment":"scroll","background-type":"","background-media":"","overlay-type":"","overlay-color":"","overlay-opacity":"","overlay-gradient":""}},"footnotes":""},"class_list":["post-6926","page","type-page","status-publish","hentry"],"translation":{"provider":"WPGlobus","version":"3.0.2","language":"en","enabled_languages":["de","en"],"languages":{"de":{"title":true,"content":true,"excerpt":false},"en":{"title":false,"content":false,"excerpt":false}}},"featured_image_urls_v2":{"full":"","thumbnail":"","medium":"","medium_large":"","large":"","1536x1536":"","2048x2048":""},"post_excerpt_stackable_v2":"<p>engl. Days Sales Outstanding (DSO) Die Debitorenlaufzeit gibt die Laufzeit in Tagen an, bis das jeweilige Unternehmen seine bereits ausgelieferten Waren und Dienstleistungen von seinen Kunden bezahlt bekommt. Berechnung: Durchschnittlich meint hier, dass der Wert Forderungen aus Lieferungen und Leistungen jeweils zur H\u00e4lfte aus dem Bilanzjahr und zur H\u00e4lfte aus dem Vorjahr genommen wird. Je h\u00f6her die Debitorenlaufzeit, desto l\u00e4nger muss das Unternehmen auf sein Geld warten. Die Kunden lassen sich also umso mehr Zeit, je h\u00f6her die Kennzahl ausf\u00e4llt. Dies ist f\u00fcr das Unternehmen jedoch negativ, da es Waren ausgeliefert hat, jedoch einen betr\u00e4chtlichen Zeitraum auf seine Gelder warten&hellip;<\/p>\n","category_list_v2":"","author_info_v2":{"name":"PrudentWater","url":"https:\/\/prudentwater.com\/en\/author\/niklas33\/"},"comments_num_v2":"0 comments","_links":{"self":[{"href":"https:\/\/prudentwater.com\/en\/wp-json\/wp\/v2\/pages\/6926","targetHints":{"allow":["GET"]}}],"collection":[{"href":"https:\/\/prudentwater.com\/en\/wp-json\/wp\/v2\/pages"}],"about":[{"href":"https:\/\/prudentwater.com\/en\/wp-json\/wp\/v2\/types\/page"}],"author":[{"embeddable":true,"href":"https:\/\/prudentwater.com\/en\/wp-json\/wp\/v2\/users\/1"}],"replies":[{"embeddable":true,"href":"https:\/\/prudentwater.com\/en\/wp-json\/wp\/v2\/comments?post=6926"}],"version-history":[{"count":0,"href":"https:\/\/prudentwater.com\/en\/wp-json\/wp\/v2\/pages\/6926\/revisions"}],"wp:attachment":[{"href":"https:\/\/prudentwater.com\/en\/wp-json\/wp\/v2\/media?parent=6926"}],"curies":[{"name":"wp","href":"https:\/\/api.w.org\/{rel}","templated":true}]}}