{"id":6935,"date":"2016-05-18T19:01:36","date_gmt":"2016-05-18T19:01:36","guid":{"rendered":"http:\/\/www.kunnskap.de\/?page_id=6935"},"modified":"2021-06-25T12:49:33","modified_gmt":"2021-06-25T10:49:33","slug":"kreditorenlaufzeit","status":"publish","type":"page","link":"https:\/\/prudentwater.com\/en\/kreditorenlaufzeit\/","title":{"rendered":"Kreditorenlaufzeit"},"content":{"rendered":"<p>engl. <strong>Days Payable Outstanding (DPO)<\/strong><\/p>\n<p>Die Kreditorenlaufzeit gibt Aufschluss dar\u00fcber, wie lange es dauert (in Tagen), bis das Unternehmen seine offenen Rechnungen gegen\u00fcber Lieferanten bezahlt hat.<\/p>\n<h6>Berechnung:<\/h6>\n<p><center><img loading=\"lazy\" decoding=\"async\" src=\"https:\/\/prudentwater.com\/wp-content\/uploads\/2020\/03\/kreditorenlaufzeit.bmp\" alt=\"kreditorenlaufzeit\" class=\"alignnone size-full wp-image-7885\" width=\"691\" height=\"52\" title=\"\"><\/center><\/p>\n<p>Durschnittlich meint hier, dass der Wert &#8220;Verbindlichkeiten aus Lieferungen und Leistungen&#8221; jeweils zur H\u00e4lfte aus dem Bilanzjahr und dem Vorjahr genommen wird. Je h\u00f6her die Kreditorenlaufzeit, desto l\u00e4nger l\u00e4sst sich das Unternehmen Zeit seine offenen Rechnungen gegen\u00fcber seinen Lieferanten zu begleichen. Deshalb gilt theoretisch, dass je h\u00f6her die Kennzahl, desto besser f\u00fcr das Unternehmen, da es die Zahlungen umso mehr in die Zukunft verlegt und in der Zwischenzeit mit dem Geld (als eine Art zinsloser Kredit) noch arbeiten kann.<\/p>\n<p>Der Kreditorenlaufzeit steht die Debitorenlaufzeit gegen\u00fcber. Diese Kennzahl gibt an, wie lange es dauert (in Tagen), bis das jeweilige Unternehmen seine bereits ausgelieferten Waren und Dienstleistungen von seinen Kunden bezahlt bekommt. F\u00fcr das Unternehmen ist es nun vorteilhaft, wenn die Debitorenlaufzeit k\u00fcrzer ist als die Kreditorenlaufzeit. In diesem Fall erh\u00e4lt das Unternehmen durch das hier erfolgreiche Working Capital Management eine Art zinslosen Kredit. Es zahlt seine Rechnungen sp\u00e4ter als es seine Forderungen gegen\u00fcber seinen Kunden bezahlt bekommt und kann in der Zwischenzeit mit dem Geld seiner Kunden arbeiten. Der Bedarf an zinstragenden Krediten sinkt somit, was letztendlich den Zinsaufwand reduziert.<\/p>\n","protected":false},"excerpt":{"rendered":"<p>engl. Days Payable Outstanding (DPO) Die Kreditorenlaufzeit gibt Aufschluss dar\u00fcber, wie lange es dauert (in Tagen), bis das Unternehmen seine offenen Rechnungen gegen\u00fcber Lieferanten bezahlt hat. Berechnung: Durschnittlich meint hier, dass der Wert &#8220;Verbindlichkeiten aus Lieferungen und Leistungen&#8221; jeweils zur H\u00e4lfte aus dem Bilanzjahr und dem Vorjahr genommen wird. Je h\u00f6her die Kreditorenlaufzeit, desto l\u00e4nger [&hellip;]<\/p>\n","protected":false},"author":1,"featured_media":0,"parent":0,"menu_order":0,"comment_status":"closed","ping_status":"closed","template":"","meta":{"site-sidebar-layout":"default","site-content-layout":"","ast-site-content-layout":"","site-content-style":"default","site-sidebar-style":"default","ast-global-header-display":"","ast-banner-title-visibility":"","ast-main-header-display":"","ast-hfb-above-header-display":"","ast-hfb-below-header-display":"","ast-hfb-mobile-header-display":"","site-post-title":"","ast-breadcrumbs-content":"","ast-featured-img":"","footer-sml-layout":"","theme-transparent-header-meta":"","adv-header-id-meta":"","stick-header-meta":"","header-above-stick-meta":"","header-main-stick-meta":"","header-below-stick-meta":"","astra-migrate-meta-layouts":"default","ast-page-background-enabled":"default","ast-page-background-meta":{"desktop":{"background-color":"","background-image":"","background-repeat":"repeat","background-position":"center center","background-size":"auto","background-attachment":"scroll","background-type":"","background-media":"","overlay-type":"","overlay-color":"","overlay-opacity":"","overlay-gradient":""},"tablet":{"background-color":"","background-image":"","background-repeat":"repeat","background-position":"center center","background-size":"auto","background-attachment":"scroll","background-type":"","background-media":"","overlay-type":"","overlay-color":"","overlay-opacity":"","overlay-gradient":""},"mobile":{"background-color":"","background-image":"","background-repeat":"repeat","background-position":"center center","background-size":"auto","background-attachment":"scroll","background-type":"","background-media":"","overlay-type":"","overlay-color":"","overlay-opacity":"","overlay-gradient":""}},"ast-content-background-meta":{"desktop":{"background-color":"var(--ast-global-color-5)","background-image":"","background-repeat":"repeat","background-position":"center center","background-size":"auto","background-attachment":"scroll","background-type":"","background-media":"","overlay-type":"","overlay-color":"","overlay-opacity":"","overlay-gradient":""},"tablet":{"background-color":"var(--ast-global-color-5)","background-image":"","background-repeat":"repeat","background-position":"center center","background-size":"auto","background-attachment":"scroll","background-type":"","background-media":"","overlay-type":"","overlay-color":"","overlay-opacity":"","overlay-gradient":""},"mobile":{"background-color":"var(--ast-global-color-5)","background-image":"","background-repeat":"repeat","background-position":"center center","background-size":"auto","background-attachment":"scroll","background-type":"","background-media":"","overlay-type":"","overlay-color":"","overlay-opacity":"","overlay-gradient":""}},"footnotes":""},"class_list":["post-6935","page","type-page","status-publish","hentry"],"translation":{"provider":"WPGlobus","version":"3.0.2","language":"en","enabled_languages":["de","en"],"languages":{"de":{"title":true,"content":true,"excerpt":false},"en":{"title":false,"content":false,"excerpt":false}}},"featured_image_urls_v2":{"full":"","thumbnail":"","medium":"","medium_large":"","large":"","1536x1536":"","2048x2048":""},"post_excerpt_stackable_v2":"<p>engl. Days Payable Outstanding (DPO) Die Kreditorenlaufzeit gibt Aufschluss dar\u00fcber, wie lange es dauert (in Tagen), bis das Unternehmen seine offenen Rechnungen gegen\u00fcber Lieferanten bezahlt hat. Berechnung: Durschnittlich meint hier, dass der Wert &#8220;Verbindlichkeiten aus Lieferungen und Leistungen&#8221; jeweils zur H\u00e4lfte aus dem Bilanzjahr und dem Vorjahr genommen wird. Je h\u00f6her die Kreditorenlaufzeit, desto l\u00e4nger l\u00e4sst sich das Unternehmen Zeit seine offenen Rechnungen gegen\u00fcber seinen Lieferanten zu begleichen. Deshalb gilt theoretisch, dass je h\u00f6her die Kennzahl, desto besser f\u00fcr das Unternehmen, da es die Zahlungen umso mehr in die Zukunft verlegt und in der Zwischenzeit mit dem Geld (als eine&hellip;<\/p>\n","category_list_v2":"","author_info_v2":{"name":"PrudentWater","url":"https:\/\/prudentwater.com\/en\/author\/niklas33\/"},"comments_num_v2":"0 comments","_links":{"self":[{"href":"https:\/\/prudentwater.com\/en\/wp-json\/wp\/v2\/pages\/6935","targetHints":{"allow":["GET"]}}],"collection":[{"href":"https:\/\/prudentwater.com\/en\/wp-json\/wp\/v2\/pages"}],"about":[{"href":"https:\/\/prudentwater.com\/en\/wp-json\/wp\/v2\/types\/page"}],"author":[{"embeddable":true,"href":"https:\/\/prudentwater.com\/en\/wp-json\/wp\/v2\/users\/1"}],"replies":[{"embeddable":true,"href":"https:\/\/prudentwater.com\/en\/wp-json\/wp\/v2\/comments?post=6935"}],"version-history":[{"count":0,"href":"https:\/\/prudentwater.com\/en\/wp-json\/wp\/v2\/pages\/6935\/revisions"}],"wp:attachment":[{"href":"https:\/\/prudentwater.com\/en\/wp-json\/wp\/v2\/media?parent=6935"}],"curies":[{"name":"wp","href":"https:\/\/api.w.org\/{rel}","templated":true}]}}