{"id":69782,"date":"2023-02-17T21:07:09","date_gmt":"2023-02-17T20:07:09","guid":{"rendered":"https:\/\/prudentwater.com\/?page_id=69782"},"modified":"2023-03-05T12:04:43","modified_gmt":"2023-03-05T11:04:43","slug":"environmental-social-and-governance-esg","status":"publish","type":"page","link":"https:\/\/prudentwater.com\/en\/environmental-social-and-governance-esg\/","title":{"rendered":"Environmental, Social and Governance &#8211; ESG"},"content":{"rendered":"\n<div class=\"wp-block-stackable-notification stk-block-notification stk-block stk-b3a7798 is-style-plain\" data-block-id=\"b3a7798\"><style>.stk-b3a7798{box-shadow:0px 2px 20px rgba(153,153,153,0.2) !important}.stk-b3a7798-container{border-radius:20px !important;overflow:hidden !important;box-shadow:0px 10px 60px rgba(0,0,0,0.1) !important}.stk-b3a7798 .stk-block-notification__content{padding-top:32px !important;padding-right:32px !important;padding-bottom:32px !important;padding-left:32px !important}<\/style><div class=\"stk-block-notification__content stk-content-align stk-b3a7798-column stk-container stk-b3a7798-container stk--no-background stk--no-padding\"><div class=\"stk-block-content stk-inner-blocks\">\n<div class=\"wp-block-stackable-heading stk-block-heading stk-block-heading--v2 stk-block stk-40c06f9\" id=\"strong-zentrale-kernaussagen-strong\" data-block-id=\"40c06f9\"><style>.stk-40c06f9{margin-bottom:15px !important}.stk-40c06f9 .stk-block-heading__text{font-size:16px !important;margin:0 !important;color:#da8611 !important;font-weight:400 !important;letter-spacing:1px !important}@media screen and (max-width:1023px){.stk-40c06f9 .stk-block-heading__text{font-size:17px !important}}<\/style><h2 class=\"stk-block-heading__text has-text-color\"><b>ZENTRALE KERNAUSSAGEN<\/b><\/h2><\/div>\n\n\n\n<ul class=\"has-ast-global-color-8-color has-text-color wp-block-list\" style=\"font-size:15px;font-style:normal;font-weight:500;line-height:2\">\n\n<li>ESG steht f\u00fcr Umwelt, Soziales und Unternehmensf\u00fchrung und bezieht sich auf die drei wichtigsten Faktoren, die von Unternehmen und Investoren ber\u00fccksichtigt werden sollten, um Nachhaltigkeit und verantwortungsvolles Handeln zu f\u00f6rdern.<\/li>\n\n\n<li>Regierungen und Regulierungsbeh\u00f6rden weltweit setzen zunehmend ESG-Standards und -Richtlinien ein, um sicherzustellen, dass Unternehmen verantwortungsbewusst handeln und Nachhaltigkeit in ihre Gesch\u00e4ftspraktiken integrieren.<\/li>\n\n\n<li>ESG-Investitionen beziehen sich auf Investitionen in Unternehmen, die eine positive Wirkung auf Umwelt, Soziales und Unternehmensf\u00fchrung haben. <\/li>\n\n<\/ul>\n<\/div><\/div><\/div>\n\n\n<p>ESG steht f\u00fcr &#8220;Environmental, Social, and Governance&#8221; und bezieht sich auf die drei Hauptfaktoren, die von Investoren und Unternehmen ber\u00fccksichtigt werden, um die Nachhaltigkeit und langfristige Performance eines Unternehmens zu bewerten. Die ESG-Kriterien werden immer wichtiger, da Unternehmen und Investoren zunehmend verstehen, dass die Ber\u00fccksichtigung von Nachhaltigkeitsfaktoren bei Gesch\u00e4ftsentscheidungen langfristig von Vorteil ist.<\/p>\n<p><b>Environmental (Umwelt)<\/b>: Dies umfasst die Bewertung der Umweltauswirkungen eines Unternehmens, einschlie\u00dflich seines  CO\u2082-Fu\u00dfabdrucks, der Verwendung von erneuerbaren Energien und der Reduzierung von Abfall und Schadstoffen.<\/p>\n<p><b>Social (Soziales)<\/b>: Dies bezieht sich auf die Beziehung eines Unternehmens zu seinen Mitarbeitern, Kunden, Lieferanten und Gemeinden. Aspekte, die hier in Betracht gezogen werden, k\u00f6nnen zum Beispiel die Arbeitsbedingungen, die Vielfalt und Inklusion im Unternehmen, die Einhaltung der Menschenrechte und die Auswirkungen auf die Gemeinschaft sein.<\/p>\n<p><b>Governance (Unternehmensf\u00fchrung)<\/b>: Dies bezieht sich auf die Bewertung der Unternehmensf\u00fchrung und -kontrolle, einschlie\u00dflich der Offenlegung von Informationen, der Korruptionsbek\u00e4mpfung und der Einhaltung von Standards.<\/p>\n<h2>ESG und Greenwashing<\/h2>\n<p>ESG-Praktiken und -Strategien k\u00f6nnen von Unternehmen als Mittel zur Imageverbesserung und als Form von Greenwashing eingesetzt werden. Greenwashing bedeutet, dass Unternehmen nachhaltige Praktiken und Strategien vort\u00e4uschen oder \u00fcberm\u00e4\u00dfig betonen, um ihr Image zu verbessern, ohne tats\u00e4chlich substantielle Anstrengungen in diese Richtung zu unternehmen. Es ist jedoch wichtig zu beachten, dass ESG-Praktiken nicht grunds\u00e4tzlich Greenwashing sind. Viele Unternehmen setzen sich tats\u00e4chlich ernsthaft f\u00fcr Nachhaltigkeit ein und nutzen ESG-Kriterien, um ihre Nachhaltigkeitsleistung zu messen und zu verbessern. Es ist jedoch auch wichtig, die tats\u00e4chlichen Bem\u00fchungen der Unternehmen zu pr\u00fcfen und sicherzustellen, dass sie fundierte und substantielle Anstrengungen in Richtung Nachhaltigkeit unternehmen, anstatt nur oberfl\u00e4chliche ESG-Praktiken und -Strategien anzuwenden, um ihr Image zu verbessern. Die Beurteilung der Nachhaltigkeitsleistung von Unternehmen erfordert eine sorgf\u00e4ltige Pr\u00fcfung und Analyse von ESG-Daten und -Informationen, um sicherzustellen, dass sie auf transparente und glaubw\u00fcrdige Weise gemessen und kommuniziert werden. F\u00fcr den Privatinvestor ist dies meist nur sehr schwer m\u00f6glich.<\/p>","protected":false},"excerpt":{"rendered":"<p>ZENTRALE KERNAUSSAGEN ESG steht f\u00fcr &#8220;Environmental, Social, and Governance&#8221; und bezieht sich auf die drei Hauptfaktoren, die von Investoren und Unternehmen ber\u00fccksichtigt werden, um die Nachhaltigkeit und langfristige Performance eines Unternehmens zu bewerten. Die ESG-Kriterien werden immer wichtiger, da Unternehmen und Investoren zunehmend verstehen, dass die Ber\u00fccksichtigung von Nachhaltigkeitsfaktoren bei Gesch\u00e4ftsentscheidungen langfristig von Vorteil ist. [&hellip;]<\/p>\n","protected":false},"author":1,"featured_media":0,"parent":0,"menu_order":0,"comment_status":"closed","ping_status":"closed","template":"","meta":{"site-sidebar-layout":"default","site-content-layout":"","ast-site-content-layout":"","site-content-style":"default","site-sidebar-style":"default","ast-global-header-display":"","ast-banner-title-visibility":"","ast-main-header-display":"","ast-hfb-above-header-display":"","ast-hfb-below-header-display":"","ast-hfb-mobile-header-display":"","site-post-title":"","ast-breadcrumbs-content":"","ast-featured-img":"","footer-sml-layout":"","theme-transparent-header-meta":"","adv-header-id-meta":"","stick-header-meta":"","header-above-stick-meta":"","header-main-stick-meta":"","header-below-stick-meta":"","astra-migrate-meta-layouts":"default","ast-page-background-enabled":"default","ast-page-background-meta":{"desktop":{"background-color":"","background-image":"","background-repeat":"repeat","background-position":"center center","background-size":"auto","background-attachment":"scroll","background-type":"","background-media":"","overlay-type":"","overlay-color":"","overlay-opacity":"","overlay-gradient":""},"tablet":{"background-color":"","background-image":"","background-repeat":"repeat","background-position":"center center","background-size":"auto","background-attachment":"scroll","background-type":"","background-media":"","overlay-type":"","overlay-color":"","overlay-opacity":"","overlay-gradient":""},"mobile":{"background-color":"","background-image":"","background-repeat":"repeat","background-position":"center center","background-size":"auto","background-attachment":"scroll","background-type":"","background-media":"","overlay-type":"","overlay-color":"","overlay-opacity":"","overlay-gradient":""}},"ast-content-background-meta":{"desktop":{"background-color":"var(--ast-global-color-5)","background-image":"","background-repeat":"repeat","background-position":"center center","background-size":"auto","background-attachment":"scroll","background-type":"","background-media":"","overlay-type":"","overlay-color":"","overlay-opacity":"","overlay-gradient":""},"tablet":{"background-color":"var(--ast-global-color-5)","background-image":"","background-repeat":"repeat","background-position":"center center","background-size":"auto","background-attachment":"scroll","background-type":"","background-media":"","overlay-type":"","overlay-color":"","overlay-opacity":"","overlay-gradient":""},"mobile":{"background-color":"var(--ast-global-color-5)","background-image":"","background-repeat":"repeat","background-position":"center center","background-size":"auto","background-attachment":"scroll","background-type":"","background-media":"","overlay-type":"","overlay-color":"","overlay-opacity":"","overlay-gradient":""}},"footnotes":""},"class_list":["post-69782","page","type-page","status-publish","hentry"],"translation":{"provider":"WPGlobus","version":"3.0.2","language":"en","enabled_languages":["de","en"],"languages":{"de":{"title":true,"content":true,"excerpt":false},"en":{"title":false,"content":false,"excerpt":false}}},"featured_image_urls_v2":{"full":"","thumbnail":"","medium":"","medium_large":"","large":"","1536x1536":"","2048x2048":""},"post_excerpt_stackable_v2":"<p>ZENTRALE KERNAUSSAGEN ESG steht f\u00fcr Umwelt, Soziales und Unternehmensf\u00fchrung und bezieht sich auf die drei wichtigsten Faktoren, die von Unternehmen und Investoren ber\u00fccksichtigt werden sollten, um Nachhaltigkeit und verantwortungsvolles Handeln zu f\u00f6rdern. Regierungen und Regulierungsbeh\u00f6rden weltweit setzen zunehmend ESG-Standards und -Richtlinien ein, um sicherzustellen, dass Unternehmen verantwortungsbewusst handeln und Nachhaltigkeit in ihre Gesch\u00e4ftspraktiken integrieren. ESG-Investitionen beziehen sich auf Investitionen in Unternehmen, die eine positive Wirkung auf Umwelt, Soziales und Unternehmensf\u00fchrung haben. ESG steht f\u00fcr &#8220;Environmental, Social, and Governance&#8221; und bezieht sich auf die drei Hauptfaktoren, die von Investoren und Unternehmen ber\u00fccksichtigt werden, um die Nachhaltigkeit und langfristige Performance eines Unternehmens&hellip;<\/p>\n","category_list_v2":"","author_info_v2":{"name":"PrudentWater","url":"https:\/\/prudentwater.com\/en\/author\/niklas33\/"},"comments_num_v2":"0 comments","_links":{"self":[{"href":"https:\/\/prudentwater.com\/en\/wp-json\/wp\/v2\/pages\/69782","targetHints":{"allow":["GET"]}}],"collection":[{"href":"https:\/\/prudentwater.com\/en\/wp-json\/wp\/v2\/pages"}],"about":[{"href":"https:\/\/prudentwater.com\/en\/wp-json\/wp\/v2\/types\/page"}],"author":[{"embeddable":true,"href":"https:\/\/prudentwater.com\/en\/wp-json\/wp\/v2\/users\/1"}],"replies":[{"embeddable":true,"href":"https:\/\/prudentwater.com\/en\/wp-json\/wp\/v2\/comments?post=69782"}],"version-history":[{"count":0,"href":"https:\/\/prudentwater.com\/en\/wp-json\/wp\/v2\/pages\/69782\/revisions"}],"wp:attachment":[{"href":"https:\/\/prudentwater.com\/en\/wp-json\/wp\/v2\/media?parent=69782"}],"curies":[{"name":"wp","href":"https:\/\/api.w.org\/{rel}","templated":true}]}}