{"id":69825,"date":"2023-02-18T12:35:15","date_gmt":"2023-02-18T11:35:15","guid":{"rendered":"https:\/\/prudentwater.com\/?page_id=69825"},"modified":"2023-02-19T13:43:16","modified_gmt":"2023-02-19T12:43:16","slug":"rentenmark","status":"publish","type":"page","link":"https:\/\/prudentwater.com\/en\/rentenmark\/","title":{"rendered":"Rentenmark"},"content":{"rendered":"<p>Die Rentenmark war eine W\u00e4hrung, die in Deutschland nach der Hyperinflation der 1920er Jahre eingef\u00fchrt wurde. Im November 1923 wurde die Rentenmark als \u00dcbergangsw\u00e4hrung eingef\u00fchrt, war anschlie\u00dfend bis 1924 in Gebrauch und wurde dann von der Reichsmark abgel\u00f6st.<\/p>\n<p>Die Rentenmark wurde von der deutschen Regierung eingef\u00fchrt, um die Hyperinflation zu beenden und das Vertrauen in die W\u00e4hrung wiederherzustellen. Die Rentenmark war an reale Verm\u00f6genswerte wie Grundst\u00fccke und Industrieaktien gebunden, die als Sicherheit f\u00fcr die W\u00e4hrung dienten. Dadurch konnte das Vertrauen in die W\u00e4hrung wiederhergestellt werden, da die Menschen wussten, dass die Rentenmark durch echte Verm\u00f6genswerte gedeckt war. Die Rentenmark war auch Teil eines gr\u00f6\u00dferen Plans zur wirtschaftlichen Stabilisierung Deutschlands, der auch die Reduzierung der Staatsausgaben, die Erh\u00f6hung der Steuereinnahmen und die Neuverhandlung der Reparationszahlungen umfasste. Die Rentenmark war erfolgreich bei der Stabilisierung der deutschen Wirtschaft und bei der Beendigung der Hyperinflation. Nach einem Jahr wurde die Rentenmark durch die Reichsmark ersetzt, die bis zum Ende des Zweiten Weltkriegs in Gebrauch war. Die Rentenmark gilt als ein wichtiger Schritt in der deutschen Wirtschaftsgeschichte und als Beispiel f\u00fcr eine erfolgreiche W\u00e4hrungsreform.<\/p>\n","protected":false},"excerpt":{"rendered":"<p>Die Rentenmark war eine W\u00e4hrung, die in Deutschland nach der Hyperinflation der 1920er Jahre eingef\u00fchrt wurde. Im November 1923 wurde die Rentenmark als \u00dcbergangsw\u00e4hrung eingef\u00fchrt, war anschlie\u00dfend bis 1924 in Gebrauch und wurde dann von der Reichsmark abgel\u00f6st. Die Rentenmark wurde von der deutschen Regierung eingef\u00fchrt, um die Hyperinflation zu beenden und das Vertrauen in [&hellip;]<\/p>\n","protected":false},"author":1,"featured_media":0,"parent":0,"menu_order":0,"comment_status":"closed","ping_status":"closed","template":"","meta":{"site-sidebar-layout":"default","site-content-layout":"","ast-site-content-layout":"","site-content-style":"default","site-sidebar-style":"default","ast-global-header-display":"","ast-banner-title-visibility":"","ast-main-header-display":"","ast-hfb-above-header-display":"","ast-hfb-below-header-display":"","ast-hfb-mobile-header-display":"","site-post-title":"","ast-breadcrumbs-content":"","ast-featured-img":"","footer-sml-layout":"","theme-transparent-header-meta":"","adv-header-id-meta":"","stick-header-meta":"","header-above-stick-meta":"","header-main-stick-meta":"","header-below-stick-meta":"","astra-migrate-meta-layouts":"default","ast-page-background-enabled":"default","ast-page-background-meta":{"desktop":{"background-color":"","background-image":"","background-repeat":"repeat","background-position":"center center","background-size":"auto","background-attachment":"scroll","background-type":"","background-media":"","overlay-type":"","overlay-color":"","overlay-opacity":"","overlay-gradient":""},"tablet":{"background-color":"","background-image":"","background-repeat":"repeat","background-position":"center center","background-size":"auto","background-attachment":"scroll","background-type":"","background-media":"","overlay-type":"","overlay-color":"","overlay-opacity":"","overlay-gradient":""},"mobile":{"background-color":"","background-image":"","background-repeat":"repeat","background-position":"center center","background-size":"auto","background-attachment":"scroll","background-type":"","background-media":"","overlay-type":"","overlay-color":"","overlay-opacity":"","overlay-gradient":""}},"ast-content-background-meta":{"desktop":{"background-color":"var(--ast-global-color-5)","background-image":"","background-repeat":"repeat","background-position":"center center","background-size":"auto","background-attachment":"scroll","background-type":"","background-media":"","overlay-type":"","overlay-color":"","overlay-opacity":"","overlay-gradient":""},"tablet":{"background-color":"var(--ast-global-color-5)","background-image":"","background-repeat":"repeat","background-position":"center center","background-size":"auto","background-attachment":"scroll","background-type":"","background-media":"","overlay-type":"","overlay-color":"","overlay-opacity":"","overlay-gradient":""},"mobile":{"background-color":"var(--ast-global-color-5)","background-image":"","background-repeat":"repeat","background-position":"center center","background-size":"auto","background-attachment":"scroll","background-type":"","background-media":"","overlay-type":"","overlay-color":"","overlay-opacity":"","overlay-gradient":""}},"footnotes":""},"class_list":["post-69825","page","type-page","status-publish","hentry"],"translation":{"provider":"WPGlobus","version":"3.0.2","language":"en","enabled_languages":["de","en"],"languages":{"de":{"title":true,"content":true,"excerpt":false},"en":{"title":false,"content":false,"excerpt":false}}},"featured_image_urls_v2":{"full":"","thumbnail":"","medium":"","medium_large":"","large":"","1536x1536":"","2048x2048":""},"post_excerpt_stackable_v2":"<p>Die Rentenmark war eine W\u00e4hrung, die in Deutschland nach der Hyperinflation der 1920er Jahre eingef\u00fchrt wurde. Im November 1923 wurde die Rentenmark als \u00dcbergangsw\u00e4hrung eingef\u00fchrt, war anschlie\u00dfend bis 1924 in Gebrauch und wurde dann von der Reichsmark abgel\u00f6st. Die Rentenmark wurde von der deutschen Regierung eingef\u00fchrt, um die Hyperinflation zu beenden und das Vertrauen in die W\u00e4hrung wiederherzustellen. Die Rentenmark war an reale Verm\u00f6genswerte wie Grundst\u00fccke und Industrieaktien gebunden, die als Sicherheit f\u00fcr die W\u00e4hrung dienten. Dadurch konnte das Vertrauen in die W\u00e4hrung wiederhergestellt werden, da die Menschen wussten, dass die Rentenmark durch echte Verm\u00f6genswerte gedeckt war. Die Rentenmark war&hellip;<\/p>\n","category_list_v2":"","author_info_v2":{"name":"PrudentWater","url":"https:\/\/prudentwater.com\/en\/author\/niklas33\/"},"comments_num_v2":"0 comments","_links":{"self":[{"href":"https:\/\/prudentwater.com\/en\/wp-json\/wp\/v2\/pages\/69825","targetHints":{"allow":["GET"]}}],"collection":[{"href":"https:\/\/prudentwater.com\/en\/wp-json\/wp\/v2\/pages"}],"about":[{"href":"https:\/\/prudentwater.com\/en\/wp-json\/wp\/v2\/types\/page"}],"author":[{"embeddable":true,"href":"https:\/\/prudentwater.com\/en\/wp-json\/wp\/v2\/users\/1"}],"replies":[{"embeddable":true,"href":"https:\/\/prudentwater.com\/en\/wp-json\/wp\/v2\/comments?post=69825"}],"version-history":[{"count":0,"href":"https:\/\/prudentwater.com\/en\/wp-json\/wp\/v2\/pages\/69825\/revisions"}],"wp:attachment":[{"href":"https:\/\/prudentwater.com\/en\/wp-json\/wp\/v2\/media?parent=69825"}],"curies":[{"name":"wp","href":"https:\/\/api.w.org\/{rel}","templated":true}]}}