{"id":7028,"date":"2016-05-30T18:28:59","date_gmt":"2016-05-30T18:28:59","guid":{"rendered":"http:\/\/www.kunnskap.de\/?page_id=7028"},"modified":"2023-04-07T14:15:19","modified_gmt":"2023-04-07T12:15:19","slug":"verwassertes-ergebnis-je-aktie","status":"publish","type":"page","link":"https:\/\/prudentwater.com\/en\/verwassertes-ergebnis-je-aktie\/","title":{"rendered":"Verw\u00e4ssertes Ergebnis je Aktie"},"content":{"rendered":"<p>Auch <strong>Verw\u00e4sserter Gewinn je Aktie<\/strong><br \/>\nengl. <b>Diluted Earnings per Share<\/b><\/p>\n<p>Das verw\u00e4sserte Ergebnis je Aktie ist eine Gewinngr\u00f6\u00dfe, welche Aktiengesellschaften in ihrem Gesch\u00e4ftsbericht direkt unter der Gewinngr\u00f6\u00dfe &#8220;Ergebnis je Aktie&#8221; ausweisen. Das verw\u00e4sserte Ergebnis je Aktie gibt den theoretischen Gewinn je Aktie an, wenn alle noch offenen wandlungsf\u00e4higen Wertpapiere &#8211; also Wandelanleihen sowie Aktienoptionen &#8211; in Aktien des Unternehmens umgewandelt werden w\u00fcrden. Dann n\u00e4mlich w\u00fcrde sich die Anzahl der ausstehenden Aktien erh\u00f6hen und der Gewinn m\u00fcsste von nun an auf mehrere Aktien verteilt werden. Aus diesem Grund liegt das verw\u00e4sserte Ergebnis je Aktie immer unter dem Ergebnis je Aktie. Beide Gr\u00f6\u00dfen sind jedoch dann gleich gro\u00df, falls das Unternehmen weder Wandelanleihen noch Aktienoptionen ausgegeben hat. Da jedoch immer ein bestimmter Anteil der wandlungsf\u00e4higen Wertpapiere in Aktien umgewandelt wird, sollte der Aktion\u00e4r immer das verw\u00e4sserte Ergebnis je Aktie als Richtwert nutzen.<\/p>\n<h2>Definition von Wandelanleihen und Aktienoptionen<\/h2>\n<p>Bei einer Wandelanleihe hat der Besitzer das Recht, diese innerhalb eines bestimmten Zeitraumes in Aktien umzuwandeln. Aktienoptionen werden oftmals an (hochrangige) Mitarbeiter als eine Art Bonuszahlung ausgegeben. Diese erhalten damit das Recht, jedoch nicht die Pflicht, nach Ablauf einer bestimmten Wartefrist Aktien des Unternehmens zu einem festgelegten Preis zu erhalten.<\/p>\n","protected":false},"excerpt":{"rendered":"<p>Auch Verw\u00e4sserter Gewinn je Aktie engl. Diluted Earnings per Share Das verw\u00e4sserte Ergebnis je Aktie ist eine Gewinngr\u00f6\u00dfe, welche Aktiengesellschaften in ihrem Gesch\u00e4ftsbericht direkt unter der Gewinngr\u00f6\u00dfe &#8220;Ergebnis je Aktie&#8221; ausweisen. Das verw\u00e4sserte Ergebnis je Aktie gibt den theoretischen Gewinn je Aktie an, wenn alle noch offenen wandlungsf\u00e4higen Wertpapiere &#8211; also Wandelanleihen sowie Aktienoptionen &#8211; [&hellip;]<\/p>\n","protected":false},"author":1,"featured_media":0,"parent":0,"menu_order":0,"comment_status":"closed","ping_status":"closed","template":"","meta":{"site-sidebar-layout":"default","site-content-layout":"","ast-site-content-layout":"","site-content-style":"default","site-sidebar-style":"default","ast-global-header-display":"","ast-banner-title-visibility":"","ast-main-header-display":"","ast-hfb-above-header-display":"","ast-hfb-below-header-display":"","ast-hfb-mobile-header-display":"","site-post-title":"","ast-breadcrumbs-content":"","ast-featured-img":"","footer-sml-layout":"","theme-transparent-header-meta":"","adv-header-id-meta":"","stick-header-meta":"","header-above-stick-meta":"","header-main-stick-meta":"","header-below-stick-meta":"","astra-migrate-meta-layouts":"default","ast-page-background-enabled":"default","ast-page-background-meta":{"desktop":{"background-color":"","background-image":"","background-repeat":"repeat","background-position":"center center","background-size":"auto","background-attachment":"scroll","background-type":"","background-media":"","overlay-type":"","overlay-color":"","overlay-opacity":"","overlay-gradient":""},"tablet":{"background-color":"","background-image":"","background-repeat":"repeat","background-position":"center center","background-size":"auto","background-attachment":"scroll","background-type":"","background-media":"","overlay-type":"","overlay-color":"","overlay-opacity":"","overlay-gradient":""},"mobile":{"background-color":"","background-image":"","background-repeat":"repeat","background-position":"center center","background-size":"auto","background-attachment":"scroll","background-type":"","background-media":"","overlay-type":"","overlay-color":"","overlay-opacity":"","overlay-gradient":""}},"ast-content-background-meta":{"desktop":{"background-color":"var(--ast-global-color-5)","background-image":"","background-repeat":"repeat","background-position":"center center","background-size":"auto","background-attachment":"scroll","background-type":"","background-media":"","overlay-type":"","overlay-color":"","overlay-opacity":"","overlay-gradient":""},"tablet":{"background-color":"var(--ast-global-color-5)","background-image":"","background-repeat":"repeat","background-position":"center center","background-size":"auto","background-attachment":"scroll","background-type":"","background-media":"","overlay-type":"","overlay-color":"","overlay-opacity":"","overlay-gradient":""},"mobile":{"background-color":"var(--ast-global-color-5)","background-image":"","background-repeat":"repeat","background-position":"center center","background-size":"auto","background-attachment":"scroll","background-type":"","background-media":"","overlay-type":"","overlay-color":"","overlay-opacity":"","overlay-gradient":""}},"footnotes":""},"class_list":["post-7028","page","type-page","status-publish","hentry"],"translation":{"provider":"WPGlobus","version":"3.0.2","language":"en","enabled_languages":["de","en"],"languages":{"de":{"title":true,"content":true,"excerpt":false},"en":{"title":false,"content":false,"excerpt":false}}},"featured_image_urls_v2":{"full":"","thumbnail":"","medium":"","medium_large":"","large":"","1536x1536":"","2048x2048":""},"post_excerpt_stackable_v2":"<p>Auch Verw\u00e4sserter Gewinn je Aktie engl. Diluted Earnings per Share Das verw\u00e4sserte Ergebnis je Aktie ist eine Gewinngr\u00f6\u00dfe, welche Aktiengesellschaften in ihrem Gesch\u00e4ftsbericht direkt unter der Gewinngr\u00f6\u00dfe &#8220;Ergebnis je Aktie&#8221; ausweisen. Das verw\u00e4sserte Ergebnis je Aktie gibt den theoretischen Gewinn je Aktie an, wenn alle noch offenen wandlungsf\u00e4higen Wertpapiere &#8211; also Wandelanleihen sowie Aktienoptionen &#8211; in Aktien des Unternehmens umgewandelt werden w\u00fcrden. Dann n\u00e4mlich w\u00fcrde sich die Anzahl der ausstehenden Aktien erh\u00f6hen und der Gewinn m\u00fcsste von nun an auf mehrere Aktien verteilt werden. Aus diesem Grund liegt das verw\u00e4sserte Ergebnis je Aktie immer unter dem Ergebnis je Aktie. Beide&hellip;<\/p>\n","category_list_v2":"","author_info_v2":{"name":"PrudentWater","url":"https:\/\/prudentwater.com\/en\/author\/niklas33\/"},"comments_num_v2":"0 comments","_links":{"self":[{"href":"https:\/\/prudentwater.com\/en\/wp-json\/wp\/v2\/pages\/7028","targetHints":{"allow":["GET"]}}],"collection":[{"href":"https:\/\/prudentwater.com\/en\/wp-json\/wp\/v2\/pages"}],"about":[{"href":"https:\/\/prudentwater.com\/en\/wp-json\/wp\/v2\/types\/page"}],"author":[{"embeddable":true,"href":"https:\/\/prudentwater.com\/en\/wp-json\/wp\/v2\/users\/1"}],"replies":[{"embeddable":true,"href":"https:\/\/prudentwater.com\/en\/wp-json\/wp\/v2\/comments?post=7028"}],"version-history":[{"count":0,"href":"https:\/\/prudentwater.com\/en\/wp-json\/wp\/v2\/pages\/7028\/revisions"}],"wp:attachment":[{"href":"https:\/\/prudentwater.com\/en\/wp-json\/wp\/v2\/media?parent=7028"}],"curies":[{"name":"wp","href":"https:\/\/api.w.org\/{rel}","templated":true}]}}