{"id":7169,"date":"2016-06-11T08:51:01","date_gmt":"2016-06-11T08:51:01","guid":{"rendered":"http:\/\/www.kunnskap.de\/?page_id=7169"},"modified":"2021-06-25T12:48:21","modified_gmt":"2021-06-25T10:48:21","slug":"bilanz-der-direktinvestitionen","status":"publish","type":"page","link":"https:\/\/prudentwater.com\/en\/bilanz-der-direktinvestitionen\/","title":{"rendered":"Bilanz der Direktinvestitionen"},"content":{"rendered":"<p>Die Bilanz der Direktinvestitionen ist eine Teilbilanz der Kapitalbilanz und umfasst alle Direktinvestitionen, bei denen sich Ausl\u00e4nder an inl\u00e4ndischen Unternehmen beteiligt haben bzw. ebenso andersherum bei denen sich Inl\u00e4nder an ausl\u00e4ndischen Unternehmen beteiligt haben. Bei einer Direktinvestition handelt es sich um einen Kapitalexport, bei dem eine unternehmerische Beteiligung an einem ausl\u00e4ndischen Unternehmen erworben wird. Dies kann durch den Erwerb von Unternehmensanteilen (Aktien), einzelner Produktionsanlagen oder Grundst\u00fccken geschehen.<\/p>\n","protected":false},"excerpt":{"rendered":"<p>Die Bilanz der Direktinvestitionen ist eine Teilbilanz der Kapitalbilanz und umfasst alle Direktinvestitionen, bei denen sich Ausl\u00e4nder an inl\u00e4ndischen Unternehmen beteiligt haben bzw. ebenso andersherum bei denen sich Inl\u00e4nder an ausl\u00e4ndischen Unternehmen beteiligt haben. Bei einer Direktinvestition handelt es sich um einen Kapitalexport, bei dem eine unternehmerische Beteiligung an einem ausl\u00e4ndischen Unternehmen erworben wird. Dies [&hellip;]<\/p>\n","protected":false},"author":1,"featured_media":0,"parent":0,"menu_order":0,"comment_status":"closed","ping_status":"closed","template":"","meta":{"site-sidebar-layout":"default","site-content-layout":"","ast-site-content-layout":"","site-content-style":"default","site-sidebar-style":"default","ast-global-header-display":"","ast-banner-title-visibility":"","ast-main-header-display":"","ast-hfb-above-header-display":"","ast-hfb-below-header-display":"","ast-hfb-mobile-header-display":"","site-post-title":"","ast-breadcrumbs-content":"","ast-featured-img":"","footer-sml-layout":"","theme-transparent-header-meta":"","adv-header-id-meta":"","stick-header-meta":"","header-above-stick-meta":"","header-main-stick-meta":"","header-below-stick-meta":"","astra-migrate-meta-layouts":"default","ast-page-background-enabled":"default","ast-page-background-meta":{"desktop":{"background-color":"","background-image":"","background-repeat":"repeat","background-position":"center center","background-size":"auto","background-attachment":"scroll","background-type":"","background-media":"","overlay-type":"","overlay-color":"","overlay-opacity":"","overlay-gradient":""},"tablet":{"background-color":"","background-image":"","background-repeat":"repeat","background-position":"center center","background-size":"auto","background-attachment":"scroll","background-type":"","background-media":"","overlay-type":"","overlay-color":"","overlay-opacity":"","overlay-gradient":""},"mobile":{"background-color":"","background-image":"","background-repeat":"repeat","background-position":"center center","background-size":"auto","background-attachment":"scroll","background-type":"","background-media":"","overlay-type":"","overlay-color":"","overlay-opacity":"","overlay-gradient":""}},"ast-content-background-meta":{"desktop":{"background-color":"var(--ast-global-color-5)","background-image":"","background-repeat":"repeat","background-position":"center center","background-size":"auto","background-attachment":"scroll","background-type":"","background-media":"","overlay-type":"","overlay-color":"","overlay-opacity":"","overlay-gradient":""},"tablet":{"background-color":"var(--ast-global-color-5)","background-image":"","background-repeat":"repeat","background-position":"center center","background-size":"auto","background-attachment":"scroll","background-type":"","background-media":"","overlay-type":"","overlay-color":"","overlay-opacity":"","overlay-gradient":""},"mobile":{"background-color":"var(--ast-global-color-5)","background-image":"","background-repeat":"repeat","background-position":"center center","background-size":"auto","background-attachment":"scroll","background-type":"","background-media":"","overlay-type":"","overlay-color":"","overlay-opacity":"","overlay-gradient":""}},"footnotes":""},"class_list":["post-7169","page","type-page","status-publish","hentry"],"translation":{"provider":"WPGlobus","version":"3.0.2","language":"en","enabled_languages":["de","en"],"languages":{"de":{"title":true,"content":true,"excerpt":false},"en":{"title":false,"content":false,"excerpt":false}}},"featured_image_urls_v2":{"full":"","thumbnail":"","medium":"","medium_large":"","large":"","1536x1536":"","2048x2048":""},"post_excerpt_stackable_v2":"<p>Die Bilanz der Direktinvestitionen ist eine Teilbilanz der Kapitalbilanz und umfasst alle Direktinvestitionen, bei denen sich Ausl\u00e4nder an inl\u00e4ndischen Unternehmen beteiligt haben bzw. ebenso andersherum bei denen sich Inl\u00e4nder an ausl\u00e4ndischen Unternehmen beteiligt haben. Bei einer Direktinvestition handelt es sich um einen Kapitalexport, bei dem eine unternehmerische Beteiligung an einem ausl\u00e4ndischen Unternehmen erworben wird. Dies kann durch den Erwerb von Unternehmensanteilen (Aktien), einzelner Produktionsanlagen oder Grundst\u00fccken geschehen.<\/p>\n","category_list_v2":"","author_info_v2":{"name":"PrudentWater","url":"https:\/\/prudentwater.com\/en\/author\/niklas33\/"},"comments_num_v2":"0 comments","_links":{"self":[{"href":"https:\/\/prudentwater.com\/en\/wp-json\/wp\/v2\/pages\/7169","targetHints":{"allow":["GET"]}}],"collection":[{"href":"https:\/\/prudentwater.com\/en\/wp-json\/wp\/v2\/pages"}],"about":[{"href":"https:\/\/prudentwater.com\/en\/wp-json\/wp\/v2\/types\/page"}],"author":[{"embeddable":true,"href":"https:\/\/prudentwater.com\/en\/wp-json\/wp\/v2\/users\/1"}],"replies":[{"embeddable":true,"href":"https:\/\/prudentwater.com\/en\/wp-json\/wp\/v2\/comments?post=7169"}],"version-history":[{"count":0,"href":"https:\/\/prudentwater.com\/en\/wp-json\/wp\/v2\/pages\/7169\/revisions"}],"wp:attachment":[{"href":"https:\/\/prudentwater.com\/en\/wp-json\/wp\/v2\/media?parent=7169"}],"curies":[{"name":"wp","href":"https:\/\/api.w.org\/{rel}","templated":true}]}}