{"id":7183,"date":"2016-06-11T10:26:34","date_gmt":"2016-06-11T10:26:34","guid":{"rendered":"http:\/\/www.kunnskap.de\/?page_id=7183"},"modified":"2022-08-15T20:10:36","modified_gmt":"2022-08-15T18:10:36","slug":"senior-anleihe","status":"publish","type":"page","link":"https:\/\/prudentwater.com\/en\/senior-anleihe\/","title":{"rendered":"Senior Anleihe"},"content":{"rendered":"<p>Auch <strong>Erstrangige Anleihe<\/strong><br \/>\nengl. <strong>Senior Bond<\/strong><\/p>\n<p>Eine Senior Anleihe weist eine h\u00f6here Sicherheit f\u00fcr Anleger auf, da sie im Insolvenzfall vor allen anderen ausgegebenen Anleihen desselben Unternehmens mit einem geringeren Rang bedient wird. Senior Anleihen weisen damit eine h\u00f6here Seniorit\u00e4t auf als beispielsweise Nachranganleihen oder Hybridanleihen, sie werden deshalb jedoch auch geringer verzinst. Dabei gibt es zwei verschiedene Arten von Senior Anleihen:<\/p>\n<ul>\n<h4>Besicherte Senior Anleihen (Senior Secured)<\/h4>\n<p>Diese sind durch hinterlegte Verm\u00f6genswerte des Schuldners besichert, auf welche die Gl\u00e4ubiger Zugriff haben, falls es zu einer Insolvenz des Schuldners kommen sollte. Besicherte Senior Anleihen sind die sicherste Form von Anleihen, werden aber auch dementsprechend am niedrigsten verzinst.<\/p>\n<h4>Unbesicherte Senior Anleihen (Senior Unsecured)<\/h4>\n<p>Diese Form der Senior Anleihen sind durch keine gesonderten Verm\u00f6genswerte besichert, werden daf\u00fcr dann auch leicht h\u00f6her verzinst als besicherte Senior Anleihen. Unbesicherte Senior Anleihen werden im Insolvenzfall trotzdem immer noch vor herk\u00f6mmlichen Anleihen sowie nat\u00fcrlich vor den Aktion\u00e4ren aus der Insolvenzmasse bedient.<\/ul>\n<p>Im Insolvenzfall werden besicherte Senior Anleihen noch vor den unbesicherten Senior Anleihen bedient, allerdings werden unbesicherte Senior Anleihen weiterhin vor allen anderen ausgegebenen Anleihenarten des Unternehmens sowie vor den Aktion\u00e4ren bedient.<\/p>\n","protected":false},"excerpt":{"rendered":"<p>Auch Erstrangige Anleihe engl. Senior Bond Eine Senior Anleihe weist eine h\u00f6here Sicherheit f\u00fcr Anleger auf, da sie im Insolvenzfall vor allen anderen ausgegebenen Anleihen desselben Unternehmens mit einem geringeren Rang bedient wird. Senior Anleihen weisen damit eine h\u00f6here Seniorit\u00e4t auf als beispielsweise Nachranganleihen oder Hybridanleihen, sie werden deshalb jedoch auch geringer verzinst. Dabei gibt [&hellip;]<\/p>\n","protected":false},"author":1,"featured_media":0,"parent":0,"menu_order":0,"comment_status":"closed","ping_status":"closed","template":"","meta":{"site-sidebar-layout":"default","site-content-layout":"","ast-site-content-layout":"","site-content-style":"default","site-sidebar-style":"default","ast-global-header-display":"","ast-banner-title-visibility":"","ast-main-header-display":"","ast-hfb-above-header-display":"","ast-hfb-below-header-display":"","ast-hfb-mobile-header-display":"","site-post-title":"","ast-breadcrumbs-content":"","ast-featured-img":"","footer-sml-layout":"","theme-transparent-header-meta":"","adv-header-id-meta":"","stick-header-meta":"","header-above-stick-meta":"","header-main-stick-meta":"","header-below-stick-meta":"","astra-migrate-meta-layouts":"default","ast-page-background-enabled":"default","ast-page-background-meta":{"desktop":{"background-color":"","background-image":"","background-repeat":"repeat","background-position":"center center","background-size":"auto","background-attachment":"scroll","background-type":"","background-media":"","overlay-type":"","overlay-color":"","overlay-opacity":"","overlay-gradient":""},"tablet":{"background-color":"","background-image":"","background-repeat":"repeat","background-position":"center center","background-size":"auto","background-attachment":"scroll","background-type":"","background-media":"","overlay-type":"","overlay-color":"","overlay-opacity":"","overlay-gradient":""},"mobile":{"background-color":"","background-image":"","background-repeat":"repeat","background-position":"center center","background-size":"auto","background-attachment":"scroll","background-type":"","background-media":"","overlay-type":"","overlay-color":"","overlay-opacity":"","overlay-gradient":""}},"ast-content-background-meta":{"desktop":{"background-color":"var(--ast-global-color-5)","background-image":"","background-repeat":"repeat","background-position":"center center","background-size":"auto","background-attachment":"scroll","background-type":"","background-media":"","overlay-type":"","overlay-color":"","overlay-opacity":"","overlay-gradient":""},"tablet":{"background-color":"var(--ast-global-color-5)","background-image":"","background-repeat":"repeat","background-position":"center center","background-size":"auto","background-attachment":"scroll","background-type":"","background-media":"","overlay-type":"","overlay-color":"","overlay-opacity":"","overlay-gradient":""},"mobile":{"background-color":"var(--ast-global-color-5)","background-image":"","background-repeat":"repeat","background-position":"center center","background-size":"auto","background-attachment":"scroll","background-type":"","background-media":"","overlay-type":"","overlay-color":"","overlay-opacity":"","overlay-gradient":""}},"footnotes":""},"class_list":["post-7183","page","type-page","status-publish","hentry"],"translation":{"provider":"WPGlobus","version":"3.0.2","language":"en","enabled_languages":["de","en"],"languages":{"de":{"title":true,"content":true,"excerpt":false},"en":{"title":false,"content":false,"excerpt":false}}},"featured_image_urls_v2":{"full":"","thumbnail":"","medium":"","medium_large":"","large":"","1536x1536":"","2048x2048":""},"post_excerpt_stackable_v2":"<p>Auch Erstrangige Anleihe engl. Senior Bond Eine Senior Anleihe weist eine h\u00f6here Sicherheit f\u00fcr Anleger auf, da sie im Insolvenzfall vor allen anderen ausgegebenen Anleihen desselben Unternehmens mit einem geringeren Rang bedient wird. Senior Anleihen weisen damit eine h\u00f6here Seniorit\u00e4t auf als beispielsweise Nachranganleihen oder Hybridanleihen, sie werden deshalb jedoch auch geringer verzinst. Dabei gibt es zwei verschiedene Arten von Senior Anleihen: Besicherte Senior Anleihen (Senior Secured) Diese sind durch hinterlegte Verm\u00f6genswerte des Schuldners besichert, auf welche die Gl\u00e4ubiger Zugriff haben, falls es zu einer Insolvenz des Schuldners kommen sollte. Besicherte Senior Anleihen sind die sicherste Form von Anleihen, werden&hellip;<\/p>\n","category_list_v2":"","author_info_v2":{"name":"PrudentWater","url":"https:\/\/prudentwater.com\/en\/author\/niklas33\/"},"comments_num_v2":"0 comments","_links":{"self":[{"href":"https:\/\/prudentwater.com\/en\/wp-json\/wp\/v2\/pages\/7183","targetHints":{"allow":["GET"]}}],"collection":[{"href":"https:\/\/prudentwater.com\/en\/wp-json\/wp\/v2\/pages"}],"about":[{"href":"https:\/\/prudentwater.com\/en\/wp-json\/wp\/v2\/types\/page"}],"author":[{"embeddable":true,"href":"https:\/\/prudentwater.com\/en\/wp-json\/wp\/v2\/users\/1"}],"replies":[{"embeddable":true,"href":"https:\/\/prudentwater.com\/en\/wp-json\/wp\/v2\/comments?post=7183"}],"version-history":[{"count":0,"href":"https:\/\/prudentwater.com\/en\/wp-json\/wp\/v2\/pages\/7183\/revisions"}],"wp:attachment":[{"href":"https:\/\/prudentwater.com\/en\/wp-json\/wp\/v2\/media?parent=7183"}],"curies":[{"name":"wp","href":"https:\/\/api.w.org\/{rel}","templated":true}]}}