{"id":7202,"date":"2016-06-13T16:23:03","date_gmt":"2016-06-13T16:23:03","guid":{"rendered":"http:\/\/www.kunnskap.de\/?page_id=7202"},"modified":"2021-06-25T12:50:10","modified_gmt":"2021-06-25T10:50:10","slug":"saisonbereinigung","status":"publish","type":"page","link":"https:\/\/prudentwater.com\/en\/saisonbereinigung\/","title":{"rendered":"Saisonbereinigung"},"content":{"rendered":"<p>engl. <strong>Seasonal Adjustment<\/strong><\/p>\n<p>Die Saisonbereinigung ist eine statistische Methode, um jahreszeitliche Einfl\u00fcsse (Kalender- und Wettereinfl\u00fcsse) aus Zeitreihen herauszufiltern. Somit k\u00f6nnen bekannte und immer wieder regelm\u00e4\u00dfig auftretende saisonale Einfl\u00fcsse aus Datens\u00e4tzen ausgeschlossen werden, um verschiedene Zeitr\u00e4ume miteinander vergleichbar zu machen.<br \/>\nSo ist beispielsweise die Bauwirtschaft im Winter deutlich geringer ausgelastet als bereits im Fr\u00fchling, die Preise f\u00fcr Obst und Gem\u00fcse sind im Winter hingegen h\u00f6her als zur Erntezeit und die Anzahl der Arbeitstage unterscheidet sich innerhalb einer Periode aufgrund von Feiertagen. Wirtschaftliche Daten werden bei der Berechnung nun um saisonal bedingte Schwankungen gegl\u00e4ttet, um tats\u00e4chliche makro\u00f6konomische Trends deutlich zu machen, welche hinterher nicht mehr durch saisonal beeinflusste Effekte verzerrt wurden. So werden die Arbeitsmarktdaten, die Wachstumsraten zum Bruttoinlandsprodukt oder aber die Inflationsrate saisonbereinigt, um vor allem unverzerrte kurzfristige Ver\u00e4nderungen der einzelnen Bereiche zu erhalten.<\/p>\n","protected":false},"excerpt":{"rendered":"<p>engl. Seasonal Adjustment Die Saisonbereinigung ist eine statistische Methode, um jahreszeitliche Einfl\u00fcsse (Kalender- und Wettereinfl\u00fcsse) aus Zeitreihen herauszufiltern. Somit k\u00f6nnen bekannte und immer wieder regelm\u00e4\u00dfig auftretende saisonale Einfl\u00fcsse aus Datens\u00e4tzen ausgeschlossen werden, um verschiedene Zeitr\u00e4ume miteinander vergleichbar zu machen. So ist beispielsweise die Bauwirtschaft im Winter deutlich geringer ausgelastet als bereits im Fr\u00fchling, die Preise [&hellip;]<\/p>\n","protected":false},"author":1,"featured_media":0,"parent":0,"menu_order":0,"comment_status":"closed","ping_status":"closed","template":"","meta":{"site-sidebar-layout":"default","site-content-layout":"","ast-site-content-layout":"","site-content-style":"default","site-sidebar-style":"default","ast-global-header-display":"","ast-banner-title-visibility":"","ast-main-header-display":"","ast-hfb-above-header-display":"","ast-hfb-below-header-display":"","ast-hfb-mobile-header-display":"","site-post-title":"","ast-breadcrumbs-content":"","ast-featured-img":"","footer-sml-layout":"","theme-transparent-header-meta":"","adv-header-id-meta":"","stick-header-meta":"","header-above-stick-meta":"","header-main-stick-meta":"","header-below-stick-meta":"","astra-migrate-meta-layouts":"default","ast-page-background-enabled":"default","ast-page-background-meta":{"desktop":{"background-color":"","background-image":"","background-repeat":"repeat","background-position":"center center","background-size":"auto","background-attachment":"scroll","background-type":"","background-media":"","overlay-type":"","overlay-color":"","overlay-opacity":"","overlay-gradient":""},"tablet":{"background-color":"","background-image":"","background-repeat":"repeat","background-position":"center center","background-size":"auto","background-attachment":"scroll","background-type":"","background-media":"","overlay-type":"","overlay-color":"","overlay-opacity":"","overlay-gradient":""},"mobile":{"background-color":"","background-image":"","background-repeat":"repeat","background-position":"center center","background-size":"auto","background-attachment":"scroll","background-type":"","background-media":"","overlay-type":"","overlay-color":"","overlay-opacity":"","overlay-gradient":""}},"ast-content-background-meta":{"desktop":{"background-color":"var(--ast-global-color-5)","background-image":"","background-repeat":"repeat","background-position":"center center","background-size":"auto","background-attachment":"scroll","background-type":"","background-media":"","overlay-type":"","overlay-color":"","overlay-opacity":"","overlay-gradient":""},"tablet":{"background-color":"var(--ast-global-color-5)","background-image":"","background-repeat":"repeat","background-position":"center center","background-size":"auto","background-attachment":"scroll","background-type":"","background-media":"","overlay-type":"","overlay-color":"","overlay-opacity":"","overlay-gradient":""},"mobile":{"background-color":"var(--ast-global-color-5)","background-image":"","background-repeat":"repeat","background-position":"center center","background-size":"auto","background-attachment":"scroll","background-type":"","background-media":"","overlay-type":"","overlay-color":"","overlay-opacity":"","overlay-gradient":""}},"footnotes":""},"class_list":["post-7202","page","type-page","status-publish","hentry"],"translation":{"provider":"WPGlobus","version":"3.0.2","language":"en","enabled_languages":["de","en"],"languages":{"de":{"title":true,"content":true,"excerpt":false},"en":{"title":false,"content":false,"excerpt":false}}},"featured_image_urls_v2":{"full":"","thumbnail":"","medium":"","medium_large":"","large":"","1536x1536":"","2048x2048":""},"post_excerpt_stackable_v2":"<p>engl. Seasonal Adjustment Die Saisonbereinigung ist eine statistische Methode, um jahreszeitliche Einfl\u00fcsse (Kalender- und Wettereinfl\u00fcsse) aus Zeitreihen herauszufiltern. Somit k\u00f6nnen bekannte und immer wieder regelm\u00e4\u00dfig auftretende saisonale Einfl\u00fcsse aus Datens\u00e4tzen ausgeschlossen werden, um verschiedene Zeitr\u00e4ume miteinander vergleichbar zu machen. So ist beispielsweise die Bauwirtschaft im Winter deutlich geringer ausgelastet als bereits im Fr\u00fchling, die Preise f\u00fcr Obst und Gem\u00fcse sind im Winter hingegen h\u00f6her als zur Erntezeit und die Anzahl der Arbeitstage unterscheidet sich innerhalb einer Periode aufgrund von Feiertagen. Wirtschaftliche Daten werden bei der Berechnung nun um saisonal bedingte Schwankungen gegl\u00e4ttet, um tats\u00e4chliche makro\u00f6konomische Trends deutlich zu machen, welche&hellip;<\/p>\n","category_list_v2":"","author_info_v2":{"name":"PrudentWater","url":"https:\/\/prudentwater.com\/en\/author\/niklas33\/"},"comments_num_v2":"0 comments","_links":{"self":[{"href":"https:\/\/prudentwater.com\/en\/wp-json\/wp\/v2\/pages\/7202","targetHints":{"allow":["GET"]}}],"collection":[{"href":"https:\/\/prudentwater.com\/en\/wp-json\/wp\/v2\/pages"}],"about":[{"href":"https:\/\/prudentwater.com\/en\/wp-json\/wp\/v2\/types\/page"}],"author":[{"embeddable":true,"href":"https:\/\/prudentwater.com\/en\/wp-json\/wp\/v2\/users\/1"}],"replies":[{"embeddable":true,"href":"https:\/\/prudentwater.com\/en\/wp-json\/wp\/v2\/comments?post=7202"}],"version-history":[{"count":0,"href":"https:\/\/prudentwater.com\/en\/wp-json\/wp\/v2\/pages\/7202\/revisions"}],"wp:attachment":[{"href":"https:\/\/prudentwater.com\/en\/wp-json\/wp\/v2\/media?parent=7202"}],"curies":[{"name":"wp","href":"https:\/\/api.w.org\/{rel}","templated":true}]}}