{"id":7206,"date":"2016-06-13T19:31:08","date_gmt":"2016-06-13T19:31:08","guid":{"rendered":"http:\/\/www.kunnskap.de\/?page_id=7206"},"modified":"2022-11-23T13:52:42","modified_gmt":"2022-11-23T12:52:42","slug":"annualisiert","status":"publish","type":"page","link":"https:\/\/prudentwater.com\/en\/annualisiert\/","title":{"rendered":"Annualisierung"},"content":{"rendered":"\n<div class=\"wp-block-stackable-notification stk-block-notification stk-block stk-b3a7798 is-style-plain\" data-block-id=\"b3a7798\"><style>.stk-b3a7798{box-shadow:0px 2px 20px rgba(153,153,153,0.2) !important}.stk-b3a7798-container{border-radius:20px !important;overflow:hidden !important;box-shadow:0px 10px 60px rgba(0,0,0,0.1) !important}.stk-b3a7798 .stk-block-notification__content{padding-top:32px !important;padding-right:32px !important;padding-bottom:32px !important;padding-left:32px !important}<\/style><div class=\"stk-block-notification__content stk-content-align stk-b3a7798-column stk-container stk-b3a7798-container stk--no-background stk--no-padding\"><div class=\"stk-block-content stk-inner-blocks\">\n<div class=\"wp-block-stackable-heading stk-block-heading stk-block stk-40c06f9\" id=\"strong-zentrale-kernaussagen-strong\" data-block-id=\"40c06f9\"><style>.stk-40c06f9{margin-bottom:15px !important}.stk-40c06f9 .stk-block-heading__text{font-size:16px !important;margin:0 !important;color:#da8611 !important;font-weight:400 !important;letter-spacing:1px !important}@media screen and (max-width:1023px){.stk-40c06f9 .stk-block-heading__text{font-size:17px !important}}<\/style><h2 class=\"stk-block-heading__text has-text-color\"><b>ZENTRALE KERNAUSSAGEN<\/b><\/h2><\/div>\n\n\n\n<ul class=\"has-ast-global-color-8-color has-text-color wp-block-list\" style=\"font-size:16px;font-style:normal;font-weight:500;line-height:2\">\n<li>Bei der Annualisierung wird die Wachstumsrate eines kurzfristigen Zeitraumes (Quartal oder Halbjahr) auf eine Jahresrate hochgerechnet.<\/li>\n\n\n\n<li>Der Grund der Annualisierung liegt darin, Zeitr\u00e4ume mit verschiedenen L\u00e4ngen untereinander vergleichen zu k\u00f6nnen. <\/li>\n<\/ul>\n<\/div><\/div><\/div>\n\n\n<p>Die Annualisierung dient dazu, die Daten eines kurzfristigen Zeitraumes auf ein volles Jahr hoch zu rechnen. Dabei wird unterstellt, dass der Trend, welcher innerhalb der verk\u00fcrzten Zeitperiode festgestellt wurde, sich im gleichen Ausma\u00df so fortsetzen wird. Das annualisierte Wachstum eines Quartals gibt somit an, wie die Entwicklung auf das Jahr hochgerechnet w\u00e4re, falls sich der Trend aus dem Quartal identisch so fortsetzen w\u00fcrde.<\/p>\n<h3>Beispiel &amp; Berechnung<\/h3>\n<p>Angenommen, das Bruttoinlandsprodukt von Deutschland lag im ersten Quartal bei 703 Milliarden Euro und im zweiten Quartal bei 709 Milliarden Euro, so m\u00fcsste folgende Formel aufgestellt werden, um aus dieser Steigerung eine annualisierte Wachstumsrate zu errechnen:<\/p>\n<hr>\n<p><\/p><center><img loading=\"lazy\" decoding=\"async\" src=\"https:\/\/prudentwater.com\/wp-content\/uploads\/2021\/04\/Annualisierung.png\" alt=\"annualisiert\" class=\"alignnone size-full wp-image-8248\" width=\"592\" height=\"62\" title=\"\"><\/center><p><\/p>\n<hr>\n<p>Nach der Division muss das Ergebnis mit 4 potenziert werden, davon wird der Wert 1 subtrahiert und anschlie\u00dfend das Ergebnis mit 100 multipliziert. In diesem Fall erh\u00e4lt man somit ein annualisiertes Wachstum von 3,46 Prozent. Im zweiten Quartal weist die Wirtschaft in Deutschland ein annualisiertes Wachstum von 3,46 Prozent auf. W\u00fcrde nun die Wirtschaft \u00fcber das komplette Jahr hinweg exakt diesen Wachstumstrend fortsetzen, so w\u00e4re das Bruttoinlandsprodukt Deutschlands f\u00fcr das gesamte Jahr um 3,46 Prozent gestiegen.<\/p>\n<h3>Vor- und Nachteile der Annualisierung<\/h3>\n<p>Der Vorteil der Annualisierung liegt darin, dass Entwicklungen, die in unterschiedlich langen Zeitr\u00e4umen stattgefunden haben, miteinander verglichen werden k\u00f6nnen. Au\u00dferdem kann so relativ fr\u00fch eine Prognose f\u00fcr den Rest des Jahres abgegeben werden. Annualisierte Daten bieten somit eine bessere Vergleichbarkeit verschiedener Datens\u00e4tze. Der Nachteil liegt jedoch darin, dass die Annualisierung davon ausgeht, dass die in einem Quartal angefallenen Ver\u00e4nderungen auch in den weiteren Quartalen des Jahres so stattfinden werden. Dies tritt jedoch in den seltensten F\u00e4llen ein, weshalb annualisierte Wachstumsraten oftmals saisonbereinigt angegeben werden. Trotzdem ist die Annualisierung anf\u00e4llig f\u00fcr einmalig auftretende Effekte, welche das Wachstum in dem jeweiligen Quartal negativ oder positiv beeinflusst haben, man allerdings nicht von einer Wiederholung dieser Effekte ausgehen kann.<\/p>","protected":false},"excerpt":{"rendered":"<p>ZENTRALE KERNAUSSAGEN Die Annualisierung dient dazu, die Daten eines kurzfristigen Zeitraumes auf ein volles Jahr hoch zu rechnen. Dabei wird unterstellt, dass der Trend, welcher innerhalb der verk\u00fcrzten Zeitperiode festgestellt wurde, sich im gleichen Ausma\u00df so fortsetzen wird. Das annualisierte Wachstum eines Quartals gibt somit an, wie die Entwicklung auf das Jahr hochgerechnet w\u00e4re, falls [&hellip;]<\/p>\n","protected":false},"author":1,"featured_media":0,"parent":0,"menu_order":0,"comment_status":"closed","ping_status":"closed","template":"","meta":{"site-sidebar-layout":"default","site-content-layout":"","ast-site-content-layout":"","site-content-style":"default","site-sidebar-style":"default","ast-global-header-display":"","ast-banner-title-visibility":"","ast-main-header-display":"","ast-hfb-above-header-display":"","ast-hfb-below-header-display":"","ast-hfb-mobile-header-display":"","site-post-title":"","ast-breadcrumbs-content":"","ast-featured-img":"","footer-sml-layout":"","theme-transparent-header-meta":"","adv-header-id-meta":"","stick-header-meta":"","header-above-stick-meta":"","header-main-stick-meta":"","header-below-stick-meta":"","astra-migrate-meta-layouts":"default","ast-page-background-enabled":"default","ast-page-background-meta":{"desktop":{"background-color":"","background-image":"","background-repeat":"repeat","background-position":"center center","background-size":"auto","background-attachment":"scroll","background-type":"","background-media":"","overlay-type":"","overlay-color":"","overlay-opacity":"","overlay-gradient":""},"tablet":{"background-color":"","background-image":"","background-repeat":"repeat","background-position":"center center","background-size":"auto","background-attachment":"scroll","background-type":"","background-media":"","overlay-type":"","overlay-color":"","overlay-opacity":"","overlay-gradient":""},"mobile":{"background-color":"","background-image":"","background-repeat":"repeat","background-position":"center center","background-size":"auto","background-attachment":"scroll","background-type":"","background-media":"","overlay-type":"","overlay-color":"","overlay-opacity":"","overlay-gradient":""}},"ast-content-background-meta":{"desktop":{"background-color":"var(--ast-global-color-5)","background-image":"","background-repeat":"repeat","background-position":"center center","background-size":"auto","background-attachment":"scroll","background-type":"","background-media":"","overlay-type":"","overlay-color":"","overlay-opacity":"","overlay-gradient":""},"tablet":{"background-color":"var(--ast-global-color-5)","background-image":"","background-repeat":"repeat","background-position":"center center","background-size":"auto","background-attachment":"scroll","background-type":"","background-media":"","overlay-type":"","overlay-color":"","overlay-opacity":"","overlay-gradient":""},"mobile":{"background-color":"var(--ast-global-color-5)","background-image":"","background-repeat":"repeat","background-position":"center center","background-size":"auto","background-attachment":"scroll","background-type":"","background-media":"","overlay-type":"","overlay-color":"","overlay-opacity":"","overlay-gradient":""}},"footnotes":""},"class_list":["post-7206","page","type-page","status-publish","hentry"],"translation":{"provider":"WPGlobus","version":"3.0.2","language":"en","enabled_languages":["de","en"],"languages":{"de":{"title":true,"content":true,"excerpt":false},"en":{"title":false,"content":false,"excerpt":false}}},"featured_image_urls_v2":{"full":"","thumbnail":"","medium":"","medium_large":"","large":"","1536x1536":"","2048x2048":""},"post_excerpt_stackable_v2":"<p>ZENTRALE KERNAUSSAGEN Bei der Annualisierung wird die Wachstumsrate eines kurzfristigen Zeitraumes (Quartal oder Halbjahr) auf eine Jahresrate hochgerechnet. Der Grund der Annualisierung liegt darin, Zeitr\u00e4ume mit verschiedenen L\u00e4ngen untereinander vergleichen zu k\u00f6nnen. Die Annualisierung dient dazu, die Daten eines kurzfristigen Zeitraumes auf ein volles Jahr hoch zu rechnen. Dabei wird unterstellt, dass der Trend, welcher innerhalb der verk\u00fcrzten Zeitperiode festgestellt wurde, sich im gleichen Ausma\u00df so fortsetzen wird. Das annualisierte Wachstum eines Quartals gibt somit an, wie die Entwicklung auf das Jahr hochgerechnet w\u00e4re, falls sich der Trend aus dem Quartal identisch so fortsetzen w\u00fcrde. Beispiel &amp; Berechnung Angenommen, das&hellip;<\/p>\n","category_list_v2":"","author_info_v2":{"name":"PrudentWater","url":"https:\/\/prudentwater.com\/en\/author\/niklas33\/"},"comments_num_v2":"0 comments","_links":{"self":[{"href":"https:\/\/prudentwater.com\/en\/wp-json\/wp\/v2\/pages\/7206","targetHints":{"allow":["GET"]}}],"collection":[{"href":"https:\/\/prudentwater.com\/en\/wp-json\/wp\/v2\/pages"}],"about":[{"href":"https:\/\/prudentwater.com\/en\/wp-json\/wp\/v2\/types\/page"}],"author":[{"embeddable":true,"href":"https:\/\/prudentwater.com\/en\/wp-json\/wp\/v2\/users\/1"}],"replies":[{"embeddable":true,"href":"https:\/\/prudentwater.com\/en\/wp-json\/wp\/v2\/comments?post=7206"}],"version-history":[{"count":0,"href":"https:\/\/prudentwater.com\/en\/wp-json\/wp\/v2\/pages\/7206\/revisions"}],"wp:attachment":[{"href":"https:\/\/prudentwater.com\/en\/wp-json\/wp\/v2\/media?parent=7206"}],"curies":[{"name":"wp","href":"https:\/\/api.w.org\/{rel}","templated":true}]}}