{"id":7219,"date":"2016-06-15T08:36:55","date_gmt":"2016-06-15T08:36:55","guid":{"rendered":"http:\/\/www.kunnskap.de\/?page_id=7219"},"modified":"2021-08-13T12:42:18","modified_gmt":"2021-08-13T10:42:18","slug":"fiskalpolitik","status":"publish","type":"page","link":"https:\/\/prudentwater.com\/en\/fiskalpolitik\/","title":{"rendered":"Fiskalpolitik"},"content":{"rendered":"<p>engl. <strong>Fiscal Policy<\/strong><\/p>\n<p>Die Fiskalpolitik umfasst alle wirtschaftlichen Ma\u00dfnahmen, die von der Regierung eines Staates umgesetzt werden, um die konjunkturelle Entwicklung des Landes zu unterst\u00fctzen und zu st\u00e4rken. Dazu geh\u00f6rt in erster Linie die Steuerung der Staatseinnahmen und Staatsausgaben sowie die Erh\u00f6hung \/ Senkung einzelner Steuern. Vor allem mit diesen beiden Instrumenten betreibt der Staat seine Fiskalpolitik, um die gesamtwirtschaftliche Nachfrage zu beeinflussen und die Besch\u00e4ftigung innerhalb des Staates zu verbessern. Ist die gesamtwirtschaftliche Nachfrage gemessen an den Produktionsm\u00f6glichkeiten zu gering, so richtet der Staat seine Fiskalpolitik expansiv aus. In diesem Fall werden die Staatsausgaben erh\u00f6ht oder die Steuern gesenkt. Dies f\u00fchrt dann jedoch zu einer h\u00f6heren Schuldenstandsquote und geht dar\u00fcber hinaus oft mit einer verz\u00f6gerten Erh\u00f6hung der Zinsen einher. Ist die gesamtwirtschaftliche Nachfrage gemessen an den Produktionsm\u00f6glichkeiten jedoch zu hoch, so wird der Staat seine Ausgaben reduzieren und \/ oder Steuern erh\u00f6hen. Dies wiederum kann zu einer Reduzierung der Staatsschulden f\u00fchren. Dieser zweite Mechanismus beschreibt die antizyklische Fiskalpolitik. In Deutschland jedoch wird seit den 1980er Jahren eine prozyklische Fiskalpolitik verfolgt. Dabei entwickeln sich die Ausgaben des Staates sowie die Steuereinnahmen einigerma\u00dfen parallel zu der Wirtschaftsentwicklung. In sogenannten Boomphasen werden die Staatsausgaben erh\u00f6ht und Steuern gesenkt, in einer Rezession oder nachlassenden Wirtschaftsleistung jedoch werden Steuern erh\u00f6ht und Staatsausgaben gesenkt.<br \/>\n<div class=\"perfect-pullquote vcard pullquote-align-full pullquote-border-placement-left\" style=\"border-color:#9cd3db !important;font-size:22px !important;\"><blockquote><p style=\"font-size:22px !important;\">Die Kurse von Aktien und Anleihen profitierten in der Vergangenheit st\u00e4rker von der Geldpolitik, wohingegen die Fiskalpolitik eher reale Verm\u00f6genswerte wie Rohstoffe preislich st\u00e4rkt.<\/p><\/blockquote><\/div><\/p>\n<p>Das Gegen\u00fcber der Fiskalpolitik ist die Geldpolitik, welche im Gegensatz zur Fiskalpolitik ausschlie\u00dflich von der Zentralbank des jeweiligen Landes \/ W\u00e4hrungsraumes durchgef\u00fchrt wird. Der Vorteil der Fiskalpolitik liegt darin, dass ihre Ma\u00dfnahmen wie Steuersenkungen oder Staatsausgabenerh\u00f6hungen innerhalb einer Rezession eine viel schnellere Wirkung zeigen als Ma\u00dfnahmen der Geldpolitik. In Zeiten einer konjunkturellen Abschw\u00e4chung wirkt eine Leitzinssenkung erst mit teilweise erheblicher Zeitverz\u00f6gerung und unterst\u00fctzt das Wirtschaftswachstum sowie die Inflationsrate erst oftmals nach zwei Jahren. Der Vorteil der Geldpolitik gegen\u00fcber der Fiskalpolitik liegt jedoch darin, dass diese schneller eingesetzt werden kann. Fiskalpolitische Ma\u00dfnahmen m\u00fcssen in der Regel in Deutschland zuerst im Bundestag eine Mehrheit erhalten, bevor diese umgesetzt werden k\u00f6nnen, die Zentralbank ist in ihrer Entscheidung jedoch unabh\u00e4ngig von der Politik.<\/p>\n","protected":false},"excerpt":{"rendered":"<p>engl. Fiscal Policy Die Fiskalpolitik umfasst alle wirtschaftlichen Ma\u00dfnahmen, die von der Regierung eines Staates umgesetzt werden, um die konjunkturelle Entwicklung des Landes zu unterst\u00fctzen und zu st\u00e4rken. Dazu geh\u00f6rt in erster Linie die Steuerung der Staatseinnahmen und Staatsausgaben sowie die Erh\u00f6hung \/ Senkung einzelner Steuern. Vor allem mit diesen beiden Instrumenten betreibt der Staat [&hellip;]<\/p>\n","protected":false},"author":1,"featured_media":0,"parent":0,"menu_order":0,"comment_status":"closed","ping_status":"closed","template":"","meta":{"site-sidebar-layout":"default","site-content-layout":"default","ast-site-content-layout":"","site-content-style":"default","site-sidebar-style":"default","ast-global-header-display":"","ast-banner-title-visibility":"","ast-main-header-display":"","ast-hfb-above-header-display":"","ast-hfb-below-header-display":"","ast-hfb-mobile-header-display":"","site-post-title":"","ast-breadcrumbs-content":"","ast-featured-img":"","footer-sml-layout":"","theme-transparent-header-meta":"default","adv-header-id-meta":"","stick-header-meta":"","header-above-stick-meta":"","header-main-stick-meta":"","header-below-stick-meta":"","astra-migrate-meta-layouts":"default","ast-page-background-enabled":"default","ast-page-background-meta":{"desktop":{"background-color":"","background-image":"","background-repeat":"repeat","background-position":"center center","background-size":"auto","background-attachment":"scroll","background-type":"","background-media":"","overlay-type":"","overlay-color":"","overlay-opacity":"","overlay-gradient":""},"tablet":{"background-color":"","background-image":"","background-repeat":"repeat","background-position":"center center","background-size":"auto","background-attachment":"scroll","background-type":"","background-media":"","overlay-type":"","overlay-color":"","overlay-opacity":"","overlay-gradient":""},"mobile":{"background-color":"","background-image":"","background-repeat":"repeat","background-position":"center center","background-size":"auto","background-attachment":"scroll","background-type":"","background-media":"","overlay-type":"","overlay-color":"","overlay-opacity":"","overlay-gradient":""}},"ast-content-background-meta":{"desktop":{"background-color":"var(--ast-global-color-5)","background-image":"","background-repeat":"repeat","background-position":"center center","background-size":"auto","background-attachment":"scroll","background-type":"","background-media":"","overlay-type":"","overlay-color":"","overlay-opacity":"","overlay-gradient":""},"tablet":{"background-color":"var(--ast-global-color-5)","background-image":"","background-repeat":"repeat","background-position":"center center","background-size":"auto","background-attachment":"scroll","background-type":"","background-media":"","overlay-type":"","overlay-color":"","overlay-opacity":"","overlay-gradient":""},"mobile":{"background-color":"var(--ast-global-color-5)","background-image":"","background-repeat":"repeat","background-position":"center center","background-size":"auto","background-attachment":"scroll","background-type":"","background-media":"","overlay-type":"","overlay-color":"","overlay-opacity":"","overlay-gradient":""}},"footnotes":""},"class_list":["post-7219","page","type-page","status-publish","hentry"],"translation":{"provider":"WPGlobus","version":"3.0.2","language":"en","enabled_languages":["de","en"],"languages":{"de":{"title":true,"content":true,"excerpt":false},"en":{"title":false,"content":false,"excerpt":false}}},"featured_image_urls_v2":{"full":"","thumbnail":"","medium":"","medium_large":"","large":"","1536x1536":"","2048x2048":""},"post_excerpt_stackable_v2":"<p>engl. Fiscal Policy Die Fiskalpolitik umfasst alle wirtschaftlichen Ma\u00dfnahmen, die von der Regierung eines Staates umgesetzt werden, um die konjunkturelle Entwicklung des Landes zu unterst\u00fctzen und zu st\u00e4rken. Dazu geh\u00f6rt in erster Linie die Steuerung der Staatseinnahmen und Staatsausgaben sowie die Erh\u00f6hung \/ Senkung einzelner Steuern. Vor allem mit diesen beiden Instrumenten betreibt der Staat seine Fiskalpolitik, um die gesamtwirtschaftliche Nachfrage zu beeinflussen und die Besch\u00e4ftigung innerhalb des Staates zu verbessern. Ist die gesamtwirtschaftliche Nachfrage gemessen an den Produktionsm\u00f6glichkeiten zu gering, so richtet der Staat seine Fiskalpolitik expansiv aus. In diesem Fall werden die Staatsausgaben erh\u00f6ht oder die Steuern gesenkt.&hellip;<\/p>\n","category_list_v2":"","author_info_v2":{"name":"PrudentWater","url":"https:\/\/prudentwater.com\/en\/author\/niklas33\/"},"comments_num_v2":"0 comments","_links":{"self":[{"href":"https:\/\/prudentwater.com\/en\/wp-json\/wp\/v2\/pages\/7219","targetHints":{"allow":["GET"]}}],"collection":[{"href":"https:\/\/prudentwater.com\/en\/wp-json\/wp\/v2\/pages"}],"about":[{"href":"https:\/\/prudentwater.com\/en\/wp-json\/wp\/v2\/types\/page"}],"author":[{"embeddable":true,"href":"https:\/\/prudentwater.com\/en\/wp-json\/wp\/v2\/users\/1"}],"replies":[{"embeddable":true,"href":"https:\/\/prudentwater.com\/en\/wp-json\/wp\/v2\/comments?post=7219"}],"version-history":[{"count":0,"href":"https:\/\/prudentwater.com\/en\/wp-json\/wp\/v2\/pages\/7219\/revisions"}],"wp:attachment":[{"href":"https:\/\/prudentwater.com\/en\/wp-json\/wp\/v2\/media?parent=7219"}],"curies":[{"name":"wp","href":"https:\/\/api.w.org\/{rel}","templated":true}]}}