{"id":7230,"date":"2016-06-15T09:55:34","date_gmt":"2016-06-15T09:55:34","guid":{"rendered":"http:\/\/www.kunnskap.de\/?page_id=7230"},"modified":"2024-02-18T15:00:58","modified_gmt":"2024-02-18T14:00:58","slug":"schuldenstandsquote","status":"publish","type":"page","link":"https:\/\/prudentwater.com\/en\/schuldenstandsquote\/","title":{"rendered":"Schuldenstandsquote"},"content":{"rendered":"<p>Auch <b>Staatsverschuldung<\/b> oder <b>Staatsschuldenquote<\/b><br \/>\nengl. <strong>Debt-To-GDP Ratio<\/strong><\/p>\n<p>Die Schuldenstandsquote gibt das Verh\u00e4ltnis von Gesamtverschuldung eines Staates zum nominalen Bruttoinlandsprodukt des Staates wieder. Ausgedr\u00fcckt wird die Kennziffer in Prozent.<\/p>\n<hr>\n<p><b><small>Berechnung:<\/small><\/b><br \/>\n<img loading=\"lazy\" decoding=\"async\" src=\"https:\/\/prudentwater.com\/wp-content\/uploads\/2021\/04\/Schuldenstandsquote.png\" alt=\"\" class=\"aligncenter size-full wp-image-10823\" width=\"773\" height=\"30\" title=\"\"><\/p>\n<hr>\n<p>Liegt die Schuldenstandsquote \u00fcber 100 %, so ist die Staatsverschuldung des Landes h\u00f6her als das nominale Bruttoinlandprodukt. Liegt sie jedoch unter 100 %, so ist das nominale Bruttoinlandsprodukt h\u00f6her als der Schuldenstand. Liegt beispielsweise die Staatsverschuldung von Deutschland bei 84 %, so bedeutet dies, dass die Schulden von Deutschland 84 % des nominalen Bruttoinlandsprodukt betragen. Die Schuldenstandsquote kann entweder durch eine Reduzierung des Schuldenstandes und \/ oder durch einen Anstieg des nominalen Bruttoinlandsprodukts gesenkt werden. Die Schuldenstandsquote wird weltweit beachtet und genutzt, um die finanzielle Stabilit\u00e4t eines Landes zu beurteilen.<\/p>\n<h2>Vergleich der Schuldenstandsquote unter verschiedenen L\u00e4ndern<\/h2>\n<p>Der Vergleich der Quote unter verschiedenen L\u00e4ndern hat jedoch nur dann eine fundierte Aussagekraft, wenn die beiden involvierten L\u00e4nder auch einigerma\u00dfen gleiche Zinss\u00e4tze auf ihre Staatsanleihen und insgesamt auf ihre Staatsschulden zu zahlen haben. Hat ein unterentwickeltes Land eine deutlich geringere Staatsschuldenquote als eine Industrienation, so mag dies auf den ersten Blick finanziell betrachtet stabiler und ges\u00fcnder erscheinen. Aufgrund der h\u00f6her zu zahlenden Zinsen lasten die Schulden von unterentwickelten L\u00e4ndern oder Schwellenl\u00e4ndern jedoch st\u00e4rker auf den Staatshaushalt des Landes und beanspruchen somit auch mehr der generierten Staatseinnahmen. Folglich revidiert und mindert der sogenannte Schuldendienstdeckungsgrad die auf den ersten Blick finanziell stabil erscheinende niedrige Staatsverschuldung eines Entwicklungslandes.<\/p>\n","protected":false},"excerpt":{"rendered":"<p>Auch Staatsverschuldung oder Staatsschuldenquote engl. Debt-To-GDP Ratio Die Schuldenstandsquote gibt das Verh\u00e4ltnis von Gesamtverschuldung eines Staates zum nominalen Bruttoinlandsprodukt des Staates wieder. Ausgedr\u00fcckt wird die Kennziffer in Prozent. Berechnung: Liegt die Schuldenstandsquote \u00fcber 100 %, so ist die Staatsverschuldung des Landes h\u00f6her als das nominale Bruttoinlandprodukt. Liegt sie jedoch unter 100 %, so ist das [&hellip;]<\/p>\n","protected":false},"author":1,"featured_media":0,"parent":0,"menu_order":0,"comment_status":"closed","ping_status":"closed","template":"","meta":{"site-sidebar-layout":"default","site-content-layout":"","ast-site-content-layout":"default","site-content-style":"default","site-sidebar-style":"default","ast-global-header-display":"","ast-banner-title-visibility":"","ast-main-header-display":"","ast-hfb-above-header-display":"","ast-hfb-below-header-display":"","ast-hfb-mobile-header-display":"","site-post-title":"","ast-breadcrumbs-content":"","ast-featured-img":"","footer-sml-layout":"","theme-transparent-header-meta":"","adv-header-id-meta":"","stick-header-meta":"","header-above-stick-meta":"","header-main-stick-meta":"","header-below-stick-meta":"","astra-migrate-meta-layouts":"set","ast-page-background-enabled":"default","ast-page-background-meta":{"desktop":{"background-color":"","background-image":"","background-repeat":"repeat","background-position":"center center","background-size":"auto","background-attachment":"scroll","background-type":"","background-media":"","overlay-type":"","overlay-color":"","overlay-opacity":"","overlay-gradient":""},"tablet":{"background-color":"","background-image":"","background-repeat":"repeat","background-position":"center center","background-size":"auto","background-attachment":"scroll","background-type":"","background-media":"","overlay-type":"","overlay-color":"","overlay-opacity":"","overlay-gradient":""},"mobile":{"background-color":"","background-image":"","background-repeat":"repeat","background-position":"center center","background-size":"auto","background-attachment":"scroll","background-type":"","background-media":"","overlay-type":"","overlay-color":"","overlay-opacity":"","overlay-gradient":""}},"ast-content-background-meta":{"desktop":{"background-color":"var(--ast-global-color-5)","background-image":"","background-repeat":"repeat","background-position":"center center","background-size":"auto","background-attachment":"scroll","background-type":"","background-media":"","overlay-type":"","overlay-color":"","overlay-opacity":"","overlay-gradient":""},"tablet":{"background-color":"var(--ast-global-color-5)","background-image":"","background-repeat":"repeat","background-position":"center center","background-size":"auto","background-attachment":"scroll","background-type":"","background-media":"","overlay-type":"","overlay-color":"","overlay-opacity":"","overlay-gradient":""},"mobile":{"background-color":"var(--ast-global-color-5)","background-image":"","background-repeat":"repeat","background-position":"center center","background-size":"auto","background-attachment":"scroll","background-type":"","background-media":"","overlay-type":"","overlay-color":"","overlay-opacity":"","overlay-gradient":""}},"footnotes":""},"class_list":["post-7230","page","type-page","status-publish","hentry"],"translation":{"provider":"WPGlobus","version":"3.0.2","language":"en","enabled_languages":["de","en"],"languages":{"de":{"title":true,"content":true,"excerpt":false},"en":{"title":false,"content":false,"excerpt":false}}},"featured_image_urls_v2":{"full":"","thumbnail":"","medium":"","medium_large":"","large":"","1536x1536":"","2048x2048":""},"post_excerpt_stackable_v2":"<p>Auch Staatsverschuldung oder Staatsschuldenquote engl. Debt-To-GDP Ratio Die Schuldenstandsquote gibt das Verh\u00e4ltnis von Gesamtverschuldung eines Staates zum nominalen Bruttoinlandsprodukt des Staates wieder. Ausgedr\u00fcckt wird die Kennziffer in Prozent. Berechnung: Liegt die Schuldenstandsquote \u00fcber 100 %, so ist die Staatsverschuldung des Landes h\u00f6her als das nominale Bruttoinlandprodukt. Liegt sie jedoch unter 100 %, so ist das nominale Bruttoinlandsprodukt h\u00f6her als der Schuldenstand. Liegt beispielsweise die Staatsverschuldung von Deutschland bei 84 %, so bedeutet dies, dass die Schulden von Deutschland 84 % des nominalen Bruttoinlandsprodukt betragen. Die Schuldenstandsquote kann entweder durch eine Reduzierung des Schuldenstandes und \/ oder durch einen Anstieg des&hellip;<\/p>\n","category_list_v2":"","author_info_v2":{"name":"PrudentWater","url":"https:\/\/prudentwater.com\/en\/author\/niklas33\/"},"comments_num_v2":"0 comments","_links":{"self":[{"href":"https:\/\/prudentwater.com\/en\/wp-json\/wp\/v2\/pages\/7230","targetHints":{"allow":["GET"]}}],"collection":[{"href":"https:\/\/prudentwater.com\/en\/wp-json\/wp\/v2\/pages"}],"about":[{"href":"https:\/\/prudentwater.com\/en\/wp-json\/wp\/v2\/types\/page"}],"author":[{"embeddable":true,"href":"https:\/\/prudentwater.com\/en\/wp-json\/wp\/v2\/users\/1"}],"replies":[{"embeddable":true,"href":"https:\/\/prudentwater.com\/en\/wp-json\/wp\/v2\/comments?post=7230"}],"version-history":[{"count":0,"href":"https:\/\/prudentwater.com\/en\/wp-json\/wp\/v2\/pages\/7230\/revisions"}],"wp:attachment":[{"href":"https:\/\/prudentwater.com\/en\/wp-json\/wp\/v2\/media?parent=7230"}],"curies":[{"name":"wp","href":"https:\/\/api.w.org\/{rel}","templated":true}]}}