{"id":7244,"date":"2016-06-17T09:30:17","date_gmt":"2016-06-17T09:30:17","guid":{"rendered":"http:\/\/www.kunnskap.de\/?page_id=7244"},"modified":"2021-06-25T12:50:41","modified_gmt":"2021-06-25T10:50:41","slug":"zinsglattung","status":"publish","type":"page","link":"https:\/\/prudentwater.com\/en\/zinsglattung\/","title":{"rendered":"Zinsgl\u00e4ttung"},"content":{"rendered":"<p>engl. <strong>Interest Rate Smoothing<\/strong><\/p>\n<p>Zinsgl\u00e4ttung beschreibt das Vorgehen einer Notenbank wie beispielsweise der Europ\u00e4ischen Zentralbank, die Leitzinsen nur sehr behutsam und langsam der aktuellen wirtschaftlichen Situation anzupassen. Da eine zu schnelle Ver\u00e4nderung der jeweils richtungsweisenden Zinss\u00e4tze eines Landes (starke) deflation\u00e4re oder inflation\u00e4re Auswirkungen hervorrufen kann, findet eine Zinsgl\u00e4ttung, also eine stetige und schrittweise Anpassung der Zinsen statt. <\/p>\n","protected":false},"excerpt":{"rendered":"<p>engl. Interest Rate Smoothing Zinsgl\u00e4ttung beschreibt das Vorgehen einer Notenbank wie beispielsweise der Europ\u00e4ischen Zentralbank, die Leitzinsen nur sehr behutsam und langsam der aktuellen wirtschaftlichen Situation anzupassen. Da eine zu schnelle Ver\u00e4nderung der jeweils richtungsweisenden Zinss\u00e4tze eines Landes (starke) deflation\u00e4re oder inflation\u00e4re Auswirkungen hervorrufen kann, findet eine Zinsgl\u00e4ttung, also eine stetige und schrittweise Anpassung der [&hellip;]<\/p>\n","protected":false},"author":1,"featured_media":0,"parent":0,"menu_order":0,"comment_status":"closed","ping_status":"closed","template":"","meta":{"site-sidebar-layout":"default","site-content-layout":"","ast-site-content-layout":"","site-content-style":"default","site-sidebar-style":"default","ast-global-header-display":"","ast-banner-title-visibility":"","ast-main-header-display":"","ast-hfb-above-header-display":"","ast-hfb-below-header-display":"","ast-hfb-mobile-header-display":"","site-post-title":"","ast-breadcrumbs-content":"","ast-featured-img":"","footer-sml-layout":"","theme-transparent-header-meta":"","adv-header-id-meta":"","stick-header-meta":"","header-above-stick-meta":"","header-main-stick-meta":"","header-below-stick-meta":"","astra-migrate-meta-layouts":"default","ast-page-background-enabled":"default","ast-page-background-meta":{"desktop":{"background-color":"","background-image":"","background-repeat":"repeat","background-position":"center center","background-size":"auto","background-attachment":"scroll","background-type":"","background-media":"","overlay-type":"","overlay-color":"","overlay-opacity":"","overlay-gradient":""},"tablet":{"background-color":"","background-image":"","background-repeat":"repeat","background-position":"center center","background-size":"auto","background-attachment":"scroll","background-type":"","background-media":"","overlay-type":"","overlay-color":"","overlay-opacity":"","overlay-gradient":""},"mobile":{"background-color":"","background-image":"","background-repeat":"repeat","background-position":"center center","background-size":"auto","background-attachment":"scroll","background-type":"","background-media":"","overlay-type":"","overlay-color":"","overlay-opacity":"","overlay-gradient":""}},"ast-content-background-meta":{"desktop":{"background-color":"var(--ast-global-color-5)","background-image":"","background-repeat":"repeat","background-position":"center center","background-size":"auto","background-attachment":"scroll","background-type":"","background-media":"","overlay-type":"","overlay-color":"","overlay-opacity":"","overlay-gradient":""},"tablet":{"background-color":"var(--ast-global-color-5)","background-image":"","background-repeat":"repeat","background-position":"center center","background-size":"auto","background-attachment":"scroll","background-type":"","background-media":"","overlay-type":"","overlay-color":"","overlay-opacity":"","overlay-gradient":""},"mobile":{"background-color":"var(--ast-global-color-5)","background-image":"","background-repeat":"repeat","background-position":"center center","background-size":"auto","background-attachment":"scroll","background-type":"","background-media":"","overlay-type":"","overlay-color":"","overlay-opacity":"","overlay-gradient":""}},"footnotes":""},"class_list":["post-7244","page","type-page","status-publish","hentry"],"translation":{"provider":"WPGlobus","version":"3.0.2","language":"en","enabled_languages":["de","en"],"languages":{"de":{"title":true,"content":true,"excerpt":false},"en":{"title":false,"content":false,"excerpt":false}}},"featured_image_urls_v2":{"full":"","thumbnail":"","medium":"","medium_large":"","large":"","1536x1536":"","2048x2048":""},"post_excerpt_stackable_v2":"<p>engl. Interest Rate Smoothing Zinsgl\u00e4ttung beschreibt das Vorgehen einer Notenbank wie beispielsweise der Europ\u00e4ischen Zentralbank, die Leitzinsen nur sehr behutsam und langsam der aktuellen wirtschaftlichen Situation anzupassen. Da eine zu schnelle Ver\u00e4nderung der jeweils richtungsweisenden Zinss\u00e4tze eines Landes (starke) deflation\u00e4re oder inflation\u00e4re Auswirkungen hervorrufen kann, findet eine Zinsgl\u00e4ttung, also eine stetige und schrittweise Anpassung der Zinsen statt.<\/p>\n","category_list_v2":"","author_info_v2":{"name":"PrudentWater","url":"https:\/\/prudentwater.com\/en\/author\/niklas33\/"},"comments_num_v2":"0 comments","_links":{"self":[{"href":"https:\/\/prudentwater.com\/en\/wp-json\/wp\/v2\/pages\/7244","targetHints":{"allow":["GET"]}}],"collection":[{"href":"https:\/\/prudentwater.com\/en\/wp-json\/wp\/v2\/pages"}],"about":[{"href":"https:\/\/prudentwater.com\/en\/wp-json\/wp\/v2\/types\/page"}],"author":[{"embeddable":true,"href":"https:\/\/prudentwater.com\/en\/wp-json\/wp\/v2\/users\/1"}],"replies":[{"embeddable":true,"href":"https:\/\/prudentwater.com\/en\/wp-json\/wp\/v2\/comments?post=7244"}],"version-history":[{"count":0,"href":"https:\/\/prudentwater.com\/en\/wp-json\/wp\/v2\/pages\/7244\/revisions"}],"wp:attachment":[{"href":"https:\/\/prudentwater.com\/en\/wp-json\/wp\/v2\/media?parent=7244"}],"curies":[{"name":"wp","href":"https:\/\/api.w.org\/{rel}","templated":true}]}}