{"id":7260,"date":"2016-06-17T19:24:32","date_gmt":"2016-06-17T19:24:32","guid":{"rendered":"http:\/\/www.kunnskap.de\/?page_id=7260"},"modified":"2021-06-25T12:49:06","modified_gmt":"2021-06-25T10:49:06","slug":"investitionsfalle","status":"publish","type":"page","link":"https:\/\/prudentwater.com\/en\/investitionsfalle\/","title":{"rendered":"Investitionsfalle"},"content":{"rendered":"<p>Die Investitionsfalle beschreibt eine wirtschaftliche Situation, in der eine weitere Zinssenkung keinen Einfluss mehr auf die gesamtwirtschaftliche Nachfrage hat. Der eigentlich beabsichtigte Effekt einer Zinssenkung, die Wirtschaft durch neue Investitionen auf Unternehmensebene anzukurbeln, kann nicht mehr realisiert werden, da die momentane wirtschaftliche Lage stark von Unsicherheit gepr\u00e4gt ist. Obwohl Unternehmen nun g\u00fcnstig investieren k\u00f6nnten, vor allem in den Ausbau und in die Forschung, z\u00f6gern diese und schrecken vor neuen Investitionen zur\u00fcck. Grund daf\u00fcr ist die schwache Konjunktur und die damit einhergehenden eingetr\u00fcbten Zukunftsaussichten.<br \/>\nW\u00e4hrend einer Investitionsfalle sind somit die Ma\u00dfnahmen der Geldpolitik wirkungslos, da diese nicht mehr in der Lage ist, die Wirtschaft durch Zinssenkungen anzukurbeln. In diesem Fall liegt die Aufgabe bei der Fiskalpolitik, die wirtschaftliche Nachfrageschw\u00e4che durch Steuersenkungen oder Staatsausgabenerh\u00f6hungen zu stimulieren.<\/p>\n","protected":false},"excerpt":{"rendered":"<p>Die Investitionsfalle beschreibt eine wirtschaftliche Situation, in der eine weitere Zinssenkung keinen Einfluss mehr auf die gesamtwirtschaftliche Nachfrage hat. Der eigentlich beabsichtigte Effekt einer Zinssenkung, die Wirtschaft durch neue Investitionen auf Unternehmensebene anzukurbeln, kann nicht mehr realisiert werden, da die momentane wirtschaftliche Lage stark von Unsicherheit gepr\u00e4gt ist. Obwohl Unternehmen nun g\u00fcnstig investieren k\u00f6nnten, vor [&hellip;]<\/p>\n","protected":false},"author":1,"featured_media":0,"parent":0,"menu_order":0,"comment_status":"closed","ping_status":"closed","template":"","meta":{"site-sidebar-layout":"default","site-content-layout":"","ast-site-content-layout":"","site-content-style":"default","site-sidebar-style":"default","ast-global-header-display":"","ast-banner-title-visibility":"","ast-main-header-display":"","ast-hfb-above-header-display":"","ast-hfb-below-header-display":"","ast-hfb-mobile-header-display":"","site-post-title":"","ast-breadcrumbs-content":"","ast-featured-img":"","footer-sml-layout":"","theme-transparent-header-meta":"","adv-header-id-meta":"","stick-header-meta":"","header-above-stick-meta":"","header-main-stick-meta":"","header-below-stick-meta":"","astra-migrate-meta-layouts":"default","ast-page-background-enabled":"default","ast-page-background-meta":{"desktop":{"background-color":"","background-image":"","background-repeat":"repeat","background-position":"center center","background-size":"auto","background-attachment":"scroll","background-type":"","background-media":"","overlay-type":"","overlay-color":"","overlay-opacity":"","overlay-gradient":""},"tablet":{"background-color":"","background-image":"","background-repeat":"repeat","background-position":"center center","background-size":"auto","background-attachment":"scroll","background-type":"","background-media":"","overlay-type":"","overlay-color":"","overlay-opacity":"","overlay-gradient":""},"mobile":{"background-color":"","background-image":"","background-repeat":"repeat","background-position":"center center","background-size":"auto","background-attachment":"scroll","background-type":"","background-media":"","overlay-type":"","overlay-color":"","overlay-opacity":"","overlay-gradient":""}},"ast-content-background-meta":{"desktop":{"background-color":"var(--ast-global-color-5)","background-image":"","background-repeat":"repeat","background-position":"center center","background-size":"auto","background-attachment":"scroll","background-type":"","background-media":"","overlay-type":"","overlay-color":"","overlay-opacity":"","overlay-gradient":""},"tablet":{"background-color":"var(--ast-global-color-5)","background-image":"","background-repeat":"repeat","background-position":"center center","background-size":"auto","background-attachment":"scroll","background-type":"","background-media":"","overlay-type":"","overlay-color":"","overlay-opacity":"","overlay-gradient":""},"mobile":{"background-color":"var(--ast-global-color-5)","background-image":"","background-repeat":"repeat","background-position":"center center","background-size":"auto","background-attachment":"scroll","background-type":"","background-media":"","overlay-type":"","overlay-color":"","overlay-opacity":"","overlay-gradient":""}},"footnotes":""},"class_list":["post-7260","page","type-page","status-publish","hentry"],"translation":{"provider":"WPGlobus","version":"3.0.2","language":"en","enabled_languages":["de","en"],"languages":{"de":{"title":true,"content":true,"excerpt":false},"en":{"title":false,"content":false,"excerpt":false}}},"featured_image_urls_v2":{"full":"","thumbnail":"","medium":"","medium_large":"","large":"","1536x1536":"","2048x2048":""},"post_excerpt_stackable_v2":"<p>Die Investitionsfalle beschreibt eine wirtschaftliche Situation, in der eine weitere Zinssenkung keinen Einfluss mehr auf die gesamtwirtschaftliche Nachfrage hat. Der eigentlich beabsichtigte Effekt einer Zinssenkung, die Wirtschaft durch neue Investitionen auf Unternehmensebene anzukurbeln, kann nicht mehr realisiert werden, da die momentane wirtschaftliche Lage stark von Unsicherheit gepr\u00e4gt ist. Obwohl Unternehmen nun g\u00fcnstig investieren k\u00f6nnten, vor allem in den Ausbau und in die Forschung, z\u00f6gern diese und schrecken vor neuen Investitionen zur\u00fcck. Grund daf\u00fcr ist die schwache Konjunktur und die damit einhergehenden eingetr\u00fcbten Zukunftsaussichten. W\u00e4hrend einer Investitionsfalle sind somit die Ma\u00dfnahmen der Geldpolitik wirkungslos, da diese nicht mehr in der Lage&hellip;<\/p>\n","category_list_v2":"","author_info_v2":{"name":"PrudentWater","url":"https:\/\/prudentwater.com\/en\/author\/niklas33\/"},"comments_num_v2":"0 comments","_links":{"self":[{"href":"https:\/\/prudentwater.com\/en\/wp-json\/wp\/v2\/pages\/7260","targetHints":{"allow":["GET"]}}],"collection":[{"href":"https:\/\/prudentwater.com\/en\/wp-json\/wp\/v2\/pages"}],"about":[{"href":"https:\/\/prudentwater.com\/en\/wp-json\/wp\/v2\/types\/page"}],"author":[{"embeddable":true,"href":"https:\/\/prudentwater.com\/en\/wp-json\/wp\/v2\/users\/1"}],"replies":[{"embeddable":true,"href":"https:\/\/prudentwater.com\/en\/wp-json\/wp\/v2\/comments?post=7260"}],"version-history":[{"count":0,"href":"https:\/\/prudentwater.com\/en\/wp-json\/wp\/v2\/pages\/7260\/revisions"}],"wp:attachment":[{"href":"https:\/\/prudentwater.com\/en\/wp-json\/wp\/v2\/media?parent=7260"}],"curies":[{"name":"wp","href":"https:\/\/api.w.org\/{rel}","templated":true}]}}