{"id":7274,"date":"2016-06-23T09:14:16","date_gmt":"2016-06-23T09:14:16","guid":{"rendered":"http:\/\/www.kunnskap.de\/?page_id=7274"},"modified":"2023-08-13T21:21:20","modified_gmt":"2023-08-13T19:21:20","slug":"hauptrefinanzierungssatz","status":"publish","type":"page","link":"https:\/\/prudentwater.com\/en\/hauptrefinanzierungssatz\/","title":{"rendered":"Hauptrefinanzierungssatz"},"content":{"rendered":"\n<div class=\"wp-block-stackable-heading stk-block-heading stk-block-heading--v2 stk-block stk-40c06f9\" id=\"strong-zentrale-kernaussagen-strong\" data-block-id=\"40c06f9\"><style>.stk-40c06f9{margin-bottom:15px !important}.stk-40c06f9 .stk-block-heading__text{font-size:16px !important;margin:0 !important;color:#da8611 !important;font-weight:400 !important;letter-spacing:1px !important}@media screen and (max-width:1023px){.stk-40c06f9 .stk-block-heading__text{font-size:17px !important}}<\/style><h2 class=\"stk-block-heading__text has-text-color\"><b>ZENTRALE KERNAUSSAGEN<\/b><\/h2><\/div>\n\n\n\n<ul class=\"has-ast-global-color-8-color has-text-color wp-block-list\" style=\"font-size:15px;font-style:normal;font-weight:500;line-height:2\">\n\n<li>Der Hauptrefinanzierungssatz ist der Leitzins der Europ\u00e4ischen Zentralbank und zugleich der Zinssatz f\u00fcr das Hauptrefinanzierungsgesch\u00e4ft.<\/li>\n<li>Ist in den Nachrichten davon die Rede, dass die EZB die Zinsen senkt \/ erh\u00f6ht, dann ist damit der Hauptrefinanzierungssatz gemeint.<\/li>\n<li>Leihen sich Banken von der Europ\u00e4ischen Zentralbank Geld aus, so m\u00fcssen sie daf\u00fcr den Hauptrefinanzierungssatz als Zinssatz zahlen. <\/li>\n\n<\/ul>\n\n\n<p><!-- \/wp:post-content --><\/p>\n\n<p>Der Hauptrefinanzierungssatz ist in Bezug auf die Geldpolitik das wichtigste Werkzeug der EZB. Der Hauptrefinanzierungssatz ist dabei der Zinssatz f\u00fcr einen Refinanzierungskredit mit einer Laufzeit von einer Woche. Banken m\u00fcssen dabei der EZB f\u00fcr ihre gew\u00fcnschte Menge an Krediten einen entsprechenden Bestand an Sicherheiten in Form von Wertpapieren (Staatsanleihen mit h\u00f6chster Bonit\u00e4t) \u00fcbergeben. Im Austausch f\u00fcr die hinterlegten Sicherheiten erhalten sie dann die von ihnen geforderte Kreditsumme. Bei R\u00fcckzahlung des Kredites erhalten die Banken dann auch wieder ihre hinterlegten Sicherheiten zur\u00fcck. Der Zinssatz, welcher f\u00fcr dieses Kreditgesch\u00e4ft zwischen Europ\u00e4ischer Zentralbank und Banken angewendet wird, ist der Hauptrefinanzierungssatz. Neben dem Spitzenrefinanzierungssatz und dem Einlagesatz ist der Hauptrefinanzierungssatz das wichtigste geldpolitische Instrument der EZB, um Einfluss auf die Liquidit\u00e4t sowie Zinss\u00e4tze am Geldmarkt zu nehmen. Er hat somit einen gro\u00dfen Einfluss auf den Marktzins, da er als Leitzins f\u00fcr den Euroraum fungiert, wonach sich andere wichtige Zinss\u00e4tze sowie Anleihenm\u00e4rkte richten. Das US-amerikanische Pendant zum Hauptrefinanzierungssatz ist die Federal Funds Rate.<\/p>","protected":false},"excerpt":{"rendered":"<p>ZENTRALE KERNAUSSAGEN Der Hauptrefinanzierungssatz ist in Bezug auf die Geldpolitik das wichtigste Werkzeug der EZB. Der Hauptrefinanzierungssatz ist dabei der Zinssatz f\u00fcr einen Refinanzierungskredit mit einer Laufzeit von einer Woche. Banken m\u00fcssen dabei der EZB f\u00fcr ihre gew\u00fcnschte Menge an Krediten einen entsprechenden Bestand an Sicherheiten in Form von Wertpapieren (Staatsanleihen mit h\u00f6chster Bonit\u00e4t) \u00fcbergeben. [&hellip;]<\/p>\n","protected":false},"author":1,"featured_media":0,"parent":0,"menu_order":0,"comment_status":"closed","ping_status":"closed","template":"","meta":{"site-sidebar-layout":"default","site-content-layout":"","ast-site-content-layout":"","site-content-style":"default","site-sidebar-style":"default","ast-global-header-display":"","ast-banner-title-visibility":"","ast-main-header-display":"","ast-hfb-above-header-display":"","ast-hfb-below-header-display":"","ast-hfb-mobile-header-display":"","site-post-title":"","ast-breadcrumbs-content":"","ast-featured-img":"","footer-sml-layout":"","theme-transparent-header-meta":"","adv-header-id-meta":"","stick-header-meta":"","header-above-stick-meta":"","header-main-stick-meta":"","header-below-stick-meta":"","astra-migrate-meta-layouts":"default","ast-page-background-enabled":"default","ast-page-background-meta":{"desktop":{"background-color":"","background-image":"","background-repeat":"repeat","background-position":"center center","background-size":"auto","background-attachment":"scroll","background-type":"","background-media":"","overlay-type":"","overlay-color":"","overlay-opacity":"","overlay-gradient":""},"tablet":{"background-color":"","background-image":"","background-repeat":"repeat","background-position":"center center","background-size":"auto","background-attachment":"scroll","background-type":"","background-media":"","overlay-type":"","overlay-color":"","overlay-opacity":"","overlay-gradient":""},"mobile":{"background-color":"","background-image":"","background-repeat":"repeat","background-position":"center center","background-size":"auto","background-attachment":"scroll","background-type":"","background-media":"","overlay-type":"","overlay-color":"","overlay-opacity":"","overlay-gradient":""}},"ast-content-background-meta":{"desktop":{"background-color":"var(--ast-global-color-5)","background-image":"","background-repeat":"repeat","background-position":"center center","background-size":"auto","background-attachment":"scroll","background-type":"","background-media":"","overlay-type":"","overlay-color":"","overlay-opacity":"","overlay-gradient":""},"tablet":{"background-color":"var(--ast-global-color-5)","background-image":"","background-repeat":"repeat","background-position":"center center","background-size":"auto","background-attachment":"scroll","background-type":"","background-media":"","overlay-type":"","overlay-color":"","overlay-opacity":"","overlay-gradient":""},"mobile":{"background-color":"var(--ast-global-color-5)","background-image":"","background-repeat":"repeat","background-position":"center center","background-size":"auto","background-attachment":"scroll","background-type":"","background-media":"","overlay-type":"","overlay-color":"","overlay-opacity":"","overlay-gradient":""}},"footnotes":""},"class_list":["post-7274","page","type-page","status-publish","hentry"],"translation":{"provider":"WPGlobus","version":"3.0.2","language":"en","enabled_languages":["de","en"],"languages":{"de":{"title":true,"content":true,"excerpt":false},"en":{"title":false,"content":false,"excerpt":false}}},"featured_image_urls_v2":{"full":"","thumbnail":"","medium":"","medium_large":"","large":"","1536x1536":"","2048x2048":""},"post_excerpt_stackable_v2":"<p>ZENTRALE KERNAUSSAGEN Der Hauptrefinanzierungssatz ist der Leitzins der Europ\u00e4ischen Zentralbank und zugleich der Zinssatz f\u00fcr das Hauptrefinanzierungsgesch\u00e4ft. Ist in den Nachrichten davon die Rede, dass die EZB die Zinsen senkt \/ erh\u00f6ht, dann ist damit der Hauptrefinanzierungssatz gemeint. Leihen sich Banken von der Europ\u00e4ischen Zentralbank Geld aus, so m\u00fcssen sie daf\u00fcr den Hauptrefinanzierungssatz als Zinssatz zahlen. Der Hauptrefinanzierungssatz ist in Bezug auf die Geldpolitik das wichtigste Werkzeug der EZB. Der Hauptrefinanzierungssatz ist dabei der Zinssatz f\u00fcr einen Refinanzierungskredit mit einer Laufzeit von einer Woche. Banken m\u00fcssen dabei der EZB f\u00fcr ihre gew\u00fcnschte Menge an Krediten einen entsprechenden Bestand an Sicherheiten&hellip;<\/p>\n","category_list_v2":"","author_info_v2":{"name":"PrudentWater","url":"https:\/\/prudentwater.com\/en\/author\/niklas33\/"},"comments_num_v2":"0 comments","_links":{"self":[{"href":"https:\/\/prudentwater.com\/en\/wp-json\/wp\/v2\/pages\/7274","targetHints":{"allow":["GET"]}}],"collection":[{"href":"https:\/\/prudentwater.com\/en\/wp-json\/wp\/v2\/pages"}],"about":[{"href":"https:\/\/prudentwater.com\/en\/wp-json\/wp\/v2\/types\/page"}],"author":[{"embeddable":true,"href":"https:\/\/prudentwater.com\/en\/wp-json\/wp\/v2\/users\/1"}],"replies":[{"embeddable":true,"href":"https:\/\/prudentwater.com\/en\/wp-json\/wp\/v2\/comments?post=7274"}],"version-history":[{"count":0,"href":"https:\/\/prudentwater.com\/en\/wp-json\/wp\/v2\/pages\/7274\/revisions"}],"wp:attachment":[{"href":"https:\/\/prudentwater.com\/en\/wp-json\/wp\/v2\/media?parent=7274"}],"curies":[{"name":"wp","href":"https:\/\/api.w.org\/{rel}","templated":true}]}}