{"id":7284,"date":"2016-06-24T10:14:06","date_gmt":"2016-06-24T10:14:06","guid":{"rendered":"http:\/\/www.kunnskap.de\/?page_id=7284"},"modified":"2022-09-25T15:54:52","modified_gmt":"2022-09-25T13:54:52","slug":"hauptrefinanzierungsgeschaft","status":"publish","type":"page","link":"https:\/\/prudentwater.com\/en\/hauptrefinanzierungsgeschaft\/","title":{"rendered":"Hauptrefinanzierungsgesch\u00e4ft"},"content":{"rendered":"<p>Auch <b>HRG<\/b><br \/>\nengl. <b>Main Refinancing Operation<\/b><\/p>\n<p>Das Hauptrefinanzierungsgesch\u00e4ft ist ein Offenmarktgesch\u00e4ft, welches einmal w\u00f6chentlich stattfindet und dazu dient, Banken innerhalb des Euroraumes mit ben\u00f6tigter Liquidit\u00e4t in Form von Zentralbankgeld zu versorgen. Gegen Sicherheiten in Form von Wertpapieren verleiht die Europ\u00e4ische Zentralbank den Banken innerhalb des Euroraumes die gew\u00fcnschte Geldmenge f\u00fcr eine Woche. Der Hauptrefinanzierungssatz ist dabei der Zinssatz, den die Banken f\u00fcr das erhaltene Zentralbankgeld zahlen m\u00fcssen. Bei der Durchf\u00fchrung des Gesch\u00e4ftes wird entweder der Mengentender oder der Zinstender als Verfahrensmethode gew\u00e4hlt. Das Hauptrefinanzierungsgesch\u00e4ft dient der EZB als wichtigstes geldpolitisches Instrument, um sowohl die Zinsen als auch die Liquidit\u00e4t am Geldmarkt zu steuern und direkt zu beeinflussen.<\/p>\n","protected":false},"excerpt":{"rendered":"<p>Auch HRG engl. Main Refinancing Operation Das Hauptrefinanzierungsgesch\u00e4ft ist ein Offenmarktgesch\u00e4ft, welches einmal w\u00f6chentlich stattfindet und dazu dient, Banken innerhalb des Euroraumes mit ben\u00f6tigter Liquidit\u00e4t in Form von Zentralbankgeld zu versorgen. Gegen Sicherheiten in Form von Wertpapieren verleiht die Europ\u00e4ische Zentralbank den Banken innerhalb des Euroraumes die gew\u00fcnschte Geldmenge f\u00fcr eine Woche. Der Hauptrefinanzierungssatz ist [&hellip;]<\/p>\n","protected":false},"author":1,"featured_media":0,"parent":0,"menu_order":0,"comment_status":"closed","ping_status":"closed","template":"","meta":{"site-sidebar-layout":"default","site-content-layout":"","ast-site-content-layout":"","site-content-style":"default","site-sidebar-style":"default","ast-global-header-display":"","ast-banner-title-visibility":"","ast-main-header-display":"","ast-hfb-above-header-display":"","ast-hfb-below-header-display":"","ast-hfb-mobile-header-display":"","site-post-title":"","ast-breadcrumbs-content":"","ast-featured-img":"","footer-sml-layout":"","theme-transparent-header-meta":"","adv-header-id-meta":"","stick-header-meta":"","header-above-stick-meta":"","header-main-stick-meta":"","header-below-stick-meta":"","astra-migrate-meta-layouts":"default","ast-page-background-enabled":"default","ast-page-background-meta":{"desktop":{"background-color":"","background-image":"","background-repeat":"repeat","background-position":"center center","background-size":"auto","background-attachment":"scroll","background-type":"","background-media":"","overlay-type":"","overlay-color":"","overlay-opacity":"","overlay-gradient":""},"tablet":{"background-color":"","background-image":"","background-repeat":"repeat","background-position":"center center","background-size":"auto","background-attachment":"scroll","background-type":"","background-media":"","overlay-type":"","overlay-color":"","overlay-opacity":"","overlay-gradient":""},"mobile":{"background-color":"","background-image":"","background-repeat":"repeat","background-position":"center center","background-size":"auto","background-attachment":"scroll","background-type":"","background-media":"","overlay-type":"","overlay-color":"","overlay-opacity":"","overlay-gradient":""}},"ast-content-background-meta":{"desktop":{"background-color":"var(--ast-global-color-5)","background-image":"","background-repeat":"repeat","background-position":"center center","background-size":"auto","background-attachment":"scroll","background-type":"","background-media":"","overlay-type":"","overlay-color":"","overlay-opacity":"","overlay-gradient":""},"tablet":{"background-color":"var(--ast-global-color-5)","background-image":"","background-repeat":"repeat","background-position":"center center","background-size":"auto","background-attachment":"scroll","background-type":"","background-media":"","overlay-type":"","overlay-color":"","overlay-opacity":"","overlay-gradient":""},"mobile":{"background-color":"var(--ast-global-color-5)","background-image":"","background-repeat":"repeat","background-position":"center center","background-size":"auto","background-attachment":"scroll","background-type":"","background-media":"","overlay-type":"","overlay-color":"","overlay-opacity":"","overlay-gradient":""}},"footnotes":""},"class_list":["post-7284","page","type-page","status-publish","hentry"],"translation":{"provider":"WPGlobus","version":"3.0.2","language":"en","enabled_languages":["de","en"],"languages":{"de":{"title":true,"content":true,"excerpt":false},"en":{"title":false,"content":false,"excerpt":false}}},"featured_image_urls_v2":{"full":"","thumbnail":"","medium":"","medium_large":"","large":"","1536x1536":"","2048x2048":""},"post_excerpt_stackable_v2":"<p>Auch HRG engl. Main Refinancing Operation Das Hauptrefinanzierungsgesch\u00e4ft ist ein Offenmarktgesch\u00e4ft, welches einmal w\u00f6chentlich stattfindet und dazu dient, Banken innerhalb des Euroraumes mit ben\u00f6tigter Liquidit\u00e4t in Form von Zentralbankgeld zu versorgen. Gegen Sicherheiten in Form von Wertpapieren verleiht die Europ\u00e4ische Zentralbank den Banken innerhalb des Euroraumes die gew\u00fcnschte Geldmenge f\u00fcr eine Woche. Der Hauptrefinanzierungssatz ist dabei der Zinssatz, den die Banken f\u00fcr das erhaltene Zentralbankgeld zahlen m\u00fcssen. Bei der Durchf\u00fchrung des Gesch\u00e4ftes wird entweder der Mengentender oder der Zinstender als Verfahrensmethode gew\u00e4hlt. Das Hauptrefinanzierungsgesch\u00e4ft dient der EZB als wichtigstes geldpolitisches Instrument, um sowohl die Zinsen als auch die Liquidit\u00e4t am&hellip;<\/p>\n","category_list_v2":"","author_info_v2":{"name":"PrudentWater","url":"https:\/\/prudentwater.com\/en\/author\/niklas33\/"},"comments_num_v2":"0 comments","_links":{"self":[{"href":"https:\/\/prudentwater.com\/en\/wp-json\/wp\/v2\/pages\/7284","targetHints":{"allow":["GET"]}}],"collection":[{"href":"https:\/\/prudentwater.com\/en\/wp-json\/wp\/v2\/pages"}],"about":[{"href":"https:\/\/prudentwater.com\/en\/wp-json\/wp\/v2\/types\/page"}],"author":[{"embeddable":true,"href":"https:\/\/prudentwater.com\/en\/wp-json\/wp\/v2\/users\/1"}],"replies":[{"embeddable":true,"href":"https:\/\/prudentwater.com\/en\/wp-json\/wp\/v2\/comments?post=7284"}],"version-history":[{"count":0,"href":"https:\/\/prudentwater.com\/en\/wp-json\/wp\/v2\/pages\/7284\/revisions"}],"wp:attachment":[{"href":"https:\/\/prudentwater.com\/en\/wp-json\/wp\/v2\/media?parent=7284"}],"curies":[{"name":"wp","href":"https:\/\/api.w.org\/{rel}","templated":true}]}}