{"id":7292,"date":"2016-06-24T12:53:42","date_gmt":"2016-06-24T12:53:42","guid":{"rendered":"http:\/\/www.kunnskap.de\/?page_id=7292"},"modified":"2022-09-05T07:59:20","modified_gmt":"2022-09-05T05:59:20","slug":"spitzenrefinanzierungssatz","status":"publish","type":"page","link":"https:\/\/prudentwater.com\/en\/spitzenrefinanzierungssatz\/","title":{"rendered":"Spitzenrefinanzierungssatz"},"content":{"rendered":"<p>Der Spitzenrefinanzierungssatz ist der Zinssatz f\u00fcr die Spitzenrefinanzierungsfazilit\u00e4t und zugleich ein wichtiger Leitzins der Europ\u00e4ischen Zentralbank. Banken des Euroraumes k\u00f6nnen bei der EZB einen Kredit mit der Dauer von einem Tag aufnehmen, das Geld stehen ihnen somit nur bis zum n\u00e4chsten Tag zur Verf\u00fcgung, dann m\u00fcssen sie es bereits wieder an die Europ\u00e4ische Zentralbank zur\u00fcckzahlen. F\u00fcr dieses Kreditgesch\u00e4ft wird der Spitzenrefinanzierungssatz angewendet, welcher immer \u00fcber dem Hauptrefinanzierungssatz liegt und zugleich die Obergrenze f\u00fcr das Tagesgeld ist. Neben dem Einlagesatz und dem Hauptrefinanzierungssatz ist der Spitzenrefinanzierungssatz das wichtigste geldpolitische Instrument der EZB, um Einfluss auf die Liquidit\u00e4t sowie die Zinsentwicklung am Geldmarkt zu nehmen.<\/p>\n","protected":false},"excerpt":{"rendered":"<p>Der Spitzenrefinanzierungssatz ist der Zinssatz f\u00fcr die Spitzenrefinanzierungsfazilit\u00e4t und zugleich ein wichtiger Leitzins der Europ\u00e4ischen Zentralbank. Banken des Euroraumes k\u00f6nnen bei der EZB einen Kredit mit der Dauer von einem Tag aufnehmen, das Geld stehen ihnen somit nur bis zum n\u00e4chsten Tag zur Verf\u00fcgung, dann m\u00fcssen sie es bereits wieder an die Europ\u00e4ische Zentralbank zur\u00fcckzahlen. [&hellip;]<\/p>\n","protected":false},"author":1,"featured_media":0,"parent":0,"menu_order":0,"comment_status":"closed","ping_status":"closed","template":"","meta":{"site-sidebar-layout":"default","site-content-layout":"","ast-site-content-layout":"","site-content-style":"default","site-sidebar-style":"default","ast-global-header-display":"","ast-banner-title-visibility":"","ast-main-header-display":"","ast-hfb-above-header-display":"","ast-hfb-below-header-display":"","ast-hfb-mobile-header-display":"","site-post-title":"","ast-breadcrumbs-content":"","ast-featured-img":"","footer-sml-layout":"","theme-transparent-header-meta":"","adv-header-id-meta":"","stick-header-meta":"","header-above-stick-meta":"","header-main-stick-meta":"","header-below-stick-meta":"","astra-migrate-meta-layouts":"default","ast-page-background-enabled":"default","ast-page-background-meta":{"desktop":{"background-color":"","background-image":"","background-repeat":"repeat","background-position":"center center","background-size":"auto","background-attachment":"scroll","background-type":"","background-media":"","overlay-type":"","overlay-color":"","overlay-opacity":"","overlay-gradient":""},"tablet":{"background-color":"","background-image":"","background-repeat":"repeat","background-position":"center center","background-size":"auto","background-attachment":"scroll","background-type":"","background-media":"","overlay-type":"","overlay-color":"","overlay-opacity":"","overlay-gradient":""},"mobile":{"background-color":"","background-image":"","background-repeat":"repeat","background-position":"center center","background-size":"auto","background-attachment":"scroll","background-type":"","background-media":"","overlay-type":"","overlay-color":"","overlay-opacity":"","overlay-gradient":""}},"ast-content-background-meta":{"desktop":{"background-color":"var(--ast-global-color-5)","background-image":"","background-repeat":"repeat","background-position":"center center","background-size":"auto","background-attachment":"scroll","background-type":"","background-media":"","overlay-type":"","overlay-color":"","overlay-opacity":"","overlay-gradient":""},"tablet":{"background-color":"var(--ast-global-color-5)","background-image":"","background-repeat":"repeat","background-position":"center center","background-size":"auto","background-attachment":"scroll","background-type":"","background-media":"","overlay-type":"","overlay-color":"","overlay-opacity":"","overlay-gradient":""},"mobile":{"background-color":"var(--ast-global-color-5)","background-image":"","background-repeat":"repeat","background-position":"center center","background-size":"auto","background-attachment":"scroll","background-type":"","background-media":"","overlay-type":"","overlay-color":"","overlay-opacity":"","overlay-gradient":""}},"footnotes":""},"class_list":["post-7292","page","type-page","status-publish","hentry"],"translation":{"provider":"WPGlobus","version":"3.0.2","language":"en","enabled_languages":["de","en"],"languages":{"de":{"title":true,"content":true,"excerpt":false},"en":{"title":false,"content":false,"excerpt":false}}},"featured_image_urls_v2":{"full":"","thumbnail":"","medium":"","medium_large":"","large":"","1536x1536":"","2048x2048":""},"post_excerpt_stackable_v2":"<p>Der Spitzenrefinanzierungssatz ist der Zinssatz f\u00fcr die Spitzenrefinanzierungsfazilit\u00e4t und zugleich ein wichtiger Leitzins der Europ\u00e4ischen Zentralbank. Banken des Euroraumes k\u00f6nnen bei der EZB einen Kredit mit der Dauer von einem Tag aufnehmen, das Geld stehen ihnen somit nur bis zum n\u00e4chsten Tag zur Verf\u00fcgung, dann m\u00fcssen sie es bereits wieder an die Europ\u00e4ische Zentralbank zur\u00fcckzahlen. F\u00fcr dieses Kreditgesch\u00e4ft wird der Spitzenrefinanzierungssatz angewendet, welcher immer \u00fcber dem Hauptrefinanzierungssatz liegt und zugleich die Obergrenze f\u00fcr das Tagesgeld ist. Neben dem Einlagesatz und dem Hauptrefinanzierungssatz ist der Spitzenrefinanzierungssatz das wichtigste geldpolitische Instrument der EZB, um Einfluss auf die Liquidit\u00e4t sowie die Zinsentwicklung am&hellip;<\/p>\n","category_list_v2":"","author_info_v2":{"name":"PrudentWater","url":"https:\/\/prudentwater.com\/en\/author\/niklas33\/"},"comments_num_v2":"0 comments","_links":{"self":[{"href":"https:\/\/prudentwater.com\/en\/wp-json\/wp\/v2\/pages\/7292","targetHints":{"allow":["GET"]}}],"collection":[{"href":"https:\/\/prudentwater.com\/en\/wp-json\/wp\/v2\/pages"}],"about":[{"href":"https:\/\/prudentwater.com\/en\/wp-json\/wp\/v2\/types\/page"}],"author":[{"embeddable":true,"href":"https:\/\/prudentwater.com\/en\/wp-json\/wp\/v2\/users\/1"}],"replies":[{"embeddable":true,"href":"https:\/\/prudentwater.com\/en\/wp-json\/wp\/v2\/comments?post=7292"}],"version-history":[{"count":0,"href":"https:\/\/prudentwater.com\/en\/wp-json\/wp\/v2\/pages\/7292\/revisions"}],"wp:attachment":[{"href":"https:\/\/prudentwater.com\/en\/wp-json\/wp\/v2\/media?parent=7292"}],"curies":[{"name":"wp","href":"https:\/\/api.w.org\/{rel}","templated":true}]}}