{"id":7295,"date":"2016-06-24T13:11:27","date_gmt":"2016-06-24T13:11:27","guid":{"rendered":"http:\/\/www.kunnskap.de\/?page_id=7295"},"modified":"2021-06-25T12:50:12","modified_gmt":"2021-06-25T10:50:12","slug":"spitzenrefinanzierungsfazilitat","status":"publish","type":"page","link":"https:\/\/prudentwater.com\/en\/spitzenrefinanzierungsfazilitat\/","title":{"rendered":"Spitzenrefinanzierungsfazilit\u00e4t"},"content":{"rendered":"<p>Die Spitzenrefinanzierungsfazilit\u00e4t ist ein geldpolitisches Instrument der Europ\u00e4ischen Zentralbank, mit der sich Banken im Euroraum kurzfristig Geld bei der EZB beschaffen k\u00f6nnen. Banken des Euroraumes k\u00f6nnen bei der Spitzenrefinanzierungsfazilit\u00e4t einen Kredit mit der Dauer von einem Tag aufnehmen, das Geld steht ihnen somit nur bis zum n\u00e4chsten Tag zur Verf\u00fcgung, dann m\u00fcssen sie es bereits wieder an die Europ\u00e4ische Zentralbank zur\u00fcckzahlen. Der Spitzenrefinanzierungssatz ist dabei der Zinssatz, welchen die Banken f\u00fcr die Kreditaufnahme zu zahlen haben.<br \/>\nDie Spitzenrefinanzierungsfazilit\u00e4t wird jedoch nur \u00e4u\u00dferst selten genutzt, da, sobald eine Bank von der Fazilit\u00e4t Gebrauch macht, dies auf einen Liquidit\u00e4tsengpass der jeweiligen Bank hindeutet. Unter normalen Umst\u00e4nden wird das Hauptrefinanzierungsgesch\u00e4ft von Banken genutzt, um befristet (f\u00fcr eine Woche) Zentralbankgeld aufzunehmen. <\/p>\n","protected":false},"excerpt":{"rendered":"<p>Die Spitzenrefinanzierungsfazilit\u00e4t ist ein geldpolitisches Instrument der Europ\u00e4ischen Zentralbank, mit der sich Banken im Euroraum kurzfristig Geld bei der EZB beschaffen k\u00f6nnen. Banken des Euroraumes k\u00f6nnen bei der Spitzenrefinanzierungsfazilit\u00e4t einen Kredit mit der Dauer von einem Tag aufnehmen, das Geld steht ihnen somit nur bis zum n\u00e4chsten Tag zur Verf\u00fcgung, dann m\u00fcssen sie es bereits [&hellip;]<\/p>\n","protected":false},"author":1,"featured_media":0,"parent":0,"menu_order":0,"comment_status":"closed","ping_status":"closed","template":"","meta":{"site-sidebar-layout":"default","site-content-layout":"","ast-site-content-layout":"","site-content-style":"default","site-sidebar-style":"default","ast-global-header-display":"","ast-banner-title-visibility":"","ast-main-header-display":"","ast-hfb-above-header-display":"","ast-hfb-below-header-display":"","ast-hfb-mobile-header-display":"","site-post-title":"","ast-breadcrumbs-content":"","ast-featured-img":"","footer-sml-layout":"","theme-transparent-header-meta":"","adv-header-id-meta":"","stick-header-meta":"","header-above-stick-meta":"","header-main-stick-meta":"","header-below-stick-meta":"","astra-migrate-meta-layouts":"default","ast-page-background-enabled":"default","ast-page-background-meta":{"desktop":{"background-color":"","background-image":"","background-repeat":"repeat","background-position":"center center","background-size":"auto","background-attachment":"scroll","background-type":"","background-media":"","overlay-type":"","overlay-color":"","overlay-opacity":"","overlay-gradient":""},"tablet":{"background-color":"","background-image":"","background-repeat":"repeat","background-position":"center center","background-size":"auto","background-attachment":"scroll","background-type":"","background-media":"","overlay-type":"","overlay-color":"","overlay-opacity":"","overlay-gradient":""},"mobile":{"background-color":"","background-image":"","background-repeat":"repeat","background-position":"center center","background-size":"auto","background-attachment":"scroll","background-type":"","background-media":"","overlay-type":"","overlay-color":"","overlay-opacity":"","overlay-gradient":""}},"ast-content-background-meta":{"desktop":{"background-color":"var(--ast-global-color-5)","background-image":"","background-repeat":"repeat","background-position":"center center","background-size":"auto","background-attachment":"scroll","background-type":"","background-media":"","overlay-type":"","overlay-color":"","overlay-opacity":"","overlay-gradient":""},"tablet":{"background-color":"var(--ast-global-color-5)","background-image":"","background-repeat":"repeat","background-position":"center center","background-size":"auto","background-attachment":"scroll","background-type":"","background-media":"","overlay-type":"","overlay-color":"","overlay-opacity":"","overlay-gradient":""},"mobile":{"background-color":"var(--ast-global-color-5)","background-image":"","background-repeat":"repeat","background-position":"center center","background-size":"auto","background-attachment":"scroll","background-type":"","background-media":"","overlay-type":"","overlay-color":"","overlay-opacity":"","overlay-gradient":""}},"footnotes":""},"class_list":["post-7295","page","type-page","status-publish","hentry"],"translation":{"provider":"WPGlobus","version":"3.0.2","language":"en","enabled_languages":["de","en"],"languages":{"de":{"title":true,"content":true,"excerpt":false},"en":{"title":false,"content":false,"excerpt":false}}},"featured_image_urls_v2":{"full":"","thumbnail":"","medium":"","medium_large":"","large":"","1536x1536":"","2048x2048":""},"post_excerpt_stackable_v2":"<p>Die Spitzenrefinanzierungsfazilit\u00e4t ist ein geldpolitisches Instrument der Europ\u00e4ischen Zentralbank, mit der sich Banken im Euroraum kurzfristig Geld bei der EZB beschaffen k\u00f6nnen. Banken des Euroraumes k\u00f6nnen bei der Spitzenrefinanzierungsfazilit\u00e4t einen Kredit mit der Dauer von einem Tag aufnehmen, das Geld steht ihnen somit nur bis zum n\u00e4chsten Tag zur Verf\u00fcgung, dann m\u00fcssen sie es bereits wieder an die Europ\u00e4ische Zentralbank zur\u00fcckzahlen. Der Spitzenrefinanzierungssatz ist dabei der Zinssatz, welchen die Banken f\u00fcr die Kreditaufnahme zu zahlen haben. Die Spitzenrefinanzierungsfazilit\u00e4t wird jedoch nur \u00e4u\u00dferst selten genutzt, da, sobald eine Bank von der Fazilit\u00e4t Gebrauch macht, dies auf einen Liquidit\u00e4tsengpass der jeweiligen Bank&hellip;<\/p>\n","category_list_v2":"","author_info_v2":{"name":"PrudentWater","url":"https:\/\/prudentwater.com\/en\/author\/niklas33\/"},"comments_num_v2":"0 comments","_links":{"self":[{"href":"https:\/\/prudentwater.com\/en\/wp-json\/wp\/v2\/pages\/7295","targetHints":{"allow":["GET"]}}],"collection":[{"href":"https:\/\/prudentwater.com\/en\/wp-json\/wp\/v2\/pages"}],"about":[{"href":"https:\/\/prudentwater.com\/en\/wp-json\/wp\/v2\/types\/page"}],"author":[{"embeddable":true,"href":"https:\/\/prudentwater.com\/en\/wp-json\/wp\/v2\/users\/1"}],"replies":[{"embeddable":true,"href":"https:\/\/prudentwater.com\/en\/wp-json\/wp\/v2\/comments?post=7295"}],"version-history":[{"count":0,"href":"https:\/\/prudentwater.com\/en\/wp-json\/wp\/v2\/pages\/7295\/revisions"}],"wp:attachment":[{"href":"https:\/\/prudentwater.com\/en\/wp-json\/wp\/v2\/media?parent=7295"}],"curies":[{"name":"wp","href":"https:\/\/api.w.org\/{rel}","templated":true}]}}