{"id":7399,"date":"2016-06-28T19:51:06","date_gmt":"2016-06-28T19:51:06","guid":{"rendered":"http:\/\/www.kunnskap.de\/?page_id=7399"},"modified":"2023-03-12T17:16:27","modified_gmt":"2023-03-12T16:16:27","slug":"arbeitslosenquote","status":"publish","type":"page","link":"https:\/\/prudentwater.com\/en\/arbeitslosenquote\/","title":{"rendered":"Arbeitslosenquote"},"content":{"rendered":"<p>engl. <b>Jobless Rate<\/b><\/p>\n<p>Die Arbeitslosenquote ist eine statistische Kennzahl, die den Anteil der Arbeitslosen an der erwerbsf\u00e4higen Bev\u00f6lkerung in einem bestimmten Gebiet oder Land angibt. Sie gibt an, wie viele Menschen ohne Arbeit sind und aktiv nach einer Besch\u00e4ftigung suchen. Die Arbeitslosenquote ist eine wichtige Messgr\u00f6\u00dfe f\u00fcr die Wirtschaftslage eines Landes oder einer Region. Eine hohe Arbeitslosenquote kann auf wirtschaftliche Probleme wie eine Rezession oder Strukturprobleme hinweisen, w\u00e4hrend eine niedrige Arbeitslosenquote ein Indikator f\u00fcr eine starke Wirtschaft sein kann.<\/p>\n<hr>\n<p><b><small>Berechnung:<\/small><\/b><br \/>\n<center><img loading=\"lazy\" decoding=\"async\" src=\"https:\/\/prudentwater.com\/wp-content\/uploads\/2020\/03\/arbeitslosenquote.bmp\" alt=\"arbeitslosenquote\" class=\"alignnone size-full wp-image-7400\" width=\"596\" height=\"51\" title=\"\"><\/center><\/p>\n<hr>\n<p>Die Arbeitslosenquote gibt jedoch nicht immer ein vollst\u00e4ndiges Bild der Besch\u00e4ftigungslage wieder. Es gibt beispielsweise Menschen, die gerne arbeiten w\u00fcrden, aber aus verschiedenen Gr\u00fcnden nicht als arbeitslos gez\u00e4hlt werden, wie zum Beispiel Menschen, die aufgegeben haben, eine Stelle zu suchen, oder Menschen, die nur Teilzeit arbeiten und gerne eine Vollzeitstelle h\u00e4tten. Zusammenfassend l\u00e4sst sich sagen, dass die Arbeitslosenquote einen wichtigen Indikator f\u00fcr die allgemeine Besch\u00e4ftigungslage darstellt, aber nicht das gesamte Bild wiedergibt und weitere Faktoren bei der Beurteilung der Besch\u00e4ftigungslage ber\u00fccksichtigt werden sollten.<\/p>\n","protected":false},"excerpt":{"rendered":"<p>engl. Jobless Rate Die Arbeitslosenquote ist eine statistische Kennzahl, die den Anteil der Arbeitslosen an der erwerbsf\u00e4higen Bev\u00f6lkerung in einem bestimmten Gebiet oder Land angibt. Sie gibt an, wie viele Menschen ohne Arbeit sind und aktiv nach einer Besch\u00e4ftigung suchen. Die Arbeitslosenquote ist eine wichtige Messgr\u00f6\u00dfe f\u00fcr die Wirtschaftslage eines Landes oder einer Region. Eine [&hellip;]<\/p>\n","protected":false},"author":1,"featured_media":0,"parent":0,"menu_order":0,"comment_status":"closed","ping_status":"closed","template":"","meta":{"site-sidebar-layout":"default","site-content-layout":"","ast-site-content-layout":"","site-content-style":"default","site-sidebar-style":"default","ast-global-header-display":"","ast-banner-title-visibility":"","ast-main-header-display":"","ast-hfb-above-header-display":"","ast-hfb-below-header-display":"","ast-hfb-mobile-header-display":"","site-post-title":"","ast-breadcrumbs-content":"","ast-featured-img":"","footer-sml-layout":"","theme-transparent-header-meta":"","adv-header-id-meta":"","stick-header-meta":"","header-above-stick-meta":"","header-main-stick-meta":"","header-below-stick-meta":"","astra-migrate-meta-layouts":"default","ast-page-background-enabled":"default","ast-page-background-meta":{"desktop":{"background-color":"","background-image":"","background-repeat":"repeat","background-position":"center center","background-size":"auto","background-attachment":"scroll","background-type":"","background-media":"","overlay-type":"","overlay-color":"","overlay-opacity":"","overlay-gradient":""},"tablet":{"background-color":"","background-image":"","background-repeat":"repeat","background-position":"center center","background-size":"auto","background-attachment":"scroll","background-type":"","background-media":"","overlay-type":"","overlay-color":"","overlay-opacity":"","overlay-gradient":""},"mobile":{"background-color":"","background-image":"","background-repeat":"repeat","background-position":"center center","background-size":"auto","background-attachment":"scroll","background-type":"","background-media":"","overlay-type":"","overlay-color":"","overlay-opacity":"","overlay-gradient":""}},"ast-content-background-meta":{"desktop":{"background-color":"var(--ast-global-color-5)","background-image":"","background-repeat":"repeat","background-position":"center center","background-size":"auto","background-attachment":"scroll","background-type":"","background-media":"","overlay-type":"","overlay-color":"","overlay-opacity":"","overlay-gradient":""},"tablet":{"background-color":"var(--ast-global-color-5)","background-image":"","background-repeat":"repeat","background-position":"center center","background-size":"auto","background-attachment":"scroll","background-type":"","background-media":"","overlay-type":"","overlay-color":"","overlay-opacity":"","overlay-gradient":""},"mobile":{"background-color":"var(--ast-global-color-5)","background-image":"","background-repeat":"repeat","background-position":"center center","background-size":"auto","background-attachment":"scroll","background-type":"","background-media":"","overlay-type":"","overlay-color":"","overlay-opacity":"","overlay-gradient":""}},"footnotes":""},"class_list":["post-7399","page","type-page","status-publish","hentry"],"translation":{"provider":"WPGlobus","version":"3.0.2","language":"en","enabled_languages":["de","en"],"languages":{"de":{"title":true,"content":true,"excerpt":false},"en":{"title":false,"content":false,"excerpt":false}}},"featured_image_urls_v2":{"full":"","thumbnail":"","medium":"","medium_large":"","large":"","1536x1536":"","2048x2048":""},"post_excerpt_stackable_v2":"<p>engl. Jobless Rate Die Arbeitslosenquote ist eine statistische Kennzahl, die den Anteil der Arbeitslosen an der erwerbsf\u00e4higen Bev\u00f6lkerung in einem bestimmten Gebiet oder Land angibt. Sie gibt an, wie viele Menschen ohne Arbeit sind und aktiv nach einer Besch\u00e4ftigung suchen. Die Arbeitslosenquote ist eine wichtige Messgr\u00f6\u00dfe f\u00fcr die Wirtschaftslage eines Landes oder einer Region. Eine hohe Arbeitslosenquote kann auf wirtschaftliche Probleme wie eine Rezession oder Strukturprobleme hinweisen, w\u00e4hrend eine niedrige Arbeitslosenquote ein Indikator f\u00fcr eine starke Wirtschaft sein kann. Berechnung: Die Arbeitslosenquote gibt jedoch nicht immer ein vollst\u00e4ndiges Bild der Besch\u00e4ftigungslage wieder. Es gibt beispielsweise Menschen, die gerne arbeiten w\u00fcrden,&hellip;<\/p>\n","category_list_v2":"","author_info_v2":{"name":"PrudentWater","url":"https:\/\/prudentwater.com\/en\/author\/niklas33\/"},"comments_num_v2":"0 comments","_links":{"self":[{"href":"https:\/\/prudentwater.com\/en\/wp-json\/wp\/v2\/pages\/7399","targetHints":{"allow":["GET"]}}],"collection":[{"href":"https:\/\/prudentwater.com\/en\/wp-json\/wp\/v2\/pages"}],"about":[{"href":"https:\/\/prudentwater.com\/en\/wp-json\/wp\/v2\/types\/page"}],"author":[{"embeddable":true,"href":"https:\/\/prudentwater.com\/en\/wp-json\/wp\/v2\/users\/1"}],"replies":[{"embeddable":true,"href":"https:\/\/prudentwater.com\/en\/wp-json\/wp\/v2\/comments?post=7399"}],"version-history":[{"count":0,"href":"https:\/\/prudentwater.com\/en\/wp-json\/wp\/v2\/pages\/7399\/revisions"}],"wp:attachment":[{"href":"https:\/\/prudentwater.com\/en\/wp-json\/wp\/v2\/media?parent=7399"}],"curies":[{"name":"wp","href":"https:\/\/api.w.org\/{rel}","templated":true}]}}