{"id":741,"date":"2014-09-08T10:34:55","date_gmt":"2014-09-08T10:34:55","guid":{"rendered":"http:\/\/www.kunnskap.de\/?page_id=741"},"modified":"2021-06-25T12:49:38","modified_gmt":"2021-06-25T10:49:38","slug":"operativer-gewinn","status":"publish","type":"page","link":"https:\/\/prudentwater.com\/en\/operativer-gewinn\/","title":{"rendered":"Operativer Gewinn"},"content":{"rendered":"<p>engl. <strong>Operating Profit<\/strong><\/p>\n<p>Der operative Gewinn eines Unternehmens ist derjenige Gewinn, der ausschlie\u00dflich durch die Hauptgesch\u00e4ftst\u00e4tigkeiten erzielt wurde. Au\u00dferordentliche Einnahmen wie z. B. der Verkauf von Firmenzweigen oder Tochterunternehmen z\u00e4hlen nicht zum operativen Gewinn. Bei der Berechnung des operativen Gewinnes werden also nur die Umsatzerl\u00f6se aus dem operativen Gesch\u00e4ft des Unternehmens herangezogen. Der operative Gewinn ist jedoch nicht gleichzusetzen mit dem EBIT. Der Unterschied der beiden Gr\u00f6\u00dfen liegt darin, dass das EBIT bei der Berechnung auch au\u00dferordentliche Ertr\u00e4ge und au\u00dferordentliche Aufwendungen miteinbezieht. Der operative Gewinn ber\u00fccksichtigt diese einmalig angefallenen Ertr\u00e4ge \/ Aufwendungen jedoch nicht und l\u00e4sst diese bei der Berechnung somit au\u00dfen vor.<\/p>\n","protected":false},"excerpt":{"rendered":"<p>engl. Operating Profit Der operative Gewinn eines Unternehmens ist derjenige Gewinn, der ausschlie\u00dflich durch die Hauptgesch\u00e4ftst\u00e4tigkeiten erzielt wurde. Au\u00dferordentliche Einnahmen wie z. B. der Verkauf von Firmenzweigen oder Tochterunternehmen z\u00e4hlen nicht zum operativen Gewinn. Bei der Berechnung des operativen Gewinnes werden also nur die Umsatzerl\u00f6se aus dem operativen Gesch\u00e4ft des Unternehmens herangezogen. Der operative Gewinn [&hellip;]<\/p>\n","protected":false},"author":1,"featured_media":0,"parent":0,"menu_order":0,"comment_status":"closed","ping_status":"closed","template":"","meta":{"site-sidebar-layout":"default","site-content-layout":"","ast-site-content-layout":"","site-content-style":"default","site-sidebar-style":"default","ast-global-header-display":"","ast-banner-title-visibility":"","ast-main-header-display":"","ast-hfb-above-header-display":"","ast-hfb-below-header-display":"","ast-hfb-mobile-header-display":"","site-post-title":"","ast-breadcrumbs-content":"","ast-featured-img":"","footer-sml-layout":"","theme-transparent-header-meta":"","adv-header-id-meta":"","stick-header-meta":"","header-above-stick-meta":"","header-main-stick-meta":"","header-below-stick-meta":"","astra-migrate-meta-layouts":"default","ast-page-background-enabled":"default","ast-page-background-meta":{"desktop":{"background-color":"","background-image":"","background-repeat":"repeat","background-position":"center center","background-size":"auto","background-attachment":"scroll","background-type":"","background-media":"","overlay-type":"","overlay-color":"","overlay-opacity":"","overlay-gradient":""},"tablet":{"background-color":"","background-image":"","background-repeat":"repeat","background-position":"center center","background-size":"auto","background-attachment":"scroll","background-type":"","background-media":"","overlay-type":"","overlay-color":"","overlay-opacity":"","overlay-gradient":""},"mobile":{"background-color":"","background-image":"","background-repeat":"repeat","background-position":"center center","background-size":"auto","background-attachment":"scroll","background-type":"","background-media":"","overlay-type":"","overlay-color":"","overlay-opacity":"","overlay-gradient":""}},"ast-content-background-meta":{"desktop":{"background-color":"var(--ast-global-color-5)","background-image":"","background-repeat":"repeat","background-position":"center center","background-size":"auto","background-attachment":"scroll","background-type":"","background-media":"","overlay-type":"","overlay-color":"","overlay-opacity":"","overlay-gradient":""},"tablet":{"background-color":"var(--ast-global-color-5)","background-image":"","background-repeat":"repeat","background-position":"center center","background-size":"auto","background-attachment":"scroll","background-type":"","background-media":"","overlay-type":"","overlay-color":"","overlay-opacity":"","overlay-gradient":""},"mobile":{"background-color":"var(--ast-global-color-5)","background-image":"","background-repeat":"repeat","background-position":"center center","background-size":"auto","background-attachment":"scroll","background-type":"","background-media":"","overlay-type":"","overlay-color":"","overlay-opacity":"","overlay-gradient":""}},"footnotes":""},"class_list":["post-741","page","type-page","status-publish","hentry"],"translation":{"provider":"WPGlobus","version":"3.0.2","language":"en","enabled_languages":["de","en"],"languages":{"de":{"title":true,"content":true,"excerpt":false},"en":{"title":false,"content":false,"excerpt":false}}},"featured_image_urls_v2":{"full":"","thumbnail":"","medium":"","medium_large":"","large":"","1536x1536":"","2048x2048":""},"post_excerpt_stackable_v2":"<p>engl. Operating Profit Der operative Gewinn eines Unternehmens ist derjenige Gewinn, der ausschlie\u00dflich durch die Hauptgesch\u00e4ftst\u00e4tigkeiten erzielt wurde. Au\u00dferordentliche Einnahmen wie z. B. der Verkauf von Firmenzweigen oder Tochterunternehmen z\u00e4hlen nicht zum operativen Gewinn. Bei der Berechnung des operativen Gewinnes werden also nur die Umsatzerl\u00f6se aus dem operativen Gesch\u00e4ft des Unternehmens herangezogen. Der operative Gewinn ist jedoch nicht gleichzusetzen mit dem EBIT. Der Unterschied der beiden Gr\u00f6\u00dfen liegt darin, dass das EBIT bei der Berechnung auch au\u00dferordentliche Ertr\u00e4ge und au\u00dferordentliche Aufwendungen miteinbezieht. Der operative Gewinn ber\u00fccksichtigt diese einmalig angefallenen Ertr\u00e4ge \/ Aufwendungen jedoch nicht und l\u00e4sst diese bei der Berechnung&hellip;<\/p>\n","category_list_v2":"","author_info_v2":{"name":"PrudentWater","url":"https:\/\/prudentwater.com\/en\/author\/niklas33\/"},"comments_num_v2":"0 comments","_links":{"self":[{"href":"https:\/\/prudentwater.com\/en\/wp-json\/wp\/v2\/pages\/741","targetHints":{"allow":["GET"]}}],"collection":[{"href":"https:\/\/prudentwater.com\/en\/wp-json\/wp\/v2\/pages"}],"about":[{"href":"https:\/\/prudentwater.com\/en\/wp-json\/wp\/v2\/types\/page"}],"author":[{"embeddable":true,"href":"https:\/\/prudentwater.com\/en\/wp-json\/wp\/v2\/users\/1"}],"replies":[{"embeddable":true,"href":"https:\/\/prudentwater.com\/en\/wp-json\/wp\/v2\/comments?post=741"}],"version-history":[{"count":0,"href":"https:\/\/prudentwater.com\/en\/wp-json\/wp\/v2\/pages\/741\/revisions"}],"wp:attachment":[{"href":"https:\/\/prudentwater.com\/en\/wp-json\/wp\/v2\/media?parent=741"}],"curies":[{"name":"wp","href":"https:\/\/api.w.org\/{rel}","templated":true}]}}