{"id":7426,"date":"2016-06-29T19:49:22","date_gmt":"2016-06-29T19:49:22","guid":{"rendered":"http:\/\/www.kunnskap.de\/?page_id=7426"},"modified":"2021-06-25T12:49:36","modified_gmt":"2021-06-25T10:49:36","slug":"mengennotiz","status":"publish","type":"page","link":"https:\/\/prudentwater.com\/en\/mengennotiz\/","title":{"rendered":"Mengennotiz"},"content":{"rendered":"<p>Auch <strong>Mengennotierung<\/strong><\/p>\n<p>Die Mengennotiz ist eine Form, den Preis einer W\u00e4hrung gegen\u00fcber einer anderen W\u00e4hrung anzugeben. Sie gibt an, wie viel Einheiten an Fremdw\u00e4hrung man f\u00fcr eine Einheit W\u00e4hrung bekommt. So wird die Mengennotiz f\u00fcr den Euro gegen\u00fcber dem US-Dollar verwendet. Liegt der Kurs EUR\/USD bei beispielsweise 1,2, so erh\u00e4lt man f\u00fcr eine Einheit Euro bei Umwechslung 1,2 Einheiten Fremdw\u00e4hrung (USD). Die Mengennotiz gibt somit die Menge an Fremdw\u00e4hrung an, die man f\u00fcr eine Einheit heimischer W\u00e4hrung erh\u00e4lt. Sie ist lediglich eine Darstellungsform f\u00fcr einzelne W\u00e4hrungspaare, jedoch im Devisenhandel die \u00fcbliche Notierungsform. <\/p>\n","protected":false},"excerpt":{"rendered":"<p>Auch Mengennotierung Die Mengennotiz ist eine Form, den Preis einer W\u00e4hrung gegen\u00fcber einer anderen W\u00e4hrung anzugeben. Sie gibt an, wie viel Einheiten an Fremdw\u00e4hrung man f\u00fcr eine Einheit W\u00e4hrung bekommt. So wird die Mengennotiz f\u00fcr den Euro gegen\u00fcber dem US-Dollar verwendet. Liegt der Kurs EUR\/USD bei beispielsweise 1,2, so erh\u00e4lt man f\u00fcr eine Einheit Euro [&hellip;]<\/p>\n","protected":false},"author":1,"featured_media":0,"parent":0,"menu_order":0,"comment_status":"closed","ping_status":"closed","template":"","meta":{"site-sidebar-layout":"default","site-content-layout":"","ast-site-content-layout":"","site-content-style":"default","site-sidebar-style":"default","ast-global-header-display":"","ast-banner-title-visibility":"","ast-main-header-display":"","ast-hfb-above-header-display":"","ast-hfb-below-header-display":"","ast-hfb-mobile-header-display":"","site-post-title":"","ast-breadcrumbs-content":"","ast-featured-img":"","footer-sml-layout":"","theme-transparent-header-meta":"","adv-header-id-meta":"","stick-header-meta":"","header-above-stick-meta":"","header-main-stick-meta":"","header-below-stick-meta":"","astra-migrate-meta-layouts":"default","ast-page-background-enabled":"default","ast-page-background-meta":{"desktop":{"background-color":"","background-image":"","background-repeat":"repeat","background-position":"center center","background-size":"auto","background-attachment":"scroll","background-type":"","background-media":"","overlay-type":"","overlay-color":"","overlay-opacity":"","overlay-gradient":""},"tablet":{"background-color":"","background-image":"","background-repeat":"repeat","background-position":"center center","background-size":"auto","background-attachment":"scroll","background-type":"","background-media":"","overlay-type":"","overlay-color":"","overlay-opacity":"","overlay-gradient":""},"mobile":{"background-color":"","background-image":"","background-repeat":"repeat","background-position":"center center","background-size":"auto","background-attachment":"scroll","background-type":"","background-media":"","overlay-type":"","overlay-color":"","overlay-opacity":"","overlay-gradient":""}},"ast-content-background-meta":{"desktop":{"background-color":"var(--ast-global-color-5)","background-image":"","background-repeat":"repeat","background-position":"center center","background-size":"auto","background-attachment":"scroll","background-type":"","background-media":"","overlay-type":"","overlay-color":"","overlay-opacity":"","overlay-gradient":""},"tablet":{"background-color":"var(--ast-global-color-5)","background-image":"","background-repeat":"repeat","background-position":"center center","background-size":"auto","background-attachment":"scroll","background-type":"","background-media":"","overlay-type":"","overlay-color":"","overlay-opacity":"","overlay-gradient":""},"mobile":{"background-color":"var(--ast-global-color-5)","background-image":"","background-repeat":"repeat","background-position":"center center","background-size":"auto","background-attachment":"scroll","background-type":"","background-media":"","overlay-type":"","overlay-color":"","overlay-opacity":"","overlay-gradient":""}},"footnotes":""},"class_list":["post-7426","page","type-page","status-publish","hentry"],"translation":{"provider":"WPGlobus","version":"3.0.2","language":"en","enabled_languages":["de","en"],"languages":{"de":{"title":true,"content":true,"excerpt":false},"en":{"title":false,"content":false,"excerpt":false}}},"featured_image_urls_v2":{"full":"","thumbnail":"","medium":"","medium_large":"","large":"","1536x1536":"","2048x2048":""},"post_excerpt_stackable_v2":"<p>Auch Mengennotierung Die Mengennotiz ist eine Form, den Preis einer W\u00e4hrung gegen\u00fcber einer anderen W\u00e4hrung anzugeben. Sie gibt an, wie viel Einheiten an Fremdw\u00e4hrung man f\u00fcr eine Einheit W\u00e4hrung bekommt. So wird die Mengennotiz f\u00fcr den Euro gegen\u00fcber dem US-Dollar verwendet. Liegt der Kurs EUR\/USD bei beispielsweise 1,2, so erh\u00e4lt man f\u00fcr eine Einheit Euro bei Umwechslung 1,2 Einheiten Fremdw\u00e4hrung (USD). Die Mengennotiz gibt somit die Menge an Fremdw\u00e4hrung an, die man f\u00fcr eine Einheit heimischer W\u00e4hrung erh\u00e4lt. Sie ist lediglich eine Darstellungsform f\u00fcr einzelne W\u00e4hrungspaare, jedoch im Devisenhandel die \u00fcbliche Notierungsform.<\/p>\n","category_list_v2":"","author_info_v2":{"name":"PrudentWater","url":"https:\/\/prudentwater.com\/en\/author\/niklas33\/"},"comments_num_v2":"0 comments","_links":{"self":[{"href":"https:\/\/prudentwater.com\/en\/wp-json\/wp\/v2\/pages\/7426","targetHints":{"allow":["GET"]}}],"collection":[{"href":"https:\/\/prudentwater.com\/en\/wp-json\/wp\/v2\/pages"}],"about":[{"href":"https:\/\/prudentwater.com\/en\/wp-json\/wp\/v2\/types\/page"}],"author":[{"embeddable":true,"href":"https:\/\/prudentwater.com\/en\/wp-json\/wp\/v2\/users\/1"}],"replies":[{"embeddable":true,"href":"https:\/\/prudentwater.com\/en\/wp-json\/wp\/v2\/comments?post=7426"}],"version-history":[{"count":0,"href":"https:\/\/prudentwater.com\/en\/wp-json\/wp\/v2\/pages\/7426\/revisions"}],"wp:attachment":[{"href":"https:\/\/prudentwater.com\/en\/wp-json\/wp\/v2\/media?parent=7426"}],"curies":[{"name":"wp","href":"https:\/\/api.w.org\/{rel}","templated":true}]}}