{"id":7466,"date":"2016-07-06T07:13:10","date_gmt":"2016-07-06T07:13:10","guid":{"rendered":"http:\/\/www.kunnskap.de\/?page_id=7466"},"modified":"2021-06-25T12:50:11","modified_gmt":"2021-06-25T10:50:11","slug":"sicherer-hafen","status":"publish","type":"page","link":"https:\/\/prudentwater.com\/en\/sicherer-hafen\/","title":{"rendered":"Sicherer Hafen"},"content":{"rendered":"<p>engl. <strong>Safe Heaven<\/strong><\/p>\n<p>Als sogenannter sicherer Hafen wird an der B\u00f6rse eine Geldanlage bezeichnet, bei der die Gefahr auf Kursverluste als gering angesehen wird und welche allgemein ein geringes Risiko aufweist. Das oberste Ziel der Geldanlage in einen &#8216;sicheren Hafen&#8217; ist die Werterhaltung des Geldes.<br \/>\nVor allem in unsicheren Zeiten, in denen sich die B\u00f6rsen stark volatil verhalten und die Kurse wichtiger Aktienindizes teilweise stark fallen, suchen Investoren nach sichereren H\u00e4fen, um ihr Geld zu sch\u00fctzen und nicht der hohen Volatilit\u00e4t des Marktgeschehens auszusetzen.<br \/>\nAls sichere H\u00e4fen gelten Staatsanleihen mit erstklassiger Bonit\u00e4t (Deutschland, USA, Japan), Edelmetalle (Gold, Silber, Platin) sowie harte W\u00e4hrungen (USD, JPY). Diese Geldanlagen bewegen sich dann in der Regel entgegengesetzt dem allgemeinen Markttrend. Fallen die B\u00f6rsen, steigen die Kurse solcher Anlagen und Investoren k\u00f6nnen Kursgewinne erzielen. Steigen jedoch allgemein die B\u00f6rsen und damit die wichtigsten Aktienindizes, fallen die Kurse von sicheren H\u00e4fen oftmals, da Investoren dann bereit sind, mehr Risiko einzugehen. Sie ziehen dann ihr Geld aus den sicheren H\u00e4fen ab, welche aufgrund des geringen Risikos auch nur eine geringe Rendite bieten, und investieren es in Anlagen mit einem h\u00f6heren Risiko, aber dann auch mit der Chance auf eine h\u00f6here Rendite. <\/p>\n","protected":false},"excerpt":{"rendered":"<p>engl. Safe Heaven Als sogenannter sicherer Hafen wird an der B\u00f6rse eine Geldanlage bezeichnet, bei der die Gefahr auf Kursverluste als gering angesehen wird und welche allgemein ein geringes Risiko aufweist. Das oberste Ziel der Geldanlage in einen &#8216;sicheren Hafen&#8217; ist die Werterhaltung des Geldes. Vor allem in unsicheren Zeiten, in denen sich die B\u00f6rsen [&hellip;]<\/p>\n","protected":false},"author":1,"featured_media":0,"parent":0,"menu_order":0,"comment_status":"closed","ping_status":"closed","template":"","meta":{"site-sidebar-layout":"default","site-content-layout":"","ast-site-content-layout":"","site-content-style":"default","site-sidebar-style":"default","ast-global-header-display":"","ast-banner-title-visibility":"","ast-main-header-display":"","ast-hfb-above-header-display":"","ast-hfb-below-header-display":"","ast-hfb-mobile-header-display":"","site-post-title":"","ast-breadcrumbs-content":"","ast-featured-img":"","footer-sml-layout":"","theme-transparent-header-meta":"","adv-header-id-meta":"","stick-header-meta":"","header-above-stick-meta":"","header-main-stick-meta":"","header-below-stick-meta":"","astra-migrate-meta-layouts":"default","ast-page-background-enabled":"default","ast-page-background-meta":{"desktop":{"background-color":"","background-image":"","background-repeat":"repeat","background-position":"center center","background-size":"auto","background-attachment":"scroll","background-type":"","background-media":"","overlay-type":"","overlay-color":"","overlay-opacity":"","overlay-gradient":""},"tablet":{"background-color":"","background-image":"","background-repeat":"repeat","background-position":"center center","background-size":"auto","background-attachment":"scroll","background-type":"","background-media":"","overlay-type":"","overlay-color":"","overlay-opacity":"","overlay-gradient":""},"mobile":{"background-color":"","background-image":"","background-repeat":"repeat","background-position":"center center","background-size":"auto","background-attachment":"scroll","background-type":"","background-media":"","overlay-type":"","overlay-color":"","overlay-opacity":"","overlay-gradient":""}},"ast-content-background-meta":{"desktop":{"background-color":"var(--ast-global-color-5)","background-image":"","background-repeat":"repeat","background-position":"center center","background-size":"auto","background-attachment":"scroll","background-type":"","background-media":"","overlay-type":"","overlay-color":"","overlay-opacity":"","overlay-gradient":""},"tablet":{"background-color":"var(--ast-global-color-5)","background-image":"","background-repeat":"repeat","background-position":"center center","background-size":"auto","background-attachment":"scroll","background-type":"","background-media":"","overlay-type":"","overlay-color":"","overlay-opacity":"","overlay-gradient":""},"mobile":{"background-color":"var(--ast-global-color-5)","background-image":"","background-repeat":"repeat","background-position":"center center","background-size":"auto","background-attachment":"scroll","background-type":"","background-media":"","overlay-type":"","overlay-color":"","overlay-opacity":"","overlay-gradient":""}},"footnotes":""},"class_list":["post-7466","page","type-page","status-publish","hentry"],"translation":{"provider":"WPGlobus","version":"3.0.2","language":"en","enabled_languages":["de","en"],"languages":{"de":{"title":true,"content":true,"excerpt":false},"en":{"title":false,"content":false,"excerpt":false}}},"featured_image_urls_v2":{"full":"","thumbnail":"","medium":"","medium_large":"","large":"","1536x1536":"","2048x2048":""},"post_excerpt_stackable_v2":"<p>engl. Safe Heaven Als sogenannter sicherer Hafen wird an der B\u00f6rse eine Geldanlage bezeichnet, bei der die Gefahr auf Kursverluste als gering angesehen wird und welche allgemein ein geringes Risiko aufweist. Das oberste Ziel der Geldanlage in einen &#8216;sicheren Hafen&#8217; ist die Werterhaltung des Geldes. Vor allem in unsicheren Zeiten, in denen sich die B\u00f6rsen stark volatil verhalten und die Kurse wichtiger Aktienindizes teilweise stark fallen, suchen Investoren nach sichereren H\u00e4fen, um ihr Geld zu sch\u00fctzen und nicht der hohen Volatilit\u00e4t des Marktgeschehens auszusetzen. Als sichere H\u00e4fen gelten Staatsanleihen mit erstklassiger Bonit\u00e4t (Deutschland, USA, Japan), Edelmetalle (Gold, Silber, Platin) sowie&hellip;<\/p>\n","category_list_v2":"","author_info_v2":{"name":"PrudentWater","url":"https:\/\/prudentwater.com\/en\/author\/niklas33\/"},"comments_num_v2":"0 comments","_links":{"self":[{"href":"https:\/\/prudentwater.com\/en\/wp-json\/wp\/v2\/pages\/7466","targetHints":{"allow":["GET"]}}],"collection":[{"href":"https:\/\/prudentwater.com\/en\/wp-json\/wp\/v2\/pages"}],"about":[{"href":"https:\/\/prudentwater.com\/en\/wp-json\/wp\/v2\/types\/page"}],"author":[{"embeddable":true,"href":"https:\/\/prudentwater.com\/en\/wp-json\/wp\/v2\/users\/1"}],"replies":[{"embeddable":true,"href":"https:\/\/prudentwater.com\/en\/wp-json\/wp\/v2\/comments?post=7466"}],"version-history":[{"count":0,"href":"https:\/\/prudentwater.com\/en\/wp-json\/wp\/v2\/pages\/7466\/revisions"}],"wp:attachment":[{"href":"https:\/\/prudentwater.com\/en\/wp-json\/wp\/v2\/media?parent=7466"}],"curies":[{"name":"wp","href":"https:\/\/api.w.org\/{rel}","templated":true}]}}