{"id":750,"date":"2014-09-08T18:01:03","date_gmt":"2014-09-08T18:01:03","guid":{"rendered":"http:\/\/www.kunnskap.de\/?page_id=750"},"modified":"2022-06-29T13:19:22","modified_gmt":"2022-06-29T11:19:22","slug":"kreditrisikopramie","status":"publish","type":"page","link":"https:\/\/prudentwater.com\/en\/kreditrisikopramie\/","title":{"rendered":"Kreditrisikopr\u00e4mie"},"content":{"rendered":"<p>Auch <b>Risikoaufschlag<\/b> oder <b>Renditeaufschlag<\/b><\/p>\n<p>Bei der Kreditrisikopr\u00e4mie handelt es sich um einen Zinsaufschlag, den der Kreditnehmer aufgrund seiner schlechteren Bonit\u00e4t im Vergleich zu einer beinahe risikolosen Staatsanleihe zu zahlen hat. Wie hoch der Aufschlag ausf\u00e4llt, richtet sich dabei nach der Bonit\u00e4t des Kreditnehmers. Je schlechter die Bonit\u00e4t, desto h\u00f6her der Renditeaufschlag. Bei Anleihen handelt es sich um den Zinsaufschlag, den ein Schuldner mit einer schlechten Bonit\u00e4t gegen\u00fcber einem Schuldner erstklassiger Bonit\u00e4t zahlen muss. Als Ma\u00dfstab erstklassiger Bonit\u00e4t wird in Europa eine deutsche Staatsanleihe herangezogen, weltweit gelten US-amerikanische Staatsanleihen als Referenz.<\/p>\n<p>Kauft ein Anleger eine Anleihe, die ein erh\u00f6htes Ausfallrisiko aufgrund der schlechteren Bonit\u00e4t aufweist, bekommt er eine Art Renditeaufschlag, welcher das erh\u00f6hte Ausfallrisiko der Anleihe ausgleichen soll. Dies ist zum Beispiel der Fall bei einer Hochzinsanleihe, welche ein erh\u00f6htes Ausfallrisiko aufweist, daf\u00fcr bieten Hochzinsanleihen jedoch auch (deutlich) h\u00f6here Verzinsungen, solange es zu keinem Ausfall kommt. Hohe Kreditrisikopr\u00e4mien deuten au\u00dferdem auf eine geringe Risikobereitschaft der Anleger hin. Dann n\u00e4mlich fordern Anleger hohe Zinsen, damit sie das erh\u00f6hte Risiko eingehen und Anleihen des Emittenten mit mittlerer bis schlechter Bonit\u00e4t kaufen.<\/p>\n","protected":false},"excerpt":{"rendered":"<p>Auch Risikoaufschlag oder Renditeaufschlag Bei der Kreditrisikopr\u00e4mie handelt es sich um einen Zinsaufschlag, den der Kreditnehmer aufgrund seiner schlechteren Bonit\u00e4t im Vergleich zu einer beinahe risikolosen Staatsanleihe zu zahlen hat. Wie hoch der Aufschlag ausf\u00e4llt, richtet sich dabei nach der Bonit\u00e4t des Kreditnehmers. Je schlechter die Bonit\u00e4t, desto h\u00f6her der Renditeaufschlag. Bei Anleihen handelt es [&hellip;]<\/p>\n","protected":false},"author":1,"featured_media":0,"parent":0,"menu_order":0,"comment_status":"closed","ping_status":"closed","template":"","meta":{"site-sidebar-layout":"default","site-content-layout":"","ast-site-content-layout":"","site-content-style":"default","site-sidebar-style":"default","ast-global-header-display":"","ast-banner-title-visibility":"","ast-main-header-display":"","ast-hfb-above-header-display":"","ast-hfb-below-header-display":"","ast-hfb-mobile-header-display":"","site-post-title":"","ast-breadcrumbs-content":"","ast-featured-img":"","footer-sml-layout":"","theme-transparent-header-meta":"","adv-header-id-meta":"","stick-header-meta":"","header-above-stick-meta":"","header-main-stick-meta":"","header-below-stick-meta":"","astra-migrate-meta-layouts":"default","ast-page-background-enabled":"default","ast-page-background-meta":{"desktop":{"background-color":"","background-image":"","background-repeat":"repeat","background-position":"center center","background-size":"auto","background-attachment":"scroll","background-type":"","background-media":"","overlay-type":"","overlay-color":"","overlay-opacity":"","overlay-gradient":""},"tablet":{"background-color":"","background-image":"","background-repeat":"repeat","background-position":"center center","background-size":"auto","background-attachment":"scroll","background-type":"","background-media":"","overlay-type":"","overlay-color":"","overlay-opacity":"","overlay-gradient":""},"mobile":{"background-color":"","background-image":"","background-repeat":"repeat","background-position":"center center","background-size":"auto","background-attachment":"scroll","background-type":"","background-media":"","overlay-type":"","overlay-color":"","overlay-opacity":"","overlay-gradient":""}},"ast-content-background-meta":{"desktop":{"background-color":"var(--ast-global-color-5)","background-image":"","background-repeat":"repeat","background-position":"center center","background-size":"auto","background-attachment":"scroll","background-type":"","background-media":"","overlay-type":"","overlay-color":"","overlay-opacity":"","overlay-gradient":""},"tablet":{"background-color":"var(--ast-global-color-5)","background-image":"","background-repeat":"repeat","background-position":"center center","background-size":"auto","background-attachment":"scroll","background-type":"","background-media":"","overlay-type":"","overlay-color":"","overlay-opacity":"","overlay-gradient":""},"mobile":{"background-color":"var(--ast-global-color-5)","background-image":"","background-repeat":"repeat","background-position":"center center","background-size":"auto","background-attachment":"scroll","background-type":"","background-media":"","overlay-type":"","overlay-color":"","overlay-opacity":"","overlay-gradient":""}},"footnotes":""},"class_list":["post-750","page","type-page","status-publish","hentry"],"translation":{"provider":"WPGlobus","version":"3.0.2","language":"en","enabled_languages":["de","en"],"languages":{"de":{"title":true,"content":true,"excerpt":false},"en":{"title":false,"content":false,"excerpt":false}}},"featured_image_urls_v2":{"full":"","thumbnail":"","medium":"","medium_large":"","large":"","1536x1536":"","2048x2048":""},"post_excerpt_stackable_v2":"<p>Auch Risikoaufschlag oder Renditeaufschlag Bei der Kreditrisikopr\u00e4mie handelt es sich um einen Zinsaufschlag, den der Kreditnehmer aufgrund seiner schlechteren Bonit\u00e4t im Vergleich zu einer beinahe risikolosen Staatsanleihe zu zahlen hat. Wie hoch der Aufschlag ausf\u00e4llt, richtet sich dabei nach der Bonit\u00e4t des Kreditnehmers. Je schlechter die Bonit\u00e4t, desto h\u00f6her der Renditeaufschlag. Bei Anleihen handelt es sich um den Zinsaufschlag, den ein Schuldner mit einer schlechten Bonit\u00e4t gegen\u00fcber einem Schuldner erstklassiger Bonit\u00e4t zahlen muss. Als Ma\u00dfstab erstklassiger Bonit\u00e4t wird in Europa eine deutsche Staatsanleihe herangezogen, weltweit gelten US-amerikanische Staatsanleihen als Referenz. Kauft ein Anleger eine Anleihe, die ein erh\u00f6htes Ausfallrisiko aufgrund&hellip;<\/p>\n","category_list_v2":"","author_info_v2":{"name":"PrudentWater","url":"https:\/\/prudentwater.com\/en\/author\/niklas33\/"},"comments_num_v2":"0 comments","_links":{"self":[{"href":"https:\/\/prudentwater.com\/en\/wp-json\/wp\/v2\/pages\/750","targetHints":{"allow":["GET"]}}],"collection":[{"href":"https:\/\/prudentwater.com\/en\/wp-json\/wp\/v2\/pages"}],"about":[{"href":"https:\/\/prudentwater.com\/en\/wp-json\/wp\/v2\/types\/page"}],"author":[{"embeddable":true,"href":"https:\/\/prudentwater.com\/en\/wp-json\/wp\/v2\/users\/1"}],"replies":[{"embeddable":true,"href":"https:\/\/prudentwater.com\/en\/wp-json\/wp\/v2\/comments?post=750"}],"version-history":[{"count":0,"href":"https:\/\/prudentwater.com\/en\/wp-json\/wp\/v2\/pages\/750\/revisions"}],"wp:attachment":[{"href":"https:\/\/prudentwater.com\/en\/wp-json\/wp\/v2\/media?parent=750"}],"curies":[{"name":"wp","href":"https:\/\/api.w.org\/{rel}","templated":true}]}}