{"id":756,"date":"2014-09-08T19:06:18","date_gmt":"2014-09-08T19:06:18","guid":{"rendered":"http:\/\/www.kunnskap.de\/?page_id=756"},"modified":"2021-06-25T12:49:31","modified_gmt":"2021-06-25T10:49:31","slug":"investment-grade","status":"publish","type":"page","link":"https:\/\/prudentwater.com\/en\/investment-grade\/","title":{"rendered":"Investment Grade"},"content":{"rendered":"<p>Investment Grade ist eine Ratingeinstufung, welche aussagt, dass die durch den Schuldner (Staat oder Unternehmen) ausgegebenen Schuldverschreibungen als sicher und zuverl\u00e4ssig angesehen werden. Wird eine Anleihe als Investment Grade eingestuft, wird der Kauf dieses Papieres als sicheres und stabiles Investment angesehen. Die Bonit\u00e4t sowie Qualit\u00e4t des Schuldners wird als hochwertig und vertrauensw\u00fcrdig beurteilt. Man geht von termingerechten Zinszahlungen und einer kompletten R\u00fcckzahlung der Anleihe aus. Dies hei\u00dft jedoch keinesfalls, dass ein Zahlungsausfall oder eine Stundung sicher ausgeschlossen werden kann. Das Rating &#8216;Investment Grade&#8217; ist n\u00e4mlich nur eine Einsch\u00e4tzung der Ratingagentur und diese lagen diesbez\u00fcglich in der Vergangenheit schon h\u00e4ufiger falsch. Anleger sollten sich deshalb niemals ausschlie\u00dflich auf Ratings verlassen.<\/p>\n<hr style=\"height:2px;border-top:1px solid #000000\">\n<p>Ratings von Standard &amp; Poors bzw. Moody\u00b4s bis BBB- bzw. Baa3 werden als Investment Grade angesehen:<\/p>\n<hr>\n<ul>\n \t<b>AAA<\/b> bis <b>AA-<\/b> bzw. <b>Aaa<\/b> bis <b>Aa3<\/b>: H\u00f6chste Bonit\u00e4t. High Credit Quality. (Investment Grade)<\/p>\n<hr>\n<p><b>A+<\/b> bis <b>BBB-<\/b> bzw. <b>A1<\/b> bis <b>Baa3<\/b>: Gute Bonit\u00e4t. Medium Credit Quality. (Investment Grade)<\/p>\n<hr>\n<p><b>BB+<\/b> bzw. <b>Ba1<\/b> und darunter: Spekulative Anlage. Non-Investment Grade. Eine Anleihe mit diesem Rating wird auch Junk Bond genannt.<\/ul>\n<hr style=\"height:2px;border-top:1px solid #000000\">\n<p>Das Rating Investment Grade spielt deshalb eine so bedeutende Rolle, da viele Fonds, institutionelle Anleger und vor allem Pensionsfonds nur in Wertpapiere investieren d\u00fcrfen, die mindestens das Rating Investment Grade enthalten. Deshalb kommt es an der B\u00f6rse auch gelegentlich vor, dass, sobald eine Anleihe von Non-Investment Grade von einer oder mehreren Ratingagenturen auf Investment Grade hochgestuft wird, im Kurs ruckartig ansteigt. Denn dann k\u00f6nnen auch einzelne Investmentfonds oder auch die meisten Pensionsfonds die Anleihe kaufen, die Nachfrage nach diesen Papieren zieht darauf folglich schlagartig an.<\/p>\n","protected":false},"excerpt":{"rendered":"<p>Investment Grade ist eine Ratingeinstufung, welche aussagt, dass die durch den Schuldner (Staat oder Unternehmen) ausgegebenen Schuldverschreibungen als sicher und zuverl\u00e4ssig angesehen werden. Wird eine Anleihe als Investment Grade eingestuft, wird der Kauf dieses Papieres als sicheres und stabiles Investment angesehen. Die Bonit\u00e4t sowie Qualit\u00e4t des Schuldners wird als hochwertig und vertrauensw\u00fcrdig beurteilt. Man geht [&hellip;]<\/p>\n","protected":false},"author":1,"featured_media":0,"parent":0,"menu_order":0,"comment_status":"closed","ping_status":"closed","template":"","meta":{"site-sidebar-layout":"default","site-content-layout":"","ast-site-content-layout":"","site-content-style":"default","site-sidebar-style":"default","ast-global-header-display":"","ast-banner-title-visibility":"","ast-main-header-display":"","ast-hfb-above-header-display":"","ast-hfb-below-header-display":"","ast-hfb-mobile-header-display":"","site-post-title":"","ast-breadcrumbs-content":"","ast-featured-img":"","footer-sml-layout":"","theme-transparent-header-meta":"","adv-header-id-meta":"","stick-header-meta":"","header-above-stick-meta":"","header-main-stick-meta":"","header-below-stick-meta":"","astra-migrate-meta-layouts":"default","ast-page-background-enabled":"default","ast-page-background-meta":{"desktop":{"background-color":"","background-image":"","background-repeat":"repeat","background-position":"center center","background-size":"auto","background-attachment":"scroll","background-type":"","background-media":"","overlay-type":"","overlay-color":"","overlay-opacity":"","overlay-gradient":""},"tablet":{"background-color":"","background-image":"","background-repeat":"repeat","background-position":"center center","background-size":"auto","background-attachment":"scroll","background-type":"","background-media":"","overlay-type":"","overlay-color":"","overlay-opacity":"","overlay-gradient":""},"mobile":{"background-color":"","background-image":"","background-repeat":"repeat","background-position":"center center","background-size":"auto","background-attachment":"scroll","background-type":"","background-media":"","overlay-type":"","overlay-color":"","overlay-opacity":"","overlay-gradient":""}},"ast-content-background-meta":{"desktop":{"background-color":"var(--ast-global-color-5)","background-image":"","background-repeat":"repeat","background-position":"center center","background-size":"auto","background-attachment":"scroll","background-type":"","background-media":"","overlay-type":"","overlay-color":"","overlay-opacity":"","overlay-gradient":""},"tablet":{"background-color":"var(--ast-global-color-5)","background-image":"","background-repeat":"repeat","background-position":"center center","background-size":"auto","background-attachment":"scroll","background-type":"","background-media":"","overlay-type":"","overlay-color":"","overlay-opacity":"","overlay-gradient":""},"mobile":{"background-color":"var(--ast-global-color-5)","background-image":"","background-repeat":"repeat","background-position":"center center","background-size":"auto","background-attachment":"scroll","background-type":"","background-media":"","overlay-type":"","overlay-color":"","overlay-opacity":"","overlay-gradient":""}},"footnotes":""},"class_list":["post-756","page","type-page","status-publish","hentry"],"translation":{"provider":"WPGlobus","version":"3.0.2","language":"en","enabled_languages":["de","en"],"languages":{"de":{"title":true,"content":true,"excerpt":false},"en":{"title":false,"content":false,"excerpt":false}}},"featured_image_urls_v2":{"full":"","thumbnail":"","medium":"","medium_large":"","large":"","1536x1536":"","2048x2048":""},"post_excerpt_stackable_v2":"<p>Investment Grade ist eine Ratingeinstufung, welche aussagt, dass die durch den Schuldner (Staat oder Unternehmen) ausgegebenen Schuldverschreibungen als sicher und zuverl\u00e4ssig angesehen werden. Wird eine Anleihe als Investment Grade eingestuft, wird der Kauf dieses Papieres als sicheres und stabiles Investment angesehen. Die Bonit\u00e4t sowie Qualit\u00e4t des Schuldners wird als hochwertig und vertrauensw\u00fcrdig beurteilt. Man geht von termingerechten Zinszahlungen und einer kompletten R\u00fcckzahlung der Anleihe aus. Dies hei\u00dft jedoch keinesfalls, dass ein Zahlungsausfall oder eine Stundung sicher ausgeschlossen werden kann. Das Rating &#8216;Investment Grade&#8217; ist n\u00e4mlich nur eine Einsch\u00e4tzung der Ratingagentur und diese lagen diesbez\u00fcglich in der Vergangenheit schon h\u00e4ufiger falsch.&hellip;<\/p>\n","category_list_v2":"","author_info_v2":{"name":"PrudentWater","url":"https:\/\/prudentwater.com\/en\/author\/niklas33\/"},"comments_num_v2":"0 comments","_links":{"self":[{"href":"https:\/\/prudentwater.com\/en\/wp-json\/wp\/v2\/pages\/756","targetHints":{"allow":["GET"]}}],"collection":[{"href":"https:\/\/prudentwater.com\/en\/wp-json\/wp\/v2\/pages"}],"about":[{"href":"https:\/\/prudentwater.com\/en\/wp-json\/wp\/v2\/types\/page"}],"author":[{"embeddable":true,"href":"https:\/\/prudentwater.com\/en\/wp-json\/wp\/v2\/users\/1"}],"replies":[{"embeddable":true,"href":"https:\/\/prudentwater.com\/en\/wp-json\/wp\/v2\/comments?post=756"}],"version-history":[{"count":0,"href":"https:\/\/prudentwater.com\/en\/wp-json\/wp\/v2\/pages\/756\/revisions"}],"wp:attachment":[{"href":"https:\/\/prudentwater.com\/en\/wp-json\/wp\/v2\/media?parent=756"}],"curies":[{"name":"wp","href":"https:\/\/api.w.org\/{rel}","templated":true}]}}