{"id":7597,"date":"2016-07-22T13:02:27","date_gmt":"2016-07-22T13:02:27","guid":{"rendered":"http:\/\/www.kunnskap.de\/?page_id=7597"},"modified":"2021-06-25T12:48:57","modified_gmt":"2021-06-25T10:48:57","slug":"dispositionseffekt","status":"publish","type":"page","link":"https:\/\/prudentwater.com\/en\/dispositionseffekt\/","title":{"rendered":"Dispositionseffekt"},"content":{"rendered":"<p>Der Dispositionseffekt beschreibt an der B\u00f6rse die Neigung, Gewinne deutlich schneller zu realisieren als entstandene Verluste. Erzielt ein Investor einen Buchgewinn durch ein Wertpapiergesch\u00e4ft, ist der Anreiz f\u00fcr ihn gr\u00f6\u00dfer, diesen Gewinn durch Verkauf der Position zu realisieren, als wenn in gleicher H\u00f6he ein Buchverlust durch ein offenes Wertpapiergesch\u00e4ft entstanden ist. Der Anleger h\u00e4lt an der Verlustposition st\u00e4rker fest als an der Gewinnposition, da der Verkauf der Verlustposition das direkte Scheitern seiner Anlagef\u00e4higkeit widerspiegelt. Das Feshalten an der Verlustposition wird also durch Emotionen bestimmt, welche im Falle einer Schlie\u00dfung freigesetzt werden w\u00fcrden und bei wiederholtem Male das Selbstvertrauen des Anlegers besch\u00e4digen w\u00fcrde. Da dieser jedoch langfristig an der B\u00f6rse erfolgreich sein m\u00f6chte, &#8216;weigert&#8217; er sich den Fehler einzugestehen. <\/p>\n","protected":false},"excerpt":{"rendered":"<p>Der Dispositionseffekt beschreibt an der B\u00f6rse die Neigung, Gewinne deutlich schneller zu realisieren als entstandene Verluste. Erzielt ein Investor einen Buchgewinn durch ein Wertpapiergesch\u00e4ft, ist der Anreiz f\u00fcr ihn gr\u00f6\u00dfer, diesen Gewinn durch Verkauf der Position zu realisieren, als wenn in gleicher H\u00f6he ein Buchverlust durch ein offenes Wertpapiergesch\u00e4ft entstanden ist. Der Anleger h\u00e4lt an [&hellip;]<\/p>\n","protected":false},"author":1,"featured_media":0,"parent":0,"menu_order":0,"comment_status":"closed","ping_status":"closed","template":"","meta":{"site-sidebar-layout":"default","site-content-layout":"","ast-site-content-layout":"","site-content-style":"default","site-sidebar-style":"default","ast-global-header-display":"","ast-banner-title-visibility":"","ast-main-header-display":"","ast-hfb-above-header-display":"","ast-hfb-below-header-display":"","ast-hfb-mobile-header-display":"","site-post-title":"","ast-breadcrumbs-content":"","ast-featured-img":"","footer-sml-layout":"","theme-transparent-header-meta":"","adv-header-id-meta":"","stick-header-meta":"","header-above-stick-meta":"","header-main-stick-meta":"","header-below-stick-meta":"","astra-migrate-meta-layouts":"default","ast-page-background-enabled":"default","ast-page-background-meta":{"desktop":{"background-color":"","background-image":"","background-repeat":"repeat","background-position":"center center","background-size":"auto","background-attachment":"scroll","background-type":"","background-media":"","overlay-type":"","overlay-color":"","overlay-opacity":"","overlay-gradient":""},"tablet":{"background-color":"","background-image":"","background-repeat":"repeat","background-position":"center center","background-size":"auto","background-attachment":"scroll","background-type":"","background-media":"","overlay-type":"","overlay-color":"","overlay-opacity":"","overlay-gradient":""},"mobile":{"background-color":"","background-image":"","background-repeat":"repeat","background-position":"center center","background-size":"auto","background-attachment":"scroll","background-type":"","background-media":"","overlay-type":"","overlay-color":"","overlay-opacity":"","overlay-gradient":""}},"ast-content-background-meta":{"desktop":{"background-color":"var(--ast-global-color-5)","background-image":"","background-repeat":"repeat","background-position":"center center","background-size":"auto","background-attachment":"scroll","background-type":"","background-media":"","overlay-type":"","overlay-color":"","overlay-opacity":"","overlay-gradient":""},"tablet":{"background-color":"var(--ast-global-color-5)","background-image":"","background-repeat":"repeat","background-position":"center center","background-size":"auto","background-attachment":"scroll","background-type":"","background-media":"","overlay-type":"","overlay-color":"","overlay-opacity":"","overlay-gradient":""},"mobile":{"background-color":"var(--ast-global-color-5)","background-image":"","background-repeat":"repeat","background-position":"center center","background-size":"auto","background-attachment":"scroll","background-type":"","background-media":"","overlay-type":"","overlay-color":"","overlay-opacity":"","overlay-gradient":""}},"footnotes":""},"class_list":["post-7597","page","type-page","status-publish","hentry"],"translation":{"provider":"WPGlobus","version":"3.0.2","language":"en","enabled_languages":["de","en"],"languages":{"de":{"title":true,"content":true,"excerpt":false},"en":{"title":false,"content":false,"excerpt":false}}},"featured_image_urls_v2":{"full":"","thumbnail":"","medium":"","medium_large":"","large":"","1536x1536":"","2048x2048":""},"post_excerpt_stackable_v2":"<p>Der Dispositionseffekt beschreibt an der B\u00f6rse die Neigung, Gewinne deutlich schneller zu realisieren als entstandene Verluste. Erzielt ein Investor einen Buchgewinn durch ein Wertpapiergesch\u00e4ft, ist der Anreiz f\u00fcr ihn gr\u00f6\u00dfer, diesen Gewinn durch Verkauf der Position zu realisieren, als wenn in gleicher H\u00f6he ein Buchverlust durch ein offenes Wertpapiergesch\u00e4ft entstanden ist. Der Anleger h\u00e4lt an der Verlustposition st\u00e4rker fest als an der Gewinnposition, da der Verkauf der Verlustposition das direkte Scheitern seiner Anlagef\u00e4higkeit widerspiegelt. Das Feshalten an der Verlustposition wird also durch Emotionen bestimmt, welche im Falle einer Schlie\u00dfung freigesetzt werden w\u00fcrden und bei wiederholtem Male das Selbstvertrauen des Anlegers&hellip;<\/p>\n","category_list_v2":"","author_info_v2":{"name":"PrudentWater","url":"https:\/\/prudentwater.com\/en\/author\/niklas33\/"},"comments_num_v2":"0 comments","_links":{"self":[{"href":"https:\/\/prudentwater.com\/en\/wp-json\/wp\/v2\/pages\/7597","targetHints":{"allow":["GET"]}}],"collection":[{"href":"https:\/\/prudentwater.com\/en\/wp-json\/wp\/v2\/pages"}],"about":[{"href":"https:\/\/prudentwater.com\/en\/wp-json\/wp\/v2\/types\/page"}],"author":[{"embeddable":true,"href":"https:\/\/prudentwater.com\/en\/wp-json\/wp\/v2\/users\/1"}],"replies":[{"embeddable":true,"href":"https:\/\/prudentwater.com\/en\/wp-json\/wp\/v2\/comments?post=7597"}],"version-history":[{"count":0,"href":"https:\/\/prudentwater.com\/en\/wp-json\/wp\/v2\/pages\/7597\/revisions"}],"wp:attachment":[{"href":"https:\/\/prudentwater.com\/en\/wp-json\/wp\/v2\/media?parent=7597"}],"curies":[{"name":"wp","href":"https:\/\/api.w.org\/{rel}","templated":true}]}}