{"id":761,"date":"2014-09-09T13:21:01","date_gmt":"2014-09-09T13:21:01","guid":{"rendered":"http:\/\/www.kunnskap.de\/?page_id=761"},"modified":"2021-06-25T12:48:22","modified_gmt":"2021-06-25T10:48:22","slug":"buchgewinn","status":"publish","type":"page","link":"https:\/\/prudentwater.com\/en\/buchgewinn\/","title":{"rendered":"Buchgewinn"},"content":{"rendered":"<p>engl. <strong>Book Profit<\/strong> oder <strong>Paper Profit<\/strong><\/p>\n<hr>\n<h4>Buchgewinn in der Bilanz<\/h4>\n<p>Ein Buchgewinn in der Bilanz entsteht dann, wenn ein Teil des Unternehmens (z.B. eine Tochtergesellschaft, ein Geb\u00e4ude oder eine Maschine) verkauft wird und beim Verkauf ein h\u00f6herer Preis als der aktuelle Buchwert (jener Wert, zu dem das Objekt zu diesem Zeitpunkt in der Bilanz ausgewiesen ist) erzielt wird. Durch den Verkauf \u00fcber Buchwert entsteht somit ein Buchgewinn.<\/p>\n<h6>Zum Beispiel:<\/h6>\n<p>Das Unternehmen verkauft eine ihrer Tochtergesellschaften f\u00fcr 1.000.000 Euro. In der Bilanz ist die Tochtergesellschaft mit einem Buchwert von 800.000 Euro angegeben. Ein Buchgewinn von 200.000 Euro wurde somit erzielt.<\/p>\n<h4>Buchgewinn im Wertpapierhandel<\/h4>\n<p>In dem Depot des Anlegers liegt dann ein Buchgewinn vor, wenn eine seiner Wertpapierposition im Plus liegt, er diesen Gewinn bis dato jedoch noch nicht durch den Verkauf der Wertpapiere realisiert hat. Solange er die Wertpapiere h\u00e4lt, k\u00f6nnen diese im Kurs auch wieder fallen und der Buchgewinn kann sich in einen Buchverlust umschlagen. Verkauft er die Wertpapiere jedoch w\u00e4hrend er mit ihnen im Plus ist, so wird aus dem Buchgewinn ein tats\u00e4chlich erzielter Gewinn &#8211; auch Ver\u00e4u\u00dferungsgewinn genannt.<\/p>\n","protected":false},"excerpt":{"rendered":"<p>engl. Book Profit oder Paper Profit Buchgewinn in der Bilanz Ein Buchgewinn in der Bilanz entsteht dann, wenn ein Teil des Unternehmens (z.B. eine Tochtergesellschaft, ein Geb\u00e4ude oder eine Maschine) verkauft wird und beim Verkauf ein h\u00f6herer Preis als der aktuelle Buchwert (jener Wert, zu dem das Objekt zu diesem Zeitpunkt in der Bilanz ausgewiesen [&hellip;]<\/p>\n","protected":false},"author":1,"featured_media":0,"parent":0,"menu_order":0,"comment_status":"closed","ping_status":"closed","template":"","meta":{"site-sidebar-layout":"default","site-content-layout":"","ast-site-content-layout":"","site-content-style":"default","site-sidebar-style":"default","ast-global-header-display":"","ast-banner-title-visibility":"","ast-main-header-display":"","ast-hfb-above-header-display":"","ast-hfb-below-header-display":"","ast-hfb-mobile-header-display":"","site-post-title":"","ast-breadcrumbs-content":"","ast-featured-img":"","footer-sml-layout":"","theme-transparent-header-meta":"","adv-header-id-meta":"","stick-header-meta":"","header-above-stick-meta":"","header-main-stick-meta":"","header-below-stick-meta":"","astra-migrate-meta-layouts":"default","ast-page-background-enabled":"default","ast-page-background-meta":{"desktop":{"background-color":"","background-image":"","background-repeat":"repeat","background-position":"center center","background-size":"auto","background-attachment":"scroll","background-type":"","background-media":"","overlay-type":"","overlay-color":"","overlay-opacity":"","overlay-gradient":""},"tablet":{"background-color":"","background-image":"","background-repeat":"repeat","background-position":"center center","background-size":"auto","background-attachment":"scroll","background-type":"","background-media":"","overlay-type":"","overlay-color":"","overlay-opacity":"","overlay-gradient":""},"mobile":{"background-color":"","background-image":"","background-repeat":"repeat","background-position":"center center","background-size":"auto","background-attachment":"scroll","background-type":"","background-media":"","overlay-type":"","overlay-color":"","overlay-opacity":"","overlay-gradient":""}},"ast-content-background-meta":{"desktop":{"background-color":"var(--ast-global-color-5)","background-image":"","background-repeat":"repeat","background-position":"center center","background-size":"auto","background-attachment":"scroll","background-type":"","background-media":"","overlay-type":"","overlay-color":"","overlay-opacity":"","overlay-gradient":""},"tablet":{"background-color":"var(--ast-global-color-5)","background-image":"","background-repeat":"repeat","background-position":"center center","background-size":"auto","background-attachment":"scroll","background-type":"","background-media":"","overlay-type":"","overlay-color":"","overlay-opacity":"","overlay-gradient":""},"mobile":{"background-color":"var(--ast-global-color-5)","background-image":"","background-repeat":"repeat","background-position":"center center","background-size":"auto","background-attachment":"scroll","background-type":"","background-media":"","overlay-type":"","overlay-color":"","overlay-opacity":"","overlay-gradient":""}},"footnotes":""},"class_list":["post-761","page","type-page","status-publish","hentry"],"translation":{"provider":"WPGlobus","version":"3.0.2","language":"en","enabled_languages":["de","en"],"languages":{"de":{"title":true,"content":true,"excerpt":false},"en":{"title":false,"content":false,"excerpt":false}}},"featured_image_urls_v2":{"full":"","thumbnail":"","medium":"","medium_large":"","large":"","1536x1536":"","2048x2048":""},"post_excerpt_stackable_v2":"<p>engl. Book Profit oder Paper Profit Buchgewinn in der Bilanz Ein Buchgewinn in der Bilanz entsteht dann, wenn ein Teil des Unternehmens (z.B. eine Tochtergesellschaft, ein Geb\u00e4ude oder eine Maschine) verkauft wird und beim Verkauf ein h\u00f6herer Preis als der aktuelle Buchwert (jener Wert, zu dem das Objekt zu diesem Zeitpunkt in der Bilanz ausgewiesen ist) erzielt wird. Durch den Verkauf \u00fcber Buchwert entsteht somit ein Buchgewinn. Zum Beispiel: Das Unternehmen verkauft eine ihrer Tochtergesellschaften f\u00fcr 1.000.000 Euro. In der Bilanz ist die Tochtergesellschaft mit einem Buchwert von 800.000 Euro angegeben. Ein Buchgewinn von 200.000 Euro wurde somit erzielt. Buchgewinn&hellip;<\/p>\n","category_list_v2":"","author_info_v2":{"name":"PrudentWater","url":"https:\/\/prudentwater.com\/en\/author\/niklas33\/"},"comments_num_v2":"0 comments","_links":{"self":[{"href":"https:\/\/prudentwater.com\/en\/wp-json\/wp\/v2\/pages\/761","targetHints":{"allow":["GET"]}}],"collection":[{"href":"https:\/\/prudentwater.com\/en\/wp-json\/wp\/v2\/pages"}],"about":[{"href":"https:\/\/prudentwater.com\/en\/wp-json\/wp\/v2\/types\/page"}],"author":[{"embeddable":true,"href":"https:\/\/prudentwater.com\/en\/wp-json\/wp\/v2\/users\/1"}],"replies":[{"embeddable":true,"href":"https:\/\/prudentwater.com\/en\/wp-json\/wp\/v2\/comments?post=761"}],"version-history":[{"count":0,"href":"https:\/\/prudentwater.com\/en\/wp-json\/wp\/v2\/pages\/761\/revisions"}],"wp:attachment":[{"href":"https:\/\/prudentwater.com\/en\/wp-json\/wp\/v2\/media?parent=761"}],"curies":[{"name":"wp","href":"https:\/\/api.w.org\/{rel}","templated":true}]}}