{"id":7632,"date":"2016-07-26T07:32:33","date_gmt":"2016-07-26T07:32:33","guid":{"rendered":"http:\/\/www.kunnskap.de\/?page_id=7632"},"modified":"2021-06-25T12:50:15","modified_gmt":"2021-06-25T10:50:15","slug":"unterstutzungslinie","status":"publish","type":"page","link":"https:\/\/prudentwater.com\/en\/unterstutzungslinie\/","title":{"rendered":"Unterst\u00fctzungslinie"},"content":{"rendered":"<p>Die Unterst\u00fctzungslinie beschreibt in der Charttechnik ein Preisniveau, welches aufgrund charttechnischer Formationen als stabil und nach unten als schwer zu durchbrechen angesehen wird. Die Unterst\u00fctzungslinie begrenzt somit den Kursverlauf nach unten hin, da ein nachhaltiges Fallen des Kurses unter dieser Linie als zun\u00e4chst unwahrscheinlich angesehen wird. Oftmals liegt die Unterst\u00fctzungslinie auf der H\u00f6he von vorangegangenen Kurstiefs, die wiederholt erreicht, jedoch nicht unterschritten wurden.<br \/>\nF\u00e4llt der Kurs jedoch nachhaltig unter die Unterst\u00fctzungslinie, welche auch oftmals als psychische Barriere angesehen wird, so generiert dies in der technischen Analyse ein Verkaufssignal. Au\u00dferdem wird die Unterst\u00fctzungslinie dann zur Widerstandslinie. Die Unterst\u00fctzungslinie muss nicht ausschlie\u00dflich waagerecht sein, sondern kann auch geneigt sein, wobei es dann mit der Widerstandslinie einen Trendkanal bilden w\u00fcrde. Je h\u00e4ufiger der Kurs von der Unterst\u00fctzungslinie wieder abprallt, desto schwerer ist sie nach der Theorie der Charttechnik nach unten hin zu durchbrechen. Die Unterst\u00fctzungslinie liegt immer unter dem aktuellen Kurs, die Widerstandslinie stets \u00fcber dem aktuellen Kurs. <\/p>\n","protected":false},"excerpt":{"rendered":"<p>Die Unterst\u00fctzungslinie beschreibt in der Charttechnik ein Preisniveau, welches aufgrund charttechnischer Formationen als stabil und nach unten als schwer zu durchbrechen angesehen wird. Die Unterst\u00fctzungslinie begrenzt somit den Kursverlauf nach unten hin, da ein nachhaltiges Fallen des Kurses unter dieser Linie als zun\u00e4chst unwahrscheinlich angesehen wird. Oftmals liegt die Unterst\u00fctzungslinie auf der H\u00f6he von vorangegangenen [&hellip;]<\/p>\n","protected":false},"author":1,"featured_media":0,"parent":0,"menu_order":0,"comment_status":"closed","ping_status":"closed","template":"","meta":{"site-sidebar-layout":"default","site-content-layout":"","ast-site-content-layout":"","site-content-style":"default","site-sidebar-style":"default","ast-global-header-display":"","ast-banner-title-visibility":"","ast-main-header-display":"","ast-hfb-above-header-display":"","ast-hfb-below-header-display":"","ast-hfb-mobile-header-display":"","site-post-title":"","ast-breadcrumbs-content":"","ast-featured-img":"","footer-sml-layout":"","theme-transparent-header-meta":"","adv-header-id-meta":"","stick-header-meta":"","header-above-stick-meta":"","header-main-stick-meta":"","header-below-stick-meta":"","astra-migrate-meta-layouts":"default","ast-page-background-enabled":"default","ast-page-background-meta":{"desktop":{"background-color":"","background-image":"","background-repeat":"repeat","background-position":"center center","background-size":"auto","background-attachment":"scroll","background-type":"","background-media":"","overlay-type":"","overlay-color":"","overlay-opacity":"","overlay-gradient":""},"tablet":{"background-color":"","background-image":"","background-repeat":"repeat","background-position":"center center","background-size":"auto","background-attachment":"scroll","background-type":"","background-media":"","overlay-type":"","overlay-color":"","overlay-opacity":"","overlay-gradient":""},"mobile":{"background-color":"","background-image":"","background-repeat":"repeat","background-position":"center center","background-size":"auto","background-attachment":"scroll","background-type":"","background-media":"","overlay-type":"","overlay-color":"","overlay-opacity":"","overlay-gradient":""}},"ast-content-background-meta":{"desktop":{"background-color":"var(--ast-global-color-5)","background-image":"","background-repeat":"repeat","background-position":"center center","background-size":"auto","background-attachment":"scroll","background-type":"","background-media":"","overlay-type":"","overlay-color":"","overlay-opacity":"","overlay-gradient":""},"tablet":{"background-color":"var(--ast-global-color-5)","background-image":"","background-repeat":"repeat","background-position":"center center","background-size":"auto","background-attachment":"scroll","background-type":"","background-media":"","overlay-type":"","overlay-color":"","overlay-opacity":"","overlay-gradient":""},"mobile":{"background-color":"var(--ast-global-color-5)","background-image":"","background-repeat":"repeat","background-position":"center center","background-size":"auto","background-attachment":"scroll","background-type":"","background-media":"","overlay-type":"","overlay-color":"","overlay-opacity":"","overlay-gradient":""}},"footnotes":""},"class_list":["post-7632","page","type-page","status-publish","hentry"],"translation":{"provider":"WPGlobus","version":"3.0.2","language":"en","enabled_languages":["de","en"],"languages":{"de":{"title":true,"content":true,"excerpt":false},"en":{"title":false,"content":false,"excerpt":false}}},"featured_image_urls_v2":{"full":"","thumbnail":"","medium":"","medium_large":"","large":"","1536x1536":"","2048x2048":""},"post_excerpt_stackable_v2":"<p>Die Unterst\u00fctzungslinie beschreibt in der Charttechnik ein Preisniveau, welches aufgrund charttechnischer Formationen als stabil und nach unten als schwer zu durchbrechen angesehen wird. Die Unterst\u00fctzungslinie begrenzt somit den Kursverlauf nach unten hin, da ein nachhaltiges Fallen des Kurses unter dieser Linie als zun\u00e4chst unwahrscheinlich angesehen wird. Oftmals liegt die Unterst\u00fctzungslinie auf der H\u00f6he von vorangegangenen Kurstiefs, die wiederholt erreicht, jedoch nicht unterschritten wurden. F\u00e4llt der Kurs jedoch nachhaltig unter die Unterst\u00fctzungslinie, welche auch oftmals als psychische Barriere angesehen wird, so generiert dies in der technischen Analyse ein Verkaufssignal. Au\u00dferdem wird die Unterst\u00fctzungslinie dann zur Widerstandslinie. Die Unterst\u00fctzungslinie muss nicht ausschlie\u00dflich&hellip;<\/p>\n","category_list_v2":"","author_info_v2":{"name":"PrudentWater","url":"https:\/\/prudentwater.com\/en\/author\/niklas33\/"},"comments_num_v2":"0 comments","_links":{"self":[{"href":"https:\/\/prudentwater.com\/en\/wp-json\/wp\/v2\/pages\/7632","targetHints":{"allow":["GET"]}}],"collection":[{"href":"https:\/\/prudentwater.com\/en\/wp-json\/wp\/v2\/pages"}],"about":[{"href":"https:\/\/prudentwater.com\/en\/wp-json\/wp\/v2\/types\/page"}],"author":[{"embeddable":true,"href":"https:\/\/prudentwater.com\/en\/wp-json\/wp\/v2\/users\/1"}],"replies":[{"embeddable":true,"href":"https:\/\/prudentwater.com\/en\/wp-json\/wp\/v2\/comments?post=7632"}],"version-history":[{"count":0,"href":"https:\/\/prudentwater.com\/en\/wp-json\/wp\/v2\/pages\/7632\/revisions"}],"wp:attachment":[{"href":"https:\/\/prudentwater.com\/en\/wp-json\/wp\/v2\/media?parent=7632"}],"curies":[{"name":"wp","href":"https:\/\/api.w.org\/{rel}","templated":true}]}}