{"id":7637,"date":"2016-07-26T08:03:52","date_gmt":"2016-07-26T08:03:52","guid":{"rendered":"http:\/\/www.kunnskap.de\/?page_id=7637"},"modified":"2021-06-25T12:50:17","modified_gmt":"2021-06-25T10:50:17","slug":"widerstandslinie","status":"publish","type":"page","link":"https:\/\/prudentwater.com\/en\/widerstandslinie\/","title":{"rendered":"Widerstandslinie"},"content":{"rendered":"<p>Die Widerstandslinie beschreibt in der Charttechnik eine Preisbarriere, welche aufgrund charttechnischer Formationen als widerstandsf\u00e4hig und schwer zu durchbrechen angesehen wird. Die Widerstandslinie begrenzt somit den Kursverlauf nach oben hin, da ein langfristiges \u00dcbersteigen des Kurses \u00fcber dieser Linie als zun\u00e4chst unwahrscheinlich angesehen wird. Steigt der Kurs jedoch \u00fcber die Widerstandslinie, welche auch als psychische Barriere angesehen wird, so generiert dies in der technischen Analyse ein Kaufsignal und zeitgleich wird die Widerstandslinie zur Unterst\u00fctzungslinie. Die Widerstandslinie muss nicht ausschlie\u00dflich waagerecht sein, sondern kann auch geneigt sein, wobei es dann mit der Unterst\u00fctzungslinie einen Trendkanal bilden w\u00fcrde. Je h\u00e4ufiger der Kurs von der Widerstandslinie abgeprallt ist, desto schwerer ist sie nach der Theorie der Charttechnik zu \u00fcberwinden. Die Widerstandslinie liegt immer \u00fcber dem aktuellen Kurs, die Unterst\u00fctzungslinie stets unter dem aktuellen Kurs. <\/p>\n","protected":false},"excerpt":{"rendered":"<p>Die Widerstandslinie beschreibt in der Charttechnik eine Preisbarriere, welche aufgrund charttechnischer Formationen als widerstandsf\u00e4hig und schwer zu durchbrechen angesehen wird. Die Widerstandslinie begrenzt somit den Kursverlauf nach oben hin, da ein langfristiges \u00dcbersteigen des Kurses \u00fcber dieser Linie als zun\u00e4chst unwahrscheinlich angesehen wird. Steigt der Kurs jedoch \u00fcber die Widerstandslinie, welche auch als psychische Barriere [&hellip;]<\/p>\n","protected":false},"author":1,"featured_media":0,"parent":0,"menu_order":0,"comment_status":"closed","ping_status":"closed","template":"","meta":{"site-sidebar-layout":"default","site-content-layout":"","ast-site-content-layout":"","site-content-style":"default","site-sidebar-style":"default","ast-global-header-display":"","ast-banner-title-visibility":"","ast-main-header-display":"","ast-hfb-above-header-display":"","ast-hfb-below-header-display":"","ast-hfb-mobile-header-display":"","site-post-title":"","ast-breadcrumbs-content":"","ast-featured-img":"","footer-sml-layout":"","theme-transparent-header-meta":"","adv-header-id-meta":"","stick-header-meta":"","header-above-stick-meta":"","header-main-stick-meta":"","header-below-stick-meta":"","astra-migrate-meta-layouts":"default","ast-page-background-enabled":"default","ast-page-background-meta":{"desktop":{"background-color":"","background-image":"","background-repeat":"repeat","background-position":"center center","background-size":"auto","background-attachment":"scroll","background-type":"","background-media":"","overlay-type":"","overlay-color":"","overlay-opacity":"","overlay-gradient":""},"tablet":{"background-color":"","background-image":"","background-repeat":"repeat","background-position":"center center","background-size":"auto","background-attachment":"scroll","background-type":"","background-media":"","overlay-type":"","overlay-color":"","overlay-opacity":"","overlay-gradient":""},"mobile":{"background-color":"","background-image":"","background-repeat":"repeat","background-position":"center center","background-size":"auto","background-attachment":"scroll","background-type":"","background-media":"","overlay-type":"","overlay-color":"","overlay-opacity":"","overlay-gradient":""}},"ast-content-background-meta":{"desktop":{"background-color":"var(--ast-global-color-5)","background-image":"","background-repeat":"repeat","background-position":"center center","background-size":"auto","background-attachment":"scroll","background-type":"","background-media":"","overlay-type":"","overlay-color":"","overlay-opacity":"","overlay-gradient":""},"tablet":{"background-color":"var(--ast-global-color-5)","background-image":"","background-repeat":"repeat","background-position":"center center","background-size":"auto","background-attachment":"scroll","background-type":"","background-media":"","overlay-type":"","overlay-color":"","overlay-opacity":"","overlay-gradient":""},"mobile":{"background-color":"var(--ast-global-color-5)","background-image":"","background-repeat":"repeat","background-position":"center center","background-size":"auto","background-attachment":"scroll","background-type":"","background-media":"","overlay-type":"","overlay-color":"","overlay-opacity":"","overlay-gradient":""}},"footnotes":""},"class_list":["post-7637","page","type-page","status-publish","hentry"],"translation":{"provider":"WPGlobus","version":"3.0.2","language":"en","enabled_languages":["de","en"],"languages":{"de":{"title":true,"content":true,"excerpt":false},"en":{"title":false,"content":false,"excerpt":false}}},"featured_image_urls_v2":{"full":"","thumbnail":"","medium":"","medium_large":"","large":"","1536x1536":"","2048x2048":""},"post_excerpt_stackable_v2":"<p>Die Widerstandslinie beschreibt in der Charttechnik eine Preisbarriere, welche aufgrund charttechnischer Formationen als widerstandsf\u00e4hig und schwer zu durchbrechen angesehen wird. Die Widerstandslinie begrenzt somit den Kursverlauf nach oben hin, da ein langfristiges \u00dcbersteigen des Kurses \u00fcber dieser Linie als zun\u00e4chst unwahrscheinlich angesehen wird. Steigt der Kurs jedoch \u00fcber die Widerstandslinie, welche auch als psychische Barriere angesehen wird, so generiert dies in der technischen Analyse ein Kaufsignal und zeitgleich wird die Widerstandslinie zur Unterst\u00fctzungslinie. Die Widerstandslinie muss nicht ausschlie\u00dflich waagerecht sein, sondern kann auch geneigt sein, wobei es dann mit der Unterst\u00fctzungslinie einen Trendkanal bilden w\u00fcrde. Je h\u00e4ufiger der Kurs von&hellip;<\/p>\n","category_list_v2":"","author_info_v2":{"name":"PrudentWater","url":"https:\/\/prudentwater.com\/en\/author\/niklas33\/"},"comments_num_v2":"0 comments","_links":{"self":[{"href":"https:\/\/prudentwater.com\/en\/wp-json\/wp\/v2\/pages\/7637","targetHints":{"allow":["GET"]}}],"collection":[{"href":"https:\/\/prudentwater.com\/en\/wp-json\/wp\/v2\/pages"}],"about":[{"href":"https:\/\/prudentwater.com\/en\/wp-json\/wp\/v2\/types\/page"}],"author":[{"embeddable":true,"href":"https:\/\/prudentwater.com\/en\/wp-json\/wp\/v2\/users\/1"}],"replies":[{"embeddable":true,"href":"https:\/\/prudentwater.com\/en\/wp-json\/wp\/v2\/comments?post=7637"}],"version-history":[{"count":0,"href":"https:\/\/prudentwater.com\/en\/wp-json\/wp\/v2\/pages\/7637\/revisions"}],"wp:attachment":[{"href":"https:\/\/prudentwater.com\/en\/wp-json\/wp\/v2\/media?parent=7637"}],"curies":[{"name":"wp","href":"https:\/\/api.w.org\/{rel}","templated":true}]}}