{"id":764,"date":"2014-09-09T13:33:28","date_gmt":"2014-09-09T13:33:28","guid":{"rendered":"http:\/\/www.kunnskap.de\/?page_id=764"},"modified":"2021-06-25T12:48:22","modified_gmt":"2021-06-25T10:48:22","slug":"buchverlust","status":"publish","type":"page","link":"https:\/\/prudentwater.com\/en\/buchverlust\/","title":{"rendered":"Buchverlust"},"content":{"rendered":"<p>engl. <strong>Book Loss<\/strong> oder <strong>Paper Loss<\/strong><\/p>\n<hr>\n<h5>Buchverlust in der Bilanz<\/h5>\n<p>Ein Buchverlust entsteht in der Bilanz dann, wenn ein Teil des Unternehmens (z.B. eine Tochtergesellschaft, ein Geb\u00e4ude oder eine Maschine) verkauft wird und beim Verkauf ein niedriger Preis als der Buchwert (der Wert, zu dem das Objekt zu diesem Zeitpunkt in der Bilanz ausgewiesen ist) erzielt wird. Durch den Verkauf unter Buchwert entsteht somit ein Buchverlust. Dieser Buchverlust mindert anschlie\u00dfend auch den Jahres\u00fcberschuss des Unternehmens.<\/p>\n<h6>Zum Beispiel:<\/h6>\n<p>Das Unternehmen verkauft eine ihrer Tochtergesellschaften f\u00fcr 1.000.000 Euro. In der Bilanz ist die Tochtergesellschaft jedoch aktuell mit einem Buchwert von 1.200.000 Euro angegeben. Somit wurde ein Buchverlust von 200.000 verursacht.<\/p>\n<h5>Buchverlust beim Wertpapierhandel<\/h5>\n<p>In dem Depot des Anlegers besteht dann ein Buchverlust, wenn seine Wertpapiere im Minus liegen, er diesen Kursverlust bis jetzt jedoch noch nicht durch den Verkauf der Wertpapiere realisiert hat. Denn solange er die Wertpapiere h\u00e4lt, k\u00f6nnen diese im Kurs nat\u00fcrlich auch wieder steigen und der Buchverlust kann sich in einen Buchgewinn umschlagen oder aber es wird zumindest wieder der Einstandskurs erreicht. Verkauft er die Wertpapiere jedoch w\u00e4hrend er mit diesen im Minus liegt, so wird aus dem Buchverlust ein Ver\u00e4u\u00dferungsverlust.<\/p>\n","protected":false},"excerpt":{"rendered":"<p>engl. Book Loss oder Paper Loss Buchverlust in der Bilanz Ein Buchverlust entsteht in der Bilanz dann, wenn ein Teil des Unternehmens (z.B. eine Tochtergesellschaft, ein Geb\u00e4ude oder eine Maschine) verkauft wird und beim Verkauf ein niedriger Preis als der Buchwert (der Wert, zu dem das Objekt zu diesem Zeitpunkt in der Bilanz ausgewiesen ist) [&hellip;]<\/p>\n","protected":false},"author":1,"featured_media":0,"parent":0,"menu_order":0,"comment_status":"closed","ping_status":"closed","template":"","meta":{"site-sidebar-layout":"default","site-content-layout":"","ast-site-content-layout":"","site-content-style":"default","site-sidebar-style":"default","ast-global-header-display":"","ast-banner-title-visibility":"","ast-main-header-display":"","ast-hfb-above-header-display":"","ast-hfb-below-header-display":"","ast-hfb-mobile-header-display":"","site-post-title":"","ast-breadcrumbs-content":"","ast-featured-img":"","footer-sml-layout":"","theme-transparent-header-meta":"","adv-header-id-meta":"","stick-header-meta":"","header-above-stick-meta":"","header-main-stick-meta":"","header-below-stick-meta":"","astra-migrate-meta-layouts":"default","ast-page-background-enabled":"default","ast-page-background-meta":{"desktop":{"background-color":"","background-image":"","background-repeat":"repeat","background-position":"center center","background-size":"auto","background-attachment":"scroll","background-type":"","background-media":"","overlay-type":"","overlay-color":"","overlay-opacity":"","overlay-gradient":""},"tablet":{"background-color":"","background-image":"","background-repeat":"repeat","background-position":"center center","background-size":"auto","background-attachment":"scroll","background-type":"","background-media":"","overlay-type":"","overlay-color":"","overlay-opacity":"","overlay-gradient":""},"mobile":{"background-color":"","background-image":"","background-repeat":"repeat","background-position":"center center","background-size":"auto","background-attachment":"scroll","background-type":"","background-media":"","overlay-type":"","overlay-color":"","overlay-opacity":"","overlay-gradient":""}},"ast-content-background-meta":{"desktop":{"background-color":"var(--ast-global-color-5)","background-image":"","background-repeat":"repeat","background-position":"center center","background-size":"auto","background-attachment":"scroll","background-type":"","background-media":"","overlay-type":"","overlay-color":"","overlay-opacity":"","overlay-gradient":""},"tablet":{"background-color":"var(--ast-global-color-5)","background-image":"","background-repeat":"repeat","background-position":"center center","background-size":"auto","background-attachment":"scroll","background-type":"","background-media":"","overlay-type":"","overlay-color":"","overlay-opacity":"","overlay-gradient":""},"mobile":{"background-color":"var(--ast-global-color-5)","background-image":"","background-repeat":"repeat","background-position":"center center","background-size":"auto","background-attachment":"scroll","background-type":"","background-media":"","overlay-type":"","overlay-color":"","overlay-opacity":"","overlay-gradient":""}},"footnotes":""},"class_list":["post-764","page","type-page","status-publish","hentry"],"translation":{"provider":"WPGlobus","version":"3.0.2","language":"en","enabled_languages":["de","en"],"languages":{"de":{"title":true,"content":true,"excerpt":false},"en":{"title":false,"content":false,"excerpt":false}}},"featured_image_urls_v2":{"full":"","thumbnail":"","medium":"","medium_large":"","large":"","1536x1536":"","2048x2048":""},"post_excerpt_stackable_v2":"<p>engl. Book Loss oder Paper Loss Buchverlust in der Bilanz Ein Buchverlust entsteht in der Bilanz dann, wenn ein Teil des Unternehmens (z.B. eine Tochtergesellschaft, ein Geb\u00e4ude oder eine Maschine) verkauft wird und beim Verkauf ein niedriger Preis als der Buchwert (der Wert, zu dem das Objekt zu diesem Zeitpunkt in der Bilanz ausgewiesen ist) erzielt wird. Durch den Verkauf unter Buchwert entsteht somit ein Buchverlust. Dieser Buchverlust mindert anschlie\u00dfend auch den Jahres\u00fcberschuss des Unternehmens. Zum Beispiel: Das Unternehmen verkauft eine ihrer Tochtergesellschaften f\u00fcr 1.000.000 Euro. In der Bilanz ist die Tochtergesellschaft jedoch aktuell mit einem Buchwert von 1.200.000 Euro&hellip;<\/p>\n","category_list_v2":"","author_info_v2":{"name":"PrudentWater","url":"https:\/\/prudentwater.com\/en\/author\/niklas33\/"},"comments_num_v2":"0 comments","_links":{"self":[{"href":"https:\/\/prudentwater.com\/en\/wp-json\/wp\/v2\/pages\/764","targetHints":{"allow":["GET"]}}],"collection":[{"href":"https:\/\/prudentwater.com\/en\/wp-json\/wp\/v2\/pages"}],"about":[{"href":"https:\/\/prudentwater.com\/en\/wp-json\/wp\/v2\/types\/page"}],"author":[{"embeddable":true,"href":"https:\/\/prudentwater.com\/en\/wp-json\/wp\/v2\/users\/1"}],"replies":[{"embeddable":true,"href":"https:\/\/prudentwater.com\/en\/wp-json\/wp\/v2\/comments?post=764"}],"version-history":[{"count":0,"href":"https:\/\/prudentwater.com\/en\/wp-json\/wp\/v2\/pages\/764\/revisions"}],"wp:attachment":[{"href":"https:\/\/prudentwater.com\/en\/wp-json\/wp\/v2\/media?parent=764"}],"curies":[{"name":"wp","href":"https:\/\/api.w.org\/{rel}","templated":true}]}}