{"id":7653,"date":"2016-07-26T17:32:13","date_gmt":"2016-07-26T17:32:13","guid":{"rendered":"http:\/\/www.kunnskap.de\/?page_id=7653"},"modified":"2021-06-25T12:49:37","modified_gmt":"2021-06-25T10:49:37","slug":"neglected-firm-effect","status":"publish","type":"page","link":"https:\/\/prudentwater.com\/en\/neglected-firm-effect\/","title":{"rendered":"Neglected Firm Effect"},"content":{"rendered":"<p>Der Neglected Firm Effect beschreibt an der B\u00f6rse ein Verhaltensmuster, welches vor allem bei Nebenwerten zu beobachten ist. Wird \u00fcber einen l\u00e4ngeren Zeitraum ein Aktienunternehmen aufgrund dessen relativ kleiner Marktkapitalisierung nicht analysiert und somit teilweise schlicht von den Anlegern &#8216;\u00fcbersehen&#8217;, so entwickelt sich dessen Aktienkurs im Vergleich zu gr\u00f6\u00dferen Unternehmen schlechter. Erscheinen dann jedoch Analysen, werden Investoren auf das Unternehmen aufmerksam und der Aktienkurs entwickelt sich besser als der von Unternehmen aus derselben Branche. Vor den Analysen findet somit eine Underperformance statt, nach den Analysen dann jedoch eine bessere Entwicklung im Vergleich zum Gesamtmarkt. <\/p>\n","protected":false},"excerpt":{"rendered":"<p>Der Neglected Firm Effect beschreibt an der B\u00f6rse ein Verhaltensmuster, welches vor allem bei Nebenwerten zu beobachten ist. Wird \u00fcber einen l\u00e4ngeren Zeitraum ein Aktienunternehmen aufgrund dessen relativ kleiner Marktkapitalisierung nicht analysiert und somit teilweise schlicht von den Anlegern &#8216;\u00fcbersehen&#8217;, so entwickelt sich dessen Aktienkurs im Vergleich zu gr\u00f6\u00dferen Unternehmen schlechter. Erscheinen dann jedoch Analysen, [&hellip;]<\/p>\n","protected":false},"author":1,"featured_media":0,"parent":0,"menu_order":0,"comment_status":"closed","ping_status":"closed","template":"","meta":{"site-sidebar-layout":"default","site-content-layout":"","ast-site-content-layout":"","site-content-style":"default","site-sidebar-style":"default","ast-global-header-display":"","ast-banner-title-visibility":"","ast-main-header-display":"","ast-hfb-above-header-display":"","ast-hfb-below-header-display":"","ast-hfb-mobile-header-display":"","site-post-title":"","ast-breadcrumbs-content":"","ast-featured-img":"","footer-sml-layout":"","theme-transparent-header-meta":"","adv-header-id-meta":"","stick-header-meta":"","header-above-stick-meta":"","header-main-stick-meta":"","header-below-stick-meta":"","astra-migrate-meta-layouts":"default","ast-page-background-enabled":"default","ast-page-background-meta":{"desktop":{"background-color":"","background-image":"","background-repeat":"repeat","background-position":"center center","background-size":"auto","background-attachment":"scroll","background-type":"","background-media":"","overlay-type":"","overlay-color":"","overlay-opacity":"","overlay-gradient":""},"tablet":{"background-color":"","background-image":"","background-repeat":"repeat","background-position":"center center","background-size":"auto","background-attachment":"scroll","background-type":"","background-media":"","overlay-type":"","overlay-color":"","overlay-opacity":"","overlay-gradient":""},"mobile":{"background-color":"","background-image":"","background-repeat":"repeat","background-position":"center center","background-size":"auto","background-attachment":"scroll","background-type":"","background-media":"","overlay-type":"","overlay-color":"","overlay-opacity":"","overlay-gradient":""}},"ast-content-background-meta":{"desktop":{"background-color":"var(--ast-global-color-5)","background-image":"","background-repeat":"repeat","background-position":"center center","background-size":"auto","background-attachment":"scroll","background-type":"","background-media":"","overlay-type":"","overlay-color":"","overlay-opacity":"","overlay-gradient":""},"tablet":{"background-color":"var(--ast-global-color-5)","background-image":"","background-repeat":"repeat","background-position":"center center","background-size":"auto","background-attachment":"scroll","background-type":"","background-media":"","overlay-type":"","overlay-color":"","overlay-opacity":"","overlay-gradient":""},"mobile":{"background-color":"var(--ast-global-color-5)","background-image":"","background-repeat":"repeat","background-position":"center center","background-size":"auto","background-attachment":"scroll","background-type":"","background-media":"","overlay-type":"","overlay-color":"","overlay-opacity":"","overlay-gradient":""}},"footnotes":""},"class_list":["post-7653","page","type-page","status-publish","hentry"],"translation":{"provider":"WPGlobus","version":"3.0.2","language":"en","enabled_languages":["de","en"],"languages":{"de":{"title":true,"content":true,"excerpt":false},"en":{"title":false,"content":false,"excerpt":false}}},"featured_image_urls_v2":{"full":"","thumbnail":"","medium":"","medium_large":"","large":"","1536x1536":"","2048x2048":""},"post_excerpt_stackable_v2":"<p>Der Neglected Firm Effect beschreibt an der B\u00f6rse ein Verhaltensmuster, welches vor allem bei Nebenwerten zu beobachten ist. Wird \u00fcber einen l\u00e4ngeren Zeitraum ein Aktienunternehmen aufgrund dessen relativ kleiner Marktkapitalisierung nicht analysiert und somit teilweise schlicht von den Anlegern &#8216;\u00fcbersehen&#8217;, so entwickelt sich dessen Aktienkurs im Vergleich zu gr\u00f6\u00dferen Unternehmen schlechter. Erscheinen dann jedoch Analysen, werden Investoren auf das Unternehmen aufmerksam und der Aktienkurs entwickelt sich besser als der von Unternehmen aus derselben Branche. Vor den Analysen findet somit eine Underperformance statt, nach den Analysen dann jedoch eine bessere Entwicklung im Vergleich zum Gesamtmarkt.<\/p>\n","category_list_v2":"","author_info_v2":{"name":"PrudentWater","url":"https:\/\/prudentwater.com\/en\/author\/niklas33\/"},"comments_num_v2":"0 comments","_links":{"self":[{"href":"https:\/\/prudentwater.com\/en\/wp-json\/wp\/v2\/pages\/7653","targetHints":{"allow":["GET"]}}],"collection":[{"href":"https:\/\/prudentwater.com\/en\/wp-json\/wp\/v2\/pages"}],"about":[{"href":"https:\/\/prudentwater.com\/en\/wp-json\/wp\/v2\/types\/page"}],"author":[{"embeddable":true,"href":"https:\/\/prudentwater.com\/en\/wp-json\/wp\/v2\/users\/1"}],"replies":[{"embeddable":true,"href":"https:\/\/prudentwater.com\/en\/wp-json\/wp\/v2\/comments?post=7653"}],"version-history":[{"count":0,"href":"https:\/\/prudentwater.com\/en\/wp-json\/wp\/v2\/pages\/7653\/revisions"}],"wp:attachment":[{"href":"https:\/\/prudentwater.com\/en\/wp-json\/wp\/v2\/media?parent=7653"}],"curies":[{"name":"wp","href":"https:\/\/api.w.org\/{rel}","templated":true}]}}