{"id":770,"date":"2014-09-09T19:47:39","date_gmt":"2014-09-09T19:47:39","guid":{"rendered":"http:\/\/www.kunnskap.de\/?page_id=770"},"modified":"2021-06-25T12:48:21","modified_gmt":"2021-06-25T10:48:21","slug":"betriebskosten","status":"publish","type":"page","link":"https:\/\/prudentwater.com\/en\/betriebskosten\/","title":{"rendered":"Betriebskosten"},"content":{"rendered":"<p>Auch <strong>Betriebsaufwendungen<\/strong><br \/>\nengl. <strong>Operational Expenditures (OpEx)<\/strong> oder <strong>Operating Expense<\/strong><\/p>\n<p>Bei den Betriebskosten handelt es sich um die laufenden und t\u00e4glichen Aufwendungen, die in einem Unternehmen anfallen, um den t\u00e4glichen Betrieb aufrechterhalten zu k\u00f6nnen. Dazu geh\u00f6ren die Geh\u00e4lter an das Personal, Stromkosten, B\u00fcrokosten wie f\u00fcr beispielsweise Papier und Stifte sowie Kosten f\u00fcr Roh, Hilfs- und Betriebsstoffe zum Zwecke der Produktion. Diese werden dann in Materialaufwand und Personalaufwand innerhalb der Gewinn- und Verlustrechnung zusammengerechnet und um den Abschreibungsaufwand erg\u00e4nzt, da dieser ebenfalls zu den Betriebskosten geh\u00f6rt. All diese Ausgaben dienen schlie\u00dflich dazu, dass der t\u00e4gliche Betrieb des Unternehmens stattfinden kann.<\/p>\n","protected":false},"excerpt":{"rendered":"<p>Auch Betriebsaufwendungen engl. Operational Expenditures (OpEx) oder Operating Expense Bei den Betriebskosten handelt es sich um die laufenden und t\u00e4glichen Aufwendungen, die in einem Unternehmen anfallen, um den t\u00e4glichen Betrieb aufrechterhalten zu k\u00f6nnen. Dazu geh\u00f6ren die Geh\u00e4lter an das Personal, Stromkosten, B\u00fcrokosten wie f\u00fcr beispielsweise Papier und Stifte sowie Kosten f\u00fcr Roh, Hilfs- und Betriebsstoffe [&hellip;]<\/p>\n","protected":false},"author":1,"featured_media":0,"parent":0,"menu_order":0,"comment_status":"closed","ping_status":"closed","template":"","meta":{"site-sidebar-layout":"default","site-content-layout":"","ast-site-content-layout":"","site-content-style":"default","site-sidebar-style":"default","ast-global-header-display":"","ast-banner-title-visibility":"","ast-main-header-display":"","ast-hfb-above-header-display":"","ast-hfb-below-header-display":"","ast-hfb-mobile-header-display":"","site-post-title":"","ast-breadcrumbs-content":"","ast-featured-img":"","footer-sml-layout":"","theme-transparent-header-meta":"","adv-header-id-meta":"","stick-header-meta":"","header-above-stick-meta":"","header-main-stick-meta":"","header-below-stick-meta":"","astra-migrate-meta-layouts":"default","ast-page-background-enabled":"default","ast-page-background-meta":{"desktop":{"background-color":"","background-image":"","background-repeat":"repeat","background-position":"center center","background-size":"auto","background-attachment":"scroll","background-type":"","background-media":"","overlay-type":"","overlay-color":"","overlay-opacity":"","overlay-gradient":""},"tablet":{"background-color":"","background-image":"","background-repeat":"repeat","background-position":"center center","background-size":"auto","background-attachment":"scroll","background-type":"","background-media":"","overlay-type":"","overlay-color":"","overlay-opacity":"","overlay-gradient":""},"mobile":{"background-color":"","background-image":"","background-repeat":"repeat","background-position":"center center","background-size":"auto","background-attachment":"scroll","background-type":"","background-media":"","overlay-type":"","overlay-color":"","overlay-opacity":"","overlay-gradient":""}},"ast-content-background-meta":{"desktop":{"background-color":"var(--ast-global-color-5)","background-image":"","background-repeat":"repeat","background-position":"center center","background-size":"auto","background-attachment":"scroll","background-type":"","background-media":"","overlay-type":"","overlay-color":"","overlay-opacity":"","overlay-gradient":""},"tablet":{"background-color":"var(--ast-global-color-5)","background-image":"","background-repeat":"repeat","background-position":"center center","background-size":"auto","background-attachment":"scroll","background-type":"","background-media":"","overlay-type":"","overlay-color":"","overlay-opacity":"","overlay-gradient":""},"mobile":{"background-color":"var(--ast-global-color-5)","background-image":"","background-repeat":"repeat","background-position":"center center","background-size":"auto","background-attachment":"scroll","background-type":"","background-media":"","overlay-type":"","overlay-color":"","overlay-opacity":"","overlay-gradient":""}},"footnotes":""},"class_list":["post-770","page","type-page","status-publish","hentry"],"translation":{"provider":"WPGlobus","version":"3.0.2","language":"en","enabled_languages":["de","en"],"languages":{"de":{"title":true,"content":true,"excerpt":false},"en":{"title":false,"content":false,"excerpt":false}}},"featured_image_urls_v2":{"full":"","thumbnail":"","medium":"","medium_large":"","large":"","1536x1536":"","2048x2048":""},"post_excerpt_stackable_v2":"<p>Auch Betriebsaufwendungen engl. Operational Expenditures (OpEx) oder Operating Expense Bei den Betriebskosten handelt es sich um die laufenden und t\u00e4glichen Aufwendungen, die in einem Unternehmen anfallen, um den t\u00e4glichen Betrieb aufrechterhalten zu k\u00f6nnen. Dazu geh\u00f6ren die Geh\u00e4lter an das Personal, Stromkosten, B\u00fcrokosten wie f\u00fcr beispielsweise Papier und Stifte sowie Kosten f\u00fcr Roh, Hilfs- und Betriebsstoffe zum Zwecke der Produktion. Diese werden dann in Materialaufwand und Personalaufwand innerhalb der Gewinn- und Verlustrechnung zusammengerechnet und um den Abschreibungsaufwand erg\u00e4nzt, da dieser ebenfalls zu den Betriebskosten geh\u00f6rt. All diese Ausgaben dienen schlie\u00dflich dazu, dass der t\u00e4gliche Betrieb des Unternehmens stattfinden kann.<\/p>\n","category_list_v2":"","author_info_v2":{"name":"PrudentWater","url":"https:\/\/prudentwater.com\/en\/author\/niklas33\/"},"comments_num_v2":"0 comments","_links":{"self":[{"href":"https:\/\/prudentwater.com\/en\/wp-json\/wp\/v2\/pages\/770","targetHints":{"allow":["GET"]}}],"collection":[{"href":"https:\/\/prudentwater.com\/en\/wp-json\/wp\/v2\/pages"}],"about":[{"href":"https:\/\/prudentwater.com\/en\/wp-json\/wp\/v2\/types\/page"}],"author":[{"embeddable":true,"href":"https:\/\/prudentwater.com\/en\/wp-json\/wp\/v2\/users\/1"}],"replies":[{"embeddable":true,"href":"https:\/\/prudentwater.com\/en\/wp-json\/wp\/v2\/comments?post=770"}],"version-history":[{"count":0,"href":"https:\/\/prudentwater.com\/en\/wp-json\/wp\/v2\/pages\/770\/revisions"}],"wp:attachment":[{"href":"https:\/\/prudentwater.com\/en\/wp-json\/wp\/v2\/media?parent=770"}],"curies":[{"name":"wp","href":"https:\/\/api.w.org\/{rel}","templated":true}]}}