{"id":7759,"date":"2016-08-01T16:49:22","date_gmt":"2016-08-01T16:49:22","guid":{"rendered":"http:\/\/www.kunnskap.de\/?page_id=7759"},"modified":"2021-06-25T12:48:57","modified_gmt":"2021-06-25T10:48:57","slug":"diversifikation","status":"publish","type":"page","link":"https:\/\/prudentwater.com\/en\/diversifikation\/","title":{"rendered":"Diversifikation"},"content":{"rendered":"<p>Auch <strong>Risikostreuung<\/strong><br \/>\nengl. <strong>Diversification<\/strong><\/p>\n<p>Diversifikation beschreibt an der B\u00f6rse vielmehr eine Anlagestrategie, nach der ein Investor versucht, sein Portfolio durch m\u00f6glichst verschiedene Anlagen zu &#8216;streuen&#8217;. Die einzelnen Bestandteile des Portfolios sollen bei dieser Strategie untereinander eine m\u00f6glichst negative Korrelation aufweisen. Ein diversifiziertes Portfolio w\u00fcrde demnach beispielsweise aus 40 % Aktien, 40 % Anleihen und 20 % Cash bestehen. Sinn der Diversifikation ist das Risiko von Verlusten zu minimieren. Ein diversifiziertes Portfolio ist somit risiko\u00e4rmer, in einer Hausse erzielt der Anleger mit dieser Strategie jedoch eine geringere Gesamtrendite. In einer Baisse hingegen kann er so seine Verluste begrenzen oder komplett ausgleichen.<br \/>\nUm ein diversifiziertes Portfolio zu erstellen, sollte der Beta Faktor herangezogen werden. Die Kennzahl gibt an, wie sehr der Kurs einer Aktie mit dem jeweiligen Gesamtmarkt korreliert. Au\u00dferdem spielt die genaue Anleihenart bei der Diversifikationsstrategie eine entscheidende Rolle. H\u00e4lt ein Anleger in einer Baisse gr\u00f6\u00dftenteils Unternehmensanleihen oder Hochzinsanleihen, kann es passieren, dass diese aufgrund der Verschlechterung der wirtschaftlichen Lage ebenfalls an Wert verlieren und somit nicht den gew\u00fcnschten Diversifikationsmechanismus bieten. Eine genaue Auslese der Anleihen ist deshalb entscheidend. Festverzinsliche Wertpapiere mit erstklassiger Bonit\u00e4t, vorzugsweise von Staaten emittiert, bieten innerhalb einer Baisse sowie in unsicheren Zeiten erfahrungsgem\u00e4\u00df den gr\u00f6\u00dften Schutz.  <\/p>\n","protected":false},"excerpt":{"rendered":"<p>Auch Risikostreuung engl. Diversification Diversifikation beschreibt an der B\u00f6rse vielmehr eine Anlagestrategie, nach der ein Investor versucht, sein Portfolio durch m\u00f6glichst verschiedene Anlagen zu &#8216;streuen&#8217;. Die einzelnen Bestandteile des Portfolios sollen bei dieser Strategie untereinander eine m\u00f6glichst negative Korrelation aufweisen. Ein diversifiziertes Portfolio w\u00fcrde demnach beispielsweise aus 40 % Aktien, 40 % Anleihen und 20 [&hellip;]<\/p>\n","protected":false},"author":1,"featured_media":0,"parent":0,"menu_order":0,"comment_status":"closed","ping_status":"closed","template":"","meta":{"site-sidebar-layout":"default","site-content-layout":"","ast-site-content-layout":"","site-content-style":"default","site-sidebar-style":"default","ast-global-header-display":"","ast-banner-title-visibility":"","ast-main-header-display":"","ast-hfb-above-header-display":"","ast-hfb-below-header-display":"","ast-hfb-mobile-header-display":"","site-post-title":"","ast-breadcrumbs-content":"","ast-featured-img":"","footer-sml-layout":"","theme-transparent-header-meta":"","adv-header-id-meta":"","stick-header-meta":"","header-above-stick-meta":"","header-main-stick-meta":"","header-below-stick-meta":"","astra-migrate-meta-layouts":"default","ast-page-background-enabled":"default","ast-page-background-meta":{"desktop":{"background-color":"","background-image":"","background-repeat":"repeat","background-position":"center center","background-size":"auto","background-attachment":"scroll","background-type":"","background-media":"","overlay-type":"","overlay-color":"","overlay-opacity":"","overlay-gradient":""},"tablet":{"background-color":"","background-image":"","background-repeat":"repeat","background-position":"center center","background-size":"auto","background-attachment":"scroll","background-type":"","background-media":"","overlay-type":"","overlay-color":"","overlay-opacity":"","overlay-gradient":""},"mobile":{"background-color":"","background-image":"","background-repeat":"repeat","background-position":"center center","background-size":"auto","background-attachment":"scroll","background-type":"","background-media":"","overlay-type":"","overlay-color":"","overlay-opacity":"","overlay-gradient":""}},"ast-content-background-meta":{"desktop":{"background-color":"var(--ast-global-color-5)","background-image":"","background-repeat":"repeat","background-position":"center center","background-size":"auto","background-attachment":"scroll","background-type":"","background-media":"","overlay-type":"","overlay-color":"","overlay-opacity":"","overlay-gradient":""},"tablet":{"background-color":"var(--ast-global-color-5)","background-image":"","background-repeat":"repeat","background-position":"center center","background-size":"auto","background-attachment":"scroll","background-type":"","background-media":"","overlay-type":"","overlay-color":"","overlay-opacity":"","overlay-gradient":""},"mobile":{"background-color":"var(--ast-global-color-5)","background-image":"","background-repeat":"repeat","background-position":"center center","background-size":"auto","background-attachment":"scroll","background-type":"","background-media":"","overlay-type":"","overlay-color":"","overlay-opacity":"","overlay-gradient":""}},"footnotes":""},"class_list":["post-7759","page","type-page","status-publish","hentry"],"translation":{"provider":"WPGlobus","version":"3.0.2","language":"en","enabled_languages":["de","en"],"languages":{"de":{"title":true,"content":true,"excerpt":false},"en":{"title":false,"content":false,"excerpt":false}}},"featured_image_urls_v2":{"full":"","thumbnail":"","medium":"","medium_large":"","large":"","1536x1536":"","2048x2048":""},"post_excerpt_stackable_v2":"<p>Auch Risikostreuung engl. Diversification Diversifikation beschreibt an der B\u00f6rse vielmehr eine Anlagestrategie, nach der ein Investor versucht, sein Portfolio durch m\u00f6glichst verschiedene Anlagen zu &#8216;streuen&#8217;. Die einzelnen Bestandteile des Portfolios sollen bei dieser Strategie untereinander eine m\u00f6glichst negative Korrelation aufweisen. Ein diversifiziertes Portfolio w\u00fcrde demnach beispielsweise aus 40 % Aktien, 40 % Anleihen und 20 % Cash bestehen. Sinn der Diversifikation ist das Risiko von Verlusten zu minimieren. Ein diversifiziertes Portfolio ist somit risiko\u00e4rmer, in einer Hausse erzielt der Anleger mit dieser Strategie jedoch eine geringere Gesamtrendite. In einer Baisse hingegen kann er so seine Verluste begrenzen oder komplett ausgleichen.&hellip;<\/p>\n","category_list_v2":"","author_info_v2":{"name":"PrudentWater","url":"https:\/\/prudentwater.com\/en\/author\/niklas33\/"},"comments_num_v2":"0 comments","_links":{"self":[{"href":"https:\/\/prudentwater.com\/en\/wp-json\/wp\/v2\/pages\/7759","targetHints":{"allow":["GET"]}}],"collection":[{"href":"https:\/\/prudentwater.com\/en\/wp-json\/wp\/v2\/pages"}],"about":[{"href":"https:\/\/prudentwater.com\/en\/wp-json\/wp\/v2\/types\/page"}],"author":[{"embeddable":true,"href":"https:\/\/prudentwater.com\/en\/wp-json\/wp\/v2\/users\/1"}],"replies":[{"embeddable":true,"href":"https:\/\/prudentwater.com\/en\/wp-json\/wp\/v2\/comments?post=7759"}],"version-history":[{"count":0,"href":"https:\/\/prudentwater.com\/en\/wp-json\/wp\/v2\/pages\/7759\/revisions"}],"wp:attachment":[{"href":"https:\/\/prudentwater.com\/en\/wp-json\/wp\/v2\/media?parent=7759"}],"curies":[{"name":"wp","href":"https:\/\/api.w.org\/{rel}","templated":true}]}}