{"id":779,"date":"2014-09-09T22:12:11","date_gmt":"2014-09-09T22:12:11","guid":{"rendered":"http:\/\/www.kunnskap.de\/?page_id=779"},"modified":"2021-10-03T23:05:52","modified_gmt":"2021-10-03T21:05:52","slug":"abschreibung","status":"publish","type":"page","link":"https:\/\/prudentwater.com\/en\/abschreibung\/","title":{"rendered":"Abschreibung"},"content":{"rendered":"\n<p>engl. <strong>Write-Down<\/strong><\/p>\n\n\n\n<p>Die Abschreibung ist ein Instrument des Rechnungswesens und dient zur Erfassung der Wertminderung von Verm\u00f6gensgegenst\u00e4nden, welche in der Bilanz auf der Aktivseite angeordnet sind. Abschreibungen ber\u00fccksichtigen somit vor allem die schrittweise eingetretene Abnutzung und den Verschlei\u00df durch den regelm\u00e4\u00dfigen Gebrauch der Verm\u00f6gensgegenst\u00e4nde. In der Gewinn- und Verlustrechnung werden Abschreibungen den Aufwendungen zugeordnet. Abschreibungen werden nun nach den folgenden zwei Arten unterschieden:<\/p>\n\n\n\n<div class=\"wp-block-columns is-layout-flex wp-container-core-columns-is-layout-28f84493 wp-block-columns-is-layout-flex\">\n<div class=\"wp-block-column is-layout-flow wp-block-column-is-layout-flow\">\n<h2 class=\"wp-block-heading\" id=\"planmassige-abschreibung-3ecf974b-4cd0-4bf6-b7d1-086cf76de1fd\">Planm\u00e4\u00dfige Abschreibung<\/h2>\n\n\n\n<div style=\"height:40px\" aria-hidden=\"true\" class=\"wp-block-spacer\"><\/div>\n\n\n\nDie planm\u00e4\u00dfige Abschreibung ber\u00fccksichtigt in der Bilanz den schrittweisen Werteverzehr eines Verm\u00f6gensgegenstandes. Dabei wird der Abschreibungsaufwand auf die voraussichtliche Nutzungsdauer des Gegenstandes verteilt.\n<\/div>\n\n\n\n<div class=\"wp-block-column is-layout-flow wp-block-column-is-layout-flow\">\n<h2 class=\"wp-block-heading\" id=\"ausserplanmassige-abschreibung-5eac73ef-4c65-4176-a7b2-ff47f36bcaf7\">Au\u00dferplanm\u00e4\u00dfige Abschreibung<\/h2>\n\n\n\nDie au\u00dferplanm\u00e4\u00dfige Abschreibung ber\u00fccksichtigt in der Bilanz pl\u00f6tzlich eintretende Ereignisse, die zu einer dauernden Wertminderungen von Verm\u00f6gensgegenst\u00e4nden f\u00fchren und vorab nicht oder nur vage voraussehbar waren.\n<\/div>\n<\/div>\n\n\n\n<div style=\"height:46px\" aria-hidden=\"true\" class=\"wp-block-spacer\"><\/div>\n\n\n\n<p>Des Weiteren wird unterschieden, ob eine Abschreibung auf materielle oder aber immaterielle G\u00fcter stattgefunden hat. Dabei bezeichnet der englische Begriff &#8220;Depreciation&#8221; eine Abschreibung auf materielle G\u00fcter (Sachanlagen), wohingegen der Begriff Amortization die Abschreibung auf immaterielle G\u00fcter (Lizenzen, Patente, Rechte) bezeichnet. Das EBITDA l\u00e4sst die H\u00f6he der Depreciation sowie die H\u00f6he der Amortization noch unber\u00fccksichtigt, das EBIT hingegen subtrahiert die H\u00f6he der beiden Abschreibungsposten von den Umsatzerl\u00f6sen. Da Abschreibungen in der Regel negativ sind, f\u00e4llt deshalb das EBIT geringer aus als das EBITDA.<\/p>\n","protected":false},"excerpt":{"rendered":"<p>engl. Write-Down Die Abschreibung ist ein Instrument des Rechnungswesens und dient zur Erfassung der Wertminderung von Verm\u00f6gensgegenst\u00e4nden, welche in der Bilanz auf der Aktivseite angeordnet sind. Abschreibungen ber\u00fccksichtigen somit vor allem die schrittweise eingetretene Abnutzung und den Verschlei\u00df durch den regelm\u00e4\u00dfigen Gebrauch der Verm\u00f6gensgegenst\u00e4nde. In der Gewinn- und Verlustrechnung werden Abschreibungen den Aufwendungen zugeordnet. Abschreibungen [&hellip;]<\/p>\n","protected":false},"author":1,"featured_media":0,"parent":0,"menu_order":0,"comment_status":"closed","ping_status":"closed","template":"","meta":{"site-sidebar-layout":"default","site-content-layout":"default","ast-site-content-layout":"","site-content-style":"default","site-sidebar-style":"default","ast-global-header-display":"","ast-banner-title-visibility":"","ast-main-header-display":"","ast-hfb-above-header-display":"","ast-hfb-below-header-display":"","ast-hfb-mobile-header-display":"","site-post-title":"","ast-breadcrumbs-content":"","ast-featured-img":"","footer-sml-layout":"","theme-transparent-header-meta":"default","adv-header-id-meta":"","stick-header-meta":"","header-above-stick-meta":"","header-main-stick-meta":"","header-below-stick-meta":"","astra-migrate-meta-layouts":"default","ast-page-background-enabled":"default","ast-page-background-meta":{"desktop":{"background-color":"","background-image":"","background-repeat":"repeat","background-position":"center center","background-size":"auto","background-attachment":"scroll","background-type":"","background-media":"","overlay-type":"","overlay-color":"","overlay-opacity":"","overlay-gradient":""},"tablet":{"background-color":"","background-image":"","background-repeat":"repeat","background-position":"center center","background-size":"auto","background-attachment":"scroll","background-type":"","background-media":"","overlay-type":"","overlay-color":"","overlay-opacity":"","overlay-gradient":""},"mobile":{"background-color":"","background-image":"","background-repeat":"repeat","background-position":"center center","background-size":"auto","background-attachment":"scroll","background-type":"","background-media":"","overlay-type":"","overlay-color":"","overlay-opacity":"","overlay-gradient":""}},"ast-content-background-meta":{"desktop":{"background-color":"var(--ast-global-color-5)","background-image":"","background-repeat":"repeat","background-position":"center center","background-size":"auto","background-attachment":"scroll","background-type":"","background-media":"","overlay-type":"","overlay-color":"","overlay-opacity":"","overlay-gradient":""},"tablet":{"background-color":"var(--ast-global-color-5)","background-image":"","background-repeat":"repeat","background-position":"center center","background-size":"auto","background-attachment":"scroll","background-type":"","background-media":"","overlay-type":"","overlay-color":"","overlay-opacity":"","overlay-gradient":""},"mobile":{"background-color":"var(--ast-global-color-5)","background-image":"","background-repeat":"repeat","background-position":"center center","background-size":"auto","background-attachment":"scroll","background-type":"","background-media":"","overlay-type":"","overlay-color":"","overlay-opacity":"","overlay-gradient":""}},"footnotes":""},"class_list":["post-779","page","type-page","status-publish","hentry"],"translation":{"provider":"WPGlobus","version":"3.0.2","language":"en","enabled_languages":["de","en"],"languages":{"de":{"title":true,"content":true,"excerpt":false},"en":{"title":false,"content":false,"excerpt":false}}},"featured_image_urls_v2":{"full":"","thumbnail":"","medium":"","medium_large":"","large":"","1536x1536":"","2048x2048":""},"post_excerpt_stackable_v2":"<p>engl. Write-Down Die Abschreibung ist ein Instrument des Rechnungswesens und dient zur Erfassung der Wertminderung von Verm\u00f6gensgegenst\u00e4nden, welche in der Bilanz auf der Aktivseite angeordnet sind. Abschreibungen ber\u00fccksichtigen somit vor allem die schrittweise eingetretene Abnutzung und den Verschlei\u00df durch den regelm\u00e4\u00dfigen Gebrauch der Verm\u00f6gensgegenst\u00e4nde. In der Gewinn- und Verlustrechnung werden Abschreibungen den Aufwendungen zugeordnet. Abschreibungen werden nun nach den folgenden zwei Arten unterschieden: Planm\u00e4\u00dfige Abschreibung Die planm\u00e4\u00dfige Abschreibung ber\u00fccksichtigt in der Bilanz den schrittweisen Werteverzehr eines Verm\u00f6gensgegenstandes. Dabei wird der Abschreibungsaufwand auf die voraussichtliche Nutzungsdauer des Gegenstandes verteilt. Au\u00dferplanm\u00e4\u00dfige Abschreibung Die au\u00dferplanm\u00e4\u00dfige Abschreibung ber\u00fccksichtigt in der Bilanz pl\u00f6tzlich eintretende Ereignisse,&hellip;<\/p>\n","category_list_v2":"","author_info_v2":{"name":"PrudentWater","url":"https:\/\/prudentwater.com\/en\/author\/niklas33\/"},"comments_num_v2":"0 comments","_links":{"self":[{"href":"https:\/\/prudentwater.com\/en\/wp-json\/wp\/v2\/pages\/779","targetHints":{"allow":["GET"]}}],"collection":[{"href":"https:\/\/prudentwater.com\/en\/wp-json\/wp\/v2\/pages"}],"about":[{"href":"https:\/\/prudentwater.com\/en\/wp-json\/wp\/v2\/types\/page"}],"author":[{"embeddable":true,"href":"https:\/\/prudentwater.com\/en\/wp-json\/wp\/v2\/users\/1"}],"replies":[{"embeddable":true,"href":"https:\/\/prudentwater.com\/en\/wp-json\/wp\/v2\/comments?post=779"}],"version-history":[{"count":0,"href":"https:\/\/prudentwater.com\/en\/wp-json\/wp\/v2\/pages\/779\/revisions"}],"wp:attachment":[{"href":"https:\/\/prudentwater.com\/en\/wp-json\/wp\/v2\/media?parent=779"}],"curies":[{"name":"wp","href":"https:\/\/api.w.org\/{rel}","templated":true}]}}