{"id":7796,"date":"2016-08-03T10:58:49","date_gmt":"2016-08-03T10:58:49","guid":{"rendered":"http:\/\/www.kunnskap.de\/?page_id=7796"},"modified":"2021-06-25T12:49:32","modified_gmt":"2021-06-25T10:49:32","slug":"kaufkraftparitatentheorie","status":"publish","type":"page","link":"https:\/\/prudentwater.com\/en\/kaufkraftparitatentheorie\/","title":{"rendered":"Kaufkraftparit\u00e4tentheorie"},"content":{"rendered":"<p>Die Kaufkraftparit\u00e4tentheorie besagt, dass Wechselkurse mittel- bis langfristig die unterschiedlichen Inflationsraten in den jeweiligen W\u00e4hrungsr\u00e4umen ausgleichen. Unterscheiden sich also die Teuerungsraten in beiden L\u00e4ndern des W\u00e4hrungspaares, so passt ich der Wechselkurs dieser Divergenz durch Aufwertung bzw. Abwertung an. Nach der Kaufkraftparit\u00e4tentheorie herrscht somit immer Kaufkraftparit\u00e4t.<br \/>\nZu unterscheiden ist zwischen der absoluten und relativen Kaufkraftparit\u00e4tentheorie, wobei die absolute Theorie in der Wissenschaft heutzutage nicht mehr wahrgenommen wird. Grund daf\u00fcr ist, dass sie besagt, dass der Kurs einer W\u00e4hrung ausschlie\u00dflich durch die Preisniveaudifferenz zwischen In- und Ausland bestimmt wird. Da diese Theorie jedoch Transportkosten unber\u00fccksichtigt l\u00e4sst und es G\u00fcter gibt, die entweder international nicht gehandelt werden (Immobilien) oder aber in anderer Qualit\u00e4t vorkommen (Brot), wird die absolute Kaufkraftparit\u00e4tentheorie in der Wissenschaft nicht mehr ber\u00fccksichtigt. Die relative Kaufkraftparit\u00e4tentheorie hingegen besagt, dass eine Ver\u00e4nderung des Preisniveauverh\u00e4ltnisses zwischen zwei L\u00e4ndern zu einer entsprechenden Ver\u00e4nderung beim Wechselkurs f\u00fchrt. Bei der relativen Kaufkraftparit\u00e4tentheorie werden somit die Inflationsraten beider L\u00e4nder herangezogen, die in der Theorie f\u00fcr die Entwicklung eines Wechselkurses verantwortlich gemacht werden. <\/p>\n","protected":false},"excerpt":{"rendered":"<p>Die Kaufkraftparit\u00e4tentheorie besagt, dass Wechselkurse mittel- bis langfristig die unterschiedlichen Inflationsraten in den jeweiligen W\u00e4hrungsr\u00e4umen ausgleichen. Unterscheiden sich also die Teuerungsraten in beiden L\u00e4ndern des W\u00e4hrungspaares, so passt ich der Wechselkurs dieser Divergenz durch Aufwertung bzw. Abwertung an. Nach der Kaufkraftparit\u00e4tentheorie herrscht somit immer Kaufkraftparit\u00e4t. Zu unterscheiden ist zwischen der absoluten und relativen Kaufkraftparit\u00e4tentheorie, wobei [&hellip;]<\/p>\n","protected":false},"author":1,"featured_media":0,"parent":0,"menu_order":0,"comment_status":"closed","ping_status":"closed","template":"","meta":{"site-sidebar-layout":"default","site-content-layout":"","ast-site-content-layout":"","site-content-style":"default","site-sidebar-style":"default","ast-global-header-display":"","ast-banner-title-visibility":"","ast-main-header-display":"","ast-hfb-above-header-display":"","ast-hfb-below-header-display":"","ast-hfb-mobile-header-display":"","site-post-title":"","ast-breadcrumbs-content":"","ast-featured-img":"","footer-sml-layout":"","theme-transparent-header-meta":"","adv-header-id-meta":"","stick-header-meta":"","header-above-stick-meta":"","header-main-stick-meta":"","header-below-stick-meta":"","astra-migrate-meta-layouts":"default","ast-page-background-enabled":"default","ast-page-background-meta":{"desktop":{"background-color":"","background-image":"","background-repeat":"repeat","background-position":"center center","background-size":"auto","background-attachment":"scroll","background-type":"","background-media":"","overlay-type":"","overlay-color":"","overlay-opacity":"","overlay-gradient":""},"tablet":{"background-color":"","background-image":"","background-repeat":"repeat","background-position":"center center","background-size":"auto","background-attachment":"scroll","background-type":"","background-media":"","overlay-type":"","overlay-color":"","overlay-opacity":"","overlay-gradient":""},"mobile":{"background-color":"","background-image":"","background-repeat":"repeat","background-position":"center center","background-size":"auto","background-attachment":"scroll","background-type":"","background-media":"","overlay-type":"","overlay-color":"","overlay-opacity":"","overlay-gradient":""}},"ast-content-background-meta":{"desktop":{"background-color":"var(--ast-global-color-5)","background-image":"","background-repeat":"repeat","background-position":"center center","background-size":"auto","background-attachment":"scroll","background-type":"","background-media":"","overlay-type":"","overlay-color":"","overlay-opacity":"","overlay-gradient":""},"tablet":{"background-color":"var(--ast-global-color-5)","background-image":"","background-repeat":"repeat","background-position":"center center","background-size":"auto","background-attachment":"scroll","background-type":"","background-media":"","overlay-type":"","overlay-color":"","overlay-opacity":"","overlay-gradient":""},"mobile":{"background-color":"var(--ast-global-color-5)","background-image":"","background-repeat":"repeat","background-position":"center center","background-size":"auto","background-attachment":"scroll","background-type":"","background-media":"","overlay-type":"","overlay-color":"","overlay-opacity":"","overlay-gradient":""}},"footnotes":""},"class_list":["post-7796","page","type-page","status-publish","hentry"],"translation":{"provider":"WPGlobus","version":"3.0.2","language":"en","enabled_languages":["de","en"],"languages":{"de":{"title":true,"content":true,"excerpt":false},"en":{"title":false,"content":false,"excerpt":false}}},"featured_image_urls_v2":{"full":"","thumbnail":"","medium":"","medium_large":"","large":"","1536x1536":"","2048x2048":""},"post_excerpt_stackable_v2":"<p>Die Kaufkraftparit\u00e4tentheorie besagt, dass Wechselkurse mittel- bis langfristig die unterschiedlichen Inflationsraten in den jeweiligen W\u00e4hrungsr\u00e4umen ausgleichen. Unterscheiden sich also die Teuerungsraten in beiden L\u00e4ndern des W\u00e4hrungspaares, so passt ich der Wechselkurs dieser Divergenz durch Aufwertung bzw. Abwertung an. Nach der Kaufkraftparit\u00e4tentheorie herrscht somit immer Kaufkraftparit\u00e4t. Zu unterscheiden ist zwischen der absoluten und relativen Kaufkraftparit\u00e4tentheorie, wobei die absolute Theorie in der Wissenschaft heutzutage nicht mehr wahrgenommen wird. Grund daf\u00fcr ist, dass sie besagt, dass der Kurs einer W\u00e4hrung ausschlie\u00dflich durch die Preisniveaudifferenz zwischen In- und Ausland bestimmt wird. Da diese Theorie jedoch Transportkosten unber\u00fccksichtigt l\u00e4sst und es G\u00fcter gibt, die entweder&hellip;<\/p>\n","category_list_v2":"","author_info_v2":{"name":"PrudentWater","url":"https:\/\/prudentwater.com\/en\/author\/niklas33\/"},"comments_num_v2":"0 comments","_links":{"self":[{"href":"https:\/\/prudentwater.com\/en\/wp-json\/wp\/v2\/pages\/7796","targetHints":{"allow":["GET"]}}],"collection":[{"href":"https:\/\/prudentwater.com\/en\/wp-json\/wp\/v2\/pages"}],"about":[{"href":"https:\/\/prudentwater.com\/en\/wp-json\/wp\/v2\/types\/page"}],"author":[{"embeddable":true,"href":"https:\/\/prudentwater.com\/en\/wp-json\/wp\/v2\/users\/1"}],"replies":[{"embeddable":true,"href":"https:\/\/prudentwater.com\/en\/wp-json\/wp\/v2\/comments?post=7796"}],"version-history":[{"count":0,"href":"https:\/\/prudentwater.com\/en\/wp-json\/wp\/v2\/pages\/7796\/revisions"}],"wp:attachment":[{"href":"https:\/\/prudentwater.com\/en\/wp-json\/wp\/v2\/media?parent=7796"}],"curies":[{"name":"wp","href":"https:\/\/api.w.org\/{rel}","templated":true}]}}