{"id":7808,"date":"2016-08-04T14:44:36","date_gmt":"2016-08-04T14:44:36","guid":{"rendered":"http:\/\/www.kunnskap.de\/?page_id=7808"},"modified":"2022-08-02T09:29:16","modified_gmt":"2022-08-02T07:29:16","slug":"breakeven-wechselkurs","status":"publish","type":"page","link":"https:\/\/prudentwater.com\/en\/breakeven-wechselkurs\/","title":{"rendered":"Breakeven-Wechselkurs"},"content":{"rendered":"<p>Der Breakeven-Wechselkurs ist jener Wechselkurs, bei dem der Inhaber einer Fremdw\u00e4hrungsanleihe weder einen zus\u00e4tzlichen Gewinn erzielt noch einen Verlust erleidet gegen\u00fcber einer in seiner Heimatw\u00e4hrung verzinslichen Anleihe mit selber Bonit\u00e4t und Laufzeit. Der Breakeven-Wechselkurs gibt somit an, wie weit der Kurs der Fremdw\u00e4hrung h\u00f6chstens fallen darf, bis die erhoffte zus\u00e4tzliche Rendite aufgrund der h\u00f6heren Kuponzahlungen komplett aufgehoben ist.<\/p>\n<hr>\n<p><b>Formel:<\/b><br \/>\n<center><img loading=\"lazy\" decoding=\"async\" src=\"https:\/\/prudentwater.com\/wp-content\/uploads\/2020\/03\/BEW-Formel.bmp\" alt=\"BEW Formel\" class=\"alignnone size-full wp-image-7831\" width=\"499\" height=\"72\" title=\"\"><\/center><\/p>\n<hr>\n<p>Ein Anleger aus Deutschland kauft eine USD-Fremdw\u00e4hrungsanleihe mit einer Laufzeit von sechs Jahren und einem festen Kupon von 4 %. F\u00fcr eine herk\u00f6mmliche Anleihe mit selber Bonit\u00e4t und Laufzeit, welche in seiner Heimatw\u00e4hrung Euro notiert, h\u00e4tte er jedoch nur 1.5 % erhalten. Nach folgender Berechnung l\u00e4sst sich nun der Breakeven-Wechselkurs bestimmen, welcher bei dem W\u00e4hrungspaar EUR\/USD nicht \u00fcberschritten werden darf und im besten Fall darunter liegen sollte, damit ein zus\u00e4tzlicher Gewinn mit der Fremdw\u00e4hrungsnaleihe erzielt wird. Beim Kauf der Fremdw\u00e4hrungsanleihe liegt der aktuelle Kurs bei EUR\/USD 1.20. Bei der ist jedoch wichtig zu wissen, dass der aktuelle Effektivzins und nicht der Nominalzins verwendet werden muss. Effektivzins und Nominalzins sind nur dann gleich, wenn der Anleger die Anleihe exakt zum Nominalwert (100 %) gekauft hat, was jedoch selten der Fall ist. Handelt es sich um eine Nullkuponanleihe, so ist nur der Effektivzins gegeben, da in der Zwischenzeit keine Zinszahlungen stattfinden.<\/p>\n<hr>\n<p><b>Berechnung:<\/b><br \/>\n<center><img loading=\"lazy\" decoding=\"async\" src=\"https:\/\/prudentwater.com\/wp-content\/uploads\/2021\/04\/Breakeven-Wechselkurs.png\" alt=\"breakeven wechselkurs\" class=\"alignnone size-full wp-image-7844\" width=\"545\" height=\"75\" title=\"\"><\/center><\/p>\n<hr>\n<p>Der Kurs EUR\/USD darf nach der Berechnung bei Laufzeitende der Anleihe nicht \u00fcber EUR\/USD 1.3886 steigen, wenn der Anleger einen Renditevorteil mit der USD-Fremdw\u00e4hrungsanleihe erzielen will. Liegt der Kurs jedoch genau bei 1.3886, so herrscht eine Pattsituation, bei der beide Anleihen die gleiche Rendite erzielen. Liegt der Kurs bei Verfall allerdings \u00fcber EUR\/USD 1.3886, so h\u00e4tte der Anleger mit einer Anleihe in seiner Heimatw\u00e4hrung Euro eine h\u00f6here Rendite erzielt. Er h\u00e4tte zwar trotzdem mit der Fremdw\u00e4hrungsanleihe h\u00f6here Zinsen erzielt, aufgrund der W\u00e4hrungsabwertung des US-Dollar w\u00e4ren die zus\u00e4tzlichen Zinseinnahmen bei F\u00e4lligkeit der Anleihe und R\u00fcckabwicklung des USD-Nominalwertes in Euro jedoch vollkommen eliminiert worden. Andersherum profitiert der Anleger und erzielt einen zus\u00e4tzlichen W\u00e4hrungsgewinn, wenn die Fremdw\u00e4hrung (USD) gegen\u00fcber der heimischen W\u00e4hrung (Euro) aufwertet. In diesem Beispiel erzielt der Investor also neben den h\u00f6heren Kuponzahlungen noch einen zus\u00e4tzlichen W\u00e4hrungsgewinn, wenn bei F\u00e4lligkeit der Fremdw\u00e4hrungsanleihe der Kurs EUR\/USD unter 1.20 notiert.<\/p>\n","protected":false},"excerpt":{"rendered":"<p>Der Breakeven-Wechselkurs ist jener Wechselkurs, bei dem der Inhaber einer Fremdw\u00e4hrungsanleihe weder einen zus\u00e4tzlichen Gewinn erzielt noch einen Verlust erleidet gegen\u00fcber einer in seiner Heimatw\u00e4hrung verzinslichen Anleihe mit selber Bonit\u00e4t und Laufzeit. Der Breakeven-Wechselkurs gibt somit an, wie weit der Kurs der Fremdw\u00e4hrung h\u00f6chstens fallen darf, bis die erhoffte zus\u00e4tzliche Rendite aufgrund der h\u00f6heren Kuponzahlungen [&hellip;]<\/p>\n","protected":false},"author":1,"featured_media":0,"parent":0,"menu_order":0,"comment_status":"closed","ping_status":"closed","template":"","meta":{"site-sidebar-layout":"default","site-content-layout":"","ast-site-content-layout":"","site-content-style":"default","site-sidebar-style":"default","ast-global-header-display":"","ast-banner-title-visibility":"","ast-main-header-display":"","ast-hfb-above-header-display":"","ast-hfb-below-header-display":"","ast-hfb-mobile-header-display":"","site-post-title":"","ast-breadcrumbs-content":"","ast-featured-img":"","footer-sml-layout":"","theme-transparent-header-meta":"","adv-header-id-meta":"","stick-header-meta":"","header-above-stick-meta":"","header-main-stick-meta":"","header-below-stick-meta":"","astra-migrate-meta-layouts":"default","ast-page-background-enabled":"default","ast-page-background-meta":{"desktop":{"background-color":"","background-image":"","background-repeat":"repeat","background-position":"center center","background-size":"auto","background-attachment":"scroll","background-type":"","background-media":"","overlay-type":"","overlay-color":"","overlay-opacity":"","overlay-gradient":""},"tablet":{"background-color":"","background-image":"","background-repeat":"repeat","background-position":"center center","background-size":"auto","background-attachment":"scroll","background-type":"","background-media":"","overlay-type":"","overlay-color":"","overlay-opacity":"","overlay-gradient":""},"mobile":{"background-color":"","background-image":"","background-repeat":"repeat","background-position":"center center","background-size":"auto","background-attachment":"scroll","background-type":"","background-media":"","overlay-type":"","overlay-color":"","overlay-opacity":"","overlay-gradient":""}},"ast-content-background-meta":{"desktop":{"background-color":"var(--ast-global-color-5)","background-image":"","background-repeat":"repeat","background-position":"center center","background-size":"auto","background-attachment":"scroll","background-type":"","background-media":"","overlay-type":"","overlay-color":"","overlay-opacity":"","overlay-gradient":""},"tablet":{"background-color":"var(--ast-global-color-5)","background-image":"","background-repeat":"repeat","background-position":"center center","background-size":"auto","background-attachment":"scroll","background-type":"","background-media":"","overlay-type":"","overlay-color":"","overlay-opacity":"","overlay-gradient":""},"mobile":{"background-color":"var(--ast-global-color-5)","background-image":"","background-repeat":"repeat","background-position":"center center","background-size":"auto","background-attachment":"scroll","background-type":"","background-media":"","overlay-type":"","overlay-color":"","overlay-opacity":"","overlay-gradient":""}},"footnotes":""},"class_list":["post-7808","page","type-page","status-publish","hentry"],"translation":{"provider":"WPGlobus","version":"3.0.2","language":"en","enabled_languages":["de","en"],"languages":{"de":{"title":true,"content":true,"excerpt":false},"en":{"title":false,"content":false,"excerpt":false}}},"featured_image_urls_v2":{"full":"","thumbnail":"","medium":"","medium_large":"","large":"","1536x1536":"","2048x2048":""},"post_excerpt_stackable_v2":"<p>Der Breakeven-Wechselkurs ist jener Wechselkurs, bei dem der Inhaber einer Fremdw\u00e4hrungsanleihe weder einen zus\u00e4tzlichen Gewinn erzielt noch einen Verlust erleidet gegen\u00fcber einer in seiner Heimatw\u00e4hrung verzinslichen Anleihe mit selber Bonit\u00e4t und Laufzeit. Der Breakeven-Wechselkurs gibt somit an, wie weit der Kurs der Fremdw\u00e4hrung h\u00f6chstens fallen darf, bis die erhoffte zus\u00e4tzliche Rendite aufgrund der h\u00f6heren Kuponzahlungen komplett aufgehoben ist. Formel: Ein Anleger aus Deutschland kauft eine USD-Fremdw\u00e4hrungsanleihe mit einer Laufzeit von sechs Jahren und einem festen Kupon von 4 %. F\u00fcr eine herk\u00f6mmliche Anleihe mit selber Bonit\u00e4t und Laufzeit, welche in seiner Heimatw\u00e4hrung Euro notiert, h\u00e4tte er jedoch nur 1.5 %&hellip;<\/p>\n","category_list_v2":"","author_info_v2":{"name":"PrudentWater","url":"https:\/\/prudentwater.com\/en\/author\/niklas33\/"},"comments_num_v2":"0 comments","_links":{"self":[{"href":"https:\/\/prudentwater.com\/en\/wp-json\/wp\/v2\/pages\/7808","targetHints":{"allow":["GET"]}}],"collection":[{"href":"https:\/\/prudentwater.com\/en\/wp-json\/wp\/v2\/pages"}],"about":[{"href":"https:\/\/prudentwater.com\/en\/wp-json\/wp\/v2\/types\/page"}],"author":[{"embeddable":true,"href":"https:\/\/prudentwater.com\/en\/wp-json\/wp\/v2\/users\/1"}],"replies":[{"embeddable":true,"href":"https:\/\/prudentwater.com\/en\/wp-json\/wp\/v2\/comments?post=7808"}],"version-history":[{"count":0,"href":"https:\/\/prudentwater.com\/en\/wp-json\/wp\/v2\/pages\/7808\/revisions"}],"wp:attachment":[{"href":"https:\/\/prudentwater.com\/en\/wp-json\/wp\/v2\/media?parent=7808"}],"curies":[{"name":"wp","href":"https:\/\/api.w.org\/{rel}","templated":true}]}}