{"id":782,"date":"2014-09-13T20:46:03","date_gmt":"2014-09-13T20:46:03","guid":{"rendered":"http:\/\/www.kunnskap.de\/?page_id=782"},"modified":"2021-06-25T12:48:24","modified_gmt":"2021-06-25T10:48:24","slug":"credit-spread","status":"publish","type":"page","link":"https:\/\/prudentwater.com\/en\/credit-spread\/","title":{"rendered":"Credit Spread"},"content":{"rendered":"<p>Auch <strong>Bonit\u00e4tsspread<\/strong>, <strong>Zinsaufschlag<\/strong> oder <strong>Risikoaufschlag<\/strong><\/p>\n<p>Der Credit Spread bezeichnet die Zinsdifferenz zwischen festverzinslichen Wertpapieren. Genauer handelt es sich um den Renditeaufschlag zwischen zwei verschiedenen Anleihen gleicher Laufzeit &#8211; zum Beispiel der Spread zwischen einer Unternehmensanleihe und einer Staatsanleihe erstklassiger Bonit\u00e4t oder der Spread zwischen Staatsanleihen verschiedener L\u00e4nder mit gleicher Laufzeit. Oft wird beispielsweise der Credit Spread zwischen einer deutschen 10-j\u00e4hrigen Staatsanleihe und einer franz\u00f6sischen 10-j\u00e4hrigen Staatsanleihe herangezogen.<\/p>\n<hr>\n<h6>Beispiel:<\/h6>\n<p>Eine deutsche Staatsanleihe mit einer Laufzeit von 5 Jahren weist eine Rendite von 2,5 Prozent auf. Eine Unternehmensanleihe mit einer Laufzeit von 5 Jahren weist jedoch eine Rendite von 6 Prozent auf. Der Credit Spread zwischen diesen beiden Anleihen betr\u00e4gt somit 3,5 Prozent oder 350 Basispunkte.<\/p>\n<hr>\n<p>Der Zinsaufschlag soll den Anleger daf\u00fcr entsch\u00e4digen, dass er bei der Unternehmensanleihe ein h\u00f6heres Risiko eingeht. Die Bonit\u00e4t des Schuldners ist schlechter und somit ist die Gefahr eines Zahlungsausfalls oder einer Zahlungsverz\u00f6gerung h\u00f6her. Damit das Unternehmen trotzdem genug Abnehmer f\u00fcr die Anleihe findet, bezahlt es den Investoren als Ausgleich einen h\u00f6heren Zinssatz.<\/p>\n","protected":false},"excerpt":{"rendered":"<p>Auch Bonit\u00e4tsspread, Zinsaufschlag oder Risikoaufschlag Der Credit Spread bezeichnet die Zinsdifferenz zwischen festverzinslichen Wertpapieren. Genauer handelt es sich um den Renditeaufschlag zwischen zwei verschiedenen Anleihen gleicher Laufzeit &#8211; zum Beispiel der Spread zwischen einer Unternehmensanleihe und einer Staatsanleihe erstklassiger Bonit\u00e4t oder der Spread zwischen Staatsanleihen verschiedener L\u00e4nder mit gleicher Laufzeit. Oft wird beispielsweise der Credit [&hellip;]<\/p>\n","protected":false},"author":1,"featured_media":0,"parent":0,"menu_order":0,"comment_status":"closed","ping_status":"closed","template":"","meta":{"site-sidebar-layout":"default","site-content-layout":"","ast-site-content-layout":"","site-content-style":"default","site-sidebar-style":"default","ast-global-header-display":"","ast-banner-title-visibility":"","ast-main-header-display":"","ast-hfb-above-header-display":"","ast-hfb-below-header-display":"","ast-hfb-mobile-header-display":"","site-post-title":"","ast-breadcrumbs-content":"","ast-featured-img":"","footer-sml-layout":"","theme-transparent-header-meta":"","adv-header-id-meta":"","stick-header-meta":"","header-above-stick-meta":"","header-main-stick-meta":"","header-below-stick-meta":"","astra-migrate-meta-layouts":"default","ast-page-background-enabled":"default","ast-page-background-meta":{"desktop":{"background-color":"","background-image":"","background-repeat":"repeat","background-position":"center center","background-size":"auto","background-attachment":"scroll","background-type":"","background-media":"","overlay-type":"","overlay-color":"","overlay-opacity":"","overlay-gradient":""},"tablet":{"background-color":"","background-image":"","background-repeat":"repeat","background-position":"center center","background-size":"auto","background-attachment":"scroll","background-type":"","background-media":"","overlay-type":"","overlay-color":"","overlay-opacity":"","overlay-gradient":""},"mobile":{"background-color":"","background-image":"","background-repeat":"repeat","background-position":"center center","background-size":"auto","background-attachment":"scroll","background-type":"","background-media":"","overlay-type":"","overlay-color":"","overlay-opacity":"","overlay-gradient":""}},"ast-content-background-meta":{"desktop":{"background-color":"var(--ast-global-color-5)","background-image":"","background-repeat":"repeat","background-position":"center center","background-size":"auto","background-attachment":"scroll","background-type":"","background-media":"","overlay-type":"","overlay-color":"","overlay-opacity":"","overlay-gradient":""},"tablet":{"background-color":"var(--ast-global-color-5)","background-image":"","background-repeat":"repeat","background-position":"center center","background-size":"auto","background-attachment":"scroll","background-type":"","background-media":"","overlay-type":"","overlay-color":"","overlay-opacity":"","overlay-gradient":""},"mobile":{"background-color":"var(--ast-global-color-5)","background-image":"","background-repeat":"repeat","background-position":"center center","background-size":"auto","background-attachment":"scroll","background-type":"","background-media":"","overlay-type":"","overlay-color":"","overlay-opacity":"","overlay-gradient":""}},"footnotes":""},"class_list":["post-782","page","type-page","status-publish","hentry"],"translation":{"provider":"WPGlobus","version":"3.0.2","language":"en","enabled_languages":["de","en"],"languages":{"de":{"title":true,"content":true,"excerpt":false},"en":{"title":false,"content":false,"excerpt":false}}},"featured_image_urls_v2":{"full":"","thumbnail":"","medium":"","medium_large":"","large":"","1536x1536":"","2048x2048":""},"post_excerpt_stackable_v2":"<p>Auch Bonit\u00e4tsspread, Zinsaufschlag oder Risikoaufschlag Der Credit Spread bezeichnet die Zinsdifferenz zwischen festverzinslichen Wertpapieren. Genauer handelt es sich um den Renditeaufschlag zwischen zwei verschiedenen Anleihen gleicher Laufzeit &#8211; zum Beispiel der Spread zwischen einer Unternehmensanleihe und einer Staatsanleihe erstklassiger Bonit\u00e4t oder der Spread zwischen Staatsanleihen verschiedener L\u00e4nder mit gleicher Laufzeit. Oft wird beispielsweise der Credit Spread zwischen einer deutschen 10-j\u00e4hrigen Staatsanleihe und einer franz\u00f6sischen 10-j\u00e4hrigen Staatsanleihe herangezogen. Beispiel: Eine deutsche Staatsanleihe mit einer Laufzeit von 5 Jahren weist eine Rendite von 2,5 Prozent auf. Eine Unternehmensanleihe mit einer Laufzeit von 5 Jahren weist jedoch eine Rendite von 6 Prozent auf.&hellip;<\/p>\n","category_list_v2":"","author_info_v2":{"name":"PrudentWater","url":"https:\/\/prudentwater.com\/en\/author\/niklas33\/"},"comments_num_v2":"0 comments","_links":{"self":[{"href":"https:\/\/prudentwater.com\/en\/wp-json\/wp\/v2\/pages\/782","targetHints":{"allow":["GET"]}}],"collection":[{"href":"https:\/\/prudentwater.com\/en\/wp-json\/wp\/v2\/pages"}],"about":[{"href":"https:\/\/prudentwater.com\/en\/wp-json\/wp\/v2\/types\/page"}],"author":[{"embeddable":true,"href":"https:\/\/prudentwater.com\/en\/wp-json\/wp\/v2\/users\/1"}],"replies":[{"embeddable":true,"href":"https:\/\/prudentwater.com\/en\/wp-json\/wp\/v2\/comments?post=782"}],"version-history":[{"count":0,"href":"https:\/\/prudentwater.com\/en\/wp-json\/wp\/v2\/pages\/782\/revisions"}],"wp:attachment":[{"href":"https:\/\/prudentwater.com\/en\/wp-json\/wp\/v2\/media?parent=782"}],"curies":[{"name":"wp","href":"https:\/\/api.w.org\/{rel}","templated":true}]}}