{"id":784,"date":"2014-09-13T22:01:44","date_gmt":"2014-09-13T22:01:44","guid":{"rendered":"http:\/\/www.kunnskap.de\/?page_id=784"},"modified":"2022-10-14T10:40:23","modified_gmt":"2022-10-14T08:40:23","slug":"spread","status":"publish","type":"page","link":"https:\/\/prudentwater.com\/en\/spread\/","title":{"rendered":"Spread"},"content":{"rendered":"<p>Auch <strong>Geld-Brief-Spanne<\/strong><br>\nengl. <strong>Bid-Ask-Spread<\/strong><\/p>\n\n\n<div class=\"wp-block-stackable-notification is-style-plain stk-block-notification stk-block stk-b3a7798\" data-block-id=\"b3a7798\"><style>.stk-b3a7798{box-shadow:0px 2px 20px rgba(153,153,153,0.2) !important}.stk-b3a7798-container{border-radius:20px !important;overflow:hidden !important;box-shadow:0px 10px 60px rgba(0,0,0,0.1) !important}.stk-b3a7798 .stk-block-notification__content{padding-top:32px !important;padding-right:32px !important;padding-bottom:32px !important;padding-left:32px !important}<\/style><div class=\"stk-block-notification__content stk-content-align stk-b3a7798-column stk-container stk-b3a7798-container stk--no-background stk--no-padding\"><div class=\"stk-block-content stk-inner-blocks\">\n<div class=\"wp-block-stackable-heading stk-block-heading stk-block stk-40c06f9\" id=\"strong-zentrale-kernaussagen-strong\" data-block-id=\"40c06f9\"><style>.stk-40c06f9{margin-bottom:15px !important}.stk-40c06f9 .stk-block-heading__text{font-size:17px !important;margin:0 !important;color:#da8611 !important;font-weight:400 !important;letter-spacing:1px !important}@media screen and (max-width:1023px){.stk-40c06f9 .stk-block-heading__text{font-size:17px !important}}<\/style><h2 class=\"stk-block-heading__text has-text-color\"><b>ZENTRALE KERNAUSSAGEN<\/b><\/h2><\/div>\n\n\n\n<ul class=\"has-ast-global-color-8-color has-text-color wp-block-list\" style=\"font-size:16px;font-style:normal;font-weight:500;line-height:2\"><li>Der Spread ist die Differenz zwischen dem Geldkurs (Ankaufskurs) und dem Briefkurs (Verkaufskurs) von Wertpapieren wie Aktien oder Anleihen.<\/li><li>Je h\u00f6her das Handelsvolumen des zugrunde liegenden Wertpapiers, desto geringer normalerweise auch der Spread. Zur Haupthandelszeit ist der Spread jedoch oftmals am geringsten.<\/li><li>Der Spread ist sowohl f\u00fcr K\u00e4ufer als auch Verk\u00e4ufer ein Kostenfaktor.<\/li><\/ul>\n<\/div><\/div><\/div>\n\n\n<p>Der Spread bezeichnet den Unterschied zwischen dem Geldkurs (Ankaufskurs) und dem Briefkurs (Verkaufskurs) von Aktien oder anderen Wertpapieren an der B\u00f6rse. Je intensiver eine Aktie an der B\u00f6rse gehandelt wird und je h\u00f6her dementsprechend das Handelsvolumen, desto geringer ist in der Regel auch der Spread der Aktie. Wie gro\u00df der Spread ist, h\u00e4ngt somit vor allem von der Liquidit\u00e4t der Aktie ab. In volatilen Handelszeiten kann sich der Spread aber auch kurzfristig ausdehnen, selbst dann, wenn ein hohes Handelsvolumen vorliegt. Der Verkaufspreis ist in der Regel h\u00f6her als der Kaufpreis, denn der Verk\u00e4ufer will so teuer wie m\u00f6glich verkaufen, wohingegen der K\u00e4ufer so g\u00fcnstig wie m\u00f6glich kaufen will. An dem Aktienspread verdient jedoch niemand Geld (es sei denn, die B\u00f6rse betreibt Eigenhandel), da es lediglich die Differenz zwischen Angebot und Nachfrage ist, trotzdem ist es ein zu ber\u00fccksichtigender Kostenfaktor f\u00fcr K\u00e4ufer und Verk\u00e4ufer. Bei Optionsscheinen, Zertifikaten sowie Fonds verdient jedoch der Emittent an dem Spread. F\u00fcr den Anleger ist zudem wichtig zu wissen, dass der Spread fr\u00fch am Morgen sowie sp\u00e4t am Abend gr\u00f6\u00dfer ist als zur Haupthandelszeit, da das Handelsvolumen vor allem am Abend geringer ist. Es empfiehlt sich deshalb, (gr\u00f6\u00dfere) Aktienk\u00e4ufe eher zur Haupthandelszeit zu t\u00e4tigen als vor allem zum Abend hin, da dann der Spread in der Regel geringer ist.<\/p>\n<h4>Spread im Termingesch\u00e4ft<\/h4>\n<p>Spread bezeichnet dar\u00fcber hinaus bei einem Termingesch\u00e4ft den Kauf eines Kontraktes mit naheliegender F\u00e4lligkeit und dem gleichzeitigen Verkauf eines Kontraktes mit einer F\u00e4lligkeit, welche weiter in der Zukunft liegt.<\/p>","protected":false},"excerpt":{"rendered":"<p>Auch Geld-Brief-Spanne engl. Bid-Ask-Spread ZENTRALE KERNAUSSAGEN Der Spread ist die Differenz zwischen dem Geldkurs (Ankaufskurs) und dem Briefkurs (Verkaufskurs) von Wertpapieren wie Aktien oder Anleihen. Je h\u00f6her das Handelsvolumen des zugrunde liegenden Wertpapiers, desto geringer normalerweise auch der Spread. Zur Haupthandelszeit ist der Spread jedoch oftmals am geringsten. Der Spread ist sowohl f\u00fcr K\u00e4ufer als [&hellip;]<\/p>\n","protected":false},"author":1,"featured_media":0,"parent":0,"menu_order":0,"comment_status":"closed","ping_status":"closed","template":"","meta":{"site-sidebar-layout":"default","site-content-layout":"","ast-site-content-layout":"","site-content-style":"default","site-sidebar-style":"default","ast-global-header-display":"","ast-banner-title-visibility":"","ast-main-header-display":"","ast-hfb-above-header-display":"","ast-hfb-below-header-display":"","ast-hfb-mobile-header-display":"","site-post-title":"","ast-breadcrumbs-content":"","ast-featured-img":"","footer-sml-layout":"","theme-transparent-header-meta":"","adv-header-id-meta":"","stick-header-meta":"","header-above-stick-meta":"","header-main-stick-meta":"","header-below-stick-meta":"","astra-migrate-meta-layouts":"default","ast-page-background-enabled":"default","ast-page-background-meta":{"desktop":{"background-color":"","background-image":"","background-repeat":"repeat","background-position":"center center","background-size":"auto","background-attachment":"scroll","background-type":"","background-media":"","overlay-type":"","overlay-color":"","overlay-opacity":"","overlay-gradient":""},"tablet":{"background-color":"","background-image":"","background-repeat":"repeat","background-position":"center center","background-size":"auto","background-attachment":"scroll","background-type":"","background-media":"","overlay-type":"","overlay-color":"","overlay-opacity":"","overlay-gradient":""},"mobile":{"background-color":"","background-image":"","background-repeat":"repeat","background-position":"center center","background-size":"auto","background-attachment":"scroll","background-type":"","background-media":"","overlay-type":"","overlay-color":"","overlay-opacity":"","overlay-gradient":""}},"ast-content-background-meta":{"desktop":{"background-color":"var(--ast-global-color-5)","background-image":"","background-repeat":"repeat","background-position":"center center","background-size":"auto","background-attachment":"scroll","background-type":"","background-media":"","overlay-type":"","overlay-color":"","overlay-opacity":"","overlay-gradient":""},"tablet":{"background-color":"var(--ast-global-color-5)","background-image":"","background-repeat":"repeat","background-position":"center center","background-size":"auto","background-attachment":"scroll","background-type":"","background-media":"","overlay-type":"","overlay-color":"","overlay-opacity":"","overlay-gradient":""},"mobile":{"background-color":"var(--ast-global-color-5)","background-image":"","background-repeat":"repeat","background-position":"center center","background-size":"auto","background-attachment":"scroll","background-type":"","background-media":"","overlay-type":"","overlay-color":"","overlay-opacity":"","overlay-gradient":""}},"footnotes":""},"class_list":["post-784","page","type-page","status-publish","hentry"],"translation":{"provider":"WPGlobus","version":"3.0.2","language":"en","enabled_languages":["de","en"],"languages":{"de":{"title":true,"content":true,"excerpt":false},"en":{"title":false,"content":false,"excerpt":false}}},"featured_image_urls_v2":{"full":"","thumbnail":"","medium":"","medium_large":"","large":"","1536x1536":"","2048x2048":""},"post_excerpt_stackable_v2":"<p>Auch Geld-Brief-Spanne engl. Bid-Ask-Spread ZENTRALE KERNAUSSAGEN Der Spread ist die Differenz zwischen dem Geldkurs (Ankaufskurs) und dem Briefkurs (Verkaufskurs) von Wertpapieren wie Aktien oder Anleihen.Je h\u00f6her das Handelsvolumen des zugrunde liegenden Wertpapiers, desto geringer normalerweise auch der Spread. Zur Haupthandelszeit ist der Spread jedoch oftmals am geringsten.Der Spread ist sowohl f\u00fcr K\u00e4ufer als auch Verk\u00e4ufer ein Kostenfaktor. Der Spread bezeichnet den Unterschied zwischen dem Geldkurs (Ankaufskurs) und dem Briefkurs (Verkaufskurs) von Aktien oder anderen Wertpapieren an der B\u00f6rse. Je intensiver eine Aktie an der B\u00f6rse gehandelt wird und je h\u00f6her dementsprechend das Handelsvolumen, desto geringer ist in der Regel auch&hellip;<\/p>\n","category_list_v2":"","author_info_v2":{"name":"PrudentWater","url":"https:\/\/prudentwater.com\/en\/author\/niklas33\/"},"comments_num_v2":"0 comments","_links":{"self":[{"href":"https:\/\/prudentwater.com\/en\/wp-json\/wp\/v2\/pages\/784","targetHints":{"allow":["GET"]}}],"collection":[{"href":"https:\/\/prudentwater.com\/en\/wp-json\/wp\/v2\/pages"}],"about":[{"href":"https:\/\/prudentwater.com\/en\/wp-json\/wp\/v2\/types\/page"}],"author":[{"embeddable":true,"href":"https:\/\/prudentwater.com\/en\/wp-json\/wp\/v2\/users\/1"}],"replies":[{"embeddable":true,"href":"https:\/\/prudentwater.com\/en\/wp-json\/wp\/v2\/comments?post=784"}],"version-history":[{"count":0,"href":"https:\/\/prudentwater.com\/en\/wp-json\/wp\/v2\/pages\/784\/revisions"}],"wp:attachment":[{"href":"https:\/\/prudentwater.com\/en\/wp-json\/wp\/v2\/media?parent=784"}],"curies":[{"name":"wp","href":"https:\/\/api.w.org\/{rel}","templated":true}]}}