{"id":7874,"date":"2016-08-08T13:29:41","date_gmt":"2016-08-08T13:29:41","guid":{"rendered":"http:\/\/www.kunnskap.de\/?page_id=7874"},"modified":"2021-06-25T12:49:34","modified_gmt":"2021-06-25T10:49:34","slug":"lender-of-last-resort","status":"publish","type":"page","link":"https:\/\/prudentwater.com\/en\/lender-of-last-resort\/","title":{"rendered":"Lender of Last Resort"},"content":{"rendered":"<p>Auch <strong>Kreditgeber der letzten Instanz<\/strong><\/p>\n<p>Lender of Last Resort bezeichnet die Zentralbank eines Landes oder eines W\u00e4hrungsraumes, welche als Kreditgeber in letzter Instanz agieren kann. Sollten Banken nicht mehr in der Lage sein, sich am Markt zu refinanzieren, verf\u00fcgt die Zentralbank jederzeit \u00fcber die M\u00f6glichkeit, diesen Finanzinstituten den aktuellen Liquidit\u00e4tsengpass durch Vergabe von neuen Krediten zu \u00fcberbr\u00fccken. Es handelt sich jedoch um eine au\u00dferordentliche Liquidit\u00e4tshilfe, welche nur dann in Kraft tritt, wenn Banken \u00fcber den Markt keinen Zugang mehr zu frischer Liquidit\u00e4t haben.<br \/>\nVorausgesetzt die jeweilige Bank ist systemrelevant und verf\u00fcgt \u00fcber ausreichende Sicherheiten, welche sie f\u00fcr die Kredite hinterlegen kann, ist die Zentralbank berechtigt, als Kreditgeber in letzter Instanz &#8216;einzuspringen&#8217;. Gesch\u00e4ftsbanken k\u00f6nnen dann von der Zentralbank mit Liquidit\u00e4t versorgt werden, wenn sich die Gesch\u00e4ftsbanken aufgrund von Misstrauen und Skepsis untereinander am Interbankenmarkt kein Geld mehr verleihen und es folglich zu einer Destabilisierung des Finanzsystems kommen kann. <\/p>\n","protected":false},"excerpt":{"rendered":"<p>Auch Kreditgeber der letzten Instanz Lender of Last Resort bezeichnet die Zentralbank eines Landes oder eines W\u00e4hrungsraumes, welche als Kreditgeber in letzter Instanz agieren kann. Sollten Banken nicht mehr in der Lage sein, sich am Markt zu refinanzieren, verf\u00fcgt die Zentralbank jederzeit \u00fcber die M\u00f6glichkeit, diesen Finanzinstituten den aktuellen Liquidit\u00e4tsengpass durch Vergabe von neuen Krediten [&hellip;]<\/p>\n","protected":false},"author":1,"featured_media":0,"parent":0,"menu_order":0,"comment_status":"closed","ping_status":"closed","template":"","meta":{"site-sidebar-layout":"default","site-content-layout":"","ast-site-content-layout":"","site-content-style":"default","site-sidebar-style":"default","ast-global-header-display":"","ast-banner-title-visibility":"","ast-main-header-display":"","ast-hfb-above-header-display":"","ast-hfb-below-header-display":"","ast-hfb-mobile-header-display":"","site-post-title":"","ast-breadcrumbs-content":"","ast-featured-img":"","footer-sml-layout":"","theme-transparent-header-meta":"","adv-header-id-meta":"","stick-header-meta":"","header-above-stick-meta":"","header-main-stick-meta":"","header-below-stick-meta":"","astra-migrate-meta-layouts":"default","ast-page-background-enabled":"default","ast-page-background-meta":{"desktop":{"background-color":"","background-image":"","background-repeat":"repeat","background-position":"center center","background-size":"auto","background-attachment":"scroll","background-type":"","background-media":"","overlay-type":"","overlay-color":"","overlay-opacity":"","overlay-gradient":""},"tablet":{"background-color":"","background-image":"","background-repeat":"repeat","background-position":"center center","background-size":"auto","background-attachment":"scroll","background-type":"","background-media":"","overlay-type":"","overlay-color":"","overlay-opacity":"","overlay-gradient":""},"mobile":{"background-color":"","background-image":"","background-repeat":"repeat","background-position":"center center","background-size":"auto","background-attachment":"scroll","background-type":"","background-media":"","overlay-type":"","overlay-color":"","overlay-opacity":"","overlay-gradient":""}},"ast-content-background-meta":{"desktop":{"background-color":"var(--ast-global-color-5)","background-image":"","background-repeat":"repeat","background-position":"center center","background-size":"auto","background-attachment":"scroll","background-type":"","background-media":"","overlay-type":"","overlay-color":"","overlay-opacity":"","overlay-gradient":""},"tablet":{"background-color":"var(--ast-global-color-5)","background-image":"","background-repeat":"repeat","background-position":"center center","background-size":"auto","background-attachment":"scroll","background-type":"","background-media":"","overlay-type":"","overlay-color":"","overlay-opacity":"","overlay-gradient":""},"mobile":{"background-color":"var(--ast-global-color-5)","background-image":"","background-repeat":"repeat","background-position":"center center","background-size":"auto","background-attachment":"scroll","background-type":"","background-media":"","overlay-type":"","overlay-color":"","overlay-opacity":"","overlay-gradient":""}},"footnotes":""},"class_list":["post-7874","page","type-page","status-publish","hentry"],"translation":{"provider":"WPGlobus","version":"3.0.2","language":"en","enabled_languages":["de","en"],"languages":{"de":{"title":true,"content":true,"excerpt":false},"en":{"title":false,"content":false,"excerpt":false}}},"featured_image_urls_v2":{"full":"","thumbnail":"","medium":"","medium_large":"","large":"","1536x1536":"","2048x2048":""},"post_excerpt_stackable_v2":"<p>Auch Kreditgeber der letzten Instanz Lender of Last Resort bezeichnet die Zentralbank eines Landes oder eines W\u00e4hrungsraumes, welche als Kreditgeber in letzter Instanz agieren kann. Sollten Banken nicht mehr in der Lage sein, sich am Markt zu refinanzieren, verf\u00fcgt die Zentralbank jederzeit \u00fcber die M\u00f6glichkeit, diesen Finanzinstituten den aktuellen Liquidit\u00e4tsengpass durch Vergabe von neuen Krediten zu \u00fcberbr\u00fccken. Es handelt sich jedoch um eine au\u00dferordentliche Liquidit\u00e4tshilfe, welche nur dann in Kraft tritt, wenn Banken \u00fcber den Markt keinen Zugang mehr zu frischer Liquidit\u00e4t haben. Vorausgesetzt die jeweilige Bank ist systemrelevant und verf\u00fcgt \u00fcber ausreichende Sicherheiten, welche sie f\u00fcr die Kredite hinterlegen&hellip;<\/p>\n","category_list_v2":"","author_info_v2":{"name":"PrudentWater","url":"https:\/\/prudentwater.com\/en\/author\/niklas33\/"},"comments_num_v2":"0 comments","_links":{"self":[{"href":"https:\/\/prudentwater.com\/en\/wp-json\/wp\/v2\/pages\/7874","targetHints":{"allow":["GET"]}}],"collection":[{"href":"https:\/\/prudentwater.com\/en\/wp-json\/wp\/v2\/pages"}],"about":[{"href":"https:\/\/prudentwater.com\/en\/wp-json\/wp\/v2\/types\/page"}],"author":[{"embeddable":true,"href":"https:\/\/prudentwater.com\/en\/wp-json\/wp\/v2\/users\/1"}],"replies":[{"embeddable":true,"href":"https:\/\/prudentwater.com\/en\/wp-json\/wp\/v2\/comments?post=7874"}],"version-history":[{"count":0,"href":"https:\/\/prudentwater.com\/en\/wp-json\/wp\/v2\/pages\/7874\/revisions"}],"wp:attachment":[{"href":"https:\/\/prudentwater.com\/en\/wp-json\/wp\/v2\/media?parent=7874"}],"curies":[{"name":"wp","href":"https:\/\/api.w.org\/{rel}","templated":true}]}}