{"id":7923,"date":"2016-08-11T16:55:13","date_gmt":"2016-08-11T16:55:13","guid":{"rendered":"http:\/\/www.kunnskap.de\/?page_id=7923"},"modified":"2022-10-24T09:54:04","modified_gmt":"2022-10-24T07:54:04","slug":"quasi-staatsanleihe","status":"publish","type":"page","link":"https:\/\/prudentwater.com\/en\/quasi-staatsanleihe\/","title":{"rendered":"Quasi-Staatsanleihe"},"content":{"rendered":"<p>Auch <strong>Staatsnahe Anleihe<\/strong><\/p>\n\n\n<div class=\"wp-block-stackable-notification stk-block-notification stk-block stk-b3a7798 is-style-plain\" data-block-id=\"b3a7798\"><style>.stk-b3a7798{box-shadow:0px 2px 20px rgba(153,153,153,0.2) !important}.stk-b3a7798-container{border-radius:20px !important;overflow:hidden !important;box-shadow:0px 10px 60px rgba(0,0,0,0.1) !important}.stk-b3a7798 .stk-block-notification__content{padding-top:32px !important;padding-right:32px !important;padding-bottom:32px !important;padding-left:32px !important}<\/style><div class=\"stk-block-notification__content stk-content-align stk-b3a7798-column stk-container stk-b3a7798-container stk--no-background stk--no-padding\"><div class=\"stk-block-content stk-inner-blocks\">\n<div class=\"wp-block-stackable-heading stk-block-heading stk-block stk-40c06f9\" id=\"strong-zentrale-kernaussagen-strong\" data-block-id=\"40c06f9\"><style>.stk-40c06f9{margin-bottom:15px !important}.stk-40c06f9 .stk-block-heading__text{font-size:17px !important;margin:0 !important;color:#da8611 !important;font-weight:400 !important;letter-spacing:1px !important}@media screen and (max-width:1023px){.stk-40c06f9 .stk-block-heading__text{font-size:17px !important}}<\/style><h2 class=\"stk-block-heading__text has-text-color\"><b>ZENTRALE KERNAUSSAGEN<\/b><\/h2><\/div>\n\n\n\n<ul class=\"has-ast-global-color-8-color has-text-color wp-block-list\" style=\"font-size:16px;font-style:normal;font-weight:500;line-height:2\"><li>Eine Quasi-Staatsanleihe wurde nicht von einem Staat emittiert, sie verf\u00fcgt jedoch trotzdem \u00fcber Staatsgarantien im Falle einer Zahlungsunf\u00e4higkeit des Emittenten.<\/li><li>Quasi-Staatsanleihen aus vor allem Schwellenl\u00e4ndern sollten vor dem Kauf trotzdessen genau untersucht werden, da sie teilweise komplex strukturiert sind. <\/li><\/ul>\n<\/div><\/div><\/div>\n\n\n<p>Bei einer Quasi-Staatsanleihe handelt es sich um eine Anleihe, welche nicht direkt von einem Staat emittiert wurde, jedoch trotzdem ebenso \u00fcber Staatsgarantien verf\u00fcgt wie eine herk\u00f6mmliche Staatsanleihe. Sollte es also zu einer Zahlungsunf\u00e4higkeit oder Insolvenz des urspr\u00fcnglichen Emittenten der Quasi-Staatsanleihe kommen, so muss der entsprechende Staat bzw. die dahinter stehende Staatengemeinschaft f\u00fcr die R\u00fcckzahlung der Anleihe garantieren. Quasi-Staatsanleihen sind somit durch einen oder mehrere Staaten gesichert, auch wenn sie nicht urspr\u00fcnglich von ihnen emittiert wurden.<\/p>\n<p>So ist die Landesobligation oder die Landesschatzanweisung eine Quasi-Staatsanleihe, da diese durch den Staat Deutschland bzw. dem L\u00e4nderfinanzausgleich gesichert sind. Ebenso geh\u00f6ren Anleihen der Kreditanstalt f\u00fcr Wiederaufbau (KfW) oder der Europ\u00e4ischen Investitionsbank zu den Quasi-Staatsanleihen, da in beiden F\u00e4llen die jeweiligen Staaten als Anteilseigner f\u00fcr die Institutionen mithaften. Ebenso sind Anleihen der Afrikanischen Entwicklungsbank staatsnahe Anleihen, da mehrere afrikanische und nicht-afrikanische Staaten (u. a. Deutschland, USA, China) Mitglieder dieser Organisation sind und Anteile halten. Quasi-Staatsanleihen besitzen deshalb oft ein ausgezeichnetes Rating, da ein Zahlungsausfall oder sogar Totalverlust sehr unwahrscheinlich &#8211; aber nat\u00fcrlich nicht unm\u00f6glich &#8211; ist. Staatsnahe Anleihen werden trotzdem gelegentlich h\u00f6her verzinst, weil sie oft auf exotische W\u00e4hrungen lauten oder zumindest in einer Fremdw\u00e4hrung aus einem Schwellenland \/ Emerging Markets-Land notieren. Dadurch ist die Anleihe jedoch auch einer h\u00f6heren Volatilit\u00e4t und einem gr\u00f6\u00dferen Abwertungsrisiko ausgesetzt. In diesem Fall geht der Investor letztendlich ein Wechselkursrisiko ein, welches dann mit einem h\u00f6heren Kupon kompensiert werden soll.<\/p>","protected":false},"excerpt":{"rendered":"<p>Auch Staatsnahe Anleihe ZENTRALE KERNAUSSAGEN Eine Quasi-Staatsanleihe wurde nicht von einem Staat emittiert, sie verf\u00fcgt jedoch trotzdem \u00fcber Staatsgarantien im Falle einer Zahlungsunf\u00e4higkeit des Emittenten. Quasi-Staatsanleihen aus vor allem Schwellenl\u00e4ndern sollten vor dem Kauf trotzdessen genau untersucht werden, da sie teilweise komplex strukturiert sind. Bei einer Quasi-Staatsanleihe handelt es sich um eine Anleihe, welche nicht [&hellip;]<\/p>\n","protected":false},"author":1,"featured_media":0,"parent":0,"menu_order":0,"comment_status":"closed","ping_status":"closed","template":"","meta":{"site-sidebar-layout":"default","site-content-layout":"","ast-site-content-layout":"","site-content-style":"default","site-sidebar-style":"default","ast-global-header-display":"","ast-banner-title-visibility":"","ast-main-header-display":"","ast-hfb-above-header-display":"","ast-hfb-below-header-display":"","ast-hfb-mobile-header-display":"","site-post-title":"","ast-breadcrumbs-content":"","ast-featured-img":"","footer-sml-layout":"","theme-transparent-header-meta":"","adv-header-id-meta":"","stick-header-meta":"","header-above-stick-meta":"","header-main-stick-meta":"","header-below-stick-meta":"","astra-migrate-meta-layouts":"default","ast-page-background-enabled":"default","ast-page-background-meta":{"desktop":{"background-color":"","background-image":"","background-repeat":"repeat","background-position":"center center","background-size":"auto","background-attachment":"scroll","background-type":"","background-media":"","overlay-type":"","overlay-color":"","overlay-opacity":"","overlay-gradient":""},"tablet":{"background-color":"","background-image":"","background-repeat":"repeat","background-position":"center center","background-size":"auto","background-attachment":"scroll","background-type":"","background-media":"","overlay-type":"","overlay-color":"","overlay-opacity":"","overlay-gradient":""},"mobile":{"background-color":"","background-image":"","background-repeat":"repeat","background-position":"center center","background-size":"auto","background-attachment":"scroll","background-type":"","background-media":"","overlay-type":"","overlay-color":"","overlay-opacity":"","overlay-gradient":""}},"ast-content-background-meta":{"desktop":{"background-color":"var(--ast-global-color-5)","background-image":"","background-repeat":"repeat","background-position":"center center","background-size":"auto","background-attachment":"scroll","background-type":"","background-media":"","overlay-type":"","overlay-color":"","overlay-opacity":"","overlay-gradient":""},"tablet":{"background-color":"var(--ast-global-color-5)","background-image":"","background-repeat":"repeat","background-position":"center center","background-size":"auto","background-attachment":"scroll","background-type":"","background-media":"","overlay-type":"","overlay-color":"","overlay-opacity":"","overlay-gradient":""},"mobile":{"background-color":"var(--ast-global-color-5)","background-image":"","background-repeat":"repeat","background-position":"center center","background-size":"auto","background-attachment":"scroll","background-type":"","background-media":"","overlay-type":"","overlay-color":"","overlay-opacity":"","overlay-gradient":""}},"footnotes":""},"class_list":["post-7923","page","type-page","status-publish","hentry"],"translation":{"provider":"WPGlobus","version":"3.0.2","language":"en","enabled_languages":["de","en"],"languages":{"de":{"title":true,"content":true,"excerpt":false},"en":{"title":false,"content":false,"excerpt":false}}},"featured_image_urls_v2":{"full":"","thumbnail":"","medium":"","medium_large":"","large":"","1536x1536":"","2048x2048":""},"post_excerpt_stackable_v2":"<p>Auch Staatsnahe Anleihe ZENTRALE KERNAUSSAGEN Eine Quasi-Staatsanleihe wurde nicht von einem Staat emittiert, sie verf\u00fcgt jedoch trotzdem \u00fcber Staatsgarantien im Falle einer Zahlungsunf\u00e4higkeit des Emittenten.Quasi-Staatsanleihen aus vor allem Schwellenl\u00e4ndern sollten vor dem Kauf trotzdessen genau untersucht werden, da sie teilweise komplex strukturiert sind. Bei einer Quasi-Staatsanleihe handelt es sich um eine Anleihe, welche nicht direkt von einem Staat emittiert wurde, jedoch trotzdem ebenso \u00fcber Staatsgarantien verf\u00fcgt wie eine herk\u00f6mmliche Staatsanleihe. Sollte es also zu einer Zahlungsunf\u00e4higkeit oder Insolvenz des urspr\u00fcnglichen Emittenten der Quasi-Staatsanleihe kommen, so muss der entsprechende Staat bzw. die dahinter stehende Staatengemeinschaft f\u00fcr die R\u00fcckzahlung der Anleihe garantieren.&hellip;<\/p>\n","category_list_v2":"","author_info_v2":{"name":"PrudentWater","url":"https:\/\/prudentwater.com\/en\/author\/niklas33\/"},"comments_num_v2":"0 comments","_links":{"self":[{"href":"https:\/\/prudentwater.com\/en\/wp-json\/wp\/v2\/pages\/7923","targetHints":{"allow":["GET"]}}],"collection":[{"href":"https:\/\/prudentwater.com\/en\/wp-json\/wp\/v2\/pages"}],"about":[{"href":"https:\/\/prudentwater.com\/en\/wp-json\/wp\/v2\/types\/page"}],"author":[{"embeddable":true,"href":"https:\/\/prudentwater.com\/en\/wp-json\/wp\/v2\/users\/1"}],"replies":[{"embeddable":true,"href":"https:\/\/prudentwater.com\/en\/wp-json\/wp\/v2\/comments?post=7923"}],"version-history":[{"count":0,"href":"https:\/\/prudentwater.com\/en\/wp-json\/wp\/v2\/pages\/7923\/revisions"}],"wp:attachment":[{"href":"https:\/\/prudentwater.com\/en\/wp-json\/wp\/v2\/media?parent=7923"}],"curies":[{"name":"wp","href":"https:\/\/api.w.org\/{rel}","templated":true}]}}