{"id":794,"date":"2014-09-14T19:44:28","date_gmt":"2014-09-14T19:44:28","guid":{"rendered":"http:\/\/www.kunnskap.de\/?page_id=794"},"modified":"2023-02-04T14:03:52","modified_gmt":"2023-02-04T13:03:52","slug":"leistungsbilanz","status":"publish","type":"page","link":"https:\/\/prudentwater.com\/en\/leistungsbilanz\/","title":{"rendered":"Leistungsbilanz"},"content":{"rendered":"\n<p>engl. <b>Current Account<\/b><\/p>\n\n\n\n<p>Die Leistungsbilanz umfasst alle Zahlungstransaktionen, die zwischen dem Inland und dem Ausland \u00fcber einem bestimmten Zeitraum (in der Regel 12 Monate) stattgefunden haben. Zu der Leistungsbilanz geh\u00f6ren folgende Teilbilanzen:<\/p>\n\n\n\n<div class=\"wp-block-stackable-icon-list stk-block-icon-list stk-block stk-899900e\" data-block-id=\"899900e\"><style>.stk-899900e ul li{list-style-image:url('data:image\/svg+xml;base64,PHN2ZyBhcmlhLWhpZGRlbj0idHJ1ZSIgZm9jdXNhYmxlPSJmYWxzZSIgZGF0YS1wcmVmaXg9ImZhciIgZGF0YS1pY29uPSJ3aW5kb3ctbWluaW1pemUiIGNsYXNzPSJzdmctaW5saW5lLS1mYSBmYS13aW5kb3ctbWluaW1pemUgZmEtdy0xNiIgcm9sZT0iaW1nIiB4bWxucz0iaHR0cDovL3d3dy53My5vcmcvMjAwMC9zdmciIHZpZXdCb3g9IjAgMCA1MTIgNTEyIiBzdHlsZT0iZmlsbDogIzAwMCAhaW1wb3J0YW50OyBjb2xvcjogIzAwMCAhaW1wb3J0YW50O3RyYW5zZm9ybTogcm90YXRlKGRlZykgIWltcG9ydGFudDsiPjxwYXRoIGZpbGw9IiMwMDAiIGQ9Ik00ODAgNDgwSDMyYy0xNy43IDAtMzItMTQuMy0zMi0zMnMxNC4zLTMyIDMyLTMyaDQ0OGMxNy43IDAgMzIgMTQuMyAzMiAzMnMtMTQuMyAzMi0zMiAzMnoiIHN0cm9rZT0iIzAwMCIgc3R5bGU9ImZpbGw6IHJnYigwLCAwLCAwKTsgc3Ryb2tlOiByZ2IoMCwgMCwgMCk7Ii8+PC9zdmc+') !important}.stk-899900e li::marker{font-size:2.1em !important}<\/style><ul><li>Die <strong><a href=\"https:\/\/prudentwater.com\/handelsbilanz\/\">Handelsbilanz<\/a><\/strong> ist eine Gegen\u00fcberstellung von allen Waren, die ein Land exportiert, mit allen Waren, die ein Land importiert. Sie ist die gr\u00f6\u00dfte Teilbilanz der Leistungsbilanz.<\/li><li>Die <strong><a href=\"https:\/\/prudentwater.com\/dienstleistungsbilanz\/\">Dienstleistungsbilanz<\/a><\/strong> ist eine Gegen\u00fcberstellung von allen Dienstleistungen, die ein Land exportiert, mit allen Dienstleistungen, die ein Land importiert.<\/li><li>Die <strong><a href=\"https:\/\/prudentwater.com\/bilanz-der-erwerbs-und-vermogenseinkommen\/\">Bilanz der Erwerbs- und Verm\u00f6genseinkommen<\/a><\/strong> umfasst vor allem Kapitalertr\u00e4ge- und aufwendungen wie Zins- und Dividendenzahlungen.<\/li><li>Die <strong><a href=\"https:\/\/prudentwater.com\/bilanz-der-laufenden-ubertragungen\/\">Bilanz der laufenden \u00dcbertragungen<\/a><\/strong> umfasst alle unentgeltlichen Leistungen wie zum Beispiel Zahlungen an die Europ\u00e4ische Gemeinschaft sowie an weitere \u00f6ffentliche Institutionen.<\/li><\/ul><\/div>\n\n\n\n<p>\u00dcbersteigt der Wert aller Exporte den Wert aller Importe, so liegt bei dem entsprechenden Land ein Leistungsbilanz\u00fcberschuss vor. \u00dcbersteigt hingegen der Wert aller Importe den Wert aller Exporte, so liegt ein Leistungsbilanzdefizit vor.<\/p>\n","protected":false},"excerpt":{"rendered":"<p>engl. Current Account Die Leistungsbilanz umfasst alle Zahlungstransaktionen, die zwischen dem Inland und dem Ausland \u00fcber einem bestimmten Zeitraum (in der Regel 12 Monate) stattgefunden haben. Zu der Leistungsbilanz geh\u00f6ren folgende Teilbilanzen: Die Handelsbilanz ist eine Gegen\u00fcberstellung von allen Waren, die ein Land exportiert, mit allen Waren, die ein Land importiert. Sie ist die gr\u00f6\u00dfte [&hellip;]<\/p>\n","protected":false},"author":1,"featured_media":0,"parent":0,"menu_order":0,"comment_status":"closed","ping_status":"closed","template":"","meta":{"site-sidebar-layout":"default","site-content-layout":"default","ast-site-content-layout":"","site-content-style":"default","site-sidebar-style":"default","ast-global-header-display":"","ast-banner-title-visibility":"","ast-main-header-display":"","ast-hfb-above-header-display":"","ast-hfb-below-header-display":"","ast-hfb-mobile-header-display":"","site-post-title":"","ast-breadcrumbs-content":"","ast-featured-img":"","footer-sml-layout":"","theme-transparent-header-meta":"default","adv-header-id-meta":"","stick-header-meta":"","header-above-stick-meta":"","header-main-stick-meta":"","header-below-stick-meta":"","astra-migrate-meta-layouts":"default","ast-page-background-enabled":"default","ast-page-background-meta":{"desktop":{"background-color":"","background-image":"","background-repeat":"repeat","background-position":"center center","background-size":"auto","background-attachment":"scroll","background-type":"","background-media":"","overlay-type":"","overlay-color":"","overlay-opacity":"","overlay-gradient":""},"tablet":{"background-color":"","background-image":"","background-repeat":"repeat","background-position":"center center","background-size":"auto","background-attachment":"scroll","background-type":"","background-media":"","overlay-type":"","overlay-color":"","overlay-opacity":"","overlay-gradient":""},"mobile":{"background-color":"","background-image":"","background-repeat":"repeat","background-position":"center center","background-size":"auto","background-attachment":"scroll","background-type":"","background-media":"","overlay-type":"","overlay-color":"","overlay-opacity":"","overlay-gradient":""}},"ast-content-background-meta":{"desktop":{"background-color":"var(--ast-global-color-5)","background-image":"","background-repeat":"repeat","background-position":"center center","background-size":"auto","background-attachment":"scroll","background-type":"","background-media":"","overlay-type":"","overlay-color":"","overlay-opacity":"","overlay-gradient":""},"tablet":{"background-color":"var(--ast-global-color-5)","background-image":"","background-repeat":"repeat","background-position":"center center","background-size":"auto","background-attachment":"scroll","background-type":"","background-media":"","overlay-type":"","overlay-color":"","overlay-opacity":"","overlay-gradient":""},"mobile":{"background-color":"var(--ast-global-color-5)","background-image":"","background-repeat":"repeat","background-position":"center center","background-size":"auto","background-attachment":"scroll","background-type":"","background-media":"","overlay-type":"","overlay-color":"","overlay-opacity":"","overlay-gradient":""}},"footnotes":""},"class_list":["post-794","page","type-page","status-publish","hentry"],"translation":{"provider":"WPGlobus","version":"3.0.2","language":"en","enabled_languages":["de","en"],"languages":{"de":{"title":true,"content":true,"excerpt":false},"en":{"title":false,"content":false,"excerpt":false}}},"featured_image_urls_v2":{"full":"","thumbnail":"","medium":"","medium_large":"","large":"","1536x1536":"","2048x2048":""},"post_excerpt_stackable_v2":"<p>engl. Current Account Die Leistungsbilanz umfasst alle Zahlungstransaktionen, die zwischen dem Inland und dem Ausland \u00fcber einem bestimmten Zeitraum (in der Regel 12 Monate) stattgefunden haben. Zu der Leistungsbilanz geh\u00f6ren folgende Teilbilanzen: Die Handelsbilanz ist eine Gegen\u00fcberstellung von allen Waren, die ein Land exportiert, mit allen Waren, die ein Land importiert. Sie ist die gr\u00f6\u00dfte Teilbilanz der Leistungsbilanz.Die Dienstleistungsbilanz ist eine Gegen\u00fcberstellung von allen Dienstleistungen, die ein Land exportiert, mit allen Dienstleistungen, die ein Land importiert.Die Bilanz der Erwerbs- und Verm\u00f6genseinkommen umfasst vor allem Kapitalertr\u00e4ge- und aufwendungen wie Zins- und Dividendenzahlungen.Die Bilanz der laufenden \u00dcbertragungen umfasst alle unentgeltlichen Leistungen wie&hellip;<\/p>\n","category_list_v2":"","author_info_v2":{"name":"PrudentWater","url":"https:\/\/prudentwater.com\/en\/author\/niklas33\/"},"comments_num_v2":"0 comments","_links":{"self":[{"href":"https:\/\/prudentwater.com\/en\/wp-json\/wp\/v2\/pages\/794","targetHints":{"allow":["GET"]}}],"collection":[{"href":"https:\/\/prudentwater.com\/en\/wp-json\/wp\/v2\/pages"}],"about":[{"href":"https:\/\/prudentwater.com\/en\/wp-json\/wp\/v2\/types\/page"}],"author":[{"embeddable":true,"href":"https:\/\/prudentwater.com\/en\/wp-json\/wp\/v2\/users\/1"}],"replies":[{"embeddable":true,"href":"https:\/\/prudentwater.com\/en\/wp-json\/wp\/v2\/comments?post=794"}],"version-history":[{"count":0,"href":"https:\/\/prudentwater.com\/en\/wp-json\/wp\/v2\/pages\/794\/revisions"}],"wp:attachment":[{"href":"https:\/\/prudentwater.com\/en\/wp-json\/wp\/v2\/media?parent=794"}],"curies":[{"name":"wp","href":"https:\/\/api.w.org\/{rel}","templated":true}]}}