{"id":796,"date":"2014-09-14T20:25:45","date_gmt":"2014-09-14T20:25:45","guid":{"rendered":"http:\/\/www.kunnskap.de\/?page_id=796"},"modified":"2021-06-25T12:49:32","modified_gmt":"2021-06-25T10:49:32","slug":"kernkapitalquote","status":"publish","type":"page","link":"https:\/\/prudentwater.com\/en\/kernkapitalquote\/","title":{"rendered":"Kernkapitalquote"},"content":{"rendered":"<p>engl. <strong>Core Capital Quota<\/strong><\/p>\n<p>Die Kernkapitalquote gibt an, wie sehr die Risikoaktiva einer Bank durch Kernkapital gedeckt sind. Sie gilt als wichtige Kennzahl, um Aufschluss \u00fcber die Finanzstabilit\u00e4t eines Finanzinstitutes zu erhalten.<\/p>\n<h6>Berechnung:<\/h6>\n<p><center><img loading=\"lazy\" decoding=\"async\" src=\"https:\/\/prudentwater.com\/wp-content\/uploads\/2020\/03\/kernkapitalquote.bmp\" alt=\"kernkapitalquote\" class=\"alignnone size-full wp-image-7694\" width=\"297\" height=\"49\" title=\"\"><\/center><br \/>\nDie Risikoaktiva stellen vor allem vergebene Kredite an Kunden sowie von der Bank im Besitz befindliche Wertpapiere dar. Das Kernkapital wird vor allem durch das Grundkapital und durch Gewinnr\u00fccklagen gebildet. Je h\u00f6her die Kernkapitalquote, desto h\u00f6her ist der Anteil der Risikoaktiva, der durch Kernkapital gedeckt ist. Also, je h\u00f6her die Kernkapitalquote, desto stabiler die finanzielle Situation der Bank. Liegt die Kernkapitalquote einer Bank bei 8 Prozent, m\u00fcssen 8 Prozent aller risikotragenden Aktiva ausfallen, bevor das haftende Eigenkapital der Bank vollst\u00e4ndig aufgezehrt ist und die Gefahr einer Insolvenz besteht.<\/p>\n","protected":false},"excerpt":{"rendered":"<p>engl. Core Capital Quota Die Kernkapitalquote gibt an, wie sehr die Risikoaktiva einer Bank durch Kernkapital gedeckt sind. Sie gilt als wichtige Kennzahl, um Aufschluss \u00fcber die Finanzstabilit\u00e4t eines Finanzinstitutes zu erhalten. Berechnung: Die Risikoaktiva stellen vor allem vergebene Kredite an Kunden sowie von der Bank im Besitz befindliche Wertpapiere dar. Das Kernkapital wird vor [&hellip;]<\/p>\n","protected":false},"author":1,"featured_media":0,"parent":0,"menu_order":0,"comment_status":"closed","ping_status":"closed","template":"","meta":{"site-sidebar-layout":"default","site-content-layout":"","ast-site-content-layout":"","site-content-style":"default","site-sidebar-style":"default","ast-global-header-display":"","ast-banner-title-visibility":"","ast-main-header-display":"","ast-hfb-above-header-display":"","ast-hfb-below-header-display":"","ast-hfb-mobile-header-display":"","site-post-title":"","ast-breadcrumbs-content":"","ast-featured-img":"","footer-sml-layout":"","theme-transparent-header-meta":"","adv-header-id-meta":"","stick-header-meta":"","header-above-stick-meta":"","header-main-stick-meta":"","header-below-stick-meta":"","astra-migrate-meta-layouts":"default","ast-page-background-enabled":"default","ast-page-background-meta":{"desktop":{"background-color":"","background-image":"","background-repeat":"repeat","background-position":"center center","background-size":"auto","background-attachment":"scroll","background-type":"","background-media":"","overlay-type":"","overlay-color":"","overlay-opacity":"","overlay-gradient":""},"tablet":{"background-color":"","background-image":"","background-repeat":"repeat","background-position":"center center","background-size":"auto","background-attachment":"scroll","background-type":"","background-media":"","overlay-type":"","overlay-color":"","overlay-opacity":"","overlay-gradient":""},"mobile":{"background-color":"","background-image":"","background-repeat":"repeat","background-position":"center center","background-size":"auto","background-attachment":"scroll","background-type":"","background-media":"","overlay-type":"","overlay-color":"","overlay-opacity":"","overlay-gradient":""}},"ast-content-background-meta":{"desktop":{"background-color":"var(--ast-global-color-5)","background-image":"","background-repeat":"repeat","background-position":"center center","background-size":"auto","background-attachment":"scroll","background-type":"","background-media":"","overlay-type":"","overlay-color":"","overlay-opacity":"","overlay-gradient":""},"tablet":{"background-color":"var(--ast-global-color-5)","background-image":"","background-repeat":"repeat","background-position":"center center","background-size":"auto","background-attachment":"scroll","background-type":"","background-media":"","overlay-type":"","overlay-color":"","overlay-opacity":"","overlay-gradient":""},"mobile":{"background-color":"var(--ast-global-color-5)","background-image":"","background-repeat":"repeat","background-position":"center center","background-size":"auto","background-attachment":"scroll","background-type":"","background-media":"","overlay-type":"","overlay-color":"","overlay-opacity":"","overlay-gradient":""}},"footnotes":""},"class_list":["post-796","page","type-page","status-publish","hentry"],"translation":{"provider":"WPGlobus","version":"3.0.2","language":"en","enabled_languages":["de","en"],"languages":{"de":{"title":true,"content":true,"excerpt":false},"en":{"title":false,"content":false,"excerpt":false}}},"featured_image_urls_v2":{"full":"","thumbnail":"","medium":"","medium_large":"","large":"","1536x1536":"","2048x2048":""},"post_excerpt_stackable_v2":"<p>engl. Core Capital Quota Die Kernkapitalquote gibt an, wie sehr die Risikoaktiva einer Bank durch Kernkapital gedeckt sind. Sie gilt als wichtige Kennzahl, um Aufschluss \u00fcber die Finanzstabilit\u00e4t eines Finanzinstitutes zu erhalten. Berechnung: Die Risikoaktiva stellen vor allem vergebene Kredite an Kunden sowie von der Bank im Besitz befindliche Wertpapiere dar. Das Kernkapital wird vor allem durch das Grundkapital und durch Gewinnr\u00fccklagen gebildet. Je h\u00f6her die Kernkapitalquote, desto h\u00f6her ist der Anteil der Risikoaktiva, der durch Kernkapital gedeckt ist. Also, je h\u00f6her die Kernkapitalquote, desto stabiler die finanzielle Situation der Bank. Liegt die Kernkapitalquote einer Bank bei 8 Prozent, m\u00fcssen&hellip;<\/p>\n","category_list_v2":"","author_info_v2":{"name":"PrudentWater","url":"https:\/\/prudentwater.com\/en\/author\/niklas33\/"},"comments_num_v2":"0 comments","_links":{"self":[{"href":"https:\/\/prudentwater.com\/en\/wp-json\/wp\/v2\/pages\/796","targetHints":{"allow":["GET"]}}],"collection":[{"href":"https:\/\/prudentwater.com\/en\/wp-json\/wp\/v2\/pages"}],"about":[{"href":"https:\/\/prudentwater.com\/en\/wp-json\/wp\/v2\/types\/page"}],"author":[{"embeddable":true,"href":"https:\/\/prudentwater.com\/en\/wp-json\/wp\/v2\/users\/1"}],"replies":[{"embeddable":true,"href":"https:\/\/prudentwater.com\/en\/wp-json\/wp\/v2\/comments?post=796"}],"version-history":[{"count":0,"href":"https:\/\/prudentwater.com\/en\/wp-json\/wp\/v2\/pages\/796\/revisions"}],"wp:attachment":[{"href":"https:\/\/prudentwater.com\/en\/wp-json\/wp\/v2\/media?parent=796"}],"curies":[{"name":"wp","href":"https:\/\/api.w.org\/{rel}","templated":true}]}}