{"id":8017,"date":"2016-09-09T11:38:11","date_gmt":"2016-09-09T11:38:11","guid":{"rendered":"http:\/\/www.kunnskap.de\/?page_id=8017"},"modified":"2021-06-25T12:48:20","modified_gmt":"2021-06-25T10:48:20","slug":"bardividende","status":"publish","type":"page","link":"https:\/\/prudentwater.com\/en\/bardividende\/","title":{"rendered":"Bardividende"},"content":{"rendered":"<p>Die Bardividende ist die \u00fcblichste Form der Dividendenaussch\u00fcttung. Bei der Bardividende sch\u00fcttet die Aktiengesellschaft Geld an die Aktion\u00e4re in Form einer Dividende aus. Neben der bardividende besteht f\u00fcr eine Aktiengesellschaft noch die M\u00f6glichkeit der Aktiendividende. Diese Form wird jedoch im Vergleich zur Bardividende eher selten angewendet und wird auch nur auf Wunsch des Aktion\u00e4rs durchgef\u00fchrt. Dividenden geh\u00f6ren allgemein zu den Kapitalertr\u00e4gen und m\u00fcssen deshalb versteuert werden. Auf die Dividende muss somit in Deutschland die Abgeltungssteuer in H\u00f6he von 25 % gezahlt werden. Hinzu kommt abh\u00e4ngig von der Person die Kirchensteuer und \/ oder der Solidarit\u00e4tszuschlag.<\/p>\n","protected":false},"excerpt":{"rendered":"<p>Die Bardividende ist die \u00fcblichste Form der Dividendenaussch\u00fcttung. Bei der Bardividende sch\u00fcttet die Aktiengesellschaft Geld an die Aktion\u00e4re in Form einer Dividende aus. Neben der bardividende besteht f\u00fcr eine Aktiengesellschaft noch die M\u00f6glichkeit der Aktiendividende. Diese Form wird jedoch im Vergleich zur Bardividende eher selten angewendet und wird auch nur auf Wunsch des Aktion\u00e4rs durchgef\u00fchrt. [&hellip;]<\/p>\n","protected":false},"author":1,"featured_media":0,"parent":0,"menu_order":0,"comment_status":"closed","ping_status":"closed","template":"","meta":{"site-sidebar-layout":"default","site-content-layout":"","ast-site-content-layout":"","site-content-style":"default","site-sidebar-style":"default","ast-global-header-display":"","ast-banner-title-visibility":"","ast-main-header-display":"","ast-hfb-above-header-display":"","ast-hfb-below-header-display":"","ast-hfb-mobile-header-display":"","site-post-title":"","ast-breadcrumbs-content":"","ast-featured-img":"","footer-sml-layout":"","theme-transparent-header-meta":"","adv-header-id-meta":"","stick-header-meta":"","header-above-stick-meta":"","header-main-stick-meta":"","header-below-stick-meta":"","astra-migrate-meta-layouts":"default","ast-page-background-enabled":"default","ast-page-background-meta":{"desktop":{"background-color":"","background-image":"","background-repeat":"repeat","background-position":"center center","background-size":"auto","background-attachment":"scroll","background-type":"","background-media":"","overlay-type":"","overlay-color":"","overlay-opacity":"","overlay-gradient":""},"tablet":{"background-color":"","background-image":"","background-repeat":"repeat","background-position":"center center","background-size":"auto","background-attachment":"scroll","background-type":"","background-media":"","overlay-type":"","overlay-color":"","overlay-opacity":"","overlay-gradient":""},"mobile":{"background-color":"","background-image":"","background-repeat":"repeat","background-position":"center center","background-size":"auto","background-attachment":"scroll","background-type":"","background-media":"","overlay-type":"","overlay-color":"","overlay-opacity":"","overlay-gradient":""}},"ast-content-background-meta":{"desktop":{"background-color":"var(--ast-global-color-5)","background-image":"","background-repeat":"repeat","background-position":"center center","background-size":"auto","background-attachment":"scroll","background-type":"","background-media":"","overlay-type":"","overlay-color":"","overlay-opacity":"","overlay-gradient":""},"tablet":{"background-color":"var(--ast-global-color-5)","background-image":"","background-repeat":"repeat","background-position":"center center","background-size":"auto","background-attachment":"scroll","background-type":"","background-media":"","overlay-type":"","overlay-color":"","overlay-opacity":"","overlay-gradient":""},"mobile":{"background-color":"var(--ast-global-color-5)","background-image":"","background-repeat":"repeat","background-position":"center center","background-size":"auto","background-attachment":"scroll","background-type":"","background-media":"","overlay-type":"","overlay-color":"","overlay-opacity":"","overlay-gradient":""}},"footnotes":""},"class_list":["post-8017","page","type-page","status-publish","hentry"],"translation":{"provider":"WPGlobus","version":"3.0.2","language":"en","enabled_languages":["de","en"],"languages":{"de":{"title":true,"content":true,"excerpt":false},"en":{"title":false,"content":false,"excerpt":false}}},"featured_image_urls_v2":{"full":"","thumbnail":"","medium":"","medium_large":"","large":"","1536x1536":"","2048x2048":""},"post_excerpt_stackable_v2":"<p>Die Bardividende ist die \u00fcblichste Form der Dividendenaussch\u00fcttung. Bei der Bardividende sch\u00fcttet die Aktiengesellschaft Geld an die Aktion\u00e4re in Form einer Dividende aus. Neben der bardividende besteht f\u00fcr eine Aktiengesellschaft noch die M\u00f6glichkeit der Aktiendividende. Diese Form wird jedoch im Vergleich zur Bardividende eher selten angewendet und wird auch nur auf Wunsch des Aktion\u00e4rs durchgef\u00fchrt. Dividenden geh\u00f6ren allgemein zu den Kapitalertr\u00e4gen und m\u00fcssen deshalb versteuert werden. Auf die Dividende muss somit in Deutschland die Abgeltungssteuer in H\u00f6he von 25 % gezahlt werden. Hinzu kommt abh\u00e4ngig von der Person die Kirchensteuer und \/ oder der Solidarit\u00e4tszuschlag.<\/p>\n","category_list_v2":"","author_info_v2":{"name":"PrudentWater","url":"https:\/\/prudentwater.com\/en\/author\/niklas33\/"},"comments_num_v2":"0 comments","_links":{"self":[{"href":"https:\/\/prudentwater.com\/en\/wp-json\/wp\/v2\/pages\/8017","targetHints":{"allow":["GET"]}}],"collection":[{"href":"https:\/\/prudentwater.com\/en\/wp-json\/wp\/v2\/pages"}],"about":[{"href":"https:\/\/prudentwater.com\/en\/wp-json\/wp\/v2\/types\/page"}],"author":[{"embeddable":true,"href":"https:\/\/prudentwater.com\/en\/wp-json\/wp\/v2\/users\/1"}],"replies":[{"embeddable":true,"href":"https:\/\/prudentwater.com\/en\/wp-json\/wp\/v2\/comments?post=8017"}],"version-history":[{"count":0,"href":"https:\/\/prudentwater.com\/en\/wp-json\/wp\/v2\/pages\/8017\/revisions"}],"wp:attachment":[{"href":"https:\/\/prudentwater.com\/en\/wp-json\/wp\/v2\/media?parent=8017"}],"curies":[{"name":"wp","href":"https:\/\/api.w.org\/{rel}","templated":true}]}}