{"id":8046,"date":"2016-09-19T09:59:06","date_gmt":"2016-09-19T09:59:06","guid":{"rendered":"http:\/\/www.kunnskap.de\/?page_id=8046"},"modified":"2021-06-25T12:49:03","modified_gmt":"2021-06-25T10:49:03","slug":"globalanalyse","status":"publish","type":"page","link":"https:\/\/prudentwater.com\/en\/globalanalyse\/","title":{"rendered":"Globalanalyse"},"content":{"rendered":"<p>Die Globalanalyse ist Teil der Fundamentalanalyse und besch\u00e4ftigt sich mit der aktuellen und zuk\u00fcnftigen Wirtschaftsentwicklung einzelner L\u00e4nder oder mit der gesamten Weltwirtschaftsentwicklung. So soll die Globalanalyse Aufschl\u00fcsse \u00fcber die Entwicklung einzelner W\u00e4hrungen und Zinss\u00e4tze, Rohstoffpreise oder \u00fcber die Entwicklung des Bruttoinlandsproduktes eines bestimmten Landes geben. Sinn und Zweck der Globalanalyse ist, es einen m\u00f6glichst breiten und fundierten \u00dcberblick \u00fcber die makro\u00f6konomischen (\u00e4u\u00dferlichen) Faktoren zu erhalten, welche auf ein Unternehmen einwirken k\u00f6nnen und dessen eigene Entwicklung teilweise stark mitbeeinflussen k\u00f6nnen. Der Top-Down-Ansatz, ein Verfahren der Fundamentalanalyse, beginnt mit der Globalanalyse.<\/p>\n","protected":false},"excerpt":{"rendered":"<p>Die Globalanalyse ist Teil der Fundamentalanalyse und besch\u00e4ftigt sich mit der aktuellen und zuk\u00fcnftigen Wirtschaftsentwicklung einzelner L\u00e4nder oder mit der gesamten Weltwirtschaftsentwicklung. So soll die Globalanalyse Aufschl\u00fcsse \u00fcber die Entwicklung einzelner W\u00e4hrungen und Zinss\u00e4tze, Rohstoffpreise oder \u00fcber die Entwicklung des Bruttoinlandsproduktes eines bestimmten Landes geben. Sinn und Zweck der Globalanalyse ist, es einen m\u00f6glichst breiten [&hellip;]<\/p>\n","protected":false},"author":1,"featured_media":0,"parent":0,"menu_order":0,"comment_status":"closed","ping_status":"closed","template":"","meta":{"site-sidebar-layout":"default","site-content-layout":"","ast-site-content-layout":"","site-content-style":"default","site-sidebar-style":"default","ast-global-header-display":"","ast-banner-title-visibility":"","ast-main-header-display":"","ast-hfb-above-header-display":"","ast-hfb-below-header-display":"","ast-hfb-mobile-header-display":"","site-post-title":"","ast-breadcrumbs-content":"","ast-featured-img":"","footer-sml-layout":"","theme-transparent-header-meta":"","adv-header-id-meta":"","stick-header-meta":"","header-above-stick-meta":"","header-main-stick-meta":"","header-below-stick-meta":"","astra-migrate-meta-layouts":"default","ast-page-background-enabled":"default","ast-page-background-meta":{"desktop":{"background-color":"","background-image":"","background-repeat":"repeat","background-position":"center center","background-size":"auto","background-attachment":"scroll","background-type":"","background-media":"","overlay-type":"","overlay-color":"","overlay-opacity":"","overlay-gradient":""},"tablet":{"background-color":"","background-image":"","background-repeat":"repeat","background-position":"center center","background-size":"auto","background-attachment":"scroll","background-type":"","background-media":"","overlay-type":"","overlay-color":"","overlay-opacity":"","overlay-gradient":""},"mobile":{"background-color":"","background-image":"","background-repeat":"repeat","background-position":"center center","background-size":"auto","background-attachment":"scroll","background-type":"","background-media":"","overlay-type":"","overlay-color":"","overlay-opacity":"","overlay-gradient":""}},"ast-content-background-meta":{"desktop":{"background-color":"var(--ast-global-color-5)","background-image":"","background-repeat":"repeat","background-position":"center center","background-size":"auto","background-attachment":"scroll","background-type":"","background-media":"","overlay-type":"","overlay-color":"","overlay-opacity":"","overlay-gradient":""},"tablet":{"background-color":"var(--ast-global-color-5)","background-image":"","background-repeat":"repeat","background-position":"center center","background-size":"auto","background-attachment":"scroll","background-type":"","background-media":"","overlay-type":"","overlay-color":"","overlay-opacity":"","overlay-gradient":""},"mobile":{"background-color":"var(--ast-global-color-5)","background-image":"","background-repeat":"repeat","background-position":"center center","background-size":"auto","background-attachment":"scroll","background-type":"","background-media":"","overlay-type":"","overlay-color":"","overlay-opacity":"","overlay-gradient":""}},"footnotes":""},"class_list":["post-8046","page","type-page","status-publish","hentry"],"translation":{"provider":"WPGlobus","version":"3.0.2","language":"en","enabled_languages":["de","en"],"languages":{"de":{"title":true,"content":true,"excerpt":false},"en":{"title":false,"content":false,"excerpt":false}}},"featured_image_urls_v2":{"full":"","thumbnail":"","medium":"","medium_large":"","large":"","1536x1536":"","2048x2048":""},"post_excerpt_stackable_v2":"<p>Die Globalanalyse ist Teil der Fundamentalanalyse und besch\u00e4ftigt sich mit der aktuellen und zuk\u00fcnftigen Wirtschaftsentwicklung einzelner L\u00e4nder oder mit der gesamten Weltwirtschaftsentwicklung. So soll die Globalanalyse Aufschl\u00fcsse \u00fcber die Entwicklung einzelner W\u00e4hrungen und Zinss\u00e4tze, Rohstoffpreise oder \u00fcber die Entwicklung des Bruttoinlandsproduktes eines bestimmten Landes geben. Sinn und Zweck der Globalanalyse ist, es einen m\u00f6glichst breiten und fundierten \u00dcberblick \u00fcber die makro\u00f6konomischen (\u00e4u\u00dferlichen) Faktoren zu erhalten, welche auf ein Unternehmen einwirken k\u00f6nnen und dessen eigene Entwicklung teilweise stark mitbeeinflussen k\u00f6nnen. Der Top-Down-Ansatz, ein Verfahren der Fundamentalanalyse, beginnt mit der Globalanalyse.<\/p>\n","category_list_v2":"","author_info_v2":{"name":"PrudentWater","url":"https:\/\/prudentwater.com\/en\/author\/niklas33\/"},"comments_num_v2":"0 comments","_links":{"self":[{"href":"https:\/\/prudentwater.com\/en\/wp-json\/wp\/v2\/pages\/8046","targetHints":{"allow":["GET"]}}],"collection":[{"href":"https:\/\/prudentwater.com\/en\/wp-json\/wp\/v2\/pages"}],"about":[{"href":"https:\/\/prudentwater.com\/en\/wp-json\/wp\/v2\/types\/page"}],"author":[{"embeddable":true,"href":"https:\/\/prudentwater.com\/en\/wp-json\/wp\/v2\/users\/1"}],"replies":[{"embeddable":true,"href":"https:\/\/prudentwater.com\/en\/wp-json\/wp\/v2\/comments?post=8046"}],"version-history":[{"count":0,"href":"https:\/\/prudentwater.com\/en\/wp-json\/wp\/v2\/pages\/8046\/revisions"}],"wp:attachment":[{"href":"https:\/\/prudentwater.com\/en\/wp-json\/wp\/v2\/media?parent=8046"}],"curies":[{"name":"wp","href":"https:\/\/api.w.org\/{rel}","templated":true}]}}