{"id":8122,"date":"2016-09-29T10:24:38","date_gmt":"2016-09-29T10:24:38","guid":{"rendered":"http:\/\/www.kunnskap.de\/?page_id=8122"},"modified":"2021-06-25T12:50:09","modified_gmt":"2021-06-25T10:50:09","slug":"rohstofffonds","status":"publish","type":"page","link":"https:\/\/prudentwater.com\/en\/rohstofffonds\/","title":{"rendered":"Rohstofffonds"},"content":{"rendered":"<p>engl. <strong>Commodity Fund<\/strong><\/p>\n<p>Ein Rohstofffonds investiert entweder direkt in Rohstoffe \u00fcber Derivate wie Futures und Optionen oder aber indirekt \u00fcber Aktien von Rohstoffunternehmen. Werden Terminkontrakte eingesetzt, so wird das bis zur Erf\u00fcllung des Termingesch\u00e4ftes freie Fondsverm\u00f6gen am Geldmarkt oder in kurzfristige Anleihen investiert. In beiden F\u00e4llen k\u00f6nnen sich Rohstofffonds entweder auf lediglich ein Rohstoffsegment konzentrieren (z. B. nur Edelmetalle oder Agrarprodukte) oder aber wie der Bloomberg Commodity Index mehrere verschiedenartige Rohstoffe abbilden bzw. in diese investiert sein. Im Vergleich zu einem ETC sind die Geb\u00fchren f\u00fcr den Anleger bei einem Rohstofffonds jedoch in der Regel deutlich h\u00f6her, da eine aktive und keine passive Verwaltung stattfindet. <\/p>\n","protected":false},"excerpt":{"rendered":"<p>engl. Commodity Fund Ein Rohstofffonds investiert entweder direkt in Rohstoffe \u00fcber Derivate wie Futures und Optionen oder aber indirekt \u00fcber Aktien von Rohstoffunternehmen. Werden Terminkontrakte eingesetzt, so wird das bis zur Erf\u00fcllung des Termingesch\u00e4ftes freie Fondsverm\u00f6gen am Geldmarkt oder in kurzfristige Anleihen investiert. In beiden F\u00e4llen k\u00f6nnen sich Rohstofffonds entweder auf lediglich ein Rohstoffsegment konzentrieren [&hellip;]<\/p>\n","protected":false},"author":1,"featured_media":0,"parent":0,"menu_order":0,"comment_status":"closed","ping_status":"closed","template":"","meta":{"site-sidebar-layout":"default","site-content-layout":"","ast-site-content-layout":"","site-content-style":"default","site-sidebar-style":"default","ast-global-header-display":"","ast-banner-title-visibility":"","ast-main-header-display":"","ast-hfb-above-header-display":"","ast-hfb-below-header-display":"","ast-hfb-mobile-header-display":"","site-post-title":"","ast-breadcrumbs-content":"","ast-featured-img":"","footer-sml-layout":"","theme-transparent-header-meta":"","adv-header-id-meta":"","stick-header-meta":"","header-above-stick-meta":"","header-main-stick-meta":"","header-below-stick-meta":"","astra-migrate-meta-layouts":"default","ast-page-background-enabled":"default","ast-page-background-meta":{"desktop":{"background-color":"","background-image":"","background-repeat":"repeat","background-position":"center center","background-size":"auto","background-attachment":"scroll","background-type":"","background-media":"","overlay-type":"","overlay-color":"","overlay-opacity":"","overlay-gradient":""},"tablet":{"background-color":"","background-image":"","background-repeat":"repeat","background-position":"center center","background-size":"auto","background-attachment":"scroll","background-type":"","background-media":"","overlay-type":"","overlay-color":"","overlay-opacity":"","overlay-gradient":""},"mobile":{"background-color":"","background-image":"","background-repeat":"repeat","background-position":"center center","background-size":"auto","background-attachment":"scroll","background-type":"","background-media":"","overlay-type":"","overlay-color":"","overlay-opacity":"","overlay-gradient":""}},"ast-content-background-meta":{"desktop":{"background-color":"var(--ast-global-color-5)","background-image":"","background-repeat":"repeat","background-position":"center center","background-size":"auto","background-attachment":"scroll","background-type":"","background-media":"","overlay-type":"","overlay-color":"","overlay-opacity":"","overlay-gradient":""},"tablet":{"background-color":"var(--ast-global-color-5)","background-image":"","background-repeat":"repeat","background-position":"center center","background-size":"auto","background-attachment":"scroll","background-type":"","background-media":"","overlay-type":"","overlay-color":"","overlay-opacity":"","overlay-gradient":""},"mobile":{"background-color":"var(--ast-global-color-5)","background-image":"","background-repeat":"repeat","background-position":"center center","background-size":"auto","background-attachment":"scroll","background-type":"","background-media":"","overlay-type":"","overlay-color":"","overlay-opacity":"","overlay-gradient":""}},"footnotes":""},"class_list":["post-8122","page","type-page","status-publish","hentry"],"translation":{"provider":"WPGlobus","version":"3.0.2","language":"en","enabled_languages":["de","en"],"languages":{"de":{"title":true,"content":true,"excerpt":false},"en":{"title":false,"content":false,"excerpt":false}}},"featured_image_urls_v2":{"full":"","thumbnail":"","medium":"","medium_large":"","large":"","1536x1536":"","2048x2048":""},"post_excerpt_stackable_v2":"<p>engl. Commodity Fund Ein Rohstofffonds investiert entweder direkt in Rohstoffe \u00fcber Derivate wie Futures und Optionen oder aber indirekt \u00fcber Aktien von Rohstoffunternehmen. Werden Terminkontrakte eingesetzt, so wird das bis zur Erf\u00fcllung des Termingesch\u00e4ftes freie Fondsverm\u00f6gen am Geldmarkt oder in kurzfristige Anleihen investiert. In beiden F\u00e4llen k\u00f6nnen sich Rohstofffonds entweder auf lediglich ein Rohstoffsegment konzentrieren (z. B. nur Edelmetalle oder Agrarprodukte) oder aber wie der Bloomberg Commodity Index mehrere verschiedenartige Rohstoffe abbilden bzw. in diese investiert sein. Im Vergleich zu einem ETC sind die Geb\u00fchren f\u00fcr den Anleger bei einem Rohstofffonds jedoch in der Regel deutlich h\u00f6her, da eine aktive&hellip;<\/p>\n","category_list_v2":"","author_info_v2":{"name":"PrudentWater","url":"https:\/\/prudentwater.com\/en\/author\/niklas33\/"},"comments_num_v2":"0 comments","_links":{"self":[{"href":"https:\/\/prudentwater.com\/en\/wp-json\/wp\/v2\/pages\/8122","targetHints":{"allow":["GET"]}}],"collection":[{"href":"https:\/\/prudentwater.com\/en\/wp-json\/wp\/v2\/pages"}],"about":[{"href":"https:\/\/prudentwater.com\/en\/wp-json\/wp\/v2\/types\/page"}],"author":[{"embeddable":true,"href":"https:\/\/prudentwater.com\/en\/wp-json\/wp\/v2\/users\/1"}],"replies":[{"embeddable":true,"href":"https:\/\/prudentwater.com\/en\/wp-json\/wp\/v2\/comments?post=8122"}],"version-history":[{"count":0,"href":"https:\/\/prudentwater.com\/en\/wp-json\/wp\/v2\/pages\/8122\/revisions"}],"wp:attachment":[{"href":"https:\/\/prudentwater.com\/en\/wp-json\/wp\/v2\/media?parent=8122"}],"curies":[{"name":"wp","href":"https:\/\/api.w.org\/{rel}","templated":true}]}}