{"id":8136,"date":"2016-09-29T13:41:33","date_gmt":"2016-09-29T13:41:33","guid":{"rendered":"http:\/\/www.kunnskap.de\/?page_id=8136"},"modified":"2022-09-01T11:49:36","modified_gmt":"2022-09-01T09:49:36","slug":"absicherungsfonds","status":"publish","type":"page","link":"https:\/\/prudentwater.com\/en\/absicherungsfonds\/","title":{"rendered":"Absicherungsfonds"},"content":{"rendered":"<p>Ein Absicherungsfonds ist ein aktiv gemanagter Investmentfonds mit dem Ziel, m\u00f6glichst im vollen Umfang an steigenden Aktienm\u00e4rkte oder Anleihenm\u00e4rkte zu partizipieren, jedoch im Falle sinkender M\u00e4rkte die Verluste nur bis zu einer bestimmten Grenze zuzulassen. Ein Abischerungsfonds hat somit eine Art Sicherungsbarriere eingebaut, diese liegt oftmals bei ca. 90-95 % des Fondswertes. Zu unterscheiden sind Absicherungsfonds mit fester oder mit variabler Untergrenze, beide Varianten dienen jedoch dazu, dem Investor einen Schutz vor stark fallenden M\u00e4rkten zu bieten aber trotzdem gleichzeitig von steigenden M\u00e4rkten zu profitieren. Durch den Absicherungsmechanismus partizipieren diese Art von Fonds jedoch bei steigenden M\u00e4rkten oftmals nicht 1:1 von der positiven Entwicklung, sondern hinken dann aufgrund der Fondsstruktur wenige Prozentpunkte der eigentlichen Performance hinterher.<\/p>\n","protected":false},"excerpt":{"rendered":"<p>Ein Absicherungsfonds ist ein aktiv gemanagter Investmentfonds mit dem Ziel, m\u00f6glichst im vollen Umfang an steigenden Aktienm\u00e4rkte oder Anleihenm\u00e4rkte zu partizipieren, jedoch im Falle sinkender M\u00e4rkte die Verluste nur bis zu einer bestimmten Grenze zuzulassen. Ein Abischerungsfonds hat somit eine Art Sicherungsbarriere eingebaut, diese liegt oftmals bei ca. 90-95 % des Fondswertes. Zu unterscheiden sind [&hellip;]<\/p>\n","protected":false},"author":1,"featured_media":0,"parent":0,"menu_order":0,"comment_status":"closed","ping_status":"closed","template":"","meta":{"site-sidebar-layout":"default","site-content-layout":"","ast-site-content-layout":"","site-content-style":"default","site-sidebar-style":"default","ast-global-header-display":"","ast-banner-title-visibility":"","ast-main-header-display":"","ast-hfb-above-header-display":"","ast-hfb-below-header-display":"","ast-hfb-mobile-header-display":"","site-post-title":"","ast-breadcrumbs-content":"","ast-featured-img":"","footer-sml-layout":"","theme-transparent-header-meta":"","adv-header-id-meta":"","stick-header-meta":"","header-above-stick-meta":"","header-main-stick-meta":"","header-below-stick-meta":"","astra-migrate-meta-layouts":"default","ast-page-background-enabled":"default","ast-page-background-meta":{"desktop":{"background-color":"","background-image":"","background-repeat":"repeat","background-position":"center center","background-size":"auto","background-attachment":"scroll","background-type":"","background-media":"","overlay-type":"","overlay-color":"","overlay-opacity":"","overlay-gradient":""},"tablet":{"background-color":"","background-image":"","background-repeat":"repeat","background-position":"center center","background-size":"auto","background-attachment":"scroll","background-type":"","background-media":"","overlay-type":"","overlay-color":"","overlay-opacity":"","overlay-gradient":""},"mobile":{"background-color":"","background-image":"","background-repeat":"repeat","background-position":"center center","background-size":"auto","background-attachment":"scroll","background-type":"","background-media":"","overlay-type":"","overlay-color":"","overlay-opacity":"","overlay-gradient":""}},"ast-content-background-meta":{"desktop":{"background-color":"var(--ast-global-color-5)","background-image":"","background-repeat":"repeat","background-position":"center center","background-size":"auto","background-attachment":"scroll","background-type":"","background-media":"","overlay-type":"","overlay-color":"","overlay-opacity":"","overlay-gradient":""},"tablet":{"background-color":"var(--ast-global-color-5)","background-image":"","background-repeat":"repeat","background-position":"center center","background-size":"auto","background-attachment":"scroll","background-type":"","background-media":"","overlay-type":"","overlay-color":"","overlay-opacity":"","overlay-gradient":""},"mobile":{"background-color":"var(--ast-global-color-5)","background-image":"","background-repeat":"repeat","background-position":"center center","background-size":"auto","background-attachment":"scroll","background-type":"","background-media":"","overlay-type":"","overlay-color":"","overlay-opacity":"","overlay-gradient":""}},"footnotes":""},"class_list":["post-8136","page","type-page","status-publish","hentry"],"translation":{"provider":"WPGlobus","version":"3.0.2","language":"en","enabled_languages":["de","en"],"languages":{"de":{"title":true,"content":true,"excerpt":false},"en":{"title":false,"content":false,"excerpt":false}}},"featured_image_urls_v2":{"full":"","thumbnail":"","medium":"","medium_large":"","large":"","1536x1536":"","2048x2048":""},"post_excerpt_stackable_v2":"<p>Ein Absicherungsfonds ist ein aktiv gemanagter Investmentfonds mit dem Ziel, m\u00f6glichst im vollen Umfang an steigenden Aktienm\u00e4rkte oder Anleihenm\u00e4rkte zu partizipieren, jedoch im Falle sinkender M\u00e4rkte die Verluste nur bis zu einer bestimmten Grenze zuzulassen. Ein Abischerungsfonds hat somit eine Art Sicherungsbarriere eingebaut, diese liegt oftmals bei ca. 90-95 % des Fondswertes. Zu unterscheiden sind Absicherungsfonds mit fester oder mit variabler Untergrenze, beide Varianten dienen jedoch dazu, dem Investor einen Schutz vor stark fallenden M\u00e4rkten zu bieten aber trotzdem gleichzeitig von steigenden M\u00e4rkten zu profitieren. Durch den Absicherungsmechanismus partizipieren diese Art von Fonds jedoch bei steigenden M\u00e4rkten oftmals nicht 1:1&hellip;<\/p>\n","category_list_v2":"","author_info_v2":{"name":"PrudentWater","url":"https:\/\/prudentwater.com\/en\/author\/niklas33\/"},"comments_num_v2":"0 comments","_links":{"self":[{"href":"https:\/\/prudentwater.com\/en\/wp-json\/wp\/v2\/pages\/8136","targetHints":{"allow":["GET"]}}],"collection":[{"href":"https:\/\/prudentwater.com\/en\/wp-json\/wp\/v2\/pages"}],"about":[{"href":"https:\/\/prudentwater.com\/en\/wp-json\/wp\/v2\/types\/page"}],"author":[{"embeddable":true,"href":"https:\/\/prudentwater.com\/en\/wp-json\/wp\/v2\/users\/1"}],"replies":[{"embeddable":true,"href":"https:\/\/prudentwater.com\/en\/wp-json\/wp\/v2\/comments?post=8136"}],"version-history":[{"count":0,"href":"https:\/\/prudentwater.com\/en\/wp-json\/wp\/v2\/pages\/8136\/revisions"}],"wp:attachment":[{"href":"https:\/\/prudentwater.com\/en\/wp-json\/wp\/v2\/media?parent=8136"}],"curies":[{"name":"wp","href":"https:\/\/api.w.org\/{rel}","templated":true}]}}