{"id":8147,"date":"2016-09-30T08:14:53","date_gmt":"2016-09-30T08:14:53","guid":{"rendered":"http:\/\/www.kunnskap.de\/?page_id=8147"},"modified":"2021-06-25T12:50:14","modified_gmt":"2021-06-25T10:50:14","slug":"transaktionskosten","status":"publish","type":"page","link":"https:\/\/prudentwater.com\/en\/transaktionskosten\/","title":{"rendered":"Transaktionskosten"},"content":{"rendered":"<p>Auch <strong>Handelsgeb\u00fchren<\/strong><\/p>\n<p>An der B\u00f6rse spiegeln die Transaktionskosten jene Kosten wieder, die beim Kauf \/ Verkauf von Wertpapieren anfallen und direkt an den Broker zu entrichten sind. Die Transaktionskosten k\u00f6nnen als Dienstleistungsgeb\u00fchr f\u00fcr die Durchf\u00fchrung und Abwicklung der gew\u00fcnschten Order durch den Broker angesehen werden. Einem Anleger, der beim Kauf von 100 Aktien 6,90 Euro und drei Wochen sp\u00e4ter beim Verkauf der 100 Aktien wieder 6,90 Euro an Geb\u00fchren an seinen Broker zu entrichten hat, entstehen f\u00fcr dieses Aktiengesch\u00e4ft somit Transaktionskosten in H\u00f6he von 13,80 Euro. Um den Nettogewinn eines Aktiengesch\u00e4ftes zu erhalten, m\u00fcssen die Transaktionskosten von dem m\u00f6glichen Gewinn abgezogen werden. Des Weiteren ist zu beachten, dass die endg\u00fcltigen Transaktionskosten abh\u00e4ngig vom jeweiligen B\u00f6rsenplatz und von der H\u00f6he des Ordervolumens sind. Bei h\u00f6heren Volumina verlangen die einzelnen B\u00f6rsenpl\u00e4tze auch h\u00f6here Geb\u00fchren. Bei einem Fonds oder ETF geh\u00f6ren die Transaktionskosten jedoch nicht zu der Total Expense Ratio. <\/p>\n","protected":false},"excerpt":{"rendered":"<p>Auch Handelsgeb\u00fchren An der B\u00f6rse spiegeln die Transaktionskosten jene Kosten wieder, die beim Kauf \/ Verkauf von Wertpapieren anfallen und direkt an den Broker zu entrichten sind. Die Transaktionskosten k\u00f6nnen als Dienstleistungsgeb\u00fchr f\u00fcr die Durchf\u00fchrung und Abwicklung der gew\u00fcnschten Order durch den Broker angesehen werden. Einem Anleger, der beim Kauf von 100 Aktien 6,90 Euro [&hellip;]<\/p>\n","protected":false},"author":1,"featured_media":0,"parent":0,"menu_order":0,"comment_status":"closed","ping_status":"closed","template":"","meta":{"site-sidebar-layout":"default","site-content-layout":"","ast-site-content-layout":"","site-content-style":"default","site-sidebar-style":"default","ast-global-header-display":"","ast-banner-title-visibility":"","ast-main-header-display":"","ast-hfb-above-header-display":"","ast-hfb-below-header-display":"","ast-hfb-mobile-header-display":"","site-post-title":"","ast-breadcrumbs-content":"","ast-featured-img":"","footer-sml-layout":"","theme-transparent-header-meta":"","adv-header-id-meta":"","stick-header-meta":"","header-above-stick-meta":"","header-main-stick-meta":"","header-below-stick-meta":"","astra-migrate-meta-layouts":"default","ast-page-background-enabled":"default","ast-page-background-meta":{"desktop":{"background-color":"","background-image":"","background-repeat":"repeat","background-position":"center center","background-size":"auto","background-attachment":"scroll","background-type":"","background-media":"","overlay-type":"","overlay-color":"","overlay-opacity":"","overlay-gradient":""},"tablet":{"background-color":"","background-image":"","background-repeat":"repeat","background-position":"center center","background-size":"auto","background-attachment":"scroll","background-type":"","background-media":"","overlay-type":"","overlay-color":"","overlay-opacity":"","overlay-gradient":""},"mobile":{"background-color":"","background-image":"","background-repeat":"repeat","background-position":"center center","background-size":"auto","background-attachment":"scroll","background-type":"","background-media":"","overlay-type":"","overlay-color":"","overlay-opacity":"","overlay-gradient":""}},"ast-content-background-meta":{"desktop":{"background-color":"var(--ast-global-color-5)","background-image":"","background-repeat":"repeat","background-position":"center center","background-size":"auto","background-attachment":"scroll","background-type":"","background-media":"","overlay-type":"","overlay-color":"","overlay-opacity":"","overlay-gradient":""},"tablet":{"background-color":"var(--ast-global-color-5)","background-image":"","background-repeat":"repeat","background-position":"center center","background-size":"auto","background-attachment":"scroll","background-type":"","background-media":"","overlay-type":"","overlay-color":"","overlay-opacity":"","overlay-gradient":""},"mobile":{"background-color":"var(--ast-global-color-5)","background-image":"","background-repeat":"repeat","background-position":"center center","background-size":"auto","background-attachment":"scroll","background-type":"","background-media":"","overlay-type":"","overlay-color":"","overlay-opacity":"","overlay-gradient":""}},"footnotes":""},"class_list":["post-8147","page","type-page","status-publish","hentry"],"translation":{"provider":"WPGlobus","version":"3.0.2","language":"en","enabled_languages":["de","en"],"languages":{"de":{"title":true,"content":true,"excerpt":false},"en":{"title":false,"content":false,"excerpt":false}}},"featured_image_urls_v2":{"full":"","thumbnail":"","medium":"","medium_large":"","large":"","1536x1536":"","2048x2048":""},"post_excerpt_stackable_v2":"<p>Auch Handelsgeb\u00fchren An der B\u00f6rse spiegeln die Transaktionskosten jene Kosten wieder, die beim Kauf \/ Verkauf von Wertpapieren anfallen und direkt an den Broker zu entrichten sind. Die Transaktionskosten k\u00f6nnen als Dienstleistungsgeb\u00fchr f\u00fcr die Durchf\u00fchrung und Abwicklung der gew\u00fcnschten Order durch den Broker angesehen werden. Einem Anleger, der beim Kauf von 100 Aktien 6,90 Euro und drei Wochen sp\u00e4ter beim Verkauf der 100 Aktien wieder 6,90 Euro an Geb\u00fchren an seinen Broker zu entrichten hat, entstehen f\u00fcr dieses Aktiengesch\u00e4ft somit Transaktionskosten in H\u00f6he von 13,80 Euro. Um den Nettogewinn eines Aktiengesch\u00e4ftes zu erhalten, m\u00fcssen die Transaktionskosten von dem m\u00f6glichen Gewinn&hellip;<\/p>\n","category_list_v2":"","author_info_v2":{"name":"PrudentWater","url":"https:\/\/prudentwater.com\/en\/author\/niklas33\/"},"comments_num_v2":"0 comments","_links":{"self":[{"href":"https:\/\/prudentwater.com\/en\/wp-json\/wp\/v2\/pages\/8147","targetHints":{"allow":["GET"]}}],"collection":[{"href":"https:\/\/prudentwater.com\/en\/wp-json\/wp\/v2\/pages"}],"about":[{"href":"https:\/\/prudentwater.com\/en\/wp-json\/wp\/v2\/types\/page"}],"author":[{"embeddable":true,"href":"https:\/\/prudentwater.com\/en\/wp-json\/wp\/v2\/users\/1"}],"replies":[{"embeddable":true,"href":"https:\/\/prudentwater.com\/en\/wp-json\/wp\/v2\/comments?post=8147"}],"version-history":[{"count":0,"href":"https:\/\/prudentwater.com\/en\/wp-json\/wp\/v2\/pages\/8147\/revisions"}],"wp:attachment":[{"href":"https:\/\/prudentwater.com\/en\/wp-json\/wp\/v2\/media?parent=8147"}],"curies":[{"name":"wp","href":"https:\/\/api.w.org\/{rel}","templated":true}]}}