{"id":823,"date":"2014-09-16T19:11:12","date_gmt":"2014-09-16T19:11:12","guid":{"rendered":"http:\/\/www.kunnskap.de\/?page_id=823"},"modified":"2021-06-25T12:49:36","modified_gmt":"2021-06-25T10:49:36","slug":"mehrstimmrechtsaktien","status":"publish","type":"page","link":"https:\/\/prudentwater.com\/en\/mehrstimmrechtsaktien\/","title":{"rendered":"Mehrstimmrechtsaktie"},"content":{"rendered":"<p>engl. <strong>Multiple Class Share<\/strong><\/p>\n<p>Eine Mehrstimmrechtsaktie weist den gleichen Nennbetrag wie eine Stammaktie auf, hat jedoch im Gegenteil zu ihr ein mehrfaches Stimmrecht. Eine Mehrstimmrechtsaktie verbrieft also mehrere Stimmrechte. Auf der Hauptversammlung kann der Inhaber von Mehrstimmrechtsaktien damit mehr Stimmen abgeben als Inhaber von gew\u00f6hnlichen Aktien. Seit 1989 ist die Emission und Aus\u00fcbung von Mehrstimmrechtsaktien in Deutschland jedoch verboten. Eine Ausnahme hier ist das Bundeswirtschaftsministerium. Wenn es eine Emission und Aus\u00fcbung von Mehrstimmrechtsaktien f\u00fcr n\u00f6tig h\u00e4lt, kann es diese veranlassen. In vielen anderen L\u00e4ndern werden Mehrstimmrechtsaktien unter der Dual-Class Shares-Structure jedoch weiterhin emittiert.<\/p>\n","protected":false},"excerpt":{"rendered":"<p>engl. Multiple Class Share Eine Mehrstimmrechtsaktie weist den gleichen Nennbetrag wie eine Stammaktie auf, hat jedoch im Gegenteil zu ihr ein mehrfaches Stimmrecht. Eine Mehrstimmrechtsaktie verbrieft also mehrere Stimmrechte. Auf der Hauptversammlung kann der Inhaber von Mehrstimmrechtsaktien damit mehr Stimmen abgeben als Inhaber von gew\u00f6hnlichen Aktien. Seit 1989 ist die Emission und Aus\u00fcbung von Mehrstimmrechtsaktien [&hellip;]<\/p>\n","protected":false},"author":1,"featured_media":0,"parent":0,"menu_order":0,"comment_status":"closed","ping_status":"closed","template":"","meta":{"site-sidebar-layout":"default","site-content-layout":"","ast-site-content-layout":"","site-content-style":"default","site-sidebar-style":"default","ast-global-header-display":"","ast-banner-title-visibility":"","ast-main-header-display":"","ast-hfb-above-header-display":"","ast-hfb-below-header-display":"","ast-hfb-mobile-header-display":"","site-post-title":"","ast-breadcrumbs-content":"","ast-featured-img":"","footer-sml-layout":"","theme-transparent-header-meta":"","adv-header-id-meta":"","stick-header-meta":"","header-above-stick-meta":"","header-main-stick-meta":"","header-below-stick-meta":"","astra-migrate-meta-layouts":"default","ast-page-background-enabled":"default","ast-page-background-meta":{"desktop":{"background-color":"","background-image":"","background-repeat":"repeat","background-position":"center center","background-size":"auto","background-attachment":"scroll","background-type":"","background-media":"","overlay-type":"","overlay-color":"","overlay-opacity":"","overlay-gradient":""},"tablet":{"background-color":"","background-image":"","background-repeat":"repeat","background-position":"center center","background-size":"auto","background-attachment":"scroll","background-type":"","background-media":"","overlay-type":"","overlay-color":"","overlay-opacity":"","overlay-gradient":""},"mobile":{"background-color":"","background-image":"","background-repeat":"repeat","background-position":"center center","background-size":"auto","background-attachment":"scroll","background-type":"","background-media":"","overlay-type":"","overlay-color":"","overlay-opacity":"","overlay-gradient":""}},"ast-content-background-meta":{"desktop":{"background-color":"var(--ast-global-color-5)","background-image":"","background-repeat":"repeat","background-position":"center center","background-size":"auto","background-attachment":"scroll","background-type":"","background-media":"","overlay-type":"","overlay-color":"","overlay-opacity":"","overlay-gradient":""},"tablet":{"background-color":"var(--ast-global-color-5)","background-image":"","background-repeat":"repeat","background-position":"center center","background-size":"auto","background-attachment":"scroll","background-type":"","background-media":"","overlay-type":"","overlay-color":"","overlay-opacity":"","overlay-gradient":""},"mobile":{"background-color":"var(--ast-global-color-5)","background-image":"","background-repeat":"repeat","background-position":"center center","background-size":"auto","background-attachment":"scroll","background-type":"","background-media":"","overlay-type":"","overlay-color":"","overlay-opacity":"","overlay-gradient":""}},"footnotes":""},"class_list":["post-823","page","type-page","status-publish","hentry"],"translation":{"provider":"WPGlobus","version":"3.0.2","language":"en","enabled_languages":["de","en"],"languages":{"de":{"title":true,"content":true,"excerpt":false},"en":{"title":false,"content":false,"excerpt":false}}},"featured_image_urls_v2":{"full":"","thumbnail":"","medium":"","medium_large":"","large":"","1536x1536":"","2048x2048":""},"post_excerpt_stackable_v2":"<p>engl. Multiple Class Share Eine Mehrstimmrechtsaktie weist den gleichen Nennbetrag wie eine Stammaktie auf, hat jedoch im Gegenteil zu ihr ein mehrfaches Stimmrecht. Eine Mehrstimmrechtsaktie verbrieft also mehrere Stimmrechte. Auf der Hauptversammlung kann der Inhaber von Mehrstimmrechtsaktien damit mehr Stimmen abgeben als Inhaber von gew\u00f6hnlichen Aktien. Seit 1989 ist die Emission und Aus\u00fcbung von Mehrstimmrechtsaktien in Deutschland jedoch verboten. Eine Ausnahme hier ist das Bundeswirtschaftsministerium. Wenn es eine Emission und Aus\u00fcbung von Mehrstimmrechtsaktien f\u00fcr n\u00f6tig h\u00e4lt, kann es diese veranlassen. In vielen anderen L\u00e4ndern werden Mehrstimmrechtsaktien unter der Dual-Class Shares-Structure jedoch weiterhin emittiert.<\/p>\n","category_list_v2":"","author_info_v2":{"name":"PrudentWater","url":"https:\/\/prudentwater.com\/en\/author\/niklas33\/"},"comments_num_v2":"0 comments","_links":{"self":[{"href":"https:\/\/prudentwater.com\/en\/wp-json\/wp\/v2\/pages\/823","targetHints":{"allow":["GET"]}}],"collection":[{"href":"https:\/\/prudentwater.com\/en\/wp-json\/wp\/v2\/pages"}],"about":[{"href":"https:\/\/prudentwater.com\/en\/wp-json\/wp\/v2\/types\/page"}],"author":[{"embeddable":true,"href":"https:\/\/prudentwater.com\/en\/wp-json\/wp\/v2\/users\/1"}],"replies":[{"embeddable":true,"href":"https:\/\/prudentwater.com\/en\/wp-json\/wp\/v2\/comments?post=823"}],"version-history":[{"count":0,"href":"https:\/\/prudentwater.com\/en\/wp-json\/wp\/v2\/pages\/823\/revisions"}],"wp:attachment":[{"href":"https:\/\/prudentwater.com\/en\/wp-json\/wp\/v2\/media?parent=823"}],"curies":[{"name":"wp","href":"https:\/\/api.w.org\/{rel}","templated":true}]}}