{"id":8255,"date":"2016-10-24T07:11:47","date_gmt":"2016-10-24T07:11:47","guid":{"rendered":"http:\/\/www.kunnskap.de\/?page_id=8255"},"modified":"2021-06-25T12:48:25","modified_gmt":"2021-06-25T10:48:25","slug":"devisentermingeschaft","status":"publish","type":"page","link":"https:\/\/prudentwater.com\/en\/devisentermingeschaft\/","title":{"rendered":"Devisentermingesch\u00e4ft"},"content":{"rendered":"<p>Das Devisentermingesch\u00e4ft ist ein Termingesch\u00e4ft, bei dem Devisen der Basiswert des Gesch\u00e4ftes sind und somit die Vertragsparteien untereinander W\u00e4hrungen zu einem bestimmten Zeitpunkt in der Zukunft auszutauschen. Es ist eine vertragliche festgehaltene Vereinbarung zwischen zwei Parteien \u00fcber den zuk\u00fcnftigen Austausch von W\u00e4hrungsbetr\u00e4gen. Der Kurs, zu dem die W\u00e4hrungen ge- bzw. verkauft werden, wird jedoch, ebenso wie die Summe an sich, bereits in der Gegenwart festgelegt. Mit dem Devisentermingesch\u00e4ft wird sich also heute schon ein Wechselkurs der zwei involvierten W\u00e4hrungen gesichert. Neben der reinen Spekulation dient das Devisentermingesch\u00e4ft in erster Linie zum Hedging, also um das Wechselkursrisiko von zuk\u00fcnftigen Zahlungsstr\u00f6men zu beseitigen. <\/p>\n","protected":false},"excerpt":{"rendered":"<p>Das Devisentermingesch\u00e4ft ist ein Termingesch\u00e4ft, bei dem Devisen der Basiswert des Gesch\u00e4ftes sind und somit die Vertragsparteien untereinander W\u00e4hrungen zu einem bestimmten Zeitpunkt in der Zukunft auszutauschen. Es ist eine vertragliche festgehaltene Vereinbarung zwischen zwei Parteien \u00fcber den zuk\u00fcnftigen Austausch von W\u00e4hrungsbetr\u00e4gen. Der Kurs, zu dem die W\u00e4hrungen ge- bzw. verkauft werden, wird jedoch, ebenso [&hellip;]<\/p>\n","protected":false},"author":1,"featured_media":0,"parent":0,"menu_order":0,"comment_status":"closed","ping_status":"closed","template":"","meta":{"site-sidebar-layout":"default","site-content-layout":"","ast-site-content-layout":"","site-content-style":"default","site-sidebar-style":"default","ast-global-header-display":"","ast-banner-title-visibility":"","ast-main-header-display":"","ast-hfb-above-header-display":"","ast-hfb-below-header-display":"","ast-hfb-mobile-header-display":"","site-post-title":"","ast-breadcrumbs-content":"","ast-featured-img":"","footer-sml-layout":"","theme-transparent-header-meta":"","adv-header-id-meta":"","stick-header-meta":"","header-above-stick-meta":"","header-main-stick-meta":"","header-below-stick-meta":"","astra-migrate-meta-layouts":"default","ast-page-background-enabled":"default","ast-page-background-meta":{"desktop":{"background-color":"","background-image":"","background-repeat":"repeat","background-position":"center center","background-size":"auto","background-attachment":"scroll","background-type":"","background-media":"","overlay-type":"","overlay-color":"","overlay-opacity":"","overlay-gradient":""},"tablet":{"background-color":"","background-image":"","background-repeat":"repeat","background-position":"center center","background-size":"auto","background-attachment":"scroll","background-type":"","background-media":"","overlay-type":"","overlay-color":"","overlay-opacity":"","overlay-gradient":""},"mobile":{"background-color":"","background-image":"","background-repeat":"repeat","background-position":"center center","background-size":"auto","background-attachment":"scroll","background-type":"","background-media":"","overlay-type":"","overlay-color":"","overlay-opacity":"","overlay-gradient":""}},"ast-content-background-meta":{"desktop":{"background-color":"var(--ast-global-color-5)","background-image":"","background-repeat":"repeat","background-position":"center center","background-size":"auto","background-attachment":"scroll","background-type":"","background-media":"","overlay-type":"","overlay-color":"","overlay-opacity":"","overlay-gradient":""},"tablet":{"background-color":"var(--ast-global-color-5)","background-image":"","background-repeat":"repeat","background-position":"center center","background-size":"auto","background-attachment":"scroll","background-type":"","background-media":"","overlay-type":"","overlay-color":"","overlay-opacity":"","overlay-gradient":""},"mobile":{"background-color":"var(--ast-global-color-5)","background-image":"","background-repeat":"repeat","background-position":"center center","background-size":"auto","background-attachment":"scroll","background-type":"","background-media":"","overlay-type":"","overlay-color":"","overlay-opacity":"","overlay-gradient":""}},"footnotes":""},"class_list":["post-8255","page","type-page","status-publish","hentry"],"translation":{"provider":"WPGlobus","version":"3.0.2","language":"en","enabled_languages":["de","en"],"languages":{"de":{"title":true,"content":true,"excerpt":false},"en":{"title":false,"content":false,"excerpt":false}}},"featured_image_urls_v2":{"full":"","thumbnail":"","medium":"","medium_large":"","large":"","1536x1536":"","2048x2048":""},"post_excerpt_stackable_v2":"<p>Das Devisentermingesch\u00e4ft ist ein Termingesch\u00e4ft, bei dem Devisen der Basiswert des Gesch\u00e4ftes sind und somit die Vertragsparteien untereinander W\u00e4hrungen zu einem bestimmten Zeitpunkt in der Zukunft auszutauschen. Es ist eine vertragliche festgehaltene Vereinbarung zwischen zwei Parteien \u00fcber den zuk\u00fcnftigen Austausch von W\u00e4hrungsbetr\u00e4gen. Der Kurs, zu dem die W\u00e4hrungen ge- bzw. verkauft werden, wird jedoch, ebenso wie die Summe an sich, bereits in der Gegenwart festgelegt. Mit dem Devisentermingesch\u00e4ft wird sich also heute schon ein Wechselkurs der zwei involvierten W\u00e4hrungen gesichert. Neben der reinen Spekulation dient das Devisentermingesch\u00e4ft in erster Linie zum Hedging, also um das Wechselkursrisiko von zuk\u00fcnftigen Zahlungsstr\u00f6men zu&hellip;<\/p>\n","category_list_v2":"","author_info_v2":{"name":"PrudentWater","url":"https:\/\/prudentwater.com\/en\/author\/niklas33\/"},"comments_num_v2":"0 comments","_links":{"self":[{"href":"https:\/\/prudentwater.com\/en\/wp-json\/wp\/v2\/pages\/8255","targetHints":{"allow":["GET"]}}],"collection":[{"href":"https:\/\/prudentwater.com\/en\/wp-json\/wp\/v2\/pages"}],"about":[{"href":"https:\/\/prudentwater.com\/en\/wp-json\/wp\/v2\/types\/page"}],"author":[{"embeddable":true,"href":"https:\/\/prudentwater.com\/en\/wp-json\/wp\/v2\/users\/1"}],"replies":[{"embeddable":true,"href":"https:\/\/prudentwater.com\/en\/wp-json\/wp\/v2\/comments?post=8255"}],"version-history":[{"count":0,"href":"https:\/\/prudentwater.com\/en\/wp-json\/wp\/v2\/pages\/8255\/revisions"}],"wp:attachment":[{"href":"https:\/\/prudentwater.com\/en\/wp-json\/wp\/v2\/media?parent=8255"}],"curies":[{"name":"wp","href":"https:\/\/api.w.org\/{rel}","templated":true}]}}