{"id":8258,"date":"2016-10-24T07:48:47","date_gmt":"2016-10-24T07:48:47","guid":{"rendered":"http:\/\/www.kunnskap.de\/?page_id=8258"},"modified":"2021-06-25T12:48:25","modified_gmt":"2021-06-25T10:48:25","slug":"devisenterminmarkt","status":"publish","type":"page","link":"https:\/\/prudentwater.com\/en\/devisenterminmarkt\/","title":{"rendered":"Devisenterminmarkt"},"content":{"rendered":"<p>Am Devisenterminmarkt werden W\u00e4hrungspaare per Termin gehandelt. Dies bedeutet, dass der Abschluss des Gesch\u00e4ftes zum Kauf oder Verkauf einer W\u00e4hrung in der Gegenwart stattfindet, die Durchf\u00fchrung jedoch in die Zukunft verschoben wird. Am Devisenterminmarkt kann ein H\u00e4ndler sich also heute schon den Preis f\u00fcr eine bestimmte W\u00e4hrung gegen\u00fcber einer zweiten W\u00e4hrung sichern, zur Abwicklung zu dem bereits festgelegten Preis kommt es jedoch erst sp\u00e4ter. Die Kontrakte, mit denen die einzelnen W\u00e4hrungspaare gehandelt werden k\u00f6nnen, weisen dabei unterschiedliche Laufzeiten auf, sprich, die Erf\u00fcllung (Bezahlung und Lieferung) eines Devisentermingesch\u00e4ftes l\u00e4sst sich auf verschiedene Zeitpunkte in der Zukunft verschieben.<br \/>\nIm Unterschied zum Rohstoffterminmarkt bilden sich die Kurse am Devisenterminmarkt nicht durch Spekulation, sondern allein durch die H\u00f6he der Zinsunterschiede der beiden involvierten W\u00e4hrungen. Der Terminkurs einer W\u00e4hrung entsteht also nur durch die Zinsdifferenz der beiden involvierten W\u00e4hrungen und nicht wie beim Devisenkassamarkt durch Angebot und Nachfrage. Des Weiteren finden am Devisenterminmarkt keine Preisnotierungen f\u00fcr die einzelnen W\u00e4hrungspaare mit den unterschiedlichen Laufzeiten statt, sondern es werden nur die Auf- bzw. Abschl\u00e4ge zum aktuellen Kassakurs des W\u00e4hrungspaares wiedergegeben. Dieser Auf- oder Abschlag zum Kassakurs wird am Devisenmarkt Swapsatz genannt. <\/p>\n","protected":false},"excerpt":{"rendered":"<p>Am Devisenterminmarkt werden W\u00e4hrungspaare per Termin gehandelt. Dies bedeutet, dass der Abschluss des Gesch\u00e4ftes zum Kauf oder Verkauf einer W\u00e4hrung in der Gegenwart stattfindet, die Durchf\u00fchrung jedoch in die Zukunft verschoben wird. Am Devisenterminmarkt kann ein H\u00e4ndler sich also heute schon den Preis f\u00fcr eine bestimmte W\u00e4hrung gegen\u00fcber einer zweiten W\u00e4hrung sichern, zur Abwicklung zu [&hellip;]<\/p>\n","protected":false},"author":1,"featured_media":0,"parent":0,"menu_order":0,"comment_status":"closed","ping_status":"closed","template":"","meta":{"site-sidebar-layout":"default","site-content-layout":"","ast-site-content-layout":"","site-content-style":"default","site-sidebar-style":"default","ast-global-header-display":"","ast-banner-title-visibility":"","ast-main-header-display":"","ast-hfb-above-header-display":"","ast-hfb-below-header-display":"","ast-hfb-mobile-header-display":"","site-post-title":"","ast-breadcrumbs-content":"","ast-featured-img":"","footer-sml-layout":"","theme-transparent-header-meta":"","adv-header-id-meta":"","stick-header-meta":"","header-above-stick-meta":"","header-main-stick-meta":"","header-below-stick-meta":"","astra-migrate-meta-layouts":"default","ast-page-background-enabled":"default","ast-page-background-meta":{"desktop":{"background-color":"","background-image":"","background-repeat":"repeat","background-position":"center center","background-size":"auto","background-attachment":"scroll","background-type":"","background-media":"","overlay-type":"","overlay-color":"","overlay-opacity":"","overlay-gradient":""},"tablet":{"background-color":"","background-image":"","background-repeat":"repeat","background-position":"center center","background-size":"auto","background-attachment":"scroll","background-type":"","background-media":"","overlay-type":"","overlay-color":"","overlay-opacity":"","overlay-gradient":""},"mobile":{"background-color":"","background-image":"","background-repeat":"repeat","background-position":"center center","background-size":"auto","background-attachment":"scroll","background-type":"","background-media":"","overlay-type":"","overlay-color":"","overlay-opacity":"","overlay-gradient":""}},"ast-content-background-meta":{"desktop":{"background-color":"var(--ast-global-color-5)","background-image":"","background-repeat":"repeat","background-position":"center center","background-size":"auto","background-attachment":"scroll","background-type":"","background-media":"","overlay-type":"","overlay-color":"","overlay-opacity":"","overlay-gradient":""},"tablet":{"background-color":"var(--ast-global-color-5)","background-image":"","background-repeat":"repeat","background-position":"center center","background-size":"auto","background-attachment":"scroll","background-type":"","background-media":"","overlay-type":"","overlay-color":"","overlay-opacity":"","overlay-gradient":""},"mobile":{"background-color":"var(--ast-global-color-5)","background-image":"","background-repeat":"repeat","background-position":"center center","background-size":"auto","background-attachment":"scroll","background-type":"","background-media":"","overlay-type":"","overlay-color":"","overlay-opacity":"","overlay-gradient":""}},"footnotes":""},"class_list":["post-8258","page","type-page","status-publish","hentry"],"translation":{"provider":"WPGlobus","version":"3.0.2","language":"en","enabled_languages":["de","en"],"languages":{"de":{"title":true,"content":true,"excerpt":false},"en":{"title":false,"content":false,"excerpt":false}}},"featured_image_urls_v2":{"full":"","thumbnail":"","medium":"","medium_large":"","large":"","1536x1536":"","2048x2048":""},"post_excerpt_stackable_v2":"<p>Am Devisenterminmarkt werden W\u00e4hrungspaare per Termin gehandelt. Dies bedeutet, dass der Abschluss des Gesch\u00e4ftes zum Kauf oder Verkauf einer W\u00e4hrung in der Gegenwart stattfindet, die Durchf\u00fchrung jedoch in die Zukunft verschoben wird. Am Devisenterminmarkt kann ein H\u00e4ndler sich also heute schon den Preis f\u00fcr eine bestimmte W\u00e4hrung gegen\u00fcber einer zweiten W\u00e4hrung sichern, zur Abwicklung zu dem bereits festgelegten Preis kommt es jedoch erst sp\u00e4ter. Die Kontrakte, mit denen die einzelnen W\u00e4hrungspaare gehandelt werden k\u00f6nnen, weisen dabei unterschiedliche Laufzeiten auf, sprich, die Erf\u00fcllung (Bezahlung und Lieferung) eines Devisentermingesch\u00e4ftes l\u00e4sst sich auf verschiedene Zeitpunkte in der Zukunft verschieben. Im Unterschied zum Rohstoffterminmarkt&hellip;<\/p>\n","category_list_v2":"","author_info_v2":{"name":"PrudentWater","url":"https:\/\/prudentwater.com\/en\/author\/niklas33\/"},"comments_num_v2":"0 comments","_links":{"self":[{"href":"https:\/\/prudentwater.com\/en\/wp-json\/wp\/v2\/pages\/8258","targetHints":{"allow":["GET"]}}],"collection":[{"href":"https:\/\/prudentwater.com\/en\/wp-json\/wp\/v2\/pages"}],"about":[{"href":"https:\/\/prudentwater.com\/en\/wp-json\/wp\/v2\/types\/page"}],"author":[{"embeddable":true,"href":"https:\/\/prudentwater.com\/en\/wp-json\/wp\/v2\/users\/1"}],"replies":[{"embeddable":true,"href":"https:\/\/prudentwater.com\/en\/wp-json\/wp\/v2\/comments?post=8258"}],"version-history":[{"count":0,"href":"https:\/\/prudentwater.com\/en\/wp-json\/wp\/v2\/pages\/8258\/revisions"}],"wp:attachment":[{"href":"https:\/\/prudentwater.com\/en\/wp-json\/wp\/v2\/media?parent=8258"}],"curies":[{"name":"wp","href":"https:\/\/api.w.org\/{rel}","templated":true}]}}